{"id":5075,"date":"2021-03-26T13:01:59","date_gmt":"2021-03-26T13:01:59","guid":{"rendered":"http:\/\/socored.es\/?page_id=5075"},"modified":"2023-10-25T14:57:05","modified_gmt":"2023-10-25T14:57:05","slug":"inici","status":"publish","type":"page","link":"https:\/\/socored.es\/ca\/","title":{"rendered":"Inici"},"content":{"rendered":"<div class=\"wpb-content-wrapper\"><p>[vc_row][vc_column][rev_slider_vc alias=&#8221;original-home-cat&#8221;][\/vc_column][\/vc_row][vc_row content_width=&#8221;grid&#8221; content_aligment=&#8221;center&#8221; css=&#8221;.vc_custom_1611760058680{border-right-width: 0px !important;border-bottom-width: 1px !important;border-left-width: 0px !important;background-color: #fbfbfc !important;border-left-color: #f2f2f2 !important;border-left-style: solid !important;border-right-color: #f2f2f2 !important;border-right-style: solid !important;border-bottom-color: #f2f2f2 !important;border-bottom-style: solid !important;}&#8221;][vc_column offset=&#8221;vc_col-lg-12 vc_col-md-12&#8243; css=&#8221;.vc_custom_1611759918321{padding-right: 3% !important;}&#8221;][vc_empty_space height=&#8221;60&#8243;][vc_column_text]<\/p>\n<div class=\"av-special-heading av-special-heading-h1 blockquote modern-quote modern-centered avia-builder-el-2 el_before_av_hr avia-builder-el-first \">\n<h1 class=\"av-special-heading-tag\" style=\"text-align: center;\">EQUIPAMENT I INFRAESTRUCTURES PER AL SEU CPD<\/h1>\n<\/div>\n<div class=\"hr hr-custom hr-center hr-icon-no avia-builder-el-3 el_after_av_heading el_before_av_textblock \"><\/div>\n<p>[\/vc_column_text][vc_empty_space height=&#8221;20&#8243;][vc_column_text]<\/p>\n<p style=\"text-align: center;\">A<strong>\u00a0SOCORED IT\u00a0Solutions<\/strong>\u00a0dissenyem, constru\u00efm i mantenim Centres de Processament de dades\u00a0<strong>des de fa m\u00e9s de 20 anys,<\/strong>\u00a0i ho fem planificant i integrant les millors infraestructures disponibles al mercat. El nostre equip est\u00e0 a la seva disposici\u00f3 amb la finalitat de garantir la continu\u00eftat, disponibilitat i efici\u00e8ncia de la seva CPD basant-nos en els m\u00e9s exigents est\u00e0ndards de certificaci\u00f3.<\/p>\n<p>[\/vc_column_text][vc_empty_space height=&#8221;60&#8243;][\/vc_column][\/vc_row][vc_row][vc_column][vc_empty_space height=&#8221;100&#8243;][\/vc_column][\/vc_row][vc_row content_width=&#8221;grid&#8221; content_aligment=&#8221;center&#8221;][vc_column width=&#8221;1\/4&#8243;][vc_single_image image=&#8221;3707&#8243; img_size=&#8221;full&#8221; alignment=&#8221;center&#8221;]<a href=\"https:\/\/socored.es\/ca\/mini-data-center\/\" target=\"_self\"  class=\"mkdf-btn mkdf-btn-small mkdf-btn-solid mkdf-btn-hover-outline\"  >\n    <span class=\"mkdf-btn-text\">DC-ITSafe Office Edition (21 HU)<\/span>\n\t\n\t\t\t<span class=\"mkdf-btn-helper\" ><\/span>\n\t<\/a>[vc_empty_space height=&#8221;40&#8243;][\/vc_column][vc_column width=&#8221;1\/4&#8243;][vc_single_image image=&#8221;3654&#8243; img_size=&#8221;full&#8221; alignment=&#8221;center&#8221;]<a href=\"https:\/\/socored.es\/ca\/mini-data-center\/\" target=\"_self\"  class=\"mkdf-btn mkdf-btn-small mkdf-btn-solid mkdf-btn-hover-outline\"  >\n    <span class=\"mkdf-btn-text\">DC-ITSafe (56 HU or 62 HU)<\/span>\n\t\n\t\t\t<span class=\"mkdf-btn-helper\" ><\/span>\n\t<\/a>[vc_empty_space height=&#8221;40&#8243;][\/vc_column][vc_column width=&#8221;1\/2&#8243;][vc_column_text]<\/p>\n<h3 style=\"text-align: left;\">Asseguri la seva informaci\u00f3 amb el mini data center d&#8217;alta protecci\u00f3 que millor s&#8217;ajusti a les necessitats de la seva empresa.<\/h3>\n<p>[\/vc_column_text][vc_empty_space height=&#8221;20&#8243;][vc_column_text]<\/p>\n<p style=\"text-align: left; font-size: 18px;\">Asseguri la seva informaci\u00f3 amb el mini data center d&#8217;alta protecci\u00f3 que millor s&#8217;ajusti a les necessitats de la seva empresa.<\/p>\n<p>[\/vc_column_text][vc_empty_space height=&#8221;20&#8243;][vc_column_text]<\/p>\n<p style=\"text-align: left; font-size: 18px;\">Protegim els seus servidors dins dels armaris rack de seguretat TI Mini Data Center contra els principals riscos f\u00edsics com el robatori, vandalisme, forces naturals, aigua i foc entre d&#8217;altres.<\/p>\n<p>[\/vc_column_text][\/vc_column][\/vc_row][vc_row][vc_column][vc_empty_space height=&#8221;70&#8243;][\/vc_column][\/vc_row][vc_row content_width=&#8221;grid&#8221; content_aligment=&#8221;center&#8221; css=&#8221;.vc_custom_1612345884326{background: #ff9100 url(http:\/\/socored.es\/wp-content\/uploads\/2021\/01\/socored-background.png?id=3695) !important;}&#8221;][vc_column offset=&#8221;vc_col-lg-offset-1 vc_col-lg-10 vc_col-md-offset-1 vc_col-md-10&#8243;][vc_empty_space height=&#8221;40px&#8221;][vc_row_inner][vc_column_inner offset=&#8221;vc_hidden-sm vc_hidden-xs&#8221;][vc_empty_space height=&#8221;100&#8243;][\/vc_column_inner][\/vc_row_inner][vc_column_text]<\/p>\n<h2 style=\"text-align: center; color: white;\">La nostra feina en m\u00e9s de 200 Data Centers avala la nostra experi\u00e8ncia. Conegui alguns dels nostres projectes.<\/h2>\n<p>[\/vc_column_text][vc_empty_space height=&#8221;35&#8243;]<div class=\"mkdf-animations-holder mkdf-element-from-bottom\" data-animation=\"mkdf-element-from-bottom\">\n\t<div style=\"transition-delay: 600ms;-webkit-animation-delay: 600ms;animation-delay: 600ms;animation-duration: 350ms;-webkit-animation-duration: 350ms;-moz-animation-duration: 350ms\">\n\t\t<a href=\"\/ca\/projectes-data-center\/\" target=\"_self\"  class=\"mkdf-btn mkdf-btn-medium mkdf-btn-white mkdf-btn-hover-white-outline\"  >\n    <span class=\"mkdf-btn-text\">PROJECTES<\/span>\n\t\n\t\t\t<span class=\"mkdf-btn-helper\" ><\/span>\n\t<\/a>\t<\/div>\n\n<\/div>[vc_row_inner][vc_column_inner offset=&#8221;vc_hidden-sm vc_hidden-xs&#8221;][vc_empty_space height=&#8221;100&#8243;][\/vc_column_inner][\/vc_row_inner][vc_empty_space height=&#8221;40px&#8221;][\/vc_column][\/vc_row][vc_row content_width=&#8221;grid&#8221;][vc_column][vc_empty_space height=&#8221;70&#8243;][\/vc_column][\/vc_row][vc_row content_width=&#8221;grid&#8221;][vc_column][vc_column_text]<\/p>\n<div id=\"anchor_f79d6811_Configurador\" class=\"elementStandard elementContent elementHeadline elementHeadline_var0\">\n<h2>Configurador DC-<span class=\"textRot\">IT<\/span>Safe<\/h2>\n<\/div>\n<p>[\/vc_column_text][\/vc_column][\/vc_row][vc_row content_width=&#8221;grid&#8221;][vc_column][vc_empty_space height=&#8221;70&#8243;][\/vc_column][\/vc_row][vc_row content_width=&#8221;grid&#8221;][vc_column width=&#8221;1\/2&#8243;][vc_column_text]<\/p>\n<h5>Configureu vost\u00e8 mateix el seu micro data center<\/h5>\n<p>Despr\u00e9s d&#8217;enviar la configuraci\u00f3, rebreu una oferta de la nostra part.[\/vc_column_text][\/vc_column][vc_column width=&#8221;1\/2&#8243;][vc_column_text]<\/p>\n<div>\n<h5>Per a qualsevol dubte o consulta estem a la vostra disposici\u00f3.<\/h5>\n<\/div>\n<p>Tel\u00e8fons: <a href=\"tel:933 016 583\">933 016 583<\/a> (Sitges Barcelona) | <a href=\"tel:914 517 001\">914 517 001<\/a> (Madrid)<br \/>\nEmail: <a href=\"mailto:comercial@socored.es\">comercial@socored.es<\/a>[\/vc_column_text][\/vc_column][\/vc_row][vc_row content_width=&#8221;grid&#8221;][vc_column][vc_empty_space height=&#8221;70&#8243;][\/vc_column][\/vc_row][vc_row content_width=&#8221;grid&#8221;][vc_column][vc_column_text]<\/p>\n<div class=\"involveme_embed\" data-project=\"itsafe-es-socored\"><script src=\"https:\/\/data-center-group-gmbh.involve.me\/embed\"><\/script><\/div>\n<p>[\/vc_column_text][\/vc_column][\/vc_row][vc_row content_width=&#8221;grid&#8221;][vc_column][vc_empty_space height=&#8221;40px&#8221;][vc_row_inner][vc_column_inner offset=&#8221;vc_hidden-sm vc_hidden-xs&#8221;][vc_empty_space height=&#8221;100&#8243;][\/vc_column_inner][\/vc_row_inner]<div class=\"mkdf-section-title-holder\">\n\t<h2 class=\"mkdf-section-title mkdf-section-title-large\" style=\"text-align: center\">\n\t\t\u00daLTIMES NOT\u00cdCIES\t<\/h2>\n<\/div>[vc_empty_space height=&#8221;35&#8243;]<div class=\"mkdf-blog-list-holder mkdf-three-columns mkdf-grid-type-2 mkdf-blog-list-grid\">\n\t<ul class=\"mkdf-blog-list\">\n\t<li class=\"mkdf-blog-list-item clearfix post-8009 post type-post status-publish format-standard has-post-thumbnail hentry category-cpd-ca category-sense-categoria\">\n\t<div class=\"mkdf-blog-list-item-inner\">\n\t\t\t\t\t<div class=\"mkdf-item-image\" itemprop=\"image\">\n\t\t\t\t<a itemprop=\"url\" href=\"https:\/\/socored.es\/ca\/sala-de-servidors-requisits-per-a-un-disseny-segur\/\">\n\t\t\t\t\t\t\t\t\t\t\t<img width=\"640\" height=\"434\" src=\"https:\/\/socored.es\/wp-content\/uploads\/2026\/01\/SALA-DE-SERVIDORS.jpg\" class=\"attachment-optimize_mikado_landscape size-optimize_mikado_landscape wp-post-image\" alt=\"SALA DE SERVIDORS\" loading=\"lazy\" srcset=\"https:\/\/socored.es\/wp-content\/uploads\/2026\/01\/SALA-DE-SERVIDORS.jpg 640w, https:\/\/socored.es\/wp-content\/uploads\/2026\/01\/SALA-DE-SERVIDORS-300x203.jpg 300w\" sizes=\"(max-width: 640px) 100vw, 640px\" \/>\t\t\t\t\t\t\t\t\t<\/a>\n\t\t\t<\/div>\n\t\t\t\t<div class=\"mkdf-item-text-holder\">\n\t\t\t<div class=\"mkdf-item-date\">\n\t\t\t\t<time itemprop=\"datePublished\" datetime=\"2026-01-23\">gener 23, 2026<\/time>\n\t\t\t<\/div>\n\t\t\t<h3 itemprop=\"headline\" class=\"mkdf-item-title\">\n\t\t\t<a itemprop=\"url\" href=\"https:\/\/socored.es\/ca\/sala-de-servidors-requisits-per-a-un-disseny-segur\/\">\n\t\t\t\tSala de servidores: Requisitos clave para un dise\u00f1o seguro\t\t\t<\/a>\n\t\t<\/h3>\n\n\t\t\t\t\t<p itemprop=\"description\" class=\"mkdf-excerpt\">Sala de servidors La construcci\u00f3 d&#8217;una infraestructura tecnol\u00f2gica robusta comen\u00e7a amb una planificaci\u00f3 meticulosa del seu entorn f\u00edsic. Una sala de servidors no \u00e9s simplement un espai...<\/p>\n\t\t\n\t\t<div class=\"mkdf-post-item-author-holder\">\n\t\t\t<a itemprop=\"url\" href=\"https:\/\/socored.es\/ca\/author\/soco_yuzz\/\">\n\t\t\t\t<span class=\"mkdf-post-item-author-avatar-holder\">\n\t\t\t\t\t<img alt='' src='https:\/\/secure.gravatar.com\/avatar\/f6cc266abd8e7503b6118643f7cbd25f?s=30&#038;d=mm&#038;r=g' class='avatar avatar-30 photo' height='30' width='30' \/>\t\t\t\t<\/span>\n\n\t\t\t\t<span itemprop=\"author\" class=\"mkdf-post-item-author-name\">\n\t\t\t\t\tSocored \t\t\t\t<\/span>\n\t\t\t<\/a>\n\t\t<\/div>\n\t<\/div>\n\t<\/div>\n<\/li><li class=\"mkdf-blog-list-item clearfix post-7999 post type-post status-publish format-standard has-post-thumbnail hentry category-cpd-ca category-manteniment-cpd category-sense-categoria\">\n\t<div class=\"mkdf-blog-list-item-inner\">\n\t\t\t\t\t<div class=\"mkdf-item-image\" itemprop=\"image\">\n\t\t\t\t<a itemprop=\"url\" href=\"https:\/\/socored.es\/ca\/manteniment-cpd-per-maximitzar-ne-leficiencia\/\">\n\t\t\t\t\t\t\t\t\t\t\t<img width=\"640\" height=\"434\" src=\"https:\/\/socored.es\/wp-content\/uploads\/2026\/01\/manteniment-cpd.jpeg\" class=\"attachment-optimize_mikado_landscape size-optimize_mikado_landscape wp-post-image\" alt=\"manteniment cpd\" loading=\"lazy\" srcset=\"https:\/\/socored.es\/wp-content\/uploads\/2026\/01\/manteniment-cpd.jpeg 640w, https:\/\/socored.es\/wp-content\/uploads\/2026\/01\/manteniment-cpd-300x203.jpeg 300w\" sizes=\"(max-width: 640px) 100vw, 640px\" \/>\t\t\t\t\t\t\t\t\t<\/a>\n\t\t\t<\/div>\n\t\t\t\t<div class=\"mkdf-item-text-holder\">\n\t\t\t<div class=\"mkdf-item-date\">\n\t\t\t\t<time itemprop=\"datePublished\" datetime=\"2026-01-23\">gener 23, 2026<\/time>\n\t\t\t<\/div>\n\t\t\t<h3 itemprop=\"headline\" class=\"mkdf-item-title\">\n\t\t\t<a itemprop=\"url\" href=\"https:\/\/socored.es\/ca\/manteniment-cpd-per-maximitzar-ne-leficiencia\/\">\n\t\t\t\tManteniment CPD per maximitzar-ne l&#8217;efici\u00e8ncia\t\t\t<\/a>\n\t\t<\/h3>\n\n\t\t\t\t\t<p itemprop=\"description\" class=\"mkdf-excerpt\">Manteniment CPD La infraestructura t\u00e8cnica d&#8217;una organitzaci\u00f3 constitueix el cor de les seves operacions digitals. En un entorn on la depend\u00e8ncia de les dades \u00e9s absoluta, garantir...<\/p>\n\t\t\n\t\t<div class=\"mkdf-post-item-author-holder\">\n\t\t\t<a itemprop=\"url\" href=\"https:\/\/socored.es\/ca\/author\/soco_yuzz\/\">\n\t\t\t\t<span class=\"mkdf-post-item-author-avatar-holder\">\n\t\t\t\t\t<img alt='' src='https:\/\/secure.gravatar.com\/avatar\/f6cc266abd8e7503b6118643f7cbd25f?s=30&#038;d=mm&#038;r=g' class='avatar avatar-30 photo' height='30' width='30' \/>\t\t\t\t<\/span>\n\n\t\t\t\t<span itemprop=\"author\" class=\"mkdf-post-item-author-name\">\n\t\t\t\t\tSocored \t\t\t\t<\/span>\n\t\t\t<\/a>\n\t\t<\/div>\n\t<\/div>\n\t<\/div>\n<\/li><li class=\"mkdf-blog-list-item clearfix post-7974 post type-post status-publish format-standard has-post-thumbnail hentry category-cpd-ca category-manteniment-cpd category-sense-categoria category-traslado-de-cpd\">\n\t<div class=\"mkdf-blog-list-item-inner\">\n\t\t\t\t\t<div class=\"mkdf-item-image\" itemprop=\"image\">\n\t\t\t\t<a itemprop=\"url\" href=\"https:\/\/socored.es\/ca\/trasllat-cpd-i-consultoria-maxima-garantia\/\">\n\t\t\t\t\t\t\t\t\t\t\t<img width=\"640\" height=\"434\" src=\"https:\/\/socored.es\/wp-content\/uploads\/2025\/12\/Trasllat-CPD.jpg\" class=\"attachment-optimize_mikado_landscape size-optimize_mikado_landscape wp-post-image\" alt=\"Trasllat CPD\" loading=\"lazy\" srcset=\"https:\/\/socored.es\/wp-content\/uploads\/2025\/12\/Trasllat-CPD.jpg 640w, https:\/\/socored.es\/wp-content\/uploads\/2025\/12\/Trasllat-CPD-300x203.jpg 300w\" sizes=\"(max-width: 640px) 100vw, 640px\" \/>\t\t\t\t\t\t\t\t\t<\/a>\n\t\t\t<\/div>\n\t\t\t\t<div class=\"mkdf-item-text-holder\">\n\t\t\t<div class=\"mkdf-item-date\">\n\t\t\t\t<time itemprop=\"datePublished\" datetime=\"2025-12-22\">desembre 22, 2025<\/time>\n\t\t\t<\/div>\n\t\t\t<h3 itemprop=\"headline\" class=\"mkdf-item-title\">\n\t\t\t<a itemprop=\"url\" href=\"https:\/\/socored.es\/ca\/trasllat-cpd-i-consultoria-maxima-garantia\/\">\n\t\t\t\tTrasllat CPD i Consultoria. M\u00e0xima garantia.\t\t\t<\/a>\n\t\t<\/h3>\n\n\t\t\t\t\t<p itemprop=\"description\" class=\"mkdf-excerpt\">El trasllat d&#8217;un Centre de Processament de Dades (CPD) \u00e9s, probablement, una de les operacions m\u00e9s delicades i estressants a les quals es pot enfrontar un responsable...<\/p>\n\t\t\n\t\t<div class=\"mkdf-post-item-author-holder\">\n\t\t\t<a itemprop=\"url\" href=\"https:\/\/socored.es\/ca\/author\/soco_yuzz\/\">\n\t\t\t\t<span class=\"mkdf-post-item-author-avatar-holder\">\n\t\t\t\t\t<img alt='' src='https:\/\/secure.gravatar.com\/avatar\/f6cc266abd8e7503b6118643f7cbd25f?s=30&#038;d=mm&#038;r=g' class='avatar avatar-30 photo' height='30' width='30' \/>\t\t\t\t<\/span>\n\n\t\t\t\t<span itemprop=\"author\" class=\"mkdf-post-item-author-name\">\n\t\t\t\t\tSocored \t\t\t\t<\/span>\n\t\t\t<\/a>\n\t\t<\/div>\n\t<\/div>\n\t<\/div>\n<\/li>\t<\/ul>\t\n<\/div>\n[vc_row_inner][vc_column_inner offset=&#8221;vc_hidden-sm vc_hidden-xs&#8221;][vc_empty_space height=&#8221;100&#8243;][\/vc_column_inner][\/vc_row_inner][vc_empty_space height=&#8221;40px&#8221;][\/vc_column][\/vc_row]<\/p>\n<\/div>","protected":false},"excerpt":{"rendered":"<p>[vc_row][vc_column][rev_slider_vc alias=&#8221;original-home-cat&#8221;][\/vc_column][\/vc_row][vc_row content_width=&#8221;grid&#8221; content_aligment=&#8221;center&#8221; css=&#8221;.vc_custom_1611760058680{border-right-width: 0px !important;border-bottom-width: 1px !important;border-left-width: 0px !important;background-color: #fbfbfc !important;border-left-color: #f2f2f2 !important;border-left-style: solid !important;border-right-color: #f2f2f2 !important;border-right-style: solid !important;border-bottom-color: #f2f2f2 !important;border-bottom-style: solid !important;}&#8221;][vc_column offset=&#8221;vc_col-lg-12 vc_col-md-12&#8243;&#8230;<\/p>\n","protected":false},"author":1,"featured_media":0,"parent":0,"menu_order":0,"comment_status":"closed","ping_status":"closed","template":"full-width.php","meta":[],"_links":{"self":[{"href":"https:\/\/socored.es\/ca\/wp-json\/wp\/v2\/pages\/5075"}],"collection":[{"href":"https:\/\/socored.es\/ca\/wp-json\/wp\/v2\/pages"}],"about":[{"href":"https:\/\/socored.es\/ca\/wp-json\/wp\/v2\/types\/page"}],"author":[{"embeddable":true,"href":"https:\/\/socored.es\/ca\/wp-json\/wp\/v2\/users\/1"}],"replies":[{"embeddable":true,"href":"https:\/\/socored.es\/ca\/wp-json\/wp\/v2\/comments?post=5075"}],"version-history":[{"count":9,"href":"https:\/\/socored.es\/ca\/wp-json\/wp\/v2\/pages\/5075\/revisions"}],"predecessor-version":[{"id":7129,"href":"https:\/\/socored.es\/ca\/wp-json\/wp\/v2\/pages\/5075\/revisions\/7129"}],"wp:attachment":[{"href":"https:\/\/socored.es\/ca\/wp-json\/wp\/v2\/media?parent=5075"}],"curies":[{"name":"wp","href":"https:\/\/api.w.org\/{rel}","templated":true}]}}