{"id":5096,"date":"2021-03-26T14:34:16","date_gmt":"2021-03-26T14:34:16","guid":{"rendered":"http:\/\/socored.es\/?page_id=5096"},"modified":"2024-05-06T12:16:42","modified_gmt":"2024-05-06T12:16:42","slug":"equipaments-data-center","status":"publish","type":"page","link":"https:\/\/socored.es\/ca\/equipaments-data-center\/","title":{"rendered":"Equipaments IT"},"content":{"rendered":"<div class=\"wpb-content-wrapper\"><p>[vc_row content_aligment=&#8221;center&#8221; css=&#8221;.vc_custom_1614096473263{background-image: url(http:\/\/socored.es\/wp-content\/uploads\/2021\/01\/EQUIPAMIENTO-E-INFRAESTRUCTURAS-CPD.jpg?id=3635) !important;background-position: center !important;background-repeat: no-repeat !important;background-size: cover !important;}&#8221;][vc_column][vc_row_inner][vc_column_inner offset=&#8221;vc_hidden-sm vc_hidden-xs&#8221;][vc_empty_space height=&#8221;240px&#8221;][\/vc_column_inner][\/vc_row_inner][vc_empty_space height=&#8221;215px&#8221;][\/vc_column][\/vc_row][vc_row content_width=&#8221;grid&#8221; content_aligment=&#8221;center&#8221; css=&#8221;.vc_custom_1611760058680{border-right-width: 0px !important;border-bottom-width: 1px !important;border-left-width: 0px !important;background-color: #fbfbfc !important;border-left-color: #f2f2f2 !important;border-left-style: solid !important;border-right-color: #f2f2f2 !important;border-right-style: solid !important;border-bottom-color: #f2f2f2 !important;border-bottom-style: solid !important;}&#8221;][vc_column offset=&#8221;vc_col-lg-12 vc_col-md-12&#8243; css=&#8221;.vc_custom_1611759918321{padding-right: 3% !important;}&#8221;][vc_empty_space height=&#8221;60&#8243;][vc_column_text]<\/p>\n<p style=\"text-align: center;\">Els Principals Fabricants<\/p>\n<p>[\/vc_column_text][vc_column_text]<\/p>\n<h1 class=\"av-special-heading-tag\" style=\"text-align: center;\">EQUIPAMENTS IT PEL SEU DATA CENTER<\/h1>\n<p>[\/vc_column_text][vc_empty_space height=&#8221;60&#8243;][\/vc_column][\/vc_row][vc_row][vc_column][vc_empty_space height=&#8221;60&#8243;][\/vc_column][\/vc_row][vc_row content_width=&#8221;grid&#8221;][vc_column width=&#8221;2\/12&#8243;][\/vc_column][vc_column width=&#8221;8\/12&#8243;][vc_column_text]<\/p>\n<p style=\"text-align: center;\">L\u2019evoluci\u00f3 en els entorns inform\u00e0tics fan necessaris una gran quantitat d\u2019equipaments pel CPD amb la finalitat de millorar i garantir la seva continu\u00eftat.<\/p>\n<p style=\"text-align: center;\">Socored ofereix als seus clients la integraci\u00f3 d\u2019equipaments IT dels principals fabricants, que aporten garantia, fiabilitat, seguretat i \u00f2ptim rendiment al seu Data Center.<\/p>\n<p>[\/vc_column_text][vc_empty_space height=&#8221;40&#8243;][vc_row_inner][vc_column_inner width=&#8221;1\/5&#8243;][vc_single_image image=&#8221;4264&#8243; img_size=&#8221;full&#8221; alignment=&#8221;center&#8221;][\/vc_column_inner][vc_column_inner width=&#8221;1\/5&#8243;][vc_single_image image=&#8221;4262&#8243; img_size=&#8221;full&#8221; alignment=&#8221;center&#8221;][\/vc_column_inner][vc_column_inner width=&#8221;1\/5&#8243;][vc_single_image image=&#8221;4263&#8243; img_size=&#8221;full&#8221; alignment=&#8221;center&#8221;][\/vc_column_inner][vc_column_inner width=&#8221;1\/5&#8243;][vc_single_image image=&#8221;4266&#8243; img_size=&#8221;full&#8221; alignment=&#8221;center&#8221;][\/vc_column_inner][vc_column_inner width=&#8221;1\/5&#8243;][vc_single_image image=&#8221;4265&#8243; img_size=&#8221;full&#8221; alignment=&#8221;center&#8221;][\/vc_column_inner][\/vc_row_inner][vc_row_inner][vc_column_inner width=&#8221;1\/5&#8243;][vc_single_image image=&#8221;4261&#8243; img_size=&#8221;full&#8221; alignment=&#8221;center&#8221;][\/vc_column_inner][vc_column_inner width=&#8221;1\/5&#8243;][vc_single_image image=&#8221;4267&#8243; img_size=&#8221;full&#8221; alignment=&#8221;center&#8221;][\/vc_column_inner][vc_column_inner width=&#8221;1\/5&#8243;][vc_single_image image=&#8221;4260&#8243; img_size=&#8221;full&#8221; alignment=&#8221;center&#8221;][\/vc_column_inner][vc_column_inner width=&#8221;1\/5&#8243;][vc_single_image image=&#8221;4269&#8243; img_size=&#8221;full&#8221; alignment=&#8221;center&#8221;][\/vc_column_inner][vc_column_inner width=&#8221;1\/5&#8243;][vc_single_image image=&#8221;4268&#8243; img_size=&#8221;full&#8221; alignment=&#8221;center&#8221;][\/vc_column_inner][\/vc_row_inner][\/vc_column][vc_column width=&#8221;2\/12&#8243;][\/vc_column][\/vc_row][vc_row][vc_column][vc_empty_space height=&#8221;70&#8243;][\/vc_column][\/vc_row][vc_row content_width=&#8221;grid&#8221;][vc_column width=&#8221;1\/3&#8243;][vc_column_text]<strong>Consultoria d&#8217;infraestructures IT<\/strong><\/p>\n<p>Socored ofereix <strong>serveis de consultoria especialitzats<\/strong> en infraestructures de tecnologies de la informaci\u00f3 (IT). Aix\u00f2 implica<strong> assessorament expert<\/strong> per dissenyar, implementar i optimitzar la infraestructura tecnol\u00f2gica duna organitzaci\u00f3. <strong>Els consultors de Socored treballen estretament amb els clients<\/strong> per comprendre les necessitats comercials i tecnol\u00f2giques, identificar solucions adequades i proporcionar recomanacions personalitzades que maximitzin l&#8217;efici\u00e8ncia i l&#8217;escalabilitat de la infraestructura IT.[\/vc_column_text][\/vc_column][vc_column width=&#8221;1\/3&#8243;][vc_column_text]<strong>Manteniment de CPD<\/strong><\/p>\n<p>Socored ofereix <strong>serveis de manteniment preventiu i correctiu<\/strong> per a centres de processament de dades (CPD). Aix\u00f2 inclou la <strong>supervisi\u00f3 regular d\u201fequips<\/strong> i sistemes cr\u00edtics, la identificaci\u00f3 proactiva de possibles problemes i la <strong>implementaci\u00f3 de mesures correctives<\/strong> per garantir el funcionament continu i la disponibilitat \u00f2ptima dels recursos d\u201fIT. El manteniment de CPD de Socored s&#8217;adapta a les necessitats espec\u00edfiques de cada client i es fa d&#8217;acord amb les millors pr\u00e0ctiques de la ind\u00fastria per garantir la seguretat i la fiabilitat de la infraestructura tecnol\u00f2gica.[\/vc_column_text][\/vc_column][vc_column width=&#8221;1\/3&#8243;][vc_column_text]<strong>Supervisi\u00f3 i monitoritzaci\u00f3 24&#215;7<\/strong><\/p>\n<p>Socored ofereix s<strong>erveis de supervisi\u00f3 i monitoratge continu<\/strong> de la infraestructura IT dels seus clients, les <strong>24 hores del dia, els 7 dies de la setmana<\/strong>. Aix\u00f2 implica utilitzar eines avan\u00e7ades de monitoritzaci\u00f3 per supervisar el rendiment, la disponibilitat i la seguretat dels sistemes, xarxes i aplicacions en temps real. L&#8217;equip d&#8217;operacions de Socored est\u00e0 disponible en tot moment per detectar i respondre r\u00e0pidament a qualsevol anomalia o incident, minimitzant aix\u00ed el temps d&#8217;inactivitat i optimitzant el rendiment de l&#8217;entorn IT.[\/vc_column_text][\/vc_column][\/vc_row][vc_row][vc_column][vc_empty_space height=&#8221;70&#8243;][\/vc_column][\/vc_row][vc_row content_width=&#8221;grid&#8221;][vc_column width=&#8221;1\/3&#8243;][vc_column_text]<strong>Trasllat de CPDs<\/strong><\/p>\n<p>Socored ofereix <strong>serveis especialitzats de trasllat de centres de processament de dades (CPD)<\/strong> per a empreses que necessiten <strong>migrar la infraestructura IT a una nova ubicaci\u00f3<\/strong>. Aquest servei inclou totes les etapes del proc\u00e9s de trasllat, des de la planificaci\u00f3 i la coordinaci\u00f3 log\u00edstica fins a la migraci\u00f3 f\u00edsica d&#8217;equips i la posada en marxa al nou entorn. Els experts de Socored treballen en estreta col\u00b7laboraci\u00f3 amb els clients per garantir una transici\u00f3 sense problemes i minimitzar qualsevol impacte a les operacions durant el trasllat del CPD.[\/vc_column_text][\/vc_column][vc_column width=&#8221;1\/3&#8243;][vc_column_text]<strong>Serveis especialitzats<\/strong><\/p>\n<p>En resum, Socored ofereix una <strong>\u00e0mplia gamma de serveis especialitzats<\/strong> en consultoria d&#8217;infraestructures IT, manteniment de CPD, supervisi\u00f3 i monitoritzaci\u00f3 cont\u00ednua, aix\u00ed com trasllat de centres de processament de dades, amb l&#8217;objectiu d&#8217;ajudar els clients a optimitzar el rendiment, la seguretat i la disponibilitat de la seva infraestructura IT del Data Center.[\/vc_column_text][\/vc_column][vc_column width=&#8221;1\/3&#8243;][\/vc_column][\/vc_row][vc_row][vc_column][vc_empty_space height=&#8221;70&#8243;][\/vc_column][\/vc_row][vc_row content_width=&#8221;grid&#8221; content_aligment=&#8221;center&#8221; css=&#8221;.vc_custom_1613570943571{margin-bottom: -64px !important;background: #ff9100 url(http:\/\/socored.es\/wp-content\/uploads\/2021\/01\/socored-background.png?id=3695) !important;}&#8221;][vc_column][vc_empty_space height=&#8221;60px&#8221;][vc_column_text]<\/p>\n<h2 style=\"text-align: center; color: white;\">ELS NOSTRES EQUIPAMENTS IT<\/h2>\n<p>[\/vc_column_text][vc_empty_space height=&#8221;40&#8243;][vc_row_inner][vc_column_inner width=&#8221;1\/3&#8243;][vc_column_text]<\/p>\n<h4 style=\"text-align: center; color: white;\">Optimizaci\u00f3n<\/h4>\n<p style=\"text-align: center; color: white;\"><a style=\"color: white;\" href=\"\/equipos-informaticos-cpd\/\">Racks y Equipamientos 19\u2033<\/a><br \/>\n<a style=\"color: white;\" href=\"\/cerramiento-cpd\/\">Cold \/ Hot Aisle<\/a><br \/>\n<a style=\"color: white;\" href=\"http:\/\/socored.es\/ca\/free-cooling\/\">Free Cooling<\/a><br \/>\n<a style=\"color: white;\" href=\"\/efectividad-energetica-cpd\/\">Control y Mejora del PUE<\/a><br \/>\n<a style=\"color: white;\" href=\"http:\/\/socored.es\/ca\/sol-tecnic-i-accesoris\/\">Suelo T\u00e9cnico y Accesorios<\/a><br \/>\n<a style=\"color: white;\" href=\"http:\/\/socored.es\/ca\/arxiu-suport-magnetic\/\">Archivo Soporte Magn\u00e9tico<\/a><\/p>\n<p>[\/vc_column_text][\/vc_column_inner][vc_column_inner width=&#8221;1\/3&#8243;][vc_column_text]<\/p>\n<h4 style=\"text-align: center; color: white;\">Seguridad<\/h4>\n<p style=\"text-align: center; color: white;\"><a style=\"color: white;\" href=\"http:\/\/socored.es\/ca\/deteccio-precoc-de-fum\/\">Detecci\u00f3n Precoz de Humo<\/a><br \/>\n<a style=\"color: white;\" href=\"http:\/\/socored.es\/ca\/proteccio-electromagnetica\/\">Protecci\u00f3n Electromagn\u00e9tica<\/a><br \/>\n<a style=\"color: white;\" href=\"\/fugas-agua-cpd\/\">Detecci\u00f3n de Fugas de Agua<\/a><br \/>\n<a style=\"color: white;\" href=\"http:\/\/socored.es\/ca\/armaris-ignifugs\/\">Armarios Ign\u00edfugos<\/a><br \/>\n<a style=\"color: white;\" href=\"http:\/\/socored.es\/ca\/control-daccessos\/\">Control de Accesos<\/a><br \/>\n<a style=\"color: white;\" href=\"http:\/\/socored.es\/ca\/cctv\/\">CCTV<\/a><br \/>\n<a style=\"color: white;\" href=\"http:\/\/socored.es\/ca\/neteja-tecnica\/\">Limpieza T\u00e9cnica<\/a><\/p>\n<p>[\/vc_column_text][\/vc_column_inner][vc_column_inner width=&#8221;1\/3&#8243;][vc_column_text]<\/p>\n<h4 style=\"text-align: center; color: white;\">Control<\/h4>\n<p style=\"text-align: center; color: white;\"><a style=\"color: white;\" href=\"\/alarma-data-center\/\">Monitorizaci\u00f3n de Alarmas<\/a><br \/>\n<a style=\"color: white;\" href=\"\/control-cpd\/\">KVM Over IP<\/a><br \/>\n<a style=\"color: white;\" href=\"\/lcd-data-center\/\">Monitor para Rack 19\u2033<\/a><br \/>\n<a style=\"color: white;\" href=\"\/distribucion-alimentacion-cpd\/\">PDU<\/a><br \/>\n<a style=\"color: white;\" href=\"\/equipos-criticos\/\">STS \/ ATS<\/a><\/p>\n<p>[\/vc_column_text][\/vc_column_inner][\/vc_row_inner][vc_empty_space height=&#8221;120px&#8221;][\/vc_column][\/vc_row]<\/p>\n<\/div>","protected":false},"excerpt":{"rendered":"<p>[vc_row content_aligment=&#8221;center&#8221; css=&#8221;.vc_custom_1614096473263{background-image: url(http:\/\/socored.es\/wp-content\/uploads\/2021\/01\/EQUIPAMIENTO-E-INFRAESTRUCTURAS-CPD.jpg?id=3635) !important;background-position: center !important;background-repeat: no-repeat !important;background-size: cover !important;}&#8221;][vc_column][vc_row_inner][vc_column_inner offset=&#8221;vc_hidden-sm vc_hidden-xs&#8221;][vc_empty_space height=&#8221;240px&#8221;][\/vc_column_inner][\/vc_row_inner][vc_empty_space height=&#8221;215px&#8221;][\/vc_column][\/vc_row][vc_row content_width=&#8221;grid&#8221; content_aligment=&#8221;center&#8221; css=&#8221;.vc_custom_1611760058680{border-right-width: 0px !important;border-bottom-width: 1px !important;border-left-width: 0px !important;background-color: #fbfbfc !important;border-left-color: #f2f2f2&#8230;<\/p>\n","protected":false},"author":1,"featured_media":0,"parent":0,"menu_order":0,"comment_status":"closed","ping_status":"closed","template":"full-width.php","meta":[],"_links":{"self":[{"href":"https:\/\/socored.es\/ca\/wp-json\/wp\/v2\/pages\/5096"}],"collection":[{"href":"https:\/\/socored.es\/ca\/wp-json\/wp\/v2\/pages"}],"about":[{"href":"https:\/\/socored.es\/ca\/wp-json\/wp\/v2\/types\/page"}],"author":[{"embeddable":true,"href":"https:\/\/socored.es\/ca\/wp-json\/wp\/v2\/users\/1"}],"replies":[{"embeddable":true,"href":"https:\/\/socored.es\/ca\/wp-json\/wp\/v2\/comments?post=5096"}],"version-history":[{"count":4,"href":"https:\/\/socored.es\/ca\/wp-json\/wp\/v2\/pages\/5096\/revisions"}],"predecessor-version":[{"id":7389,"href":"https:\/\/socored.es\/ca\/wp-json\/wp\/v2\/pages\/5096\/revisions\/7389"}],"wp:attachment":[{"href":"https:\/\/socored.es\/ca\/wp-json\/wp\/v2\/media?parent=5096"}],"curies":[{"name":"wp","href":"https:\/\/api.w.org\/{rel}","templated":true}]}}