{"id":5104,"date":"2021-03-26T14:45:10","date_gmt":"2021-03-26T14:45:10","guid":{"rendered":"http:\/\/socored.es\/?page_id=5104"},"modified":"2021-04-27T14:53:26","modified_gmt":"2021-04-27T14:53:26","slug":"serveis-cpd","status":"publish","type":"page","link":"https:\/\/socored.es\/ca\/serveis-cpd\/","title":{"rendered":"Serveis"},"content":{"rendered":"<div class=\"wpb-content-wrapper\"><p>[vc_row content_aligment=&#8221;center&#8221; css=&#8221;.vc_custom_1614158606678{background-image: url(http:\/\/socored.es\/wp-content\/uploads\/2021\/01\/EQUIPAMIENTO-E-INFRAESTRUCTURAS-PARA-CPD.jpg?id=3636) !important;background-position: center !important;background-repeat: no-repeat !important;background-size: cover !important;}&#8221;][vc_column][vc_row_inner][vc_column_inner offset=&#8221;vc_hidden-sm vc_hidden-xs&#8221;][vc_empty_space height=&#8221;240px&#8221;][\/vc_column_inner][\/vc_row_inner][vc_empty_space height=&#8221;215px&#8221;][\/vc_column][\/vc_row][vc_row content_width=&#8221;grid&#8221; content_aligment=&#8221;center&#8221; css=&#8221;.vc_custom_1611760058680{border-right-width: 0px !important;border-bottom-width: 1px !important;border-left-width: 0px !important;background-color: #fbfbfc !important;border-left-color: #f2f2f2 !important;border-left-style: solid !important;border-right-color: #f2f2f2 !important;border-right-style: solid !important;border-bottom-color: #f2f2f2 !important;border-bottom-style: solid !important;}&#8221;][vc_column offset=&#8221;vc_col-lg-12 vc_col-md-12&#8243; css=&#8221;.vc_custom_1611759918321{padding-right: 3% !important;}&#8221;][vc_empty_space height=&#8221;60&#8243;][vc_column_text]<\/p>\n<p style=\"text-align: center;\">Serveis SOCORED<\/p>\n<p>[\/vc_column_text][vc_column_text]<\/p>\n<h1 class=\"av-special-heading-tag\" style=\"text-align: center;\">MANTENIM EL SEU CPD<\/h1>\n<p>[\/vc_column_text][vc_empty_space height=&#8221;60&#8243;][\/vc_column][\/vc_row][vc_row][vc_column][vc_empty_space height=&#8221;60&#8243;][\/vc_column][\/vc_row][vc_row content_width=&#8221;grid&#8221;][vc_column width=&#8221;5\/12&#8243;][vc_single_image image=&#8221;5106&#8243; img_size=&#8221;full&#8221; alignment=&#8221;center&#8221; css_animation=&#8221;rollIn&#8221;][vc_empty_space height=&#8221;40&#8243;][\/vc_column][vc_column width=&#8221;7\/12&#8243;][vc_row_inner][vc_column_inner offset=&#8221;vc_hidden-md vc_hidden-sm vc_hidden-xs&#8221;][vc_empty_space height=&#8221;80&#8243;][\/vc_column_inner][\/vc_row_inner][vc_column_text]<\/p>\n<h3>SOCORED li ofereix un ampli ventall de serveis destinats a crear, auditar, certificar i mantenir el seu CPD en les condicions \u00f2ptimes de funcionament.<\/h3>\n<p>El CPD ha de considerar-se com un conjunt d\u2019infraestructures interrelacionades, les quals han de ser dissenyades per al seu funcionament coordinat i adequat a les necessitats existents. Des del lloc d\u2019ubicaci\u00f3, passant pel dimensionament necessari, la integraci\u00f3 dels diferents equips, la supervisi\u00f3, fins al servei de manteniment 24 x 365 s\u00f3n elements que el IT manager ha de tenir en compte a l\u2019hora de gestionar el seu CPD.<\/p>\n<p>[\/vc_column_text][\/vc_column][\/vc_row][vc_row][vc_column][vc_empty_space height=&#8221;70&#8243;][\/vc_column][\/vc_row][vc_row content_width=&#8221;grid&#8221; content_aligment=&#8221;center&#8221; css=&#8221;.vc_custom_1613570943571{margin-bottom: -64px !important;background: #ff9100 url(http:\/\/socored.es\/wp-content\/uploads\/2021\/01\/socored-background.png?id=3695) !important;}&#8221;][vc_column][vc_empty_space height=&#8221;60px&#8221;][vc_column_text]<\/p>\n<h2 style=\"text-align: center; color: white;\">ELS NOSTRES SERVEIS<\/h2>\n<p>[\/vc_column_text][vc_empty_space height=&#8221;20&#8243;][vc_row_inner][vc_column_inner][vc_column_text]<\/p>\n<p style=\"text-align: center; color: white;\"><a style=\"color: white;\" href=\"\/new\/seguridad-it\/\">Consultor\u00eda de Infraestructuras IT<\/a>\u00a0|\u00a0<a style=\"color: white;\" href=\"https:\/\/socored.es\/ca\/manteniment-del-cpd-i-els-seus-serveis-mes-demanats\/mantenimiento-cpd\/\">Mantenimiento<\/a>\u00a0|\u00a0<a style=\"color: white;\" href=\"\/new\/monitorizacion-data-center\/\">Supervisi\u00f3n y Monitorizaci\u00f3n 24\u00d77<\/a>\u00a0|\u00a0<a style=\"color: white;\" href=\"\/new\/traslado-cpd\/\">Traslado de CPDs<\/a><\/p>\n<p>[\/vc_column_text][\/vc_column_inner][\/vc_row_inner][vc_empty_space height=&#8221;100px&#8221;][\/vc_column][\/vc_row]<\/p>\n<\/div>","protected":false},"excerpt":{"rendered":"<p>[vc_row content_aligment=&#8221;center&#8221; css=&#8221;.vc_custom_1614158606678{background-image: url(http:\/\/socored.es\/wp-content\/uploads\/2021\/01\/EQUIPAMIENTO-E-INFRAESTRUCTURAS-PARA-CPD.jpg?id=3636) !important;background-position: center !important;background-repeat: no-repeat !important;background-size: cover !important;}&#8221;][vc_column][vc_row_inner][vc_column_inner offset=&#8221;vc_hidden-sm vc_hidden-xs&#8221;][vc_empty_space height=&#8221;240px&#8221;][\/vc_column_inner][\/vc_row_inner][vc_empty_space height=&#8221;215px&#8221;][\/vc_column][\/vc_row][vc_row content_width=&#8221;grid&#8221; content_aligment=&#8221;center&#8221; css=&#8221;.vc_custom_1611760058680{border-right-width: 0px !important;border-bottom-width: 1px !important;border-left-width: 0px !important;background-color: #fbfbfc !important;border-left-color: #f2f2f2&#8230;<\/p>\n","protected":false},"author":1,"featured_media":0,"parent":0,"menu_order":0,"comment_status":"closed","ping_status":"closed","template":"full-width.php","meta":[],"_links":{"self":[{"href":"https:\/\/socored.es\/ca\/wp-json\/wp\/v2\/pages\/5104"}],"collection":[{"href":"https:\/\/socored.es\/ca\/wp-json\/wp\/v2\/pages"}],"about":[{"href":"https:\/\/socored.es\/ca\/wp-json\/wp\/v2\/types\/page"}],"author":[{"embeddable":true,"href":"https:\/\/socored.es\/ca\/wp-json\/wp\/v2\/users\/1"}],"replies":[{"embeddable":true,"href":"https:\/\/socored.es\/ca\/wp-json\/wp\/v2\/comments?post=5104"}],"version-history":[{"count":4,"href":"https:\/\/socored.es\/ca\/wp-json\/wp\/v2\/pages\/5104\/revisions"}],"predecessor-version":[{"id":6249,"href":"https:\/\/socored.es\/ca\/wp-json\/wp\/v2\/pages\/5104\/revisions\/6249"}],"wp:attachment":[{"href":"https:\/\/socored.es\/ca\/wp-json\/wp\/v2\/media?parent=5104"}],"curies":[{"name":"wp","href":"https:\/\/api.w.org\/{rel}","templated":true}]}}