{"id":5708,"date":"2021-04-11T09:10:37","date_gmt":"2021-04-11T09:10:37","guid":{"rendered":"http:\/\/socored.es\/arxiu-suport-magnetic\/"},"modified":"2021-04-27T14:04:02","modified_gmt":"2021-04-27T14:04:02","slug":"arxiu-suport-magnetic","status":"publish","type":"page","link":"https:\/\/socored.es\/ca\/arxiu-suport-magnetic\/","title":{"rendered":"Arxiu Suport Magn\u00e8tic"},"content":{"rendered":"<div class=\"wpb-content-wrapper\"><p>[vc_row css=&#8221;.vc_custom_1612349518442{background: #ff9100 url(http:\/\/socored.es\/wp-content\/uploads\/2021\/01\/socored-background.png?id=3695) !important;background-position: center !important;background-repeat: no-repeat !important;background-size: cover !important;}&#8221;][vc_column][vc_empty_space height=&#8221;85&#8243;][vc_empty_space height=&#8221;85&#8243;][vc_column_text]<\/p>\n<p style=\"text-align: center; color: white; margin-bottom: -15px;\">Serveis<\/p>\n<h1 style=\"text-align: center; color: white;\">ARXIU SUPORT MAGN\u00c8TIC<\/h1>\n<p>[\/vc_column_text][vc_empty_space height=&#8221;80&#8243;][\/vc_column][\/vc_row][vc_row content_width=&#8221;grid&#8221; css=&#8221;.vc_custom_1613571711468{background-position: center !important;background-repeat: no-repeat !important;background-size: cover !important;}&#8221;][vc_column][vc_empty_space height=&#8221;90&#8243;][vc_row_inner content_placement=&#8221;middle&#8221; content_aligment=&#8221;center&#8221;][vc_column_inner width=&#8221;1\/3&#8243;][\/vc_column_inner][vc_column_inner width=&#8221;1\/3&#8243;][vc_single_image image=&#8221;5717&#8243; img_size=&#8221;full&#8221; alignment=&#8221;center&#8221;][\/vc_column_inner][vc_column_inner width=&#8221;1\/3&#8243;][\/vc_column_inner][\/vc_row_inner][vc_empty_space height=&#8221;40&#8243;][vc_column_text]<\/p>\n<h2 style=\"text-align: center;\">ARXIU I CLASSIFICACI\u00d3 SUPORT MAGN\u00c8TIC<\/h2>\n<p>[\/vc_column_text][vc_empty_space height=&#8221;40&#8243;][vc_single_image image=&#8221;4501&#8243; img_size=&#8221;full&#8221; alignment=&#8221;center&#8221;][vc_empty_space height=&#8221;40&#8243;][vc_column_text]Socored \u00e9s distribu\u00efdor a Espanya de la signatura EDP per a l&#8217;arxiu i classificaci\u00f3 de suport magn\u00e8tic.<\/p>\n<p><span style=\"color: #ff9100;\"><strong> Prestatgeries Multim\u00e8dia i Extreme <\/strong><\/span><br \/>\nLes prestatgeries Multim\u00e8dia i Extreme d&#8217;EDP s\u00f3n unitats modulars dissenyades per oferir un sistema durador i eficient d&#8217;emmagatzematge per a formats 4 mm, 8 mm, discos \u00f2ptics, 3480\/90, 9 \u00d7 40, Streamer, TK, DLT, LTO i CD-Rom. Les prestatgeries ocupen un espai m\u00ednim i opcionalment unitats corredisses per incrementar la capacitat d&#8217;emmagatzematge. Multim\u00e8dia Extreme pot configurar-se per emmagatzemar un \u00fanic tipus de suport magn\u00e8tic o una barreja de diversos tipus de suports en la mateixa prestatgeria.<\/p>\n<p><span style=\"color: #ff9100;\"><strong> Etiquetes suport magn\u00e8tic <\/strong><\/span><br \/>\nSocored ofereix la gamma m\u00e9s completa de l&#8217;m\u00f3n d&#8217;etiquetes per suport magn\u00e8tic generades per ordinador, seq\u00fcencials, en color i amb codi de barres.[\/vc_column_text][vc_empty_space height=&#8221;40&#8243;][\/vc_column][\/vc_row][vc_row content_width=&#8221;grid&#8221;][vc_column width=&#8221;2\/12&#8243;][vc_single_image image=&#8221;4502&#8243; img_size=&#8221;full&#8221; alignment=&#8221;center&#8221;][vc_empty_space height=&#8221;40&#8243;][\/vc_column][vc_column width=&#8221;10\/12&#8243;][vc_column_text css=&#8221;.vc_custom_1618132414246{border-top-width: 1px !important;border-right-width: 1px !important;border-bottom-width: 1px !important;border-left-width: 1px !important;padding-top: 3% !important;padding-right: 6% !important;padding-bottom: 3% !important;padding-left: 6% !important;border-left-color: #e0e0e0 !important;border-left-style: solid !important;border-right-color: #e0e0e0 !important;border-right-style: solid !important;border-top-color: #e0e0e0 !important;border-top-style: solid !important;border-bottom-color: #e0e0e0 !important;border-bottom-style: solid !important;}&#8221;]<span style=\"color: #ff9100;\"><strong>3480 \/ 3490 \/ 9\u00d740 \u2013 3592 \u2013 LTO \u2013 DLT \u2013 SDLT \u2013 AIT \u2013 4 mm \u2013 8 mm \u2013 Discs \u00d3ptics \u2013 3570 Magstar \u2013 D2 \u2013 VHS \u2013 Open Reel<\/strong><\/span><\/p>\n<p>\u2022 Qualitat i consist\u00e8ncia s\u00f3n els primers objectius.<br \/>\n\u2022 Colors consistents per a la f\u00e0cil identificaci\u00f3.<br \/>\n\u2022 Grau A de qualitat en el codi de barres (99% de reconeixement en la primera lectura).<br \/>\n\u2022 Laminatge per a protecci\u00f3 i llarga durabilitat.<br \/>\n\u2022 Resist\u00e8ncia a taques, destenyides i ratlladures.<br \/>\n\u2022 5 Anys de garantia en materials.<br \/>\n\u2022 Garantia per a tota la vida en la lectura del codi de barres.<br \/>\n\u2022 Dos punts de producci\u00f3 per back up.<br \/>\n\u2022 Proc\u00e9s patentat de generaci\u00f3 d\u2019etiquetes mitjan\u00e7ant ordinador.<br \/>\n\u2022 M\u00e9s de 800 milions d\u2019etiquetes subministrades al M\u00f3n.<br \/>\n\u2022 Adhesius d\u2019alta qualitat.[\/vc_column_text][vc_empty_space height=&#8221;40&#8243;][\/vc_column][\/vc_row][vc_row][vc_column offset=&#8221;vc_hidden-lg vc_hidden-md&#8221;][vc_empty_space height=&#8221;70&#8243;][\/vc_column][\/vc_row]<\/p>\n<\/div>","protected":false},"excerpt":{"rendered":"<p>[vc_row css=&#8221;.vc_custom_1612349518442{background: #ff9100 url(http:\/\/socored.es\/wp-content\/uploads\/2021\/01\/socored-background.png?id=3695) !important;background-position: center !important;background-repeat: no-repeat !important;background-size: cover !important;}&#8221;][vc_column][vc_empty_space height=&#8221;85&#8243;][vc_empty_space height=&#8221;85&#8243;][vc_column_text] Serveis ARXIU SUPORT MAGN\u00c8TIC [\/vc_column_text][vc_empty_space height=&#8221;80&#8243;][\/vc_column][\/vc_row][vc_row content_width=&#8221;grid&#8221; css=&#8221;.vc_custom_1613571711468{background-position: center !important;background-repeat: no-repeat !important;background-size: cover !important;}&#8221;][vc_column][vc_empty_space&#8230;<\/p>\n","protected":false},"author":1,"featured_media":0,"parent":0,"menu_order":0,"comment_status":"closed","ping_status":"closed","template":"full-width.php","meta":[],"_links":{"self":[{"href":"https:\/\/socored.es\/ca\/wp-json\/wp\/v2\/pages\/5708"}],"collection":[{"href":"https:\/\/socored.es\/ca\/wp-json\/wp\/v2\/pages"}],"about":[{"href":"https:\/\/socored.es\/ca\/wp-json\/wp\/v2\/types\/page"}],"author":[{"embeddable":true,"href":"https:\/\/socored.es\/ca\/wp-json\/wp\/v2\/users\/1"}],"replies":[{"embeddable":true,"href":"https:\/\/socored.es\/ca\/wp-json\/wp\/v2\/comments?post=5708"}],"version-history":[{"count":9,"href":"https:\/\/socored.es\/ca\/wp-json\/wp\/v2\/pages\/5708\/revisions"}],"predecessor-version":[{"id":5719,"href":"https:\/\/socored.es\/ca\/wp-json\/wp\/v2\/pages\/5708\/revisions\/5719"}],"wp:attachment":[{"href":"https:\/\/socored.es\/ca\/wp-json\/wp\/v2\/media?parent=5708"}],"curies":[{"name":"wp","href":"https:\/\/api.w.org\/{rel}","templated":true}]}}