{"id":5730,"date":"2021-04-11T09:48:57","date_gmt":"2021-04-11T09:48:57","guid":{"rendered":"http:\/\/socored.es\/avis-legal\/"},"modified":"2021-04-27T14:04:29","modified_gmt":"2021-04-27T14:04:29","slug":"avis-legal","status":"publish","type":"page","link":"https:\/\/socored.es\/ca\/avis-legal\/","title":{"rendered":"Avis legal"},"content":{"rendered":"<div class=\"wpb-content-wrapper\"><p>[vc_row css=&#8221;.vc_custom_1612349518442{background: #ff9100 url(http:\/\/socored.es\/wp-content\/uploads\/2021\/01\/socored-background.png?id=3695) !important;background-position: center !important;background-repeat: no-repeat !important;background-size: cover !important;}&#8221;][vc_column][vc_empty_space height=&#8221;85&#8243;][vc_column_text]<\/p>\n<h1 style=\"text-align: center; color: white;\">Avis legal<\/h1>\n<p>[\/vc_column_text][vc_empty_space height=&#8221;80&#8243;][\/vc_column][\/vc_row][vc_row content_width=&#8221;grid&#8221; css=&#8221;.vc_custom_1615209913576{background-position: center !important;background-repeat: no-repeat !important;background-size: cover !important;}&#8221;][vc_column][vc_empty_space height=&#8221;80&#8243;][vc_column_text]<\/p>\n<section class=\"av_textblock_section\">\n<div class=\"avia_textblock \">\n<p class=\"p2\"><span style=\"color: #ff9300;\"><b>AVIS LEGAL<\/b><\/span><\/p>\n<p class=\"p2\">Ra\u00f3 social: SOCORED IT SOLUTIONS S.A (en endavant \u201dEL TITULAR\u201d)<\/p>\n<p class=\"p2\">NIF: A08851818<\/p>\n<p class=\"p2\">Domicili a: c\/ Pilar Franquet 26C, 08870 Sitges -Barcelona<\/p>\n<p class=\"p2\">Tel\u00e8fon: 933 016 583<\/p>\n<p class=\"p2\">Mail: info@socored.es<\/p>\n<p class=\"p2\"><span style=\"color: #ff9300;\"><b>PROPIETAT INTEL\u00b7LECTUAL I INDUSTRIAL<\/b><\/span><\/p>\n<p class=\"p2\">Els continguts d\u2019aquest lloc, incloent-hi els textos, imatges i dissenys gr\u00e0fics, pertanyen a EL TITULAR, o a tercers que n\u2019han autoritzat el seu \u00fas. EL TITULAR presenta aquests continguts amb finalitats d\u2019informaci\u00f3 i promoci\u00f3. EL TITULAR autoritza la seva utilitzaci\u00f3 exclusivament amb aquestes finalitats. Qualsevol utilitzaci\u00f3 d\u2019aquests dissenys, imatges o textos haur\u00e0 de citar expressament la seva pertinen\u00e7a a EL TITULAR, qui es reserva el dret a iniciar les accions legals oportunes per reparar els danys i perjudicis causats per qualsevol acte que vulneri els seus drets de propietat intel\u00b7lectual o industrial.<\/p>\n<p class=\"p2\"><span style=\"color: #ff9300;\"><b>EXCLUSI\u00d3 DE RESPONSABILITAT<\/b><\/span><\/p>\n<p class=\"p2\">EL TITULAR actua amb la m\u00e0xima dilig\u00e8ncia possible perqu\u00e8 les dades i la informaci\u00f3 que ofereix al seu lloc web estigui actualitzada en tot moment, si b\u00e9 no garanteix ni es fa responsable de l\u2019exactitud i actualitzaci\u00f3 dels continguts del lloc web, reservant-se el dret a modificar aquests continguts en qualsevol moment. EL TITULAR tampoc ser\u00e0 responsable de la informaci\u00f3 que es pot obtenir a trav\u00e9s d\u2019enlla\u00e7os inclosos en el lloc web.<\/p>\n<p class=\"p2\">Les relacions comercials amb els clients es regiran per les condicions generals que, si s\u2019escau, s\u2019estableixin per EL TITULAR en un document espec\u00edfic a aquest efecte, o pels pactes concrets que es puguin acordar amb els clients.<\/p>\n<p class=\"p2\"><span style=\"color: #ff9300;\"><b>CONDICIONS D\u2019\u00daS<\/b><\/span><\/p>\n<p class=\"p2\">L\u2019\u00fas d\u2019aquest lloc web implica l\u2019acceptaci\u00f3 plena dels termes del present av\u00eds legal. Els possibles conflictes relatius a aquest web es regiran exclusivament pel dret de l\u2019Estat Espanyol. Tota persona usu\u00e0ria del web, independentment de la jurisdicci\u00f3 territorial des de la qual es produeixi el seu acc\u00e9s, accepta el compliment i respecte d\u2019aquestes cl\u00e0usules amb ren\u00fancia expressa a qualsevol altre fur que pogu\u00e9s correspondre-li.<\/p>\n<\/div>\n<\/section>\n<div class=\"hr hr-invisible avia-builder-el-2 el_after_av_textblock avia-builder-el-last \"><\/div>\n<p>[\/vc_column_text][vc_empty_space height=&#8221;80&#8243;][\/vc_column][\/vc_row]<\/p>\n<\/div>","protected":false},"excerpt":{"rendered":"<p>[vc_row css=&#8221;.vc_custom_1612349518442{background: #ff9100 url(http:\/\/socored.es\/wp-content\/uploads\/2021\/01\/socored-background.png?id=3695) !important;background-position: center !important;background-repeat: no-repeat !important;background-size: cover !important;}&#8221;][vc_column][vc_empty_space height=&#8221;85&#8243;][vc_column_text] Avis legal [\/vc_column_text][vc_empty_space height=&#8221;80&#8243;][\/vc_column][\/vc_row][vc_row content_width=&#8221;grid&#8221; css=&#8221;.vc_custom_1615209913576{background-position: center !important;background-repeat: no-repeat !important;background-size: cover !important;}&#8221;][vc_column][vc_empty_space height=&#8221;80&#8243;][vc_column_text] AVIS LEGAL&#8230;<\/p>\n","protected":false},"author":1,"featured_media":0,"parent":0,"menu_order":0,"comment_status":"closed","ping_status":"closed","template":"full-width.php","meta":[],"_links":{"self":[{"href":"https:\/\/socored.es\/ca\/wp-json\/wp\/v2\/pages\/5730"}],"collection":[{"href":"https:\/\/socored.es\/ca\/wp-json\/wp\/v2\/pages"}],"about":[{"href":"https:\/\/socored.es\/ca\/wp-json\/wp\/v2\/types\/page"}],"author":[{"embeddable":true,"href":"https:\/\/socored.es\/ca\/wp-json\/wp\/v2\/users\/1"}],"replies":[{"embeddable":true,"href":"https:\/\/socored.es\/ca\/wp-json\/wp\/v2\/comments?post=5730"}],"version-history":[{"count":3,"href":"https:\/\/socored.es\/ca\/wp-json\/wp\/v2\/pages\/5730\/revisions"}],"predecessor-version":[{"id":5733,"href":"https:\/\/socored.es\/ca\/wp-json\/wp\/v2\/pages\/5730\/revisions\/5733"}],"wp:attachment":[{"href":"https:\/\/socored.es\/ca\/wp-json\/wp\/v2\/media?parent=5730"}],"curies":[{"name":"wp","href":"https:\/\/api.w.org\/{rel}","templated":true}]}}