{"id":5752,"date":"2021-04-11T10:38:18","date_gmt":"2021-04-11T10:38:18","guid":{"rendered":"http:\/\/socored.es\/cold-hot-aisle\/"},"modified":"2021-04-27T14:16:48","modified_gmt":"2021-04-27T14:16:48","slug":"cold-hot-aisle","status":"publish","type":"page","link":"https:\/\/socored.es\/ca\/cold-hot-aisle\/","title":{"rendered":"Cold \/ Hot Aisle"},"content":{"rendered":"<div class=\"wpb-content-wrapper\"><p>[vc_row css=&#8221;.vc_custom_1612349518442{background: #ff9100 url(http:\/\/socored.es\/wp-content\/uploads\/2021\/01\/socored-background.png?id=3695) !important;background-position: center !important;background-repeat: no-repeat !important;background-size: cover !important;}&#8221;][vc_column][vc_empty_space height=&#8221;85&#8243;][vc_column_text]<\/p>\n<p style=\"text-align: center; color: white; margin-bottom: -15px;\">Equipaments IT<\/p>\n<h1 style=\"text-align: center; color: white;\">COLD \/ HOT AISLE<\/h1>\n<p>[\/vc_column_text][vc_empty_space height=&#8221;80&#8243;][\/vc_column][\/vc_row][vc_row content_width=&#8221;grid&#8221; css=&#8221;.vc_custom_1613571711468{background-position: center !important;background-repeat: no-repeat !important;background-size: cover !important;}&#8221;][vc_column][vc_row_inner][vc_column_inner offset=&#8221;vc_hidden-sm vc_hidden-xs&#8221;][vc_empty_space height=&#8221;40&#8243;][\/vc_column_inner][\/vc_row_inner][vc_empty_space height=&#8221;40&#8243;][vc_column_text]<\/p>\n<h2 style=\"text-align: center;\">EL TANCAMENT COLD \/ HOT AISLE<\/h2>\n<p>[\/vc_column_text][vc_empty_space height=&#8221;40&#8243;][\/vc_column][\/vc_row][vc_row content_width=&#8221;grid&#8221;][vc_column width=&#8221;4\/12&#8243;][vc_single_image image=&#8221;4525&#8243; img_size=&#8221;full&#8221; alignment=&#8221;center&#8221;][vc_empty_space height=&#8221;22&#8243;][vc_single_image image=&#8221;4524&#8243; img_size=&#8221;full&#8221; alignment=&#8221;center&#8221;][vc_empty_space height=&#8221;22&#8243;][vc_single_image image=&#8221;4526&#8243; img_size=&#8221;full&#8221; alignment=&#8221;center&#8221;][vc_empty_space height=&#8221;22&#8243;][\/vc_column][vc_column width=&#8221;8\/12&#8243;][vc_column_text]El tancament cold\/hot Aisle millora l\u2019efici\u00e8ncia de la refrigeraci\u00f3, no permetent la recirculaci\u00f3 de l\u2019aire de les m\u00e0quines de climatitzaci\u00f3 i la barreja de l\u2019aire fred d\u2019impulsi\u00f3 amb el calent de tornada. Aquest senzill concepte ajuda a reduir la pot\u00e8ncia necess\u00e0ria de climatitzaci\u00f3, amb el que estalviarem en costos de funcionament del sistema de climatitzaci\u00f3 i incrementarem la capacitat de refrigeraci\u00f3 del conjunt, aix\u00ed com la vida \u00fatil de les unitats de refrigeraci\u00f3.<\/p>\n<p>Els conceptes illa freda o illa calenta poden ser diferents en cada CPD depenent de molts factors com la distribuci\u00f3, instal\u00b7\u0097lacions annexes, tipus d\u2019equips de climatitzaci\u00f3 existents entre d\u2019altres, seguint en cada cas un sistema m\u00e9s efectiu que l\u2019altre. En qualsevol cas, l\u2019illa freda\/calenta s\u2019est\u00e0 implementant per a qualsevol tipus de CPD, encara que est\u00e0 sigui de baixa densitat per cada rack, simplement per l\u2019estalvi energ\u00e8tic del consum de les m\u00e0quines de climatitzaci\u00f3 i millora del PUE.<\/p>\n<p>El Cold\/Hot Aisle millora tamb\u00e9 la unificaci\u00f3 de temperatures, aconseguint una sola temperatura, tant en la part inferior del rack com en la part superior, on molts problemes de refrigeraci\u00f3 es localitza en aquesta zona pels actuals problemes d\u2019estratificaci\u00f3 de temperatures.[\/vc_column_text][vc_empty_space height=&#8221;22&#8243;][vc_column_text css=&#8221;.vc_custom_1614351878953{border-top-width: 1px !important;border-right-width: 1px !important;border-bottom-width: 1px !important;border-left-width: 1px !important;padding-top: 3% !important;padding-right: 6% !important;padding-bottom: 3% !important;padding-left: 6% !important;border-left-color: #e0e0e0 !important;border-left-style: solid !important;border-right-color: #e0e0e0 !important;border-right-style: solid !important;border-top-color: #e0e0e0 !important;border-top-style: solid !important;border-bottom-color: #e0e0e0 !important;border-bottom-style: solid !important;}&#8221;]<strong>Caracter\u00edstiques destacades de Socored Cold\/Hot Aisle:<\/strong><br \/>\n\u2022 Adaptabilitat als armaris Rack o altres equips inform\u00e0tics sense importar l\u2019altura ni l\u2019ample, ni la separaci\u00f3.<br \/>\n\u2022 Panells de sostre d\u2019alta lluminositat de baix pes f\u00e0cilment desmuntables per a tasques de manteniment i acc\u00e9s al sostre de l\u2019armari.<br \/>\n\u2022 Portes d\u2019acc\u00e9s corredisses sense interrupci\u00f3 del pas en el passad\u00eds.<br \/>\n\u2022 Porta autom\u00e0tica amb diferents tipus de sensors d\u2019obertura.<br \/>\n\u2022 Desbloqueig de portes en cas d\u2019incendi.<br \/>\n\u2022 Ajustat balan\u00e7 entre qualitat i preu.<br \/>\n\u2022 En sales de poca altura no \u00e9s necessari grans o fins i tot cap s\u00f2l t\u00e8cnic.[\/vc_column_text][vc_empty_space height=&#8221;40&#8243;][\/vc_column][\/vc_row][vc_row][vc_column offset=&#8221;vc_hidden-lg vc_hidden-md&#8221;][vc_empty_space height=&#8221;70&#8243;][\/vc_column][\/vc_row]<\/p>\n<\/div>","protected":false},"excerpt":{"rendered":"<p>[vc_row css=&#8221;.vc_custom_1612349518442{background: #ff9100 url(http:\/\/socored.es\/wp-content\/uploads\/2021\/01\/socored-background.png?id=3695) !important;background-position: center !important;background-repeat: no-repeat !important;background-size: cover !important;}&#8221;][vc_column][vc_empty_space height=&#8221;85&#8243;][vc_column_text] Equipaments IT COLD \/ HOT AISLE [\/vc_column_text][vc_empty_space height=&#8221;80&#8243;][\/vc_column][\/vc_row][vc_row content_width=&#8221;grid&#8221; css=&#8221;.vc_custom_1613571711468{background-position: center !important;background-repeat: no-repeat !important;background-size: cover&#8230;<\/p>\n","protected":false},"author":1,"featured_media":0,"parent":0,"menu_order":0,"comment_status":"closed","ping_status":"closed","template":"full-width.php","meta":[],"_links":{"self":[{"href":"https:\/\/socored.es\/ca\/wp-json\/wp\/v2\/pages\/5752"}],"collection":[{"href":"https:\/\/socored.es\/ca\/wp-json\/wp\/v2\/pages"}],"about":[{"href":"https:\/\/socored.es\/ca\/wp-json\/wp\/v2\/types\/page"}],"author":[{"embeddable":true,"href":"https:\/\/socored.es\/ca\/wp-json\/wp\/v2\/users\/1"}],"replies":[{"embeddable":true,"href":"https:\/\/socored.es\/ca\/wp-json\/wp\/v2\/comments?post=5752"}],"version-history":[{"count":2,"href":"https:\/\/socored.es\/ca\/wp-json\/wp\/v2\/pages\/5752\/revisions"}],"predecessor-version":[{"id":5754,"href":"https:\/\/socored.es\/ca\/wp-json\/wp\/v2\/pages\/5752\/revisions\/5754"}],"wp:attachment":[{"href":"https:\/\/socored.es\/ca\/wp-json\/wp\/v2\/media?parent=5752"}],"curies":[{"name":"wp","href":"https:\/\/api.w.org\/{rel}","templated":true}]}}