{"id":5759,"date":"2021-04-12T07:52:15","date_gmt":"2021-04-12T07:52:15","guid":{"rendered":"http:\/\/socored.es\/connectivitat-i-networking\/"},"modified":"2021-04-27T14:20:55","modified_gmt":"2021-04-27T14:20:55","slug":"connectivitat-i-networking","status":"publish","type":"page","link":"https:\/\/socored.es\/ca\/connectivitat-i-networking\/","title":{"rendered":"CONNECTIVITAT I NETWORKING"},"content":{"rendered":"<div class=\"wpb-content-wrapper\"><p>[vc_row css=&#8221;.vc_custom_1612349518442{background: #ff9100 url(http:\/\/socored.es\/wp-content\/uploads\/2021\/01\/socored-background.png?id=3695) !important;background-position: center !important;background-repeat: no-repeat !important;background-size: cover !important;}&#8221;][vc_column][vc_empty_space height=&#8221;85&#8243;][vc_column_text]<\/p>\n<p style=\"text-align: center; color: white; margin-bottom: -15px;\">Data Center<\/p>\n<h1 style=\"text-align: center; color: white;\">CONECTIVITAT I NETWORKING<\/h1>\n<p>[\/vc_column_text][vc_empty_space height=&#8221;80&#8243;][\/vc_column][\/vc_row][vc_row content_width=&#8221;grid&#8221; css=&#8221;.vc_custom_1613571711468{background-position: center !important;background-repeat: no-repeat !important;background-size: cover !important;}&#8221;][vc_column][vc_empty_space height=&#8221;50&#8243;][vc_row_inner][vc_column_inner width=&#8221;1\/3&#8243;][\/vc_column_inner][vc_column_inner width=&#8221;1\/3&#8243;][vc_single_image image=&#8221;5756&#8243; img_size=&#8221;full&#8221; alignment=&#8221;center&#8221;][\/vc_column_inner][vc_column_inner width=&#8221;1\/3&#8243;][\/vc_column_inner][\/vc_row_inner][vc_row_inner][vc_column_inner offset=&#8221;vc_hidden-sm vc_hidden-xs&#8221;][\/vc_column_inner][\/vc_row_inner][vc_empty_space height=&#8221;40&#8243;][\/vc_column][\/vc_row][vc_row content_width=&#8221;grid&#8221;][vc_column][vc_column_text]<\/p>\n<h2 style=\"text-align: center;\">LES INFRAESTRUCTURES DE TELECOMUNICACIONS<\/h2>\n<p>[\/vc_column_text][vc_empty_space height=&#8221;40&#8243;][vc_column_text]<\/p>\n<p style=\"text-align: justify;\">Les infraestructures de telecomunicacions s\u00f3n de gran import\u00e0ncia per al desenvolupament tant de l\u2019activitat al CPD com dels equips o centres que depenen d\u2019aquest. L\u2019\u00fas de les tecnologies de comunicacions i vies d\u2019informaci\u00f3 han evolucionat i crescut exponencialment, augmentant les seves velocitats i exig\u00e8ncies, amb el que una infraestructura adequada a les necessitats \u00e9s fonamental. Els sistemes de cablejat i comunicacions han de dimensionar-se correctament tant en punts de connexi\u00f3, ubicaci\u00f3 d\u2019aquests, qualitat de la xarxa, velocitat, protecci\u00f3 electromagn\u00e8tica des de la base del projecte.<\/p>\n<p style=\"text-align: justify;\">En el sistema de cablejat i comunicacions s\u2019han de seguir estrictament detalls en les fases d\u2019execuci\u00f3 per mantenir les qualitats proposades amb el que s\u2019han de cuidar les qualitats dels materials.<\/p>\n<p style=\"text-align: justify;\">Finalment, i de vital import\u00e0ncia per al bon funcionament, s\u2019exigeix la certificaci\u00f3 de cadascun dels elements de cablejat i punts de connexi\u00f3, comparant-los amb els patrons de refer\u00e8ncia est\u00e0ndard per a cada categoria de cablejat o tecnologia utilitzada. (ANSI\/TIA\/EIA-TSB-67, la norma EIA\/TIA 568 i la seva equivalent norma ISO IS11801).<\/p>\n<p>[\/vc_column_text][vc_empty_space height=&#8221;40&#8243;][\/vc_column][\/vc_row][vc_row content_width=&#8221;grid&#8221;][vc_column offset=&#8221;vc_hidden-sm vc_hidden-xs&#8221;][vc_empty_space height=&#8221;30&#8243;][vc_single_image image=&#8221;4070&#8243; img_size=&#8221;full&#8221; alignment=&#8221;center&#8221;][vc_empty_space height=&#8221;60&#8243;][\/vc_column][\/vc_row][vc_row content_width=&#8221;grid&#8221; css=&#8221;.vc_custom_1613661744280{background-color: #efefef !important;}&#8221;][vc_column][vc_empty_space height=&#8221;80&#8243;][\/vc_column][\/vc_row][vc_row content_width=&#8221;grid&#8221; css=&#8221;.vc_custom_1613661726778{background-color: #efefef !important;}&#8221;][vc_column width=&#8221;1\/2&#8243;][vc_row_inner content_aligment=&#8221;center&#8221;][vc_column_inner width=&#8221;1\/6&#8243;]\n    <span class=\"mkdf-icon-shortcode circle mkdf-icon-medium\" style=\"background-color: #000000;border-color: #000000\" data-hover-border-color=\"#ff9100\" data-hover-background-color=\"#ff9100\" data-hover-color=\"#ffffff\" data-color=\"#ffffff\">\n        \n        <i class=\"mkdf-icon-font-awesome fa fa-wifi mkdf-icon-element\" style=\"color: #ffffff\" ><\/i>\n            <\/span>\n\n[\/vc_column_inner][vc_column_inner width=&#8221;5\/6&#8243;][vc_column_text]<\/p>\n<h4 style=\"text-align: left;\">Xarxes de Cablejat Estructurat<\/h4>\n<p style=\"text-align: left;\">Distribuci\u00f3 de cablejat en coure tant a l\u2019interior del CPD com als serveis d\u2019oficines i llocs d\u2019usuari. El cablejat ha de ser de la categoria correcta segons les exig\u00e8ncies dels nostres equips i necessitats de comunicaci\u00f3. Cablejat de Cat6 i Cat7. El sistema de cablejat estructurat \u00e9s una de les m\u00e9s importants infraestructures de comunicacions en la qual ens permet interconnectar els diferents equips i sistemes. El cablejat estructurat t\u00e9 com a major caracter\u00edstica de la possibilitat de canvis i mobilitat d\u2019equips personals, recursos, equips inform\u00e0tics, amb el que ens permet una gran versatilitat i un cost redu\u00eft en els canvis i processos de manteniment.<\/p>\n<p>[\/vc_column_text][\/vc_column_inner][\/vc_row_inner][vc_empty_space][vc_row_inner content_aligment=&#8221;center&#8221;][vc_column_inner width=&#8221;1\/6&#8243;]\n    <span class=\"mkdf-icon-shortcode circle mkdf-icon-medium\" style=\"background-color: #000000;border-color: #000000\" data-hover-border-color=\"#ff9100\" data-hover-background-color=\"#ff9100\" data-hover-color=\"#ffffff\" data-color=\"#ffffff\">\n        \n        <i class=\"mkdf-icon-font-awesome fa fa-phone mkdf-icon-element\" style=\"color: #ffffff\" ><\/i>\n            <\/span>\n\n[\/vc_column_inner][vc_column_inner width=&#8221;5\/6&#8243;][vc_column_text]<\/p>\n<h4 style=\"text-align: left;\">Xarxes de Telefonia<\/h4>\n<p style=\"text-align: left;\">Xarxes econ\u00f2miques i que permeten una gesti\u00f3 i manteniment a costos molt redu\u00efts.<\/p>\n<p>[\/vc_column_text][\/vc_column_inner][\/vc_row_inner][vc_empty_space][\/vc_column][vc_column width=&#8221;1\/2&#8243;][vc_row_inner content_aligment=&#8221;center&#8221;][vc_column_inner width=&#8221;1\/6&#8243;]\n    <span class=\"mkdf-icon-shortcode circle mkdf-icon-medium\" style=\"background-color: #000000;border-color: #000000\" data-hover-border-color=\"#ff9100\" data-hover-background-color=\"#ff9100\" data-hover-color=\"#ffffff\" data-color=\"#ffffff\">\n        \n        <i class=\"mkdf-icon-font-awesome fa fa-wifi mkdf-icon-element\" style=\"color: #ffffff\" ><\/i>\n            <\/span>\n\n[\/vc_column_inner][vc_column_inner width=&#8221;5\/6&#8243;][vc_column_text]<\/p>\n<h4 style=\"text-align: left;\">Xarxes de Fibra \u00d2ptica<\/h4>\n<ul>\n<li style=\"text-align: left;\">Connexi\u00f3 de Fibra \u00d2ptica<\/li>\n<li style=\"text-align: left;\">Enlla\u00e7os de Fibra \u00d2ptica<\/li>\n<li style=\"text-align: left;\">Certificaci\u00f3 i Comprovaci\u00f3 de xarxes<\/li>\n<li style=\"text-align: left;\">Xarxes de Fibra \u00d2ptica (punts de xarxa fins al lloc de treball)<\/li>\n<\/ul>\n<p>[\/vc_column_text][\/vc_column_inner][\/vc_row_inner][vc_row_inner][vc_column_inner offset=&#8221;vc_hidden-sm vc_hidden-xs&#8221;][vc_empty_space][\/vc_column_inner][\/vc_row_inner][vc_empty_space][vc_row_inner content_aligment=&#8221;center&#8221;][vc_column_inner width=&#8221;1\/6&#8243;]\n    <span class=\"mkdf-icon-shortcode circle mkdf-icon-medium\" style=\"background-color: #000000;border-color: #000000\" data-hover-border-color=\"#ff9100\" data-hover-background-color=\"#ff9100\" data-hover-color=\"#ffffff\" data-color=\"#ffffff\">\n        \n        <i class=\"mkdf-icon-font-awesome fa fa-wifi mkdf-icon-element\" style=\"color: #ffffff\" ><\/i>\n            <\/span>\n\n[\/vc_column_inner][vc_column_inner width=&#8221;5\/6&#8243;][vc_column_text]<\/p>\n<h4 style=\"text-align: left;\">Sistemes WireLess \u2013 WiFi<\/h4>\n<p style=\"text-align: left;\">Sistemes per a Xarxes sense fils WiFi que ofereixen amplades de banda predictibles i qualitat de servei (QoS) a trav\u00e9s de l\u2019aire amb la fiabilitat, adaptabilitat i la seguretat necess\u00e0ria per a donar serveis convergents de veu i dades sobre una \u00fanica infraestructura WLAN.<\/p>\n<p>[\/vc_column_text][\/vc_column_inner][\/vc_row_inner][\/vc_column][\/vc_row][vc_row css=&#8221;.vc_custom_1613661890617{margin-bottom: -60px !important;background-color: #efefef !important;}&#8221;][vc_column][vc_row_inner][vc_column_inner offset=&#8221;vc_hidden-lg vc_hidden-md&#8221;][vc_empty_space height=&#8221;80&#8243;][\/vc_column_inner][\/vc_row_inner][vc_empty_space height=&#8221;80&#8243;][\/vc_column][\/vc_row]<\/p>\n<\/div>","protected":false},"excerpt":{"rendered":"<p>[vc_row css=&#8221;.vc_custom_1612349518442{background: #ff9100 url(http:\/\/socored.es\/wp-content\/uploads\/2021\/01\/socored-background.png?id=3695) !important;background-position: center !important;background-repeat: no-repeat !important;background-size: cover !important;}&#8221;][vc_column][vc_empty_space height=&#8221;85&#8243;][vc_column_text] Data Center CONECTIVITAT I NETWORKING [\/vc_column_text][vc_empty_space height=&#8221;80&#8243;][\/vc_column][\/vc_row][vc_row content_width=&#8221;grid&#8221; css=&#8221;.vc_custom_1613571711468{background-position: center !important;background-repeat: no-repeat !important;background-size: cover !important;}&#8221;][vc_column][vc_empty_space&#8230;<\/p>\n","protected":false},"author":1,"featured_media":0,"parent":0,"menu_order":0,"comment_status":"closed","ping_status":"closed","template":"full-width.php","meta":[],"_links":{"self":[{"href":"https:\/\/socored.es\/ca\/wp-json\/wp\/v2\/pages\/5759"}],"collection":[{"href":"https:\/\/socored.es\/ca\/wp-json\/wp\/v2\/pages"}],"about":[{"href":"https:\/\/socored.es\/ca\/wp-json\/wp\/v2\/types\/page"}],"author":[{"embeddable":true,"href":"https:\/\/socored.es\/ca\/wp-json\/wp\/v2\/users\/1"}],"replies":[{"embeddable":true,"href":"https:\/\/socored.es\/ca\/wp-json\/wp\/v2\/comments?post=5759"}],"version-history":[{"count":2,"href":"https:\/\/socored.es\/ca\/wp-json\/wp\/v2\/pages\/5759\/revisions"}],"predecessor-version":[{"id":5761,"href":"https:\/\/socored.es\/ca\/wp-json\/wp\/v2\/pages\/5759\/revisions\/5761"}],"wp:attachment":[{"href":"https:\/\/socored.es\/ca\/wp-json\/wp\/v2\/media?parent=5759"}],"curies":[{"name":"wp","href":"https:\/\/api.w.org\/{rel}","templated":true}]}}