{"id":5765,"date":"2021-04-12T08:21:52","date_gmt":"2021-04-12T08:21:52","guid":{"rendered":"http:\/\/socored.es\/consultoria-dinfraestructures-it\/"},"modified":"2021-04-27T14:22:01","modified_gmt":"2021-04-27T14:22:01","slug":"consultoria-dinfraestructures-it","status":"publish","type":"page","link":"https:\/\/socored.es\/ca\/consultoria-dinfraestructures-it\/","title":{"rendered":"Consultoria d&#8217;infraestructures IT"},"content":{"rendered":"<div class=\"wpb-content-wrapper\"><p>[vc_row css=&#8221;.vc_custom_1612349518442{background: #ff9100 url(http:\/\/socored.es\/wp-content\/uploads\/2021\/01\/socored-background.png?id=3695) !important;background-position: center !important;background-repeat: no-repeat !important;background-size: cover !important;}&#8221;][vc_column][vc_empty_space height=&#8221;85&#8243;][vc_column_text]<\/p>\n<p style=\"text-align: center; color: white; margin-bottom: -15px;\">Serveis<\/p>\n<h1 style=\"text-align: center; color: white;\">CONSULTORIA DE SEGURETAT IT<\/h1>\n<p>[\/vc_column_text][vc_empty_space height=&#8221;80&#8243;][\/vc_column][\/vc_row][vc_row content_width=&#8221;grid&#8221; css=&#8221;.vc_custom_1613571711468{background-position: center !important;background-repeat: no-repeat !important;background-size: cover !important;}&#8221;][vc_column][vc_empty_space height=&#8221;40&#8243;][vc_row_inner][vc_column_inner width=&#8221;1\/3&#8243; offset=&#8221;vc_hidden-sm vc_hidden-xs&#8221;][vc_empty_space height=&#8221;40&#8243;][\/vc_column_inner][vc_column_inner width=&#8221;1\/3&#8243;][vc_single_image image=&#8221;5762&#8243; img_size=&#8221;full&#8221; alignment=&#8221;center&#8221;][\/vc_column_inner][vc_column_inner width=&#8221;1\/3&#8243;][\/vc_column_inner][\/vc_row_inner][vc_empty_space height=&#8221;20&#8243;][vc_column_text]<\/p>\n<h2 style=\"text-align: center;\">CONSULTORIA DE SEGURETAT IT<\/h2>\n<p>[\/vc_column_text][vc_empty_space height=&#8221;40&#8243;][vc_single_image image=&#8221;4344&#8243; img_size=&#8221;full&#8221; alignment=&#8221;center&#8221;][vc_empty_space height=&#8221;20&#8243;][\/vc_column][\/vc_row][vc_row content_width=&#8221;grid&#8221;][vc_column width=&#8221;7\/12&#8243;][vc_empty_space height=&#8221;25&#8243;][vc_column_text]<\/p>\n<p>La seguretat de la informaci\u00f3 \u00e9s definida com\u00a0<strong>la preservaci\u00f3 de la confidencialitat, integritat i disponibilitat <\/strong>\u00a0d\u2019aquesta. UNEIX\/ISO 17799\/02.<\/p>\n<p>Existeix nombrosa literatura i normativa referent a la seguretat el disseny, la continu\u00eftat i disponibilitat dels CPD\u2019s, i \u00e9s per aix\u00f2 que \u00e9s necessari comptar amb l\u2019assessorament d\u2019experts independents que li proporcionin la visi\u00f3 global dels seus riscos, l\u2019estat de les seves instal\u00b7lacions, el grau de compliment respecte a normativa i les accions que, si escau, hagin d\u2019escometre\u2019s.<\/p>\n<p>&nbsp;<\/p>\n<ul>\n<li>UNE\/ISO 17799<\/li>\n<li>ANSI\/TIA 942<\/li>\n<li>UNE 71502<\/li>\n<li>ANSI\/BICSI 002-2011, Data Center Design and Implementation Best Practices<\/li>\n<li>IEEE<\/li>\n<li>BSI<\/li>\n<li>EN 1047-2<\/li>\n<\/ul>\n<p>&nbsp;<\/p>\n<p>El personal de Socored amb gran coneixement de la normativa actual i de les \u00faltimes tend\u00e8ncies en CPD pot oferir-li una an\u00e0lisi completa i exhaustiu en el qual s\u2019analitzaran les instal\u00b7lacions actuals. Es basar\u00e0 en una presa de dades inicial i acabar\u00e0 amb l\u2019elaboraci\u00f3 d\u2019un informe complet.<\/p>\n<p>Si el client ho requereix, es proposaran les recomanacions i millores en l\u2019\u00e0mbit de les infraestructures IT que millor s\u2019adaptin a les seves necessitats i sota les normatives actuals.[\/vc_column_text][vc_empty_space height=&#8221;40&#8243;][\/vc_column][vc_column width=&#8221;1\/12&#8243;][\/vc_column][vc_column width=&#8221;4\/12&#8243; css=&#8221;.vc_custom_1614162701598{border-radius: 1px !important;}&#8221;][vc_column_text css=&#8221;.vc_custom_1614162905701{padding: 10% !important;border: 1px solid #e0e0e0 !important;}&#8221;]<\/p>\n<h3>Actuacions de Consultoria i Auditoria:<\/h3>\n<p>\u2022 Presa de dades, an\u00e0lisis de la situaci\u00f3 i revisi\u00f3 de les infraestructures actuals<br \/>\n\u2022 Necessitats del CPD, c\u00e0rregues t\u00e8rmiques i redund\u00e0ncies necess\u00e0ries, nivell de seguretat<br \/>\n\u2022 Climatitzaci\u00f3, millores de rendiment, accessoris complementaris per a l\u2019optimitzaci\u00f3 de la canalitzaci\u00f3 de l\u2019aire, punts calents<br \/>\n\u2022 Millores d\u2019efici\u00e8ncia energ\u00e8tica<br \/>\n\u2022 Electricitat, c\u00e0rregues i compensaci\u00f3 entre fases, soroll, propostes de millora i accessoris per a l\u2019optimitzaci\u00f3 i eliminaci\u00f3 de punts calents<br \/>\n\u2022 Detecci\u00f3 i extinci\u00f3 d\u2019incendis<br \/>\n\u2022 Racks i equipaments adequats<br \/>\n\u2022 Monitoratge i gesti\u00f3 d\u2019alarmes<br \/>\n\u2022 An\u00e0lisi termogr\u00e0fic[\/vc_column_text][vc_empty_space height=&#8221;40&#8243;][\/vc_column][\/vc_row][vc_row][vc_column offset=&#8221;vc_hidden-lg vc_hidden-md&#8221;][vc_empty_space height=&#8221;70&#8243;][\/vc_column][\/vc_row]<\/p>\n<\/div>","protected":false},"excerpt":{"rendered":"<p>[vc_row css=&#8221;.vc_custom_1612349518442{background: #ff9100 url(http:\/\/socored.es\/wp-content\/uploads\/2021\/01\/socored-background.png?id=3695) !important;background-position: center !important;background-repeat: no-repeat !important;background-size: cover !important;}&#8221;][vc_column][vc_empty_space height=&#8221;85&#8243;][vc_column_text] Serveis CONSULTORIA DE SEGURETAT IT [\/vc_column_text][vc_empty_space height=&#8221;80&#8243;][\/vc_column][\/vc_row][vc_row content_width=&#8221;grid&#8221; css=&#8221;.vc_custom_1613571711468{background-position: center !important;background-repeat: no-repeat !important;background-size: cover !important;}&#8221;][vc_column][vc_empty_space&#8230;<\/p>\n","protected":false},"author":1,"featured_media":0,"parent":0,"menu_order":0,"comment_status":"closed","ping_status":"closed","template":"full-width.php","meta":[],"_links":{"self":[{"href":"https:\/\/socored.es\/ca\/wp-json\/wp\/v2\/pages\/5765"}],"collection":[{"href":"https:\/\/socored.es\/ca\/wp-json\/wp\/v2\/pages"}],"about":[{"href":"https:\/\/socored.es\/ca\/wp-json\/wp\/v2\/types\/page"}],"author":[{"embeddable":true,"href":"https:\/\/socored.es\/ca\/wp-json\/wp\/v2\/users\/1"}],"replies":[{"embeddable":true,"href":"https:\/\/socored.es\/ca\/wp-json\/wp\/v2\/comments?post=5765"}],"version-history":[{"count":2,"href":"https:\/\/socored.es\/ca\/wp-json\/wp\/v2\/pages\/5765\/revisions"}],"predecessor-version":[{"id":5767,"href":"https:\/\/socored.es\/ca\/wp-json\/wp\/v2\/pages\/5765\/revisions\/5767"}],"wp:attachment":[{"href":"https:\/\/socored.es\/ca\/wp-json\/wp\/v2\/media?parent=5765"}],"curies":[{"name":"wp","href":"https:\/\/api.w.org\/{rel}","templated":true}]}}