{"id":5781,"date":"2021-04-12T09:55:26","date_gmt":"2021-04-12T09:55:26","guid":{"rendered":"http:\/\/socored.es\/control-y-millora-del-pue\/"},"modified":"2021-04-27T14:28:12","modified_gmt":"2021-04-27T14:28:12","slug":"control-y-millora-del-pue","status":"publish","type":"page","link":"https:\/\/socored.es\/ca\/control-y-millora-del-pue\/","title":{"rendered":"CONTROL Y MILLORA DEL PUE"},"content":{"rendered":"<div class=\"wpb-content-wrapper\"><p>[vc_row css=&#8221;.vc_custom_1612349518442{background: #ff9100 url(http:\/\/socored.es\/wp-content\/uploads\/2021\/01\/socored-background.png?id=3695) !important;background-position: center !important;background-repeat: no-repeat !important;background-size: cover !important;}&#8221;][vc_column][vc_empty_space height=&#8221;85&#8243;][vc_column_text]<\/p>\n<p style=\"text-align: center; color: white; margin-bottom: -15px;\">Equipaments IT<\/p>\n<h1 style=\"text-align: center; color: white;\">CONTROL Y MILLORA DEL PUE<\/h1>\n<p>[\/vc_column_text][vc_empty_space height=&#8221;80&#8243;][\/vc_column][\/vc_row][vc_row content_width=&#8221;grid&#8221; css=&#8221;.vc_custom_1613571711468{background-position: center !important;background-repeat: no-repeat !important;background-size: cover !important;}&#8221;][vc_column][vc_row_inner][vc_column_inner offset=&#8221;vc_hidden-sm vc_hidden-xs&#8221;][vc_empty_space height=&#8221;60&#8243;][vc_single_image image=&#8221;5777&#8243; img_size=&#8221;full&#8221; alignment=&#8221;center&#8221;][\/vc_column_inner][\/vc_row_inner][vc_empty_space height=&#8221;20&#8243;][vc_column_text]<\/p>\n<h2 style=\"text-align: center;\">PUE (POWER USSAGE EFFECTIVENESS)<\/h2>\n<p>[\/vc_column_text][vc_empty_space height=&#8221;40&#8243;][vc_single_image image=&#8221;4376&#8243; img_size=&#8221;full&#8221; alignment=&#8221;center&#8221;][vc_empty_space height=&#8221;40&#8243;][\/vc_column][\/vc_row][vc_row content_width=&#8221;grid&#8221;][vc_column width=&#8221;4\/12&#8243;][vc_empty_space height=&#8221;22&#8243;][vc_single_image image=&#8221;4517&#8243; img_size=&#8221;full&#8221; alignment=&#8221;center&#8221;][vc_empty_space height=&#8221;22&#8243;][\/vc_column][vc_column width=&#8221;8\/12&#8243;][vc_column_text]El mesurament del PUE en un Data Center ofereix informaci\u00f3 al client sobre l\u2019efectivitat energ\u00e8tica de les seves instal\u00b7lacions.<\/p>\n<p>Aquesta informaci\u00f3 serveix per escometre inversions amb infraestructures o equips que ofereixin millors rendiments.<\/p>\n<p>Socored instal\u00b7la sensors de corrent en tots els punts que intervenen i podr\u00e0 disposar d\u2019un hist\u00f2ric, amb infinitat de dades de gran utilitat per gestionar la seva energia del Data Center, on se l\u2019assessorar\u00e0 dels canvis que aportarien majors beneficis a la millora del PUE i en conseq\u00fc\u00e8ncia de la despesa energ\u00e8tica:[\/vc_column_text][vc_empty_space height=&#8221;22&#8243;][vc_column_text css=&#8221;.vc_custom_1614351707552{border-top-width: 1px !important;border-right-width: 1px !important;border-bottom-width: 1px !important;border-left-width: 1px !important;padding-top: 3% !important;padding-right: 6% !important;padding-bottom: 3% !important;padding-left: 6% !important;border-left-color: #e0e0e0 !important;border-left-style: solid !important;border-right-color: #e0e0e0 !important;border-right-style: solid !important;border-top-color: #e0e0e0 !important;border-top-style: solid !important;border-bottom-color: #e0e0e0 !important;border-bottom-style: solid !important;}&#8221;]\u2022 Consum real de cada m\u00e0quina de climatitzaci\u00f3<br \/>\n\u2022 Rendiments dels SAIs<br \/>\n\u2022 Consums de serveis externs al CPD<br \/>\n\u2022 Desfasaments de c\u00e0rrega entre l\u00ednia A i l\u00ednia B<br \/>\n\u2022 Mesuraments puntuals, etc.[\/vc_column_text][vc_empty_space height=&#8221;40&#8243;][\/vc_column][\/vc_row][vc_row][vc_column offset=&#8221;vc_hidden-lg vc_hidden-md&#8221;][vc_empty_space height=&#8221;70&#8243;][\/vc_column][\/vc_row]<\/p>\n<\/div>","protected":false},"excerpt":{"rendered":"<p>[vc_row css=&#8221;.vc_custom_1612349518442{background: #ff9100 url(http:\/\/socored.es\/wp-content\/uploads\/2021\/01\/socored-background.png?id=3695) !important;background-position: center !important;background-repeat: no-repeat !important;background-size: cover !important;}&#8221;][vc_column][vc_empty_space height=&#8221;85&#8243;][vc_column_text] Equipaments IT CONTROL Y MILLORA DEL PUE [\/vc_column_text][vc_empty_space height=&#8221;80&#8243;][\/vc_column][\/vc_row][vc_row content_width=&#8221;grid&#8221; css=&#8221;.vc_custom_1613571711468{background-position: center !important;background-repeat: no-repeat !important;background-size:&#8230;<\/p>\n","protected":false},"author":1,"featured_media":0,"parent":0,"menu_order":0,"comment_status":"closed","ping_status":"closed","template":"full-width.php","meta":[],"_links":{"self":[{"href":"https:\/\/socored.es\/ca\/wp-json\/wp\/v2\/pages\/5781"}],"collection":[{"href":"https:\/\/socored.es\/ca\/wp-json\/wp\/v2\/pages"}],"about":[{"href":"https:\/\/socored.es\/ca\/wp-json\/wp\/v2\/types\/page"}],"author":[{"embeddable":true,"href":"https:\/\/socored.es\/ca\/wp-json\/wp\/v2\/users\/1"}],"replies":[{"embeddable":true,"href":"https:\/\/socored.es\/ca\/wp-json\/wp\/v2\/comments?post=5781"}],"version-history":[{"count":3,"href":"https:\/\/socored.es\/ca\/wp-json\/wp\/v2\/pages\/5781\/revisions"}],"predecessor-version":[{"id":5784,"href":"https:\/\/socored.es\/ca\/wp-json\/wp\/v2\/pages\/5781\/revisions\/5784"}],"wp:attachment":[{"href":"https:\/\/socored.es\/ca\/wp-json\/wp\/v2\/media?parent=5781"}],"curies":[{"name":"wp","href":"https:\/\/api.w.org\/{rel}","templated":true}]}}