{"id":5785,"date":"2021-04-12T10:09:06","date_gmt":"2021-04-12T10:09:06","guid":{"rendered":"http:\/\/socored.es\/dcim-software-de-gestio-it\/"},"modified":"2021-04-27T14:30:37","modified_gmt":"2021-04-27T14:30:37","slug":"dcim-software-de-gestio-it","status":"publish","type":"page","link":"https:\/\/socored.es\/ca\/dcim-software-de-gestio-it\/","title":{"rendered":"DCIM \u2013 Software de Gesti\u00f3 IT"},"content":{"rendered":"<div class=\"wpb-content-wrapper\"><p>[vc_row css=&#8221;.vc_custom_1612349518442{background: #ff9100 url(http:\/\/socored.es\/wp-content\/uploads\/2021\/01\/socored-background.png?id=3695) !important;background-position: center !important;background-repeat: no-repeat !important;background-size: cover !important;}&#8221;][vc_column][vc_empty_space height=&#8221;85&#8243;][vc_column_text]<\/p>\n<p style=\"text-align: center; color: white; margin-bottom: -15px;\">Data Center<\/p>\n<h1 style=\"text-align: center; color: white;\">DCIM \u2013 SOFTWARE DE GESTI\u00d3 IT<\/h1>\n<p>[\/vc_column_text][vc_empty_space height=&#8221;80&#8243;][\/vc_column][\/vc_row][vc_row content_width=&#8221;grid&#8221; css=&#8221;.vc_custom_1613571711468{background-position: center !important;background-repeat: no-repeat !important;background-size: cover !important;}&#8221;][vc_column][vc_row_inner][vc_column_inner offset=&#8221;vc_hidden-sm vc_hidden-xs&#8221;][vc_empty_space height=&#8221;40&#8243;][\/vc_column_inner][\/vc_row_inner][vc_empty_space height=&#8221;40&#8243;][\/vc_column][\/vc_row][vc_row content_width=&#8221;grid&#8221;][vc_column width=&#8221;5\/6&#8243;][vc_column_text]<\/p>\n<h2 style=\"text-align: center;\">LA GESTI\u00d3 DEL DATA CENTER<\/h2>\n<p>[\/vc_column_text][vc_empty_space height=&#8221;40&#8243;][vc_column_text]Existeixen diverses eines per a la gesti\u00f3 del Data Center on la capacitat de gesti\u00f3 dep\u00e8n de les necessitats i imaginaci\u00f3 del IT Manager. El control del subministrament el\u00e8ctric, la refrigeraci\u00f3, els costos, efici\u00e8ncia energ\u00e8tica, PUE, etc. indiquen la necessitat d\u2019una nova orientaci\u00f3 quant a la gesti\u00f3 de la infraestructura f\u00edsica del centre de dades.<\/p>\n<p>\u00c9s necessari un sistema que gestioni la infraestructura f\u00edsica que suporten els actius de IT. A m\u00e9s, ha de permetre integrar-se amb tots els sistemes per a una gesti\u00f3 hol\u00edstica de tot l\u2019ecosistema del centre de dades complet.<\/p>\n<p>Les organitzacions que s\u2019enfronten a les complexitats de la disponibilitat, la consolidaci\u00f3 del servidor, la virtualitzaci\u00f3 i la gesti\u00f3 de l\u2019energia busquen cada vegada m\u00e9s sistemes de gesti\u00f3 d\u2019infraestructures f\u00edsiques que siguin m\u00e9s intel\u00b7ligents donant una gesti\u00f3 del centre de dades proactiva mitjan\u00e7ant aplicacions de software integrades compartint una base de dades centralitzada, oferint disseny, supervisi\u00f3 en temps real, gesti\u00f3 de l\u2019inventari i planificaci\u00f3 gr\u00e0cies a la simulaci\u00f3 predictiva.[\/vc_column_text][vc_empty_space height=&#8221;40&#8243;][\/vc_column][vc_column width=&#8221;1\/6&#8243;][vc_single_image image=&#8221;4130&#8243; img_size=&#8221;full&#8221; alignment=&#8221;center&#8221;][vc_empty_space height=&#8221;20&#8243;][vc_single_image image=&#8221;4131&#8243; img_size=&#8221;full&#8221; alignment=&#8221;center&#8221;][vc_empty_space height=&#8221;20&#8243;][vc_single_image image=&#8221;4132&#8243; img_size=&#8221;full&#8221; alignment=&#8221;center&#8221;][vc_empty_space height=&#8221;20&#8243;][\/vc_column][\/vc_row][vc_row content_width=&#8221;grid&#8221;][vc_column offset=&#8221;vc_hidden-sm vc_hidden-xs&#8221;][vc_empty_space height=&#8221;40&#8243;][\/vc_column][\/vc_row][vc_row content_width=&#8221;grid&#8221; css=&#8221;.vc_custom_1613661744280{background-color: #efefef !important;}&#8221;][vc_column][vc_empty_space height=&#8221;80&#8243;][vc_column_text]<\/p>\n<h2 style=\"text-align: center;\">EXEMPLES D\u2019EINES:<\/h2>\n<p>[\/vc_column_text][vc_empty_space height=&#8221;52px&#8221;][\/vc_column][\/vc_row][vc_row content_width=&#8221;grid&#8221; css=&#8221;.vc_custom_1613661726778{background-color: #efefef !important;}&#8221;][vc_column width=&#8221;1\/3&#8243;]<div  class=\"mkdf-iwt clearfix mkdf-iwt-icon-top mkdf-iwt-icon-medium\">\n    <div class=\"mkdf-iwt-icon-holder\">\n\t    <span class=\"mkdf-iwt-icon-holder-inner\">\n\t\t    \t\t\t    \n    <span class=\"mkdf-icon-shortcode circle mkdf-icon-medium\" style=\"background-color: #000000;border-color: #000000\" data-hover-border-color=\"#ff9100\" data-hover-background-color=\"#ff9100\" data-hover-color=\"#ffffff\" data-color=\"#ffffff\">\n        \n        <i class=\"mkdf-icon-font-awesome fa fa-rocket mkdf-icon-element\" style=\"color: #ffffff\" ><\/i>\n            <\/span>\n\n\t\t    \t    <\/span>\n\n    <\/div>\n    <div class=\"mkdf-iwt-content-holder\" >\n        <div class=\"mkdf-iwt-title-holder\">\n            <h4 style=\"font-weight: 600\">Control d\u2019infraestructures<\/h4>\n        <\/div>\n        <div class=\"mkdf-iwt-text-holder\">\n            <p >Un sistema de monitoratge ampliable, apte per les IT, que recopila, organitza i distribueix alertes cr\u00edtiques, v\u00eddeos de vigil\u00e0ncia i informaci\u00f3 clau de tal manera que proporciona una visi\u00f3 completa d\u2019entorns d\u2019infraestructures f\u00edsiques complexes des de qualsevol punt de la xarxa.<\/p>\n\n                    <\/div>\n    <\/div>\n<\/div>[vc_empty_space][\/vc_column][vc_column width=&#8221;1\/3&#8243;]<div  class=\"mkdf-iwt clearfix mkdf-iwt-icon-top mkdf-iwt-icon-medium\">\n    <div class=\"mkdf-iwt-icon-holder\">\n\t    <span class=\"mkdf-iwt-icon-holder-inner\">\n\t\t    \t\t\t    \n    <span class=\"mkdf-icon-shortcode circle mkdf-icon-medium\" style=\"background-color: #000000;border-color: #000000\" data-hover-border-color=\"#ff9100\" data-hover-background-color=\"#ff9100\" data-hover-color=\"#ffffff\" data-color=\"#ffffff\">\n        \n        <i class=\"mkdf-icon-font-awesome fa fa-rocket mkdf-icon-element\" style=\"color: #ffffff\" ><\/i>\n            <\/span>\n\n\t\t    \t    <\/span>\n\n    <\/div>\n    <div class=\"mkdf-iwt-content-holder\" >\n        <div class=\"mkdf-iwt-title-holder\">\n            <h4 style=\"font-weight: 600\">Control d\u2019operacions<\/h4>\n        <\/div>\n        <div class=\"mkdf-iwt-text-holder\">\n            <p >Visi\u00f3 de conjunt instant\u00e0nia de les operacions del centre de dades mitjan\u00e7ant la gesti\u00f3 de l\u2019inventari, la calculadora de PUE, les alarmes en temps real dels dispositius i les estructures jer\u00e0rquiques segons la ubicaci\u00f3.<\/p>\n\n                    <\/div>\n    <\/div>\n<\/div>[vc_empty_space][\/vc_column][vc_column width=&#8221;1\/3&#8243;]<div  class=\"mkdf-iwt clearfix mkdf-iwt-icon-top mkdf-iwt-icon-medium\">\n    <div class=\"mkdf-iwt-icon-holder\">\n\t    <span class=\"mkdf-iwt-icon-holder-inner\">\n\t\t    \t\t\t    \n    <span class=\"mkdf-icon-shortcode circle mkdf-icon-medium\" style=\"background-color: #000000;border-color: #000000\" data-hover-border-color=\"#ff9100\" data-hover-background-color=\"#ff9100\" data-hover-color=\"#ffffff\" data-color=\"#ffffff\">\n        \n        <i class=\"mkdf-icon-font-awesome fa fa-rocket mkdf-icon-element\" style=\"color: #ffffff\" ><\/i>\n            <\/span>\n\n\t\t    \t    <\/span>\n\n    <\/div>\n    <div class=\"mkdf-iwt-content-holder\" >\n        <div class=\"mkdf-iwt-title-holder\">\n            <h4 style=\"font-weight: 600\">Control de costos i rendiment<\/h4>\n        <\/div>\n        <div class=\"mkdf-iwt-text-holder\">\n            <p >Dades completes sobre els costos de l\u2019\u00fas energ\u00e8tic i l\u2019efici\u00e8ncia energ\u00e8tica hist\u00f2rica i actual de la planta, identificant p\u00e8rdues energ\u00e8tiques i permetent millors valors PUE\/DCiE a nivell de subsistemes.<\/p>\n\n                    <\/div>\n    <\/div>\n<\/div>[vc_empty_space][\/vc_column][\/vc_row][vc_row css=&#8221;.vc_custom_1613661890617{margin-bottom: -60px !important;background-color: #efefef !important;}&#8221;][vc_column][vc_row_inner][vc_column_inner offset=&#8221;vc_hidden-lg vc_hidden-md&#8221;][vc_empty_space height=&#8221;80&#8243;][\/vc_column_inner][\/vc_row_inner][vc_empty_space height=&#8221;80&#8243;][\/vc_column][\/vc_row]<\/p>\n<\/div>","protected":false},"excerpt":{"rendered":"<p>[vc_row css=&#8221;.vc_custom_1612349518442{background: #ff9100 url(http:\/\/socored.es\/wp-content\/uploads\/2021\/01\/socored-background.png?id=3695) !important;background-position: center !important;background-repeat: no-repeat !important;background-size: cover !important;}&#8221;][vc_column][vc_empty_space height=&#8221;85&#8243;][vc_column_text] Data Center DCIM \u2013 SOFTWARE DE GESTI\u00d3 IT [\/vc_column_text][vc_empty_space height=&#8221;80&#8243;][\/vc_column][\/vc_row][vc_row content_width=&#8221;grid&#8221; css=&#8221;.vc_custom_1613571711468{background-position: center !important;background-repeat: no-repeat&#8230;<\/p>\n","protected":false},"author":1,"featured_media":0,"parent":0,"menu_order":0,"comment_status":"closed","ping_status":"closed","template":"full-width.php","meta":[],"_links":{"self":[{"href":"https:\/\/socored.es\/ca\/wp-json\/wp\/v2\/pages\/5785"}],"collection":[{"href":"https:\/\/socored.es\/ca\/wp-json\/wp\/v2\/pages"}],"about":[{"href":"https:\/\/socored.es\/ca\/wp-json\/wp\/v2\/types\/page"}],"author":[{"embeddable":true,"href":"https:\/\/socored.es\/ca\/wp-json\/wp\/v2\/users\/1"}],"replies":[{"embeddable":true,"href":"https:\/\/socored.es\/ca\/wp-json\/wp\/v2\/comments?post=5785"}],"version-history":[{"count":2,"href":"https:\/\/socored.es\/ca\/wp-json\/wp\/v2\/pages\/5785\/revisions"}],"predecessor-version":[{"id":5787,"href":"https:\/\/socored.es\/ca\/wp-json\/wp\/v2\/pages\/5785\/revisions\/5787"}],"wp:attachment":[{"href":"https:\/\/socored.es\/ca\/wp-json\/wp\/v2\/media?parent=5785"}],"curies":[{"name":"wp","href":"https:\/\/api.w.org\/{rel}","templated":true}]}}