{"id":5791,"date":"2021-04-12T10:13:47","date_gmt":"2021-04-12T10:13:47","guid":{"rendered":"http:\/\/socored.es\/deteccio-de-fugues-daigua\/"},"modified":"2021-04-27T14:31:29","modified_gmt":"2021-04-27T14:31:29","slug":"deteccio-de-fugues-daigua","status":"publish","type":"page","link":"https:\/\/socored.es\/ca\/deteccio-de-fugues-daigua\/","title":{"rendered":"DETECCI\u00d3 DE FUGUES D\u2019AIGUA"},"content":{"rendered":"<div class=\"wpb-content-wrapper\"><p>[vc_row css=&#8221;.vc_custom_1612349518442{background: #ff9100 url(http:\/\/socored.es\/wp-content\/uploads\/2021\/01\/socored-background.png?id=3695) !important;background-position: center !important;background-repeat: no-repeat !important;background-size: cover !important;}&#8221;][vc_column][vc_empty_space height=&#8221;85&#8243;][vc_column_text]<\/p>\n<p style=\"text-align: center; color: white; margin-bottom: -15px;\">Equipamientos IT<\/p>\n<h1 style=\"text-align: center; color: white;\">DETECCI\u00d3 DE FUGUES D\u2019AIGUA<\/h1>\n<p>[\/vc_column_text][vc_empty_space height=&#8221;80&#8243;][\/vc_column][\/vc_row][vc_row content_width=&#8221;grid&#8221; css=&#8221;.vc_custom_1613571711468{background-position: center !important;background-repeat: no-repeat !important;background-size: cover !important;}&#8221;][vc_column][vc_row_inner][vc_column_inner offset=&#8221;vc_hidden-sm vc_hidden-xs&#8221;][vc_empty_space height=&#8221;40&#8243;][vc_single_image image=&#8221;5788&#8243; img_size=&#8221;full&#8221; alignment=&#8221;center&#8221;][\/vc_column_inner][\/vc_row_inner][vc_empty_space height=&#8221;40&#8243;][vc_column_text]<\/p>\n<h2 style=\"text-align: center;\">CONTROL DE FUITES DE L\u00cdQUIDS<\/h2>\n<p>[\/vc_column_text][vc_empty_space height=&#8221;40&#8243;][vc_single_image image=&#8221;4380&#8243; img_size=&#8221;full&#8221; alignment=&#8221;center&#8221;][vc_empty_space height=&#8221;40&#8243;][\/vc_column][\/vc_row][vc_row content_width=&#8221;grid&#8221;][vc_column width=&#8221;8\/12&#8243;][vc_column_text]Un dels majors riscos per al Centre de processament de dades i les seves infraestructures associades d\u2019electricitat, xarxes i contra incendis pot ser l\u2019aigua.<\/p>\n<p>El sistema consisteix en una unitat de control un cablejat sensor que s\u00f3n capa\u00e7os de detectar en tot el seu recorregut una m\u00ednima quantitat d\u2019aigua. Aquests cables\/sensors s\u00f3n capa\u00e7os de comunicar i diferenciar si es tracta d\u2019una fuita de l\u00edquid o d\u2019un trencament del cable.<\/p>\n<p>En el cas de les centraletes digitals ens proporcionen el metre exacte on s\u2019est\u00e0 produint la incid\u00e8ncia.[\/vc_column_text][vc_empty_space height=&#8221;40&#8243;][\/vc_column][vc_column width=&#8221;1\/12&#8243;][\/vc_column][vc_column width=&#8221;3\/12&#8243;][vc_single_image image=&#8221;4479&#8243; img_size=&#8221;full&#8221; alignment=&#8221;center&#8221;][vc_empty_space height=&#8221;40&#8243;][\/vc_column][\/vc_row][vc_row][vc_column offset=&#8221;vc_hidden-lg vc_hidden-md&#8221;][vc_empty_space height=&#8221;70&#8243;][\/vc_column][\/vc_row]<\/p>\n<\/div>","protected":false},"excerpt":{"rendered":"<p>[vc_row css=&#8221;.vc_custom_1612349518442{background: #ff9100 url(http:\/\/socored.es\/wp-content\/uploads\/2021\/01\/socored-background.png?id=3695) !important;background-position: center !important;background-repeat: no-repeat !important;background-size: cover !important;}&#8221;][vc_column][vc_empty_space height=&#8221;85&#8243;][vc_column_text] Equipamientos IT DETECCI\u00d3 DE FUGUES D\u2019AIGUA [\/vc_column_text][vc_empty_space height=&#8221;80&#8243;][\/vc_column][\/vc_row][vc_row content_width=&#8221;grid&#8221; css=&#8221;.vc_custom_1613571711468{background-position: center !important;background-repeat: no-repeat !important;background-size: cover&#8230;<\/p>\n","protected":false},"author":1,"featured_media":0,"parent":0,"menu_order":0,"comment_status":"closed","ping_status":"closed","template":"full-width.php","meta":[],"_links":{"self":[{"href":"https:\/\/socored.es\/ca\/wp-json\/wp\/v2\/pages\/5791"}],"collection":[{"href":"https:\/\/socored.es\/ca\/wp-json\/wp\/v2\/pages"}],"about":[{"href":"https:\/\/socored.es\/ca\/wp-json\/wp\/v2\/types\/page"}],"author":[{"embeddable":true,"href":"https:\/\/socored.es\/ca\/wp-json\/wp\/v2\/users\/1"}],"replies":[{"embeddable":true,"href":"https:\/\/socored.es\/ca\/wp-json\/wp\/v2\/comments?post=5791"}],"version-history":[{"count":2,"href":"https:\/\/socored.es\/ca\/wp-json\/wp\/v2\/pages\/5791\/revisions"}],"predecessor-version":[{"id":5793,"href":"https:\/\/socored.es\/ca\/wp-json\/wp\/v2\/pages\/5791\/revisions\/5793"}],"wp:attachment":[{"href":"https:\/\/socored.es\/ca\/wp-json\/wp\/v2\/media?parent=5791"}],"curies":[{"name":"wp","href":"https:\/\/api.w.org\/{rel}","templated":true}]}}