{"id":5797,"date":"2021-04-12T10:20:52","date_gmt":"2021-04-12T10:20:52","guid":{"rendered":"http:\/\/socored.es\/deteccio-precoc-de-fum\/"},"modified":"2021-04-27T14:33:16","modified_gmt":"2021-04-27T14:33:16","slug":"deteccio-precoc-de-fum","status":"publish","type":"page","link":"https:\/\/socored.es\/ca\/deteccio-precoc-de-fum\/","title":{"rendered":"Detecci\u00f3 preco\u00e7 de fum"},"content":{"rendered":"<div class=\"wpb-content-wrapper\"><p>[vc_row css=&#8221;.vc_custom_1612349518442{background: #ff9100 url(http:\/\/socored.es\/wp-content\/uploads\/2021\/01\/socored-background.png?id=3695) !important;background-position: center !important;background-repeat: no-repeat !important;background-size: cover !important;}&#8221;][vc_column][vc_empty_space height=&#8221;85&#8243;][vc_column_text]<\/p>\n<p style=\"text-align: center; color: white; margin-bottom: -15px;\">Equipaments IT<\/p>\n<h1 style=\"text-align: center; color: white;\">SISTEMA DE DETECCI\u00d3 PRECO\u00c7 DE FUM<\/h1>\n<p>[\/vc_column_text][vc_empty_space height=&#8221;80&#8243;][\/vc_column][\/vc_row][vc_row content_width=&#8221;grid&#8221; css=&#8221;.vc_custom_1613571711468{background-position: center !important;background-repeat: no-repeat !important;background-size: cover !important;}&#8221;][vc_column][vc_row_inner][vc_column_inner offset=&#8221;vc_hidden-sm vc_hidden-xs&#8221;][vc_empty_space height=&#8221;50&#8243;][vc_single_image image=&#8221;5794&#8243; img_size=&#8221;full&#8221; alignment=&#8221;center&#8221;][\/vc_column_inner][\/vc_row_inner][vc_empty_space height=&#8221;20&#8243;][vc_column_text]<\/p>\n<h2 style=\"text-align: center;\">SISTEMA DE DETECCI\u00d3 PRECO\u00c7 DE FUM<\/h2>\n<p>[\/vc_column_text][vc_empty_space height=&#8221;25&#8243;][\/vc_column][\/vc_row][vc_row content_width=&#8221;grid&#8221;][vc_column width=&#8221;4\/12&#8243; css=&#8221;.vc_custom_1614162701598{border-radius: 1px !important;}&#8221;][vc_single_image image=&#8221;4487&#8243; img_size=&#8221;full&#8221; alignment=&#8221;center&#8221;][\/vc_column][vc_column width=&#8221;1\/12&#8243;][\/vc_column][vc_column width=&#8221;7\/12&#8243;][vc_empty_space height=&#8221;25&#8243;][vc_column_text]El sistema de detecci\u00f3 preco\u00e7 de fums consisteix en l\u2019aspiraci\u00f3 constant de l\u2019aire en punts concrets del Data Center i \u00e9s analitzat per sensors de molt alta sensibilitat, sent capa\u00e7os de detectar fins a l\u2019escalfament d\u2019un cable abans que es produeixi fum visible.<\/p>\n<p>Aquest sistema capa\u00e7 d\u2019alertar amb molta antelaci\u00f3 a un sistema convencional on necessita una alta concentraci\u00f3 de fum per contaminar els sensors, ofereix temps vital abans fins i tot que existeixi un problema greu dins del Data Center.<\/p>\n<p>Un altre gran avantatge del sistema de detecci\u00f3 preco\u00e7 de fum \u00e9s que la majoria de trets d\u2019extinci\u00f3 solen ser accidentals, producte de manteniment o d\u2019\u00fas indegut de la instal\u00b7laci\u00f3. El sistema preco\u00e7 alerta i evita aquest tipus d\u2019accidents que s\u00f3n molt costosos per a la Sala d\u2019Inform\u00e0tica.<\/p>\n<p>El Detector de Fum mitjan\u00e7ant tecnologia avan\u00e7ada de dispersi\u00f3 de llum en la seva C\u00e0mera d\u2019An\u00e0lisi per L\u00e0ser (Nefel\u00f2metre). Disposa d\u20191 presa (canal) per a connexi\u00f3 de canonada d\u2019aspiraci\u00f3 de l\u2019aire mostrejat. Utilitza tecnologia d\u2019ultrasons per al mesurament del cabal de l\u2019aire aspirat.<\/p>\n<p>[\/vc_column_text][vc_empty_space height=&#8221;40&#8243;][\/vc_column][\/vc_row][vc_row][vc_column offset=&#8221;vc_hidden-lg vc_hidden-md&#8221;][vc_empty_space height=&#8221;70&#8243;][\/vc_column][\/vc_row]<\/p>\n<\/div>","protected":false},"excerpt":{"rendered":"<p>[vc_row css=&#8221;.vc_custom_1612349518442{background: #ff9100 url(http:\/\/socored.es\/wp-content\/uploads\/2021\/01\/socored-background.png?id=3695) !important;background-position: center !important;background-repeat: no-repeat !important;background-size: cover !important;}&#8221;][vc_column][vc_empty_space height=&#8221;85&#8243;][vc_column_text] Equipaments IT SISTEMA DE DETECCI\u00d3 PRECO\u00c7 DE FUM [\/vc_column_text][vc_empty_space height=&#8221;80&#8243;][\/vc_column][\/vc_row][vc_row content_width=&#8221;grid&#8221; css=&#8221;.vc_custom_1613571711468{background-position: center !important;background-repeat: no-repeat&#8230;<\/p>\n","protected":false},"author":1,"featured_media":0,"parent":0,"menu_order":0,"comment_status":"closed","ping_status":"closed","template":"full-width.php","meta":[],"_links":{"self":[{"href":"https:\/\/socored.es\/ca\/wp-json\/wp\/v2\/pages\/5797"}],"collection":[{"href":"https:\/\/socored.es\/ca\/wp-json\/wp\/v2\/pages"}],"about":[{"href":"https:\/\/socored.es\/ca\/wp-json\/wp\/v2\/types\/page"}],"author":[{"embeddable":true,"href":"https:\/\/socored.es\/ca\/wp-json\/wp\/v2\/users\/1"}],"replies":[{"embeddable":true,"href":"https:\/\/socored.es\/ca\/wp-json\/wp\/v2\/comments?post=5797"}],"version-history":[{"count":2,"href":"https:\/\/socored.es\/ca\/wp-json\/wp\/v2\/pages\/5797\/revisions"}],"predecessor-version":[{"id":5799,"href":"https:\/\/socored.es\/ca\/wp-json\/wp\/v2\/pages\/5797\/revisions\/5799"}],"wp:attachment":[{"href":"https:\/\/socored.es\/ca\/wp-json\/wp\/v2\/media?parent=5797"}],"curies":[{"name":"wp","href":"https:\/\/api.w.org\/{rel}","templated":true}]}}