{"id":5803,"date":"2021-04-12T10:33:16","date_gmt":"2021-04-12T10:33:16","guid":{"rendered":"http:\/\/socored.es\/deteccio-i-extincio-dincendis\/"},"modified":"2021-04-27T14:32:20","modified_gmt":"2021-04-27T14:32:20","slug":"deteccio-i-extincio-dincendis","status":"publish","type":"page","link":"https:\/\/socored.es\/ca\/deteccio-i-extincio-dincendis\/","title":{"rendered":"DETECCI\u00d3 I EXTINCI\u00d3 D\u2019INCENDIS"},"content":{"rendered":"<div class=\"wpb-content-wrapper\"><p>[vc_row css=&#8221;.vc_custom_1612349518442{background: #ff9100 url(http:\/\/socored.es\/wp-content\/uploads\/2021\/01\/socored-background.png?id=3695) !important;background-position: center !important;background-repeat: no-repeat !important;background-size: cover !important;}&#8221;][vc_column][vc_empty_space height=&#8221;85&#8243;][vc_column_text]<\/p>\n<p style=\"text-align: center; color: white; margin-bottom: -15px;\">Data Center<\/p>\n<h1 style=\"text-align: center; color: white;\">DETECCI\u00d3 I EXTINCI\u00d3 D\u2019INCENDIS<\/h1>\n<p>[\/vc_column_text][vc_empty_space height=&#8221;80&#8243;][\/vc_column][\/vc_row][vc_row content_width=&#8221;grid&#8221; css=&#8221;.vc_custom_1614006828088{background-position: center !important;background-repeat: no-repeat !important;background-size: cover !important;}&#8221;][vc_column][vc_row_inner][vc_column_inner offset=&#8221;vc_hidden-sm vc_hidden-xs&#8221;][vc_empty_space height=&#8221;50&#8243;][vc_single_image image=&#8221;5800&#8243; img_size=&#8221;full&#8221; alignment=&#8221;center&#8221;][\/vc_column_inner][\/vc_row_inner][vc_empty_space height=&#8221;20&#8243;][vc_column_text]<\/p>\n<h2 style=\"text-align: center;\">LA PROTECCI\u00d3 CONTRA ELS INCENDIS<\/h2>\n<p>[\/vc_column_text][vc_empty_space height=&#8221;40&#8243;][vc_single_image image=&#8221;4177&#8243; img_size=&#8221;full&#8221; alignment=&#8221;center&#8221;][\/vc_column][\/vc_row][vc_row content_width=&#8221;grid&#8221;][vc_column][vc_empty_space height=&#8221;60&#8243;][\/vc_column][\/vc_row][vc_row content_width=&#8221;grid&#8221;][vc_column width=&#8221;1\/2&#8243;][vc_column_text]<\/p>\n<h3>DETECCI\u00d3 D\u2019INCENDIS<\/h3>\n<p>Donada la gran quantitat de components electr\u00f2nics, fonts d\u2019alimentaci\u00f3, cablejat i connexions, \u00e9s fonamental detectar qualsevol fase preco\u00e7 d\u2019incendi i poder extingir-ho r\u00e0pidament amb la finalitat d\u2019evitar incidents tant en la continu\u00eftat de funcionament com en la disponibilitat i recuperaci\u00f3 de la informaci\u00f3. Socored aplica els coneixements i les \u00faltimes tecnologies per combatre amb major efic\u00e0cia els efectes devastadors d\u2019un incendi al voltant d\u2019un Centre de Processament de dades.<\/p>\n<p><strong>Protecci\u00f3 Passiva<\/strong><br \/>\nLa protecci\u00f3 contra incendis comen\u00e7a per condicionar correctament la zona del CPD i dels seus passos d\u2019instal\u00b7lacions, tant de cablejat i canonades (Cableductes) com de ventilaci\u00f3 (Comportes) a l\u2019interior d\u2019aquest. Per aix\u00f2 es recomana tenir en compte els materials del per\u00edmetre i de l\u2019hermetisme del CPD enfront dels incendis o agents externs reduint les c\u00e0rregues de foc al m\u00ednim. La interconnexi\u00f3 entre els diferents equipaments del CPD tals com la climatitzaci\u00f3, gestor d\u2019alarmes, enclavaments de portes i comportes \u00e9s molt important per a l\u2019\u00f2ptima extinci\u00f3.<\/p>\n<p><strong>Detecci\u00f3<\/strong><br \/>\n\u00c9s fonamental confirmar l\u2019aparici\u00f3 d\u2019un incendi fins i tot abans que es produeixi. Els equips de detecci\u00f3 han de ser prou sensibles per detectar com m\u00e9s aviat millor l\u2019aparici\u00f3 del foc.<\/p>\n<p>Aquests han de protegir totes les \u00e0rees del CPD ja siguin racks herm\u00e8tics, falsos s\u00f2ls, infraestructures associades, etc. Per evitar les falses alarmes un sistema de detecci\u00f3 ha de recolzar-se en diversos sensors per confirmar l\u2019aparici\u00f3 de l\u2019incendi fins i tot a diverses zones.[\/vc_column_text][vc_empty_space height=&#8221;20&#8243;][vc_single_image image=&#8221;4186&#8243; img_size=&#8221;full&#8221; alignment=&#8221;center&#8221;][vc_empty_space height=&#8221;20&#8243;][vc_column_text]<\/p>\n<h4>Entre els sistemes de detecci\u00f3 m\u00e9s habituals pel CPD trobem:<\/h4>\n<p><strong>Central autom\u00e0tica de detecci\u00f3 d\u2019incendis.<\/strong>\u00a0Encarregada de rebre, processar i executar els senyals rebuts (Detectors, zones, polsadores, etc.) i executar, segons la programaci\u00f3 especifica del recinte, l\u2019activaci\u00f3 de pre-alarmes, alarmes i tret d\u2019extinci\u00f3.<\/p>\n<p><strong>Detecci\u00f3 preco\u00e7.<\/strong>\u00a0Tenen com a principal caracter\u00edstica la constant an\u00e0lisi de l\u2019aire mitjan\u00e7ant l\u2019aspiraci\u00f3 de l\u2019aire transportat per una canonada que recorre la zona protegida fins a un sensor d\u2019alta sensibilitat. D\u2019aquesta manera s\u2019aconsegueixen temps de resposta molt menor, un major mostreig de punts i gran fiabilitat.<\/p>\n<p><strong>Sensors o Detectors d\u2019Incendi (\u00d2ptics o I\u00f2nics).<\/strong>\u00a0Dispositius encarregats de la detecci\u00f3 de part\u00edcules de combusti\u00f3 tan invisibles com fums visibles. Aquests sensors detecten amb rapidesa, possibilitant actuar immediatament amb equips autom\u00e0tics d\u2019extinci\u00f3.[\/vc_column_text][vc_empty_space height=&#8221;40&#8243;][\/vc_column][vc_column width=&#8221;1\/2&#8243;][vc_column_text]<\/p>\n<section class=\"av_textblock_section\">\n<div class=\"avia_textblock \">\n<h3>EXTINCI\u00d3 D\u2019INCENDIS<\/h3>\n<p>Donada la criticitat dels equips inform\u00e0tics i electr\u00f2nics i la informaci\u00f3 emmagatzemada en un data center, s\u2019han d\u2019instal\u00b7lar agents d\u2019extinci\u00f3 amb propietats diel\u00e8ctriques, que permetin usar-ho sense risc de curtcircuits, de baixa reducci\u00f3 d\u2019oxigen, sense risc per a les persones, que no generi residus i mediambientalment segurs. Un altre factor a tenir en compte ser\u00e0 l\u2019hermeticitat del recinte i la necessitat de comportes de sobrepressi\u00f3.<\/p>\n<h3><\/h3>\n<\/div>\n<\/section>\n<div class=\"hr hr-invisible avia-builder-el-20 el_after_av_textblock el_before_av_image \"><\/div>\n<p>[\/vc_column_text][vc_empty_space height=&#8221;20&#8243;][vc_single_image image=&#8221;4187&#8243; img_size=&#8221;full&#8221; alignment=&#8221;center&#8221;][vc_empty_space height=&#8221;20&#8243;][vc_column_text]<\/p>\n<h4>Entre els agents i sistemes extintors m\u00e9s habituals pel CPD trobem:<\/h4>\n<p><strong>Novec 1230.<\/strong>\u00a0 L\u2019agent extintor m\u00e9s eficient, ja que compleix amb les caracter\u00edstiques anteriorment comentades completament a part de ser mediambientalment el m\u00e9s respectu\u00f3s, ja que no danya la capa d\u2019oz\u00f3, t\u00e9 una vida atmosf\u00e8rica de 5 dies i un potencial d\u2019escalfament global d\u20191. Garantia 3M 20 anys.<\/p>\n<p><strong>FM200 \/ FE-13 (HFC-227 \/ HFC 23).<\/strong>\u00a0Agents extintors fluorats que substitueixen a l\u2019hal\u00f3 1301. Aquests agents extingeixen els incendis principalment per absorci\u00f3 de calor. Entre els principals avantatges es troben que no deixa residus despr\u00e9s de l\u2019extinci\u00f3, no \u00e9s conductor, sostenible mediambientalment, no nociu contra les persones i els costos s\u00f3n continguts.<\/p>\n<p><strong>Aigua Nebulitzada.<\/strong>\u00a0El resultat \u00e9s una major superf\u00edcie d\u2019intercanvi de calor, que permet absorbir millor la calor i per tant evapora m\u00e9s r\u00e0pidament. El refredament i l\u2019efecte de mullat permeten una lluita m\u00e9s efectiva contra el foc, usant una m\u00ednima quantitat d\u2019aigua d\u2019extinci\u00f3.<\/p>\n<p><strong>Reducci\u00f3 d\u2019oxigen. <\/strong>\u00a0Redueix la quantitat d\u2019oxigen del recinte a protegir fins a una concentraci\u00f3 que impedeix el desenvolupament del foc, per\u00f2 sense resultar perillosa per a les persones.<\/p>\n<p><strong>Sistemes Integrats.<\/strong><br \/>\nDET-AC: Sistema compacte de detecci\u00f3 preco\u00e7 d\u2019incendis per aspiraci\u00f3 i extinci\u00f3 autom\u00e0tica pel nou agent extintor Novec 1230. Aquestes tecnologies han perm\u00e8s que en nom\u00e9s 1 Unitat d\u2019Altura (UA) es pugui tenir un sistema complet de detecci\u00f3 i extinci\u00f3 autom\u00e0tica d\u2019incendis per a espais redu\u00efts i a\u00efllat d\u2019altres volums com l\u2019interior de racks 19\u2033 a\u00efllats o amb portes de cristall.[\/vc_column_text][vc_empty_space height=&#8221;40&#8243;][\/vc_column][\/vc_row][vc_row css=&#8221;.vc_custom_1614004483997{margin-bottom: -60px !important;}&#8221;][vc_column][vc_row_inner][vc_column_inner offset=&#8221;vc_hidden-lg vc_hidden-md&#8221;][vc_empty_space height=&#8221;80&#8243;][\/vc_column_inner][\/vc_row_inner][vc_empty_space height=&#8221;80&#8243;][\/vc_column][\/vc_row]<\/p>\n<\/div>","protected":false},"excerpt":{"rendered":"<p>[vc_row css=&#8221;.vc_custom_1612349518442{background: #ff9100 url(http:\/\/socored.es\/wp-content\/uploads\/2021\/01\/socored-background.png?id=3695) !important;background-position: center !important;background-repeat: no-repeat !important;background-size: cover !important;}&#8221;][vc_column][vc_empty_space height=&#8221;85&#8243;][vc_column_text] Data Center DETECCI\u00d3 I EXTINCI\u00d3 D\u2019INCENDIS [\/vc_column_text][vc_empty_space height=&#8221;80&#8243;][\/vc_column][\/vc_row][vc_row content_width=&#8221;grid&#8221; css=&#8221;.vc_custom_1614006828088{background-position: center !important;background-repeat: no-repeat !important;background-size: cover&#8230;<\/p>\n","protected":false},"author":1,"featured_media":0,"parent":0,"menu_order":0,"comment_status":"closed","ping_status":"closed","template":"full-width.php","meta":[],"_links":{"self":[{"href":"https:\/\/socored.es\/ca\/wp-json\/wp\/v2\/pages\/5803"}],"collection":[{"href":"https:\/\/socored.es\/ca\/wp-json\/wp\/v2\/pages"}],"about":[{"href":"https:\/\/socored.es\/ca\/wp-json\/wp\/v2\/types\/page"}],"author":[{"embeddable":true,"href":"https:\/\/socored.es\/ca\/wp-json\/wp\/v2\/users\/1"}],"replies":[{"embeddable":true,"href":"https:\/\/socored.es\/ca\/wp-json\/wp\/v2\/comments?post=5803"}],"version-history":[{"count":2,"href":"https:\/\/socored.es\/ca\/wp-json\/wp\/v2\/pages\/5803\/revisions"}],"predecessor-version":[{"id":6238,"href":"https:\/\/socored.es\/ca\/wp-json\/wp\/v2\/pages\/5803\/revisions\/6238"}],"wp:attachment":[{"href":"https:\/\/socored.es\/ca\/wp-json\/wp\/v2\/media?parent=5803"}],"curies":[{"name":"wp","href":"https:\/\/api.w.org\/{rel}","templated":true}]}}