{"id":5814,"date":"2021-04-12T12:29:14","date_gmt":"2021-04-12T12:29:14","guid":{"rendered":"http:\/\/socored.es\/free-cooling\/"},"modified":"2021-04-27T14:37:26","modified_gmt":"2021-04-27T14:37:26","slug":"free-cooling","status":"publish","type":"page","link":"https:\/\/socored.es\/ca\/free-cooling\/","title":{"rendered":"Free Cooling"},"content":{"rendered":"<div class=\"wpb-content-wrapper\"><p>[vc_row css=&#8221;.vc_custom_1612349518442{background: #ff9100 url(http:\/\/socored.es\/wp-content\/uploads\/2021\/01\/socored-background.png?id=3695) !important;background-position: center !important;background-repeat: no-repeat !important;background-size: cover !important;}&#8221;][vc_column][vc_empty_space height=&#8221;85&#8243;][vc_column_text]<\/p>\n<p style=\"text-align: center; color: white; margin-bottom: -15px;\">Equipaments IT<\/p>\n<h1 style=\"text-align: center; color: white;\">FREE COOLING<\/h1>\n<p>[\/vc_column_text][vc_empty_space height=&#8221;80&#8243;][\/vc_column][\/vc_row][vc_row content_width=&#8221;grid&#8221; css=&#8221;.vc_custom_1613571711468{background-position: center !important;background-repeat: no-repeat !important;background-size: cover !important;}&#8221;][vc_column][vc_row_inner][vc_column_inner offset=&#8221;vc_hidden-sm vc_hidden-xs&#8221;][vc_empty_space height=&#8221;50&#8243;][vc_single_image image=&#8221;5811&#8243; img_size=&#8221;full&#8221; alignment=&#8221;center&#8221;][\/vc_column_inner][\/vc_row_inner][vc_empty_space height=&#8221;20&#8243;][vc_column_text]<\/p>\n<h2 style=\"text-align: center;\">L\u2019APROFITAMENT DEL FRED EXTERIOR<\/h2>\n<p>[\/vc_column_text][vc_empty_space height=&#8221;40&#8243;][vc_single_image image=&#8221;4384&#8243; img_size=&#8221;full&#8221; alignment=&#8221;center&#8221;][vc_empty_space height=&#8221;40&#8243;][\/vc_column][\/vc_row][vc_row content_width=&#8221;grid&#8221;][vc_column width=&#8221;2\/3&#8243;][vc_column_text]<strong>Aprofitament del fred exterior directe per a la refrigeraci\u00f3 de Data Centers.<\/strong><br \/>\nCConceptualment \u00e9s un greu error estar consumint enormes quantitats d\u2019energia per refrigerar un CPD quan a l\u2019exterior fa fred.<br \/>\nNo cal estar situats en un pa\u00eds n\u00f2rdic per implementar amb r\u00e0pida amortitzaci\u00f3 un sistema de refrigeraci\u00f3 Free Cooling. Fins i tot en zones c\u00e0lides de la pen\u00ednsula Ib\u00e8rica disposem de moltes hores anuals per sota dels 20 \u00baC.<\/p>\n<p>El sistema FreeCooling s\u2019ha d\u2019entendre com un sistema de suport al sistema convencional de refrigeraci\u00f3 del CPD. L\u2019important del sistema FreeCooling \u00e9s que sempre que la temperatura sigui inferior als 20\u00ba ajudar\u00e0 al sistema convencional fins i tot arribant a ser el sistema \u00fanic de refrigeraci\u00f3 en \u00e8poca hivernal.<\/p>\n<p>Existeixen moltes possibilitats i tecnologies per aprofitar el fred exterior. Socored avaluar\u00e0 la seva ubicaci\u00f3 i instal\u00b7laci\u00f3 i li oferir\u00e0 el sistema que millor rendiment li ofereixi amb la m\u00ednima inversi\u00f3 possible.[\/vc_column_text][vc_empty_space height=&#8221;22&#8243;][\/vc_column][vc_column width=&#8221;1\/3&#8243;][vc_single_image image=&#8221;4536&#8243; img_size=&#8221;full&#8221; alignment=&#8221;center&#8221;][vc_empty_space height=&#8221;40&#8243;][\/vc_column][\/vc_row][vc_row][vc_column offset=&#8221;vc_hidden-lg vc_hidden-md&#8221;][vc_empty_space height=&#8221;70&#8243;][\/vc_column][\/vc_row]<\/p>\n<\/div>","protected":false},"excerpt":{"rendered":"<p>[vc_row css=&#8221;.vc_custom_1612349518442{background: #ff9100 url(http:\/\/socored.es\/wp-content\/uploads\/2021\/01\/socored-background.png?id=3695) !important;background-position: center !important;background-repeat: no-repeat !important;background-size: cover !important;}&#8221;][vc_column][vc_empty_space height=&#8221;85&#8243;][vc_column_text] Equipaments IT FREE COOLING [\/vc_column_text][vc_empty_space height=&#8221;80&#8243;][\/vc_column][\/vc_row][vc_row content_width=&#8221;grid&#8221; css=&#8221;.vc_custom_1613571711468{background-position: center !important;background-repeat: no-repeat !important;background-size: cover !important;}&#8221;][vc_column][vc_row_inner][vc_column_inner offset=&#8221;vc_hidden-sm&#8230;<\/p>\n","protected":false},"author":1,"featured_media":0,"parent":0,"menu_order":0,"comment_status":"closed","ping_status":"closed","template":"full-width.php","meta":[],"_links":{"self":[{"href":"https:\/\/socored.es\/ca\/wp-json\/wp\/v2\/pages\/5814"}],"collection":[{"href":"https:\/\/socored.es\/ca\/wp-json\/wp\/v2\/pages"}],"about":[{"href":"https:\/\/socored.es\/ca\/wp-json\/wp\/v2\/types\/page"}],"author":[{"embeddable":true,"href":"https:\/\/socored.es\/ca\/wp-json\/wp\/v2\/users\/1"}],"replies":[{"embeddable":true,"href":"https:\/\/socored.es\/ca\/wp-json\/wp\/v2\/comments?post=5814"}],"version-history":[{"count":2,"href":"https:\/\/socored.es\/ca\/wp-json\/wp\/v2\/pages\/5814\/revisions"}],"predecessor-version":[{"id":6242,"href":"https:\/\/socored.es\/ca\/wp-json\/wp\/v2\/pages\/5814\/revisions\/6242"}],"wp:attachment":[{"href":"https:\/\/socored.es\/ca\/wp-json\/wp\/v2\/media?parent=5814"}],"curies":[{"name":"wp","href":"https:\/\/api.w.org\/{rel}","templated":true}]}}