{"id":5820,"date":"2021-04-12T12:39:22","date_gmt":"2021-04-12T12:39:22","guid":{"rendered":"http:\/\/socored.es\/enginyeria\/"},"modified":"2022-11-14T10:24:06","modified_gmt":"2022-11-14T10:24:06","slug":"enginyeria","status":"publish","type":"page","link":"https:\/\/socored.es\/ca\/enginyeria\/","title":{"rendered":"Enginyeria"},"content":{"rendered":"<div class=\"wpb-content-wrapper\"><p>[vc_row css=&#8221;.vc_custom_1612349518442{background: #ff9100 url(http:\/\/socored.es\/wp-content\/uploads\/2021\/01\/socored-background.png?id=3695) !important;background-position: center !important;background-repeat: no-repeat !important;background-size: cover !important;}&#8221;][vc_column][vc_empty_space height=&#8221;85&#8243;][vc_column_text]<\/p>\n<p style=\"text-align: center; color: white; margin-bottom: -15px;\">Data Center<\/p>\n<h1 style=\"text-align: center; color: white;\">ENGINYERIA<\/h1>\n<p>[\/vc_column_text][vc_empty_space height=&#8221;80&#8243;][\/vc_column][\/vc_row][vc_row content_width=&#8221;grid&#8221; css=&#8221;.vc_custom_1613571711468{background-position: center !important;background-repeat: no-repeat !important;background-size: cover !important;}&#8221;][vc_column][vc_row_inner][vc_column_inner offset=&#8221;vc_hidden-sm vc_hidden-xs&#8221;][vc_empty_space height=&#8221;50&#8243;][vc_single_image image=&#8221;5817&#8243; img_size=&#8221;full&#8221; alignment=&#8221;center&#8221;][\/vc_column_inner][\/vc_row_inner][vc_empty_space height=&#8221;20&#8243;][vc_column_text]<\/p>\n<h2 style=\"text-align: center;\">EL CENTRE DE PROCESSAMENT DE DADES (CPD)<\/h2>\n<p>[\/vc_column_text][vc_column_text]<\/p>\n<p style=\"text-align: center;\">El Centre de Processament de Dades CPD ha de disposar d\u2019un conjunt d\u2019instal\u00b7lacions espec\u00edfiques interrelacionades que cobreixin els requeriments dels fabricants de hardware i els nivells de seguretat, continu\u00eftat, disponibilitat i rendiment exigits per les necessitats de cada instal\u00b7laci\u00f3 i objectius del client. Els nostres t\u00e8cnics i enginyers, dedicats \u00edntegrament al Data Center i amb \u00e0mplia experi\u00e8ncia en l\u2019especificaci\u00f3, construcci\u00f3, direcci\u00f3 d\u2019obra i manteniment, poden ajudar-lo a optimitzar les seves inversions, millorar el rendiment, aconseguir els objectius de disponibilitat i continu\u00eftat, i a optimitzar els costos de funcionament i manteniment.<\/p>\n<p>[\/vc_column_text][vc_empty_space height=&#8221;40&#8243;][\/vc_column][\/vc_row][vc_row content_width=&#8221;grid&#8221;][vc_column width=&#8221;5\/12&#8243;][vc_row_inner][vc_column_inner offset=&#8221;vc_hidden-sm vc_hidden-xs&#8221;][vc_empty_space height=&#8221;20&#8243;][vc_single_image image=&#8221;3987&#8243; img_size=&#8221;full&#8221; alignment=&#8221;right&#8221;][\/vc_column_inner][\/vc_row_inner][vc_row_inner][vc_column_inner offset=&#8221;vc_hidden-lg vc_hidden-md&#8221;][vc_single_image image=&#8221;3987&#8243; img_size=&#8221;full&#8221; alignment=&#8221;center&#8221;][\/vc_column_inner][\/vc_row_inner][vc_empty_space height=&#8221;40&#8243;][\/vc_column][vc_column width=&#8221;7\/12&#8243;][vc_column_text]<strong>Enginyeria, disseny, especificaci\u00f3, instal\u00b7laci\u00f3, direcci\u00f3 i manteniment de:<\/strong><\/p>\n<ul>\n<li>Seguretat Perimetral<\/li>\n<li>Instal\u00b7lacions el\u00e8ctriques<\/li>\n<li>Instal\u00b7lacions de Climatitzaci\u00f3<\/li>\n<li>Enginyeria i disseny d\u2019instal\u00b7lacions arquitect\u00f2niques<\/li>\n<li>Enginyeria d\u2019instal\u00b7lacions de detecci\u00f3 i extinci\u00f3 d\u2019incendis<\/li>\n<li>Sistemes de monitoratge i supervisi\u00f3<\/li>\n<li>Sistemes de detecci\u00f3 de fuites de l\u00edquids<\/li>\n<li>Circuits tancats de televisi\u00f3 i sistemes IP de visualitzaci\u00f3 i enregistrament<\/li>\n<li>Control d\u2019accessos<\/li>\n<li>Racks, armaris i accessoris<\/li>\n<li>Cablejat estructurat, organitzaci\u00f3 de patch panels i fibra \u00f2ptica<\/li>\n<li>Switching KVM i sistemes d\u2019acc\u00e9s remot<\/li>\n<li>Mobiliari t\u00e8cnic de control i seguretat<\/li>\n<\/ul>\n<p>[\/vc_column_text][vc_empty_space height=&#8221;40&#8243;][\/vc_column][\/vc_row][vc_row content_width=&#8221;grid&#8221;][vc_column][vc_row_inner][vc_column_inner width=&#8221;1\/6&#8243;][\/vc_column_inner][vc_column_inner width=&#8221;2\/3&#8243;][vc_column_text]<\/p>\n<h3 style=\"text-align: center;\">Descobreix tot el que podem fer al teu CPD<\/h3>\n<p>[\/vc_column_text][\/vc_column_inner][vc_column_inner width=&#8221;1\/6&#8243;][\/vc_column_inner][\/vc_row_inner][vc_empty_space height=&#8221;50px&#8221;]<div class=\"mkdf-blog-list-holder  mkdf-masonry\">\n\t<ul class=\"mkdf-blog-list\">\n\t\t\t<li class=\"mkdf-blog-list-masonry-grid-sizer\"><\/li>\n\t\t<li class=\"mkdf-blog-list-masonry-grid-gutter\"><\/li>\n\t<li class=\"mkdf-blog-list-item mkdf-blog-list-masonry-item clearfix post-6947 post type-post status-publish format-standard has-post-thumbnail hentry category-armarios-de-seguridad category-cpd category-deteccion-de-incendios category-mantenimiento-cpd category-mini-data-center category-sense-categoria\">\n\t<div class=\"mkdf-blog-list-item-inner\">\n\t\t\t\t\t<div itemprop=\"image\" class=\"mkdf-item-image\">\n\t\t\t\t<a itemprop=\"url\" href=\"https:\/\/socored.es\/ca\/aconsegueix-el-mini-data-center-que-la-teva-empresa-necessita\/\">\n\t\t\t\t\t\t\t\t\t\t\t<img src=\"https:\/\/socored.es\/wp-content\/uploads\/2022\/06\/mini-data-center-350x200.jpg\" alt=\"\" width=\"350\" height=\"200\" \/>\t\t\t\t\t\t\t\t\t<\/a>\n\t\t\t<\/div>\n\t\t\t\t<div class=\"mkdf-item-text-holder\">\n\t\t\t<div class=\"mkdf-item-date\">\n\t\t\t\t<time itemprop=\"datePublished\" datetime=\"2023-04-24\">\n\t\t\t\t\tabril 24, 2023\t\t\t\t<\/time>\n\t\t\t<\/div>\n\t\t\t<h3 itemprop=\"headline\" class=\"mkdf-item-title\">\n\t\t\t<a itemprop=\"url\" href=\"https:\/\/socored.es\/ca\/aconsegueix-el-mini-data-center-que-la-teva-empresa-necessita\/\">\n\t\t\t\tAconsegueix el mini data center que la teva empresa necessita\t\t\t<\/a>\n\t\t<\/h3>\n\n\t\t\n\t\t\t\t\t\t\t<p itemprop=\"description\" class=\"mkdf-excerpt\">\u00bfDispones de poco espacio libre en tu empresa? Con unos\u00a0armarios\u00a0rack\u00a0de seguridad TI <\/p>\n\t\t\t\t\t\n\t\t<div class=\"mkdf-post-item-author-holder\">\n\t\t\t<a itemprop=\"url\" href=\"https:\/\/socored.es\/ca\/author\/soco_yuzz\/\">\n\t\t\t\t<span class=\"mkdf-post-item-author-avatar-holder\">\n\t\t\t\t\t<img alt='' src='https:\/\/secure.gravatar.com\/avatar\/f6cc266abd8e7503b6118643f7cbd25f?s=30&#038;d=mm&#038;r=g' class='avatar avatar-30 photo' height='30' width='30' \/>\t\t\t\t<\/span>\n\n\t\t\t\t<span itemprop=\"author\" class=\"mkdf-post-item-author-name\">\n\t\t\t\t\tSocored \t\t\t\t<\/span>\n\t\t\t<\/a>\n\t\t<\/div>\n\t<\/div>\n\t<\/div>\n<\/li><li class=\"mkdf-blog-list-item mkdf-blog-list-masonry-item clearfix post-6360 post type-post status-publish format-standard has-post-thumbnail hentry category-cpd category-sense-categoria\">\n\t<div class=\"mkdf-blog-list-item-inner\">\n\t\t\t\t\t<div itemprop=\"image\" class=\"mkdf-item-image\">\n\t\t\t\t<a itemprop=\"url\" href=\"https:\/\/socored.es\/ca\/actualitza-el-teu-cpd-amb-manteniment-professional\/\">\n\t\t\t\t\t\t\t\t\t\t\t<img src=\"https:\/\/socored.es\/wp-content\/uploads\/2021\/08\/mantenimiento-del-cpd-350x200.png\" alt=\"mantenimiento del cpd\" width=\"350\" height=\"200\" \/>\t\t\t\t\t\t\t\t\t<\/a>\n\t\t\t<\/div>\n\t\t\t\t<div class=\"mkdf-item-text-holder\">\n\t\t\t<div class=\"mkdf-item-date\">\n\t\t\t\t<time itemprop=\"datePublished\" datetime=\"2021-08-27\">\n\t\t\t\t\tagost 27, 2021\t\t\t\t<\/time>\n\t\t\t<\/div>\n\t\t\t<h3 itemprop=\"headline\" class=\"mkdf-item-title\">\n\t\t\t<a itemprop=\"url\" href=\"https:\/\/socored.es\/ca\/actualitza-el-teu-cpd-amb-manteniment-professional\/\">\n\t\t\t\tActualitza el teu CPD amb manteniment professional\t\t\t<\/a>\n\t\t<\/h3>\n\n\t\t\n\t\t\t\t\t\t\t<p itemprop=\"description\" class=\"mkdf-excerpt\">CPD Centre de Proc\u00e9s de Dades: coneix en qu\u00e8 consisteix el CPD i per a qu\u00e8 serveix. Per<\/p>\n\t\t\t\t\t\n\t\t<div class=\"mkdf-post-item-author-holder\">\n\t\t\t<a itemprop=\"url\" href=\"https:\/\/socored.es\/ca\/author\/soc_yuzz\/\">\n\t\t\t\t<span class=\"mkdf-post-item-author-avatar-holder\">\n\t\t\t\t\t<img alt='' src='https:\/\/secure.gravatar.com\/avatar\/eb6a94b6c675fbbc14bfbf374fd9282a?s=30&#038;d=mm&#038;r=g' class='avatar avatar-30 photo' height='30' width='30' \/>\t\t\t\t<\/span>\n\n\t\t\t\t<span itemprop=\"author\" class=\"mkdf-post-item-author-name\">\n\t\t\t\t\tSocored\t\t\t\t<\/span>\n\t\t\t<\/a>\n\t\t<\/div>\n\t<\/div>\n\t<\/div>\n<\/li><li class=\"mkdf-blog-list-item mkdf-blog-list-masonry-item clearfix post-5995 post type-post status-publish format-standard has-post-thumbnail hentry category-cpd category-sense-categoria\">\n\t<div class=\"mkdf-blog-list-item-inner\">\n\t\t\t\t\t<div itemprop=\"image\" class=\"mkdf-item-image\">\n\t\t\t\t<a itemprop=\"url\" href=\"https:\/\/socored.es\/ca\/ajuntament-de-santander-fase-2-millora-dinfraestructures-cpd\/\">\n\t\t\t\t\t\t\t\t\t\t\t<img src=\"https:\/\/socored.es\/wp-content\/uploads\/2018\/10\/web6-350x200.jpg\" alt=\"CPD Ayuntamiento Santander\" width=\"350\" height=\"200\" \/>\t\t\t\t\t\t\t\t\t<\/a>\n\t\t\t<\/div>\n\t\t\t\t<div class=\"mkdf-item-text-holder\">\n\t\t\t<div class=\"mkdf-item-date\">\n\t\t\t\t<time itemprop=\"datePublished\" datetime=\"2018-10-10\">\n\t\t\t\t\toctubre 10, 2018\t\t\t\t<\/time>\n\t\t\t<\/div>\n\t\t\t<h3 itemprop=\"headline\" class=\"mkdf-item-title\">\n\t\t\t<a itemprop=\"url\" href=\"https:\/\/socored.es\/ca\/ajuntament-de-santander-fase-2-millora-dinfraestructures-cpd\/\">\n\t\t\t\tAjuntament de Santander (Fase 2 &#8211; Millora d&#8217;infraestructures CPD)\t\t\t<\/a>\n\t\t<\/h3>\n\n\t\t\n\t\t\t\t\t\t\t<p itemprop=\"description\" class=\"mkdf-excerpt\">El prop\u00f2sit era realitzar una s\u00e8rie de millores i equipaments per a dotar les infraestru<\/p>\n\t\t\t\t\t\n\t\t<div class=\"mkdf-post-item-author-holder\">\n\t\t\t<a itemprop=\"url\" href=\"https:\/\/socored.es\/ca\/author\/soc_yuzz\/\">\n\t\t\t\t<span class=\"mkdf-post-item-author-avatar-holder\">\n\t\t\t\t\t<img alt='' src='https:\/\/secure.gravatar.com\/avatar\/eb6a94b6c675fbbc14bfbf374fd9282a?s=30&#038;d=mm&#038;r=g' class='avatar avatar-30 photo' height='30' width='30' \/>\t\t\t\t<\/span>\n\n\t\t\t\t<span itemprop=\"author\" class=\"mkdf-post-item-author-name\">\n\t\t\t\t\tSocored\t\t\t\t<\/span>\n\t\t\t<\/a>\n\t\t<\/div>\n\t<\/div>\n\t<\/div>\n<\/li>\t<\/ul>\t\n<\/div>\n[\/vc_column][\/vc_row]<\/p>\n<\/div>","protected":false},"excerpt":{"rendered":"<p>[vc_row css=&#8221;.vc_custom_1612349518442{background: #ff9100 url(http:\/\/socored.es\/wp-content\/uploads\/2021\/01\/socored-background.png?id=3695) !important;background-position: center !important;background-repeat: no-repeat !important;background-size: cover !important;}&#8221;][vc_column][vc_empty_space height=&#8221;85&#8243;][vc_column_text] Data Center ENGINYERIA [\/vc_column_text][vc_empty_space height=&#8221;80&#8243;][\/vc_column][\/vc_row][vc_row content_width=&#8221;grid&#8221; css=&#8221;.vc_custom_1613571711468{background-position: center !important;background-repeat: no-repeat !important;background-size: cover !important;}&#8221;][vc_column][vc_row_inner][vc_column_inner offset=&#8221;vc_hidden-sm vc_hidden-xs&#8221;][vc_empty_space&#8230;<\/p>\n","protected":false},"author":1,"featured_media":0,"parent":0,"menu_order":0,"comment_status":"closed","ping_status":"closed","template":"full-width.php","meta":[],"_links":{"self":[{"href":"https:\/\/socored.es\/ca\/wp-json\/wp\/v2\/pages\/5820"}],"collection":[{"href":"https:\/\/socored.es\/ca\/wp-json\/wp\/v2\/pages"}],"about":[{"href":"https:\/\/socored.es\/ca\/wp-json\/wp\/v2\/types\/page"}],"author":[{"embeddable":true,"href":"https:\/\/socored.es\/ca\/wp-json\/wp\/v2\/users\/1"}],"replies":[{"embeddable":true,"href":"https:\/\/socored.es\/ca\/wp-json\/wp\/v2\/comments?post=5820"}],"version-history":[{"count":4,"href":"https:\/\/socored.es\/ca\/wp-json\/wp\/v2\/pages\/5820\/revisions"}],"predecessor-version":[{"id":6801,"href":"https:\/\/socored.es\/ca\/wp-json\/wp\/v2\/pages\/5820\/revisions\/6801"}],"wp:attachment":[{"href":"https:\/\/socored.es\/ca\/wp-json\/wp\/v2\/media?parent=5820"}],"curies":[{"name":"wp","href":"https:\/\/api.w.org\/{rel}","templated":true}]}}