{"id":5825,"date":"2021-04-12T13:30:04","date_gmt":"2021-04-12T13:30:04","guid":{"rendered":"http:\/\/socored.es\/kvm-over-ip\/"},"modified":"2021-04-27T14:39:13","modified_gmt":"2021-04-27T14:39:13","slug":"kvm-over-ip","status":"publish","type":"page","link":"https:\/\/socored.es\/ca\/kvm-over-ip\/","title":{"rendered":"KVM Over IP"},"content":{"rendered":"<div class=\"wpb-content-wrapper\"><p>[vc_row css=&#8221;.vc_custom_1612349518442{background: #ff9100 url(http:\/\/socored.es\/wp-content\/uploads\/2021\/01\/socored-background.png?id=3695) !important;background-position: center !important;background-repeat: no-repeat !important;background-size: cover !important;}&#8221;][vc_column][vc_empty_space height=&#8221;85&#8243;][vc_column_text]<\/p>\n<p style=\"text-align: center; color: white; margin-bottom: -15px;\">Equipaments IT<\/p>\n<h1 style=\"text-align: center; color: white;\">KVM OVER IP<\/h1>\n<p>[\/vc_column_text][vc_empty_space height=&#8221;80&#8243;][\/vc_column][\/vc_row][vc_row content_width=&#8221;grid&#8221; css=&#8221;.vc_custom_1618231356687{background-color: #ffffff !important;background-position: center !important;background-repeat: no-repeat !important;background-size: cover !important;}&#8221;][vc_column][vc_row_inner][vc_column_inner offset=&#8221;vc_hidden-sm vc_hidden-xs&#8221;][vc_empty_space height=&#8221;50&#8243;][vc_single_image image=&#8221;5822&#8243; img_size=&#8221;full&#8221; alignment=&#8221;center&#8221;][\/vc_column_inner][\/vc_row_inner][vc_empty_space height=&#8221;20&#8243;][vc_column_text]<\/p>\n<h2 style=\"text-align: center;\">GESTI\u00d3 I CONTROL DE TOT EL SEU CPD A L\u2019ABAST DE LA M\u00c0<\/h2>\n<p>[\/vc_column_text][vc_empty_space height=&#8221;40&#8243;][vc_row_inner][vc_column_inner width=&#8221;1\/6&#8243;][vc_single_image image=&#8221;4425&#8243; img_size=&#8221;full&#8221; alignment=&#8221;center&#8221;][vc_empty_space height=&#8221;40&#8243;][\/vc_column_inner][vc_column_inner width=&#8221;5\/6&#8243;][vc_column_text]Socored \u00e9s\u00a0<em>Avocent certified partner <\/em>\u00a0des de fa m\u00e9s de 12 anys. Avocent \u00e9s una de les principals companyies del m\u00f3n en fabricaci\u00f3 i desenvolupament d\u2019equips i software per a la gesti\u00f3 integral del CPD sent prove\u00efdor OEM per a les empreses com HPQ, Dell, IBM, Intel, Fujitsu, Siemens, Lenovo, etc.[\/vc_column_text][vc_empty_space height=&#8221;40&#8243;][\/vc_column_inner][\/vc_row_inner][\/vc_column][\/vc_row][vc_row content_width=&#8221;grid&#8221; css=&#8221;.vc_custom_1618231653315{background-color: #f4f4f4 !important;}&#8221;][vc_column][vc_empty_space height=&#8221;40&#8243;][vc_column_text]<\/p>\n<h2 style=\"text-align: center;\">KVM APPLIANCES<\/h2>\n<div class=\"flex_column av_three_fifth flex_column_div av-zero-column-padding avia-builder-el-15 el_after_av_one_fifth el_before_av_one_fifth \">\n<section class=\"av_textblock_section\">\n<div class=\"avia_textblock \">\n<p style=\"text-align: center;\">Els equips de commutaci\u00f3 KVM anal\u00f2gics o digitals ofereixen un acc\u00e9s directe als servidors, Racks o CPD\u00b4s complets.<\/p>\n<\/div>\n<\/section>\n<\/div>\n<p>[\/vc_column_text][vc_empty_space height=&#8221;40&#8243;][\/vc_column][\/vc_row][vc_row content_width=&#8221;grid&#8221; css=&#8221;.vc_custom_1618231638278{background-color: #f4f4f4 !important;}&#8221;][vc_column width=&#8221;1\/2&#8243;][vc_empty_space height=&#8221;20&#8243;][vc_single_image image=&#8221;4424&#8243; img_size=&#8221;full&#8221; alignment=&#8221;center&#8221;][vc_empty_space height=&#8221;20&#8243;][vc_column_text]<\/p>\n<h3 style=\"text-align: center;\">Avocent MergePoint Unity<\/h3>\n<p style=\"text-align: center;\">\u00c9s la nova s\u00e8rie que substitueix als reconeguts i premiats\u00a0<strong>DSR<\/strong>. Aquests commutadors permeten als administradors del Data Center acc\u00e9s KVM segur \u201cover IP\u201d a tots els servidors i equips s\u00e8rie.<\/p>\n<p>[\/vc_column_text][vc_empty_space height=&#8221;40&#8243;][\/vc_column][vc_column width=&#8221;1\/2&#8243;][vc_empty_space height=&#8221;20&#8243;][vc_single_image image=&#8221;4421&#8243; img_size=&#8221;full&#8221; alignment=&#8221;center&#8221;][vc_empty_space height=&#8221;20&#8243;][vc_column_text]<\/p>\n<h3 style=\"text-align: center;\">HMX Desktop over IP Extender System<\/h3>\n<p style=\"text-align: center;\">Estan dissenyats per a aquells que necessiten separar f\u00edsicament els ordinadors de l\u2019entorn de treball dels usuaris.<\/p>\n<p>[\/vc_column_text][vc_empty_space height=&#8221;40&#8243;][\/vc_column][\/vc_row][vc_row content_width=&#8221;grid&#8221; css=&#8221;.vc_custom_1618231616142{background-color: #f4f4f4 !important;}&#8221;][vc_column width=&#8221;1\/2&#8243;][vc_row_inner][vc_column_inner offset=&#8221;vc_hidden-sm vc_hidden-xs&#8221;][vc_empty_space height=&#8221;65&#8243;][\/vc_column_inner][\/vc_row_inner][vc_empty_space height=&#8221;20&#8243;][vc_single_image image=&#8221;4423&#8243; img_size=&#8221;full&#8221; alignment=&#8221;center&#8221;][vc_empty_space height=&#8221;20&#8243;][vc_column_text]<\/p>\n<h3 style=\"text-align: center;\">ACS 5000\/6000 Console Server<\/h3>\n<p style=\"text-align: center;\">Equips per a la gesti\u00f3 remota segura de tots els equipaments \u201cs\u00e8rie\u201d del data center com a servidors (UNIU, Linux i Solaris), routers, switches, PBX (Public Branch Exchange), equipament de telecomunicacions (DSU\/CSU) aix\u00ed com a equips d\u2019alimentaci\u00f3 amb interf\u00edcies s\u00e8rie.<\/p>\n<p>[\/vc_column_text][vc_empty_space height=&#8221;40&#8243;][\/vc_column][vc_column width=&#8221;1\/2&#8243;][vc_single_image image=&#8221;4420&#8243; img_size=&#8221;full&#8221; alignment=&#8221;center&#8221;][vc_column_text]<\/p>\n<h3 style=\"text-align: center;\">AMX<\/h3>\n<p style=\"text-align: center;\">\u00c9s la s\u00e8rie anal\u00f2gica de commutadors KVM. S\u00f3n equips que disposen d\u2019una gran capacitat per a treball en temps real usant cablejat UTP amb elevat nombre de canals de servidors i usuaris amb una \u00f2ptima resoluci\u00f3 de v\u00eddeo i interface \u201con-screen\u201d.<\/p>\n<p>[\/vc_column_text][vc_empty_space height=&#8221;40&#8243;][\/vc_column][\/vc_row][vc_row][vc_column offset=&#8221;vc_hidden-lg vc_hidden-md&#8221;][vc_empty_space height=&#8221;70&#8243;][\/vc_column][\/vc_row]<\/p>\n<\/div>","protected":false},"excerpt":{"rendered":"<p>[vc_row css=&#8221;.vc_custom_1612349518442{background: #ff9100 url(http:\/\/socored.es\/wp-content\/uploads\/2021\/01\/socored-background.png?id=3695) !important;background-position: center !important;background-repeat: no-repeat !important;background-size: cover !important;}&#8221;][vc_column][vc_empty_space height=&#8221;85&#8243;][vc_column_text] Equipaments IT KVM OVER IP [\/vc_column_text][vc_empty_space height=&#8221;80&#8243;][\/vc_column][\/vc_row][vc_row content_width=&#8221;grid&#8221; css=&#8221;.vc_custom_1618231356687{background-color: #ffffff !important;background-position: center !important;background-repeat: no-repeat !important;background-size:&#8230;<\/p>\n","protected":false},"author":1,"featured_media":0,"parent":0,"menu_order":0,"comment_status":"closed","ping_status":"closed","template":"full-width.php","meta":[],"_links":{"self":[{"href":"https:\/\/socored.es\/ca\/wp-json\/wp\/v2\/pages\/5825"}],"collection":[{"href":"https:\/\/socored.es\/ca\/wp-json\/wp\/v2\/pages"}],"about":[{"href":"https:\/\/socored.es\/ca\/wp-json\/wp\/v2\/types\/page"}],"author":[{"embeddable":true,"href":"https:\/\/socored.es\/ca\/wp-json\/wp\/v2\/users\/1"}],"replies":[{"embeddable":true,"href":"https:\/\/socored.es\/ca\/wp-json\/wp\/v2\/comments?post=5825"}],"version-history":[{"count":2,"href":"https:\/\/socored.es\/ca\/wp-json\/wp\/v2\/pages\/5825\/revisions"}],"predecessor-version":[{"id":6243,"href":"https:\/\/socored.es\/ca\/wp-json\/wp\/v2\/pages\/5825\/revisions\/6243"}],"wp:attachment":[{"href":"https:\/\/socored.es\/ca\/wp-json\/wp\/v2\/media?parent=5825"}],"curies":[{"name":"wp","href":"https:\/\/api.w.org\/{rel}","templated":true}]}}