{"id":5841,"date":"2021-04-12T14:03:52","date_gmt":"2021-04-12T14:03:52","guid":{"rendered":"http:\/\/socored.es\/manteniment\/"},"modified":"2021-04-27T14:40:00","modified_gmt":"2021-04-27T14:40:00","slug":"manteniment-cpd","status":"publish","type":"page","link":"https:\/\/socored.es\/ca\/manteniment-cpd\/","title":{"rendered":"Manteniment CPD"},"content":{"rendered":"<div class=\"wpb-content-wrapper\"><p>[vc_row css=&#8221;.vc_custom_1612349518442{background: #ff9100 url(http:\/\/socored.es\/wp-content\/uploads\/2021\/01\/socored-background.png?id=3695) !important;background-position: center !important;background-repeat: no-repeat !important;background-size: cover !important;}&#8221;][vc_column][vc_empty_space height=&#8221;85&#8243;][vc_column_text]<\/p>\n<p style=\"text-align: center; color: white; margin-bottom: -15px;\">Serveis<\/p>\n<h1 style=\"text-align: center; color: white;\">MANTENIMENT<\/h1>\n<p>[\/vc_column_text][vc_empty_space height=&#8221;80&#8243;][\/vc_column][\/vc_row][vc_row content_width=&#8221;grid&#8221; css=&#8221;.vc_custom_1613571711468{background-position: center !important;background-repeat: no-repeat !important;background-size: cover !important;}&#8221;][vc_column][vc_row_inner][vc_column_inner offset=&#8221;vc_hidden-sm vc_hidden-xs&#8221;][vc_empty_space height=&#8221;50&#8243;][vc_single_image image=&#8221;5837&#8243; img_size=&#8221;full&#8221; alignment=&#8221;center&#8221;][\/vc_column_inner][\/vc_row_inner][vc_empty_space height=&#8221;20&#8243;][vc_column_text]<\/p>\n<h2 style=\"text-align: center;\">EL MANTENIMENT DEL CPD<\/h2>\n<p>[\/vc_column_text][vc_empty_space height=&#8221;40&#8243;][vc_single_image image=&#8221;4345&#8243; img_size=&#8221;full&#8221; alignment=&#8221;center&#8221;][vc_empty_space height=&#8221;20&#8243;][\/vc_column][\/vc_row][vc_row content_width=&#8221;grid&#8221;][vc_column width=&#8221;7\/12&#8243;][vc_empty_space height=&#8221;25&#8243;][vc_column_text]<\/p>\n<p style=\"text-align: justify;\">El manteniment del Centre de processament de dades \u00e9s una operaci\u00f3 cr\u00edtica per a la continu\u00eftat i bon funcionament.<\/p>\n<p style=\"text-align: justify;\"><strong>Totes les instal\u00b7lacions han de disposar de manteniment\u00a0<\/strong>donades les altes exig\u00e8ncies de funcionament i rendiment que es demanden en un CPD, fins i tot sent instal\u00b7lacions destinades a aquest tipus d\u2019\u00fas.<\/p>\n<p style=\"text-align: justify;\">Socored ofereix un \u00fanic punt de contacte per atendre el manteniment i les incid\u00e8ncies que puguin sorgir en les infraestructures del Centre de Processament de dades.<\/p>\n<p style=\"text-align: justify;\"><strong>El manteniment ha de ser personalitzat i espec\u00edfic per a cada CPD<\/strong>, donades les diferents modalitats i nivells que es poden oferir per assegurar la qualitat i consist\u00e8ncia dels sistemes cr\u00edtics intr\u00ednsecs del Data Center i els diferents tipus d\u2019instal\u00b7lacions que trobem.<\/p>\n<p style=\"text-align: justify;\">Socored li aconsellar\u00e0 fins i tot abans de la creaci\u00f3 del CPD de les consideracions a tenir en compte per a la facilitat de manteniment de les infraestructures associades als equips inform\u00e0tics.<\/p>\n<p style=\"text-align: justify;\">Podem distingir diversos tipus d\u2019actuacions:<\/p>\n<p style=\"text-align: justify;\"><strong>\u2022 Manteniment preventiu. <\/strong>Manteniment amb visites preventives per determinar mitjan\u00e7ant un protocol de servei est\u00e0ndard, l\u2019estat actual dels seus equips, assegurant la continu\u00eftat.<br \/>\n<strong>\u2022 Manteniment predictiu.\u00a0<\/strong>Dins del manteniment preventiu existeixen molts elements en el CPD que gr\u00e0cies a la seva revisi\u00f3 m\u00e8dica constant notifiquen del seu envelliment o la seva sobreexplotaci\u00f3, alertant i informant al client de possibles problemes a curt termini.<br \/>\n<strong>\u2022 Manteniment Correctiu.\u00a0<\/strong>Visites correctives amb personal entrenat i certificat pels nostres fabricants per atendre els seus requeriments en horaris 7 x 24 x 365.<br \/>\n<strong>\u2022 Altres actuacions.<\/strong>\u00a0Neteja especialitzada de Data Center, sanejament de cablejat, etc.<\/p>\n<p style=\"text-align: justify;\">Un sistema de gesti\u00f3 d\u2019alarmes i avaries aconsegueix millorar l\u2019efici\u00e8ncia i la rapidesa en les actuacions sobre les infraestructures avariades, aix\u00ed com mantenir un registre d\u2019alarmes i senyals, gr\u00e0fiques i historials de valors d\u2019inter\u00e8s.<\/p>\n<p>[\/vc_column_text][vc_empty_space height=&#8221;40&#8243;][\/vc_column][vc_column width=&#8221;1\/12&#8243;][\/vc_column][vc_column width=&#8221;4\/12&#8243; css=&#8221;.vc_custom_1614162701598{border-radius: 1px !important;}&#8221;][vc_column_text css=&#8221;.vc_custom_1614163041354{border-top-width: 1px !important;border-right-width: 1px !important;border-bottom-width: 1px !important;border-left-width: 1px !important;padding-top: 10% !important;padding-right: 10% !important;padding-bottom: 10% !important;padding-left: 10% !important;border-left-color: #e0e0e0 !important;border-left-style: solid !important;border-right-color: #e0e0e0 !important;border-right-style: solid !important;border-top-color: #e0e0e0 !important;border-top-style: solid !important;border-bottom-color: #e0e0e0 !important;border-bottom-style: solid !important;}&#8221;]<\/p>\n<h3>Infraestructures susceptibles de manteniment:<\/h3>\n<p>\u2022 Instal\u00b7lacions de climatitzaci\u00f3<br \/>\n\u2022 Protecci\u00f3 perimetral<br \/>\n\u2022 Il\u00b7luminaci\u00f3 i il\u00b7luminaci\u00f3 d\u2019emerg\u00e8ncia<br \/>\n\u2022 Manteniment d\u2019equipament de racks<br \/>\n\u2022 Instal\u00b7lacions d\u2019electricitat<br \/>\n\u2022 SAIs i bateries<br \/>\n\u2022 Equips de commutaci\u00f3 est\u00e0tics<br \/>\n\u2022 Grups generadors i de commutaci\u00f3<br \/>\n\u2022 Regletes de distribuci\u00f3 en racks i equips<br \/>\n\u2022 Inspeccions i comprovacions f\u00edsiques del cablejat d\u2019electricitat i dades<br \/>\n\u2022 Detecci\u00f3 preco\u00e7, detecci\u00f3 convencional i senyalitzaci\u00f3 contra Incendis<br \/>\n\u2022 Extinci\u00f3 d\u2019incendis<br \/>\n\u2022 Control d\u2019accessos<br \/>\n\u2022 Circuit Tancat de Televisi\u00f3<br \/>\n\u2022 Gestor d\u2019alarmes i supervisi\u00f3 del CPD[\/vc_column_text][vc_empty_space height=&#8221;40&#8243;][\/vc_column][\/vc_row][vc_row][vc_column offset=&#8221;vc_hidden-lg vc_hidden-md&#8221;][vc_empty_space height=&#8221;70&#8243;][\/vc_column][\/vc_row]<\/p>\n<\/div>","protected":false},"excerpt":{"rendered":"<p>[vc_row css=&#8221;.vc_custom_1612349518442{background: #ff9100 url(http:\/\/socored.es\/wp-content\/uploads\/2021\/01\/socored-background.png?id=3695) !important;background-position: center !important;background-repeat: no-repeat !important;background-size: cover !important;}&#8221;][vc_column][vc_empty_space height=&#8221;85&#8243;][vc_column_text] Serveis MANTENIMENT [\/vc_column_text][vc_empty_space height=&#8221;80&#8243;][\/vc_column][\/vc_row][vc_row content_width=&#8221;grid&#8221; css=&#8221;.vc_custom_1613571711468{background-position: center !important;background-repeat: no-repeat !important;background-size: cover !important;}&#8221;][vc_column][vc_row_inner][vc_column_inner offset=&#8221;vc_hidden-sm vc_hidden-xs&#8221;][vc_empty_space height=&#8221;50&#8243;][vc_single_image&#8230;<\/p>\n","protected":false},"author":1,"featured_media":0,"parent":0,"menu_order":0,"comment_status":"closed","ping_status":"closed","template":"full-width.php","meta":[],"_links":{"self":[{"href":"https:\/\/socored.es\/ca\/wp-json\/wp\/v2\/pages\/5841"}],"collection":[{"href":"https:\/\/socored.es\/ca\/wp-json\/wp\/v2\/pages"}],"about":[{"href":"https:\/\/socored.es\/ca\/wp-json\/wp\/v2\/types\/page"}],"author":[{"embeddable":true,"href":"https:\/\/socored.es\/ca\/wp-json\/wp\/v2\/users\/1"}],"replies":[{"embeddable":true,"href":"https:\/\/socored.es\/ca\/wp-json\/wp\/v2\/comments?post=5841"}],"version-history":[{"count":3,"href":"https:\/\/socored.es\/ca\/wp-json\/wp\/v2\/pages\/5841\/revisions"}],"predecessor-version":[{"id":6132,"href":"https:\/\/socored.es\/ca\/wp-json\/wp\/v2\/pages\/5841\/revisions\/6132"}],"wp:attachment":[{"href":"https:\/\/socored.es\/ca\/wp-json\/wp\/v2\/media?parent=5841"}],"curies":[{"name":"wp","href":"https:\/\/api.w.org\/{rel}","templated":true}]}}