{"id":5855,"date":"2021-04-13T08:35:12","date_gmt":"2021-04-13T08:35:12","guid":{"rendered":"http:\/\/socored.es\/monitoratge-dalarmes\/"},"modified":"2021-04-27T14:42:42","modified_gmt":"2021-04-27T14:42:42","slug":"monitoratge-dalarmes","status":"publish","type":"page","link":"https:\/\/socored.es\/ca\/monitoratge-dalarmes\/","title":{"rendered":"Monitoratge d&#8217;alarmes"},"content":{"rendered":"<div class=\"wpb-content-wrapper\"><p>[vc_row css=&#8221;.vc_custom_1612349518442{background: #ff9100 url(http:\/\/socored.es\/wp-content\/uploads\/2021\/01\/socored-background.png?id=3695) !important;background-position: center !important;background-repeat: no-repeat !important;background-size: cover !important;}&#8221;][vc_column][vc_empty_space height=&#8221;85&#8243;][vc_column_text]<\/p>\n<p style=\"text-align: center; color: white; margin-bottom: -15px;\">Equipaments IT<\/p>\n<h1 style=\"text-align: center; color: white;\">MONITORATGE D\u2019ALARMES<\/h1>\n<p>[\/vc_column_text][vc_empty_space height=&#8221;80&#8243;][\/vc_column][\/vc_row][vc_row content_width=&#8221;grid&#8221; css=&#8221;.vc_custom_1613571711468{background-position: center !important;background-repeat: no-repeat !important;background-size: cover !important;}&#8221;][vc_column][vc_row_inner][vc_column_inner offset=&#8221;vc_hidden-sm vc_hidden-xs&#8221;][vc_empty_space height=&#8221;50&#8243;][vc_single_image image=&#8221;5851&#8243; img_size=&#8221;full&#8221; alignment=&#8221;center&#8221;][\/vc_column_inner][\/vc_row_inner][vc_empty_space height=&#8221;20&#8243;][vc_column_text]<\/p>\n<h2 style=\"text-align: center;\">EL MONITORATGE D\u2019ALARMES D\u2019UN DATA CENTER<\/h2>\n<p>[\/vc_column_text][vc_empty_space height=&#8221;40&#8243;][vc_single_image image=&#8221;4411&#8243; img_size=&#8221;full&#8221; alignment=&#8221;center&#8221;][vc_empty_space height=&#8221;40&#8243;][\/vc_column][\/vc_row][vc_row content_width=&#8221;grid&#8221;][vc_column width=&#8221;7\/12&#8243;][vc_column_text]<\/p>\n<p style=\"text-align: justify;\">Pensat sobretot en petits i mitjans Data Centers, on no existeix una pres\u00e8ncia de personal 24\u00d7365 dies, al Responsable del Data Center el preocupa con\u00e8ixer l\u2019estat real i online del seu CPD.<\/p>\n<p style=\"text-align: justify;\">Existeixen al mercat plataformes i equips dissenyats exclusivament per al monitoratge d\u2019alarmes d\u2019un Data Center, amb la finalitat de tenir sempre visibilitat de les infraestructures cr\u00edtiques que intervenen en el mateix. Aquests sistemes ajuden a reunir en una \u00fanica interf\u00edcie amb tecnologia WebServer tota la informaci\u00f3 de multitud d\u2019equips i senyals que disposem en el nostre Data Center.<\/p>\n<p style=\"text-align: justify;\"><strong>Socored realitzar\u00e0 la connexi\u00f3 de tots els equips o sensors que es desitgin controlar i li configurar\u00e0 el sistemaper poder tenir visibilitat del seu Data Center. Aquests sistemes permeten enviar traps, e-mails, SMS permetent qualsevol missatge d\u2019alarma o \u201cwarning\u201d a cada par\u00e0metre.<\/strong><\/p>\n<p>[\/vc_column_text][vc_empty_space height=&#8221;40&#8243;][\/vc_column][vc_column width=&#8221;1\/12&#8243;][\/vc_column][vc_column width=&#8221;4\/12&#8243;][vc_column_text css=&#8221;.vc_custom_1618302667457{border-top-width: 1px !important;border-right-width: 1px !important;border-bottom-width: 1px !important;border-left-width: 1px !important;padding-top: 3% !important;padding-right: 6% !important;padding-bottom: 5% !important;padding-left: 6% !important;border-left-color: #e0e0e0 !important;border-left-style: solid !important;border-right-color: #e0e0e0 !important;border-right-style: solid !important;border-top-color: #e0e0e0 !important;border-top-style: solid !important;border-bottom-color: #e0e0e0 !important;border-bottom-style: solid !important;}&#8221;]\u2022 Sensors de temperatura<br \/>\n\u2022 Sensors d\u2019humitat relativa<br \/>\n\u2022 Porta oberta\/tancada<br \/>\n\u2022 Climatitzadors\/alarmes<br \/>\n\u2022 Flux d\u2019aire<br \/>\n\u2022 SAIs alarmes\/entrada\/sortida<br \/>\n\u2022 Detecci\u00f3 de fuites d\u2019aigua<br \/>\n\u2022 Detecci\u00f3 de fum preco\u00e7<br \/>\n\u2022 Detecci\u00f3 de cops, etc.[\/vc_column_text][vc_empty_space height=&#8221;40&#8243;][\/vc_column][\/vc_row][vc_row][vc_column offset=&#8221;vc_hidden-lg vc_hidden-md&#8221;][vc_empty_space height=&#8221;70&#8243;][\/vc_column][\/vc_row]<\/p>\n<\/div>","protected":false},"excerpt":{"rendered":"<p>[vc_row css=&#8221;.vc_custom_1612349518442{background: #ff9100 url(http:\/\/socored.es\/wp-content\/uploads\/2021\/01\/socored-background.png?id=3695) !important;background-position: center !important;background-repeat: no-repeat !important;background-size: cover !important;}&#8221;][vc_column][vc_empty_space height=&#8221;85&#8243;][vc_column_text] Equipaments IT MONITORATGE D\u2019ALARMES [\/vc_column_text][vc_empty_space height=&#8221;80&#8243;][\/vc_column][\/vc_row][vc_row content_width=&#8221;grid&#8221; css=&#8221;.vc_custom_1613571711468{background-position: center !important;background-repeat: no-repeat !important;background-size: cover !important;}&#8221;][vc_column][vc_row_inner][vc_column_inner offset=&#8221;vc_hidden-sm&#8230;<\/p>\n","protected":false},"author":1,"featured_media":0,"parent":0,"menu_order":0,"comment_status":"closed","ping_status":"closed","template":"full-width.php","meta":[],"_links":{"self":[{"href":"https:\/\/socored.es\/ca\/wp-json\/wp\/v2\/pages\/5855"}],"collection":[{"href":"https:\/\/socored.es\/ca\/wp-json\/wp\/v2\/pages"}],"about":[{"href":"https:\/\/socored.es\/ca\/wp-json\/wp\/v2\/types\/page"}],"author":[{"embeddable":true,"href":"https:\/\/socored.es\/ca\/wp-json\/wp\/v2\/users\/1"}],"replies":[{"embeddable":true,"href":"https:\/\/socored.es\/ca\/wp-json\/wp\/v2\/comments?post=5855"}],"version-history":[{"count":3,"href":"https:\/\/socored.es\/ca\/wp-json\/wp\/v2\/pages\/5855\/revisions"}],"predecessor-version":[{"id":6244,"href":"https:\/\/socored.es\/ca\/wp-json\/wp\/v2\/pages\/5855\/revisions\/6244"}],"wp:attachment":[{"href":"https:\/\/socored.es\/ca\/wp-json\/wp\/v2\/media?parent=5855"}],"curies":[{"name":"wp","href":"https:\/\/api.w.org\/{rel}","templated":true}]}}