{"id":5861,"date":"2021-04-13T09:04:34","date_gmt":"2021-04-13T09:04:34","guid":{"rendered":"http:\/\/socored.es\/monitoratge-dinfraestructures\/"},"modified":"2021-04-27T14:43:33","modified_gmt":"2021-04-27T14:43:33","slug":"monitoratge-dinfraestructures","status":"publish","type":"page","link":"https:\/\/socored.es\/ca\/monitoratge-dinfraestructures\/","title":{"rendered":"Monitoratge d&#8217;infraestructures"},"content":{"rendered":"<div class=\"wpb-content-wrapper\"><p>[vc_row css=&#8221;.vc_custom_1612349518442{background: #ff9100 url(http:\/\/socored.es\/wp-content\/uploads\/2021\/01\/socored-background.png?id=3695) !important;background-position: center !important;background-repeat: no-repeat !important;background-size: cover !important;}&#8221;][vc_column][vc_empty_space height=&#8221;85&#8243;][vc_column_text]<\/p>\n<p style=\"text-align: center; color: white; margin-bottom: -15px;\">Data Center<\/p>\n<h1 style=\"text-align: center; color: white;\">MONITORATGE D\u2019INFRAESTRUCTURES<\/h1>\n<p>[\/vc_column_text][vc_empty_space height=&#8221;80&#8243;][\/vc_column][\/vc_row][vc_row content_width=&#8221;grid&#8221; css=&#8221;.vc_custom_1618303988985{background-color: #ffffff !important;background-position: center !important;background-repeat: no-repeat !important;background-size: cover !important;}&#8221;][vc_column][vc_row_inner css=&#8221;.vc_custom_1618303997164{background-color: #ffffff !important;}&#8221;][vc_column_inner offset=&#8221;vc_hidden-sm vc_hidden-xs&#8221;][vc_empty_space height=&#8221;50&#8243;][vc_single_image image=&#8221;5858&#8243; img_size=&#8221;full&#8221; alignment=&#8221;center&#8221;][vc_column_text css=&#8221;.vc_custom_1618304307553{background-color: #ffffff !important;}&#8221;]<\/p>\n<h2 style=\"text-align: center;\">EL\u00a0SISTEMA DE MONITORATGE<\/h2>\n<p>[\/vc_column_text][\/vc_column_inner][\/vc_row_inner][vc_empty_space height=&#8221;30&#8243;][vc_single_image image=&#8221;4160&#8243; img_size=&#8221;full&#8221; css=&#8221;.vc_custom_1618303794860{background-color: #eaeaea !important;}&#8221;][\/vc_column][\/vc_row][vc_row content_width=&#8221;grid&#8221; css=&#8221;.vc_custom_1618303135945{background-color: #ffffff !important;}&#8221;][vc_column][vc_empty_space height=&#8221;60&#8243;][\/vc_column][\/vc_row][vc_row content_width=&#8221;grid&#8221; css=&#8221;.vc_custom_1618303328340{background-color: #ffffff !important;}&#8221;][vc_column width=&#8221;1\/4&#8243; css=&#8221;.vc_custom_1618303356438{background-color: #ffffff !important;}&#8221;][vc_single_image image=&#8221;4162&#8243; img_size=&#8221;full&#8221; alignment=&#8221;center&#8221;][vc_empty_space height=&#8221;20&#8243;][\/vc_column][vc_column width=&#8221;3\/4&#8243;][vc_column_text]<\/p>\n<h4><strong>SSistemes de Monitoratge d\u2019Infraestructures i Gesti\u00f3 del CPD<\/strong><\/h4>\n<section class=\"av_textblock_section\">\n<div class=\"avia_textblock \">\n<p>El Sistema de monitoratge de senyals i alarmes de les infraestructures ens mostra i gestiona la informaci\u00f3 en temps real de l\u2019estat de les diferents infraestructures i equipaments del CPD. Les dades es recopilen mitjan\u00e7ant sondes o sensors i una unitat de proc\u00e9s es mostra a l\u2019usuari de diverses formes.<\/p>\n<\/div>\n<\/section>\n<div class=\"av_promobox avia-button-no avia-builder-el-16 el_after_av_textblock el_before_av_textblock \">\n<div class=\"avia-promocontent\"><\/div>\n<\/div>\n<p>[\/vc_column_text][vc_empty_space height=&#8221;40&#8243;][\/vc_column][\/vc_row][vc_row content_width=&#8221;grid&#8221;][vc_column width=&#8221;1\/4&#8243;][vc_single_image image=&#8221;4161&#8243; img_size=&#8221;full&#8221; alignment=&#8221;center&#8221;][vc_empty_space height=&#8221;20&#8243;][\/vc_column][vc_column width=&#8221;3\/4&#8243;][vc_column_text]<\/p>\n<h4><strong>Els principals sistemes monitoritzats en l\u2019entorn CPD s\u00f3n els seg\u00fcents:<\/strong><\/h4>\n<ul>\n<li>Infraestructures el\u00e8ctriques: Quadres el\u00e8ctrics, SAIs, grups electr\u00f2gens, etc.<\/li>\n<li>Infraestructures de climatitzaci\u00f3: Unitats interiors, Grups de Bombes, refredadores, Impulsi\u00f3 i tornada de l\u2019Aire, Impulsi\u00f3 i tornada de l\u2019Aigua<\/li>\n<li>Control Ambiental: Temperatura i humitat Sala, interior de racks, punts calents<\/li>\n<li>Sistemes de detecci\u00f3 preco\u00e7, detecci\u00f3 convencional i extinci\u00f3 d\u2019incendis<\/li>\n<li>Sistemes de control d\u2019accessos i sistemes de seguretat CCTV<\/li>\n<li>Sistemes de control de fuites de l\u00edquids<\/li>\n<li>Altres equips i sistemes<\/li>\n<\/ul>\n<p>[\/vc_column_text][vc_empty_space height=&#8221;40&#8243;][\/vc_column][\/vc_row][vc_row content_width=&#8221;grid&#8221;][vc_column][vc_empty_space height=&#8221;20&#8243;][vc_column_text]La informaci\u00f3 recopilada ha de ser transmesa de forma immediata per tal que els interessats puguin intervenir. Les maneres m\u00e9s habituals s\u00f3n mitjan\u00e7ant IP Webserver, enviament d\u2019e-mail, enviament de SMS, enviament de traps i centralitzaci\u00f3 en gestors d\u2019edificis, etc.<\/p>\n<p>Algunes de les alarmes han de ser capaces d\u2019interactuar amb altres equips per a la minimitzaci\u00f3 de danys com pot ser l\u2019apagat autom\u00e0tic de servidors (Shut Down), actuaci\u00f3 de contactors i rellegeixes i actuaci\u00f3 en electre v\u00e0lvules.<\/p>\n<p>Caracter\u00edstiques com el registre de logs han de ser considerades per a tenir un control sobre els esdeveniments ocorreguts.[\/vc_column_text][vc_empty_space height=&#8221;40&#8243;][\/vc_column][\/vc_row][vc_row content_width=&#8221;grid&#8221;][vc_column][vc_empty_space height=&#8221;20&#8243;][vc_column_text]<\/p>\n<h4><strong>Els principals beneficis d\u2019aquest sistema de monitoratge centralitzat per al client s\u00f3n:<\/strong><\/h4>\n<ul>\n<li>\u00a0Informaci\u00f3 de forma cont\u00ednua i en temps real de l\u2019estat dels sistemes del CPD<\/li>\n<li>Control dels esdeveniments en un registre<\/li>\n<li>Major disponibilitat dels sistemes en estar monitoritzats de manera cont\u00ednua<\/li>\n<li>Anticipaci\u00f3 davant possibles incid\u00e8ncies<\/li>\n<li>Disminuci\u00f3 del temps de resposta en cas d\u2019incident mitjan\u00e7ant l\u2019enviament instantani d\u2019alarmes i avisos<\/li>\n<\/ul>\n<p>[\/vc_column_text][vc_empty_space height=&#8221;40&#8243;][\/vc_column][\/vc_row][vc_row css=&#8221;.vc_custom_1614004483997{margin-bottom: -60px !important;}&#8221;][vc_column][vc_row_inner][vc_column_inner offset=&#8221;vc_hidden-lg vc_hidden-md&#8221;][vc_empty_space height=&#8221;80&#8243;][\/vc_column_inner][\/vc_row_inner][vc_empty_space height=&#8221;80&#8243;][\/vc_column][\/vc_row]<\/p>\n<\/div>","protected":false},"excerpt":{"rendered":"<p>[vc_row css=&#8221;.vc_custom_1612349518442{background: #ff9100 url(http:\/\/socored.es\/wp-content\/uploads\/2021\/01\/socored-background.png?id=3695) !important;background-position: center !important;background-repeat: no-repeat !important;background-size: cover !important;}&#8221;][vc_column][vc_empty_space height=&#8221;85&#8243;][vc_column_text] Data Center MONITORATGE D\u2019INFRAESTRUCTURES [\/vc_column_text][vc_empty_space height=&#8221;80&#8243;][\/vc_column][\/vc_row][vc_row content_width=&#8221;grid&#8221; css=&#8221;.vc_custom_1618303988985{background-color: #ffffff !important;background-position: center !important;background-repeat: no-repeat !important;background-size: cover&#8230;<\/p>\n","protected":false},"author":1,"featured_media":0,"parent":0,"menu_order":0,"comment_status":"closed","ping_status":"closed","template":"full-width.php","meta":[],"_links":{"self":[{"href":"https:\/\/socored.es\/ca\/wp-json\/wp\/v2\/pages\/5861"}],"collection":[{"href":"https:\/\/socored.es\/ca\/wp-json\/wp\/v2\/pages"}],"about":[{"href":"https:\/\/socored.es\/ca\/wp-json\/wp\/v2\/types\/page"}],"author":[{"embeddable":true,"href":"https:\/\/socored.es\/ca\/wp-json\/wp\/v2\/users\/1"}],"replies":[{"embeddable":true,"href":"https:\/\/socored.es\/ca\/wp-json\/wp\/v2\/comments?post=5861"}],"version-history":[{"count":3,"href":"https:\/\/socored.es\/ca\/wp-json\/wp\/v2\/pages\/5861\/revisions"}],"predecessor-version":[{"id":6209,"href":"https:\/\/socored.es\/ca\/wp-json\/wp\/v2\/pages\/5861\/revisions\/6209"}],"wp:attachment":[{"href":"https:\/\/socored.es\/ca\/wp-json\/wp\/v2\/media?parent=5861"}],"curies":[{"name":"wp","href":"https:\/\/api.w.org\/{rel}","templated":true}]}}