{"id":5885,"date":"2021-04-13T09:33:38","date_gmt":"2021-04-13T09:33:38","guid":{"rendered":"http:\/\/socored.es\/pdu\/"},"modified":"2021-04-27T09:35:49","modified_gmt":"2021-04-27T09:35:49","slug":"pdu","status":"publish","type":"page","link":"https:\/\/socored.es\/ca\/pdu\/","title":{"rendered":"PDU"},"content":{"rendered":"<div class=\"wpb-content-wrapper\"><p>[vc_row css=&#8221;.vc_custom_1612349518442{background: #ff9100 url(http:\/\/socored.es\/wp-content\/uploads\/2021\/01\/socored-background.png?id=3695) !important;background-position: center !important;background-repeat: no-repeat !important;background-size: cover !important;}&#8221;][vc_column][vc_empty_space height=&#8221;85&#8243;][vc_column_text]<\/p>\n<p style=\"text-align: center; color: white; margin-bottom: -15px;\">Equipamientos IT<\/p>\n<h1 style=\"text-align: center; color: white;\">PDU (POWER DISTRIBUTION UNITS)<\/h1>\n<p>[\/vc_column_text][vc_empty_space height=&#8221;80&#8243;][\/vc_column][\/vc_row][vc_row content_width=&#8221;grid&#8221; css=&#8221;.vc_custom_1613571711468{background-position: center !important;background-repeat: no-repeat !important;background-size: cover !important;}&#8221;][vc_column][vc_row_inner][vc_column_inner offset=&#8221;vc_hidden-sm vc_hidden-xs&#8221;][vc_empty_space height=&#8221;40&#8243;][vc_single_image image=&#8221;5882&#8243; img_size=&#8221;full&#8221; alignment=&#8221;center&#8221;][\/vc_column_inner][\/vc_row_inner][vc_empty_space height=&#8221;40&#8243;][vc_column_text]<\/p>\n<h2 style=\"text-align: center;\">LES UNITATS DE DISTRIBUCI\u00d3 D\u2019ALIMENTACI\u00d3<\/h2>\n<p>[\/vc_column_text][vc_empty_space height=&#8221;40&#8243;][\/vc_column][\/vc_row][vc_row content_width=&#8221;grid&#8221;][vc_column width=&#8221;2\/12&#8243;][\/vc_column][vc_column width=&#8221;2\/12&#8243;][vc_single_image image=&#8221;4396&#8243; img_size=&#8221;full&#8221; alignment=&#8221;center&#8221;][vc_empty_space height=&#8221;40&#8243;][\/vc_column][vc_column width=&#8221;6\/12&#8243;][vc_empty_space height=&#8221;40&#8243;][vc_column_text]Les unitats de distribuci\u00f3 d\u2019alimentaci\u00f3 monof\u00e0siques o trif\u00e0siques\u00a0<strong>ofereixen control de l\u2019estat i informaci\u00f3 de pot\u00e8ncia.<\/strong>.<\/p>\n<p>Gr\u00e0cies a les PDU intel\u00b7ligents tindr\u00e0 visi\u00f3 de l\u2019estat aix\u00ed com la capacitat energ\u00e8tica que disposa, reduint el risc de sobrec\u00e0rregues en les l\u00ednies d\u2019alimentaci\u00f3.<\/p>\n<p>Inclouen models amb capacitat de gesti\u00f3 i mesura individual de cada presa de corrent i fins a 22kW de pot\u00e8ncia per regleta.<\/p>\n<p>Models amb interf\u00edcie Web inclosa per poder visualitzar el seu estat des de qualsevol navegador.[\/vc_column_text][vc_empty_space height=&#8221;40&#8243;][\/vc_column][vc_column width=&#8221;2\/12&#8243;][\/vc_column][\/vc_row][vc_row][vc_column offset=&#8221;vc_hidden-lg vc_hidden-md&#8221;][vc_empty_space height=&#8221;70&#8243;][\/vc_column][\/vc_row]<\/p>\n<\/div>","protected":false},"excerpt":{"rendered":"<p>[vc_row css=&#8221;.vc_custom_1612349518442{background: #ff9100 url(http:\/\/socored.es\/wp-content\/uploads\/2021\/01\/socored-background.png?id=3695) !important;background-position: center !important;background-repeat: no-repeat !important;background-size: cover !important;}&#8221;][vc_column][vc_empty_space height=&#8221;85&#8243;][vc_column_text] Equipamientos IT PDU (POWER DISTRIBUTION UNITS) [\/vc_column_text][vc_empty_space height=&#8221;80&#8243;][\/vc_column][\/vc_row][vc_row content_width=&#8221;grid&#8221; css=&#8221;.vc_custom_1613571711468{background-position: center !important;background-repeat: no-repeat !important;background-size: cover&#8230;<\/p>\n","protected":false},"author":1,"featured_media":0,"parent":0,"menu_order":0,"comment_status":"closed","ping_status":"closed","template":"full-width.php","meta":[],"_links":{"self":[{"href":"https:\/\/socored.es\/ca\/wp-json\/wp\/v2\/pages\/5885"}],"collection":[{"href":"https:\/\/socored.es\/ca\/wp-json\/wp\/v2\/pages"}],"about":[{"href":"https:\/\/socored.es\/ca\/wp-json\/wp\/v2\/types\/page"}],"author":[{"embeddable":true,"href":"https:\/\/socored.es\/ca\/wp-json\/wp\/v2\/users\/1"}],"replies":[{"embeddable":true,"href":"https:\/\/socored.es\/ca\/wp-json\/wp\/v2\/comments?post=5885"}],"version-history":[{"count":2,"href":"https:\/\/socored.es\/ca\/wp-json\/wp\/v2\/pages\/5885\/revisions"}],"predecessor-version":[{"id":5887,"href":"https:\/\/socored.es\/ca\/wp-json\/wp\/v2\/pages\/5885\/revisions\/5887"}],"wp:attachment":[{"href":"https:\/\/socored.es\/ca\/wp-json\/wp\/v2\/media?parent=5885"}],"curies":[{"name":"wp","href":"https:\/\/api.w.org\/{rel}","templated":true}]}}