{"id":5891,"date":"2021-04-13T09:38:36","date_gmt":"2021-04-13T09:38:36","guid":{"rendered":"http:\/\/socored.es\/politica-de-cookies\/"},"modified":"2021-04-27T09:37:34","modified_gmt":"2021-04-27T09:37:34","slug":"politica-de-cookies","status":"publish","type":"page","link":"https:\/\/socored.es\/ca\/politica-de-cookies\/","title":{"rendered":"Pol\u00edtica de cookies"},"content":{"rendered":"<div class=\"wpb-content-wrapper\"><p>[vc_row css=&#8221;.vc_custom_1612349518442{background: #ff9100 url(http:\/\/socored.es\/wp-content\/uploads\/2021\/01\/socored-background.png?id=3695) !important;background-position: center !important;background-repeat: no-repeat !important;background-size: cover !important;}&#8221;][vc_column][vc_empty_space height=&#8221;85&#8243;][vc_column_text]<\/p>\n<h1 style=\"text-align: center; color: white;\">Pol\u00edtica de Cookies<\/h1>\n<p>[\/vc_column_text][vc_empty_space height=&#8221;80&#8243;][\/vc_column][\/vc_row][vc_row content_width=&#8221;grid&#8221; css=&#8221;.vc_custom_1615209913576{background-position: center !important;background-repeat: no-repeat !important;background-size: cover !important;}&#8221;][vc_column][vc_empty_space height=&#8221;80&#8243;][vc_column_text]<\/p>\n<section class=\"av_textblock_section\">\n<div class=\"avia_textblock \">\n<p>El nostre lloc web utilitza una tecnologia anomenada \u2018cookie\u2019, amb la finalitat de poder obtenir informaci\u00f3 sobre l\u2019\u00fas del lloc web, millorar l\u2019experi\u00e8ncia de l\u2019usuari i garantir el seu correcte funcionament.<\/p>\n<p><strong><u>Definici\u00f3 de Cookie<\/u><\/strong><\/p>\n<p>Una \u2018cookie\u2019 \u00e9s un petit fragment de text que els llocs web envien al navegador i que s\u2019emmagatzemen en el terminal de l\u2019usuari, (ordinador o dispositiu m\u00f2bil). Aquests arxius tenen la finalitat d\u2019emmagatzemar dades que podran ser actualitzades i recuperades per l\u2019entitat responsable de la seva instal\u00b7laci\u00f3. Aix\u00ed, cada vegada que l\u2019usuari torna a visitar el mateix lloc web, l\u2019explorador recupera l\u2019arxiu i l\u2019envia al servidor del lloc web. Les cookies tenen diverses funcions entre les que s\u2019inclouen, la de recollir informaci\u00f3 sobre les prefer\u00e8ncies de l\u2019usuari i recordar-la, i en general, facilitar l\u2019\u00fas del lloc web a l\u2019usuari fent que el lloc sigui m\u00e9s \u00fatil al personalitzar el seu contingut.<\/p>\n<p>Les cookies es poden classificar en base a diferents par\u00e0metres:<\/p>\n<ol>\n<li><strong>Titularitat:\u00a0<\/strong>cookies pr\u00f2pies i cookies de tercers: depenent de quina sigui l\u2019entitat que gestioni el domini des d\u2019on s\u2019envien les cookies i es tractin les dades que s\u2019obtinguin.<\/li>\n<li><strong>Durada:\u00a0<\/strong>cookies de sessi\u00f3 i cookies persistents: d\u2019acord amb el termini de temps que romanen emmagatzemades al terminal de l\u2019usuari.<\/li>\n<li><strong>Finalitat:\u00a0<\/strong>cookies t\u00e8cniques, cookies de personalitzaci\u00f3, cookies d\u2019an\u00e0lisi, cookies publicit\u00e0ries, cookies de publicitat comportamental: d\u2019acord amb la finalitat per a la qual es tractin les dades obtingudes.<\/li>\n<\/ol>\n<ul>\n<li>\n<ul>\n<li><u>Cookies t\u00e8cniques:\u00a0<\/u>S\u00f3n aquelles que permeten a l\u2019usuari la navegaci\u00f3 a trav\u00e9s de la p\u00e0gina web o aplicaci\u00f3 i la utilitzaci\u00f3 de les diferents opcions o serveis que en ella existeixen. Per exemple, controlar el tr\u00e0nsit i la comunicaci\u00f3 de dades , identificar la sessi\u00f3 o accedir a les parts web d\u2019acc\u00e9s restringit.<\/li>\n<li><u>Cookies de personalitzaci\u00f3\u00a0<\/u>S\u00f3n aquelles que permeten a l\u2019usuari accedir al servei amb algunes caracter\u00edstiques de car\u00e0cter general predefinides en el seu terminal o que el propi usuari defineixi. Per exemple, l\u2019idioma , el tipus de navegador a trav\u00e9s del qual accedeix al servei o el disseny de continguts seleccionat.<\/li>\n<li><u>Cookies d\u2019an\u00e0lisi\u00a0<\/u>S\u00f3n aquelles que o b\u00e9 tractades per nosaltres o per tercers, ens permeten quantificar el nombre d\u2019usuaris i aix\u00ed realitzar l\u2019an\u00e0lisi estad\u00edstic de la utilitzaci\u00f3 que fan els usuaris del servei ofert. Per aix\u00f2 s\u2019analitza la seva navegaci\u00f3 a la nostra p\u00e0gina web per tal de millorar l\u2019oferta de productes o serveis que li oferim.<\/li>\n<li><u>Cookies publicit\u00e0ries\u00a0<\/u>S\u00f3n aquelles que permeten la gesti\u00f3, de la forma m\u00e9s efica\u00e7 possible, dels espais publicitaris que, si escau, l\u2019editor hagi incl\u00f2s en una p\u00e0gina web, aplicaci\u00f3 o plataforma des de la qual presta el servei sol\u00b7licitat sobre la base de criteris com el contingut editat o la freq\u00fc\u00e8ncia en a qual es mostren els anuncis.<\/li>\n<li><u>Cookies de publicitat comportamental\u00a0<\/u>S\u00f3n aquelles que permeten la gesti\u00f3, de la manera m\u00e9s efica\u00e7 possible, dels espais publicitaris que, si escau, l\u2019editor hagi incl\u00f2s en una p\u00e0gina web, aplicaci\u00f3 o plataforma des de la que presta el servei sol\u00b7licitat. Aquestes cookies emmagatzemen informaci\u00f3 del comportament dels usuaris obtinguda a trav\u00e9s de l\u2019observaci\u00f3 continuada dels seus h\u00e0bits de navegaci\u00f3, el que permet desenvolupar un perfil espec\u00edfic per mostrar publicitat en funci\u00f3 del mateix.<\/li>\n<\/ul>\n<\/li>\n<\/ul>\n<p>&nbsp;<\/p>\n<p><strong><u>Cookies utilitzades al nostre lloc web<\/u><\/strong><\/p>\n<p>El nostre lloc web utilitza tant cookies pr\u00f2pies, que s\u00f3n les enviades al seu dispositiu i gestionades exclusivament per nosaltres per al millor funcionament del lloc web, com cookies de tercers, amb la funci\u00f3 de servir-nos com a eina d\u2019an\u00e0lisis de la interacci\u00f3 dels usuaris amb la nostra web, gr\u00e0cies a elles obtenim una informaci\u00f3 que pot ajudar-nos a millorar la navegaci\u00f3 i donar un millor servei als usuaris.<\/p>\n<p>El nostre lloc web fa servir tant cookies temporals de sessi\u00f3 com cookies persistents. Les cookies de sessi\u00f3 emmagatzemen dades \u00fanicament mentre l\u2019usuari accedeix a la web i les cookies persistents emmagatzemen les dades en el terminal perqu\u00e8 siguin accedides i utilitzades en m\u00e9s d\u2019una sessi\u00f3.<\/p>\n<p>Concretament les cookies que utilitzades al nostre lloc web s\u00f3n:<\/p>\n<p><strong>Cookies pr\u00f2pies:\u00a0<\/strong>Les cookies pr\u00f2pies que fem servir en el nostre lloc web s\u00f3n de car\u00e0cter t\u00e8cnic, fonamentals per al funcionament de la web.<\/p>\n<p><strong>Cookies de tercers:<\/strong><\/p>\n<p>&nbsp;<\/p>\n<table>\n<tbody>\n<tr>\n<td><strong>Nom<\/strong><\/td>\n<td><strong>Titular<\/strong><\/td>\n<td><strong>Finalitat<\/strong><\/td>\n<td><strong>Durada<\/strong><\/td>\n<\/tr>\n<tr>\n<td>__utmz, __ utmc, __utma, __utmb,__utmt, __ga, __gat<\/td>\n<td>Google Inc. (Google Analytics)<\/td>\n<td>Analitzen el tr\u00e0nsit d\u2019aquesta web.<\/td>\n<td>Sessi\u00f3 i persistents<\/td>\n<\/tr>\n<\/tbody>\n<\/table>\n<p>&nbsp;<\/p>\n<p>Per obtenir m\u00e9s informaci\u00f3 sobre les cookies i \/ o per a la seva desactivaci\u00f3 pot clicar sobre els enlla\u00e7os que hi ha al nom dels diferents titulars.<\/p>\n<p>Finalment, tamb\u00e9 s\u2019utilitzen galetes de complement (plug-in) per intercanviar continguts socials.<\/p>\n<p><strong><u>Consentiment<\/u><\/strong><\/p>\n<p>Al navegar i continuar al nostre lloc web l\u2019usuari estar\u00e0 consentint l\u2019\u00fas de les cookies abans enunciades, pels terminis assenyalats i en les condicions contingudes en la present Pol\u00edtica de Cookies.<\/p>\n<p>Aix\u00ed mateix, l\u2019informem que si vost\u00e8 consulta continguts de la nostra web allotjats en webs de tercers, aquests tenen la seva pr\u00f2pia pol\u00edtica de cookies.<\/p>\n<p>&nbsp;<\/p>\n<p><strong><u>Retirada del consentiment<\/u><\/strong><\/p>\n<p>L\u2019usuari podr\u00e0 retirar en qualsevol moment el seu consentiment relacionat amb aquesta Pol\u00edtica de Cookies, per aix\u00f2 haur\u00e0 d\u2019eliminar les cookies emmagatzemades en el seu equip utilitzant els ajustaments i configuracions del seu navegador d\u2019Internet.<\/p>\n<p>&nbsp;<\/p>\n<p><strong><u>Modificaci\u00f3 de la configuraci\u00f3 de les cookies<\/u><\/strong><\/p>\n<p>L\u2019usuari pot restringir, bloquejar o esborrar les cookies de qualsevol lloc web, utilitzant el seu navegador. A cada navegador l\u2019operativa \u00e9s diferent, pel que pot consultar als seg\u00fcents enlla\u00e7os la forma de fer-ho<\/p>\n<ul>\n<li><strong>Internet Explorer:\u00a0<\/strong><u>http:\/\/windows.microsoft.com\/es-xl\/internet-explorer\/delete-manage-cookies#ie=ie-11<\/u><\/li>\n<li><strong>FireFox:\u00a0<\/strong><u>https:\/\/support.mozilla.org\/es\/kb\/Borrar%20cookies<\/u><\/li>\n<li><strong>Chrome:\u00a0<\/strong><u>https:\/\/support.google.com\/chrome\/answer\/95647?hl=es<\/u><\/li>\n<li><strong>Safari:\u00a0<\/strong><u>http:\/\/www.apple.com\/legal\/privacy\/es\/cookies\/<\/u><\/li>\n<li><strong>Opera:\u00a0<\/strong><u>http:\/\/help.opera.com\/Linux\/10.50\/en\/cookies.html<\/u><\/li>\n<li><strong>Safari para iOS (dispositivos iPhone y iPad):\u00a0<\/strong><u>http:\/\/help.opera.com\/Linux\/10.50\/en\/cookies.html<\/u><\/li>\n<li><strong>Chrome para Android:\u00a0<\/strong><u>https:\/\/support.google.com\/chrome\/answer\/2392971?hl=es<\/u><\/li>\n<li><strong>Windows Phone:\u00a0<\/strong><u>http:\/\/www.windowsphone.com\/es-es\/how-to\/wp7\/web\/changing-privacy-and-other-browser-<\/u><\/li>\n<\/ul>\n<p>Per obtenir m\u00e9s informaci\u00f3 sobre l\u2019eliminaci\u00f3, deshabilitaci\u00f3 o bloqueig de les cookies tamb\u00e9 pot visitar:<br \/>\n<u>http:\/\/www.aboutcookies.org\/Default.aspx?page=2<\/u><\/p>\n<p>&nbsp;<\/p>\n<p><strong><u>Actualitzaci\u00f3 de la pol\u00edtica de cookies<\/u><\/strong><\/p>\n<p>Aquest lloc web pot modificar aquesta Pol\u00edtica sobre Cookies, per aix\u00f2 li recomanem revisar aquesta pol\u00edtica cada vegada que accedeixi al nostre lloc web per tal d\u2019estar adequadament informat sobre l\u2019\u00fas que fem de les cookies.<\/p>\n<\/div>\n<\/section>\n<p>[\/vc_column_text][vc_empty_space height=&#8221;80&#8243;][\/vc_column][\/vc_row]<\/p>\n<\/div>","protected":false},"excerpt":{"rendered":"<p>[vc_row css=&#8221;.vc_custom_1612349518442{background: #ff9100 url(http:\/\/socored.es\/wp-content\/uploads\/2021\/01\/socored-background.png?id=3695) !important;background-position: center !important;background-repeat: no-repeat !important;background-size: cover !important;}&#8221;][vc_column][vc_empty_space height=&#8221;85&#8243;][vc_column_text] Pol\u00edtica de Cookies [\/vc_column_text][vc_empty_space height=&#8221;80&#8243;][\/vc_column][\/vc_row][vc_row content_width=&#8221;grid&#8221; css=&#8221;.vc_custom_1615209913576{background-position: center !important;background-repeat: no-repeat !important;background-size: cover !important;}&#8221;][vc_column][vc_empty_space height=&#8221;80&#8243;][vc_column_text] El&#8230;<\/p>\n","protected":false},"author":1,"featured_media":0,"parent":0,"menu_order":0,"comment_status":"closed","ping_status":"closed","template":"full-width.php","meta":[],"_links":{"self":[{"href":"https:\/\/socored.es\/ca\/wp-json\/wp\/v2\/pages\/5891"}],"collection":[{"href":"https:\/\/socored.es\/ca\/wp-json\/wp\/v2\/pages"}],"about":[{"href":"https:\/\/socored.es\/ca\/wp-json\/wp\/v2\/types\/page"}],"author":[{"embeddable":true,"href":"https:\/\/socored.es\/ca\/wp-json\/wp\/v2\/users\/1"}],"replies":[{"embeddable":true,"href":"https:\/\/socored.es\/ca\/wp-json\/wp\/v2\/comments?post=5891"}],"version-history":[{"count":3,"href":"https:\/\/socored.es\/ca\/wp-json\/wp\/v2\/pages\/5891\/revisions"}],"predecessor-version":[{"id":6229,"href":"https:\/\/socored.es\/ca\/wp-json\/wp\/v2\/pages\/5891\/revisions\/6229"}],"wp:attachment":[{"href":"https:\/\/socored.es\/ca\/wp-json\/wp\/v2\/media?parent=5891"}],"curies":[{"name":"wp","href":"https:\/\/api.w.org\/{rel}","templated":true}]}}