{"id":5902,"date":"2021-04-13T10:07:28","date_gmt":"2021-04-13T10:07:28","guid":{"rendered":"http:\/\/socored.es\/projectes-data-center\/"},"modified":"2023-10-25T14:58:34","modified_gmt":"2023-10-25T14:58:34","slug":"projectes-data-center","status":"publish","type":"page","link":"https:\/\/socored.es\/ca\/projectes-data-center\/","title":{"rendered":"Projectes Data Center"},"content":{"rendered":"<div class=\"wpb-content-wrapper\"><p>[vc_row css=&#8221;.vc_custom_1612349518442{background: #ff9100 url(http:\/\/socored.es\/wp-content\/uploads\/2021\/01\/socored-background.png?id=3695) !important;background-position: center !important;background-repeat: no-repeat !important;background-size: cover !important;}&#8221;][vc_column][vc_empty_space height=&#8221;85&#8243;][vc_column_text]<\/p>\n<p style=\"text-align: center; color: white; margin-bottom: -15px;\">Socored IT Solutions<\/p>\n<h1 style=\"text-align: center; color: white;\">ALGUNS DELS NOSTRES PROJECTES<\/h1>\n<p>[\/vc_column_text][vc_empty_space height=&#8221;80&#8243;][\/vc_column][\/vc_row][vc_row content_width=&#8221;grid&#8221; css=&#8221;.vc_custom_1612352412883{background-position: center !important;background-repeat: no-repeat !important;background-size: cover !important;}&#8221;][vc_column][vc_row_inner][vc_column_inner offset=&#8221;vc_hidden-sm vc_hidden-xs&#8221;][vc_empty_space height=&#8221;40px&#8221;][\/vc_column_inner][\/vc_row_inner][vc_empty_space height=&#8221;40px&#8221;][vc_column_text]<\/p>\n<p style=\"text-align: center;\">Aquesta \u00e9s tan sols una mostra dels<strong>centenars de projectes<\/strong>\u00a0que hem desenvolupat per als nostres clients al llarg dels gaireb\u00e9 30 anys que portem treballant en el \u00a0<strong>CPD.<\/strong><\/p>\n<p>[\/vc_column_text][vc_empty_space height=&#8221;40px&#8221;][vc_row_inner][vc_column_inner offset=&#8221;vc_hidden-sm vc_hidden-xs&#8221;][vc_empty_space height=&#8221;40px&#8221;][\/vc_column_inner][\/vc_row_inner][\/vc_column][\/vc_row][vc_row content_width=&#8221;grid&#8221;][vc_column]<div class = \"mkdf-portfolio-list-holder-outer mkdf-ptf-standard mkdf-ptf-with-spaces mkdf-ptf-four-columns\" data-next-page= 2 data-type= standard data-columns= four data-grid-size= three data-order-by= date data-order= DESC data-number= 100 data-image-size= custom data-custom-image-dimensions= 600x320 data-filter= no data-filter-order-by= name data-show-load-more= no data-title-tag= h5 data-show-excerpt= yes  data-max-num-pages = 1><div class = \"mkdf-portfolio-list-holder clearfix\" ><article class=\"mkdf-portfolio-item mix  post-7366 portfolio-item type-portfolio-item status-publish has-post-thumbnail hentry\">\n\t<div itemprop=\"image\" class = \"mkdf-ptf-item-image-holder\">\n\t\t<a itemprop=\"url\" href=\"https:\/\/socored.es\/ca\/portfolio-item\/trasllat-de-rack-i-equipament-it-doficines-de-recursos-humans\/\">\n\t\t\t\t\t\t\t<img src=\"https:\/\/socored.es\/wp-content\/uploads\/2024\/05\/traslado-de-rack-de-oficina-1-600x320.jpg\" alt=\"traslado de rack de oficina\" width=\"600\" height=\"320\" \/>\t\t\t\n\t\t\t<span class=\"mkdf-ptf-item-overlay\" ><\/span>\n\t\t<\/a>\n\t\t<a itemprop=\"url\" href=\"https:\/\/socored.es\/wp-content\/uploads\/2024\/05\/traslado-de-rack-de-oficina-1.jpg\" data-rel=\"prettyPhoto[pretty_photo_gallery]\" class=\"mkdf-ptf-item-overlay-icon\">\n\t\t\t<span aria-hidden=\"true\" class=\"mkdf-icon-font-elegant icon_plus \" ><\/span>\t\t<\/a>\n\t<\/div>\n\t<div class=\"mkdf-ptf-item-text-holder\">\n\t\t<h5 itemprop=\"headline\" class=\"mkdf-ptf-item-title\">\n\t\t\t<a itemprop=\"url\" href=\"https:\/\/socored.es\/ca\/portfolio-item\/trasllat-de-rack-i-equipament-it-doficines-de-recursos-humans\/\">Trasllat de Rack i equipament IT d&#8217;oficines de recursos humans.<\/a>\n\t\t<\/h5>\n\n\t\t\t\t\t<div itemprop=\"description\" class=\"mkdf-ptf-item-excerpt\">\n\t\t\t\t<p>Trasllat de Rack i equipament IT d&#8217;oficines de recursos humans. El trasllat d&#8217;un sistema d&#8217;alimentaci\u00f3 ininterrompuda (SAI), un rack i equipament de tecnologia de la informaci\u00f3 (IT)&#8230;<\/p>\n\t\t\t<\/div>\n\t\t\n\t\t\t\t\t<div class=\"mkdf-ptf-item-bottom\">\n\t\t\t\t\t\t\t\t\t<div class=\"mkdf-ptf-category-holder\"><\/div>\t\t\t\t\n\t\t\t\t\t\t\t\t\t<a href=\"#\" class=\"mkdf-like\" data-type=\"portfolio_list\" id=\"mkdf-like-7366-477\" title=\"Like this\"><\/a>\t\t\t\t\t\t\t<\/div>\n\t\t\t<\/div>\n<\/article>\n<article class=\"mkdf-portfolio-item mix  post-7115 portfolio-item type-portfolio-item status-publish has-post-thumbnail hentry\">\n\t<div itemprop=\"image\" class = \"mkdf-ptf-item-image-holder\">\n\t\t<a itemprop=\"url\" href=\"https:\/\/socored.es\/ca\/portfolio-item\/micro-data-center-dc-itsafe-62ua-a-forvia-vigo\/\">\n\t\t\t\t\t\t\t<img src=\"https:\/\/socored.es\/wp-content\/uploads\/2023\/10\/Micro-Data-Center-DC-ITSafe-62UA-en-Forvia-Vigo-600x320.jpg\" alt=\"Micro Data Center\" width=\"600\" height=\"320\" \/>\t\t\t\n\t\t\t<span class=\"mkdf-ptf-item-overlay\" ><\/span>\n\t\t<\/a>\n\t\t<a itemprop=\"url\" href=\"https:\/\/socored.es\/wp-content\/uploads\/2023\/10\/Micro-Data-Center-DC-ITSafe-62UA-en-Forvia-Vigo.jpg\" data-rel=\"prettyPhoto[pretty_photo_gallery]\" class=\"mkdf-ptf-item-overlay-icon\">\n\t\t\t<span aria-hidden=\"true\" class=\"mkdf-icon-font-elegant icon_plus \" ><\/span>\t\t<\/a>\n\t<\/div>\n\t<div class=\"mkdf-ptf-item-text-holder\">\n\t\t<h5 itemprop=\"headline\" class=\"mkdf-ptf-item-title\">\n\t\t\t<a itemprop=\"url\" href=\"https:\/\/socored.es\/ca\/portfolio-item\/micro-data-center-dc-itsafe-62ua-a-forvia-vigo\/\">Micro Data Center DC-ITSafe 62UA a Forvia Vigo<\/a>\n\t\t<\/h5>\n\n\t\t\t\t\t<div itemprop=\"description\" class=\"mkdf-ptf-item-excerpt\">\n\t\t\t\t<p>[vc_row][vc_column width=&#8221;1\/3&#8243;][vc_single_image image=&#8221;7112&#8243; img_size=&#8221;full&#8221;][\/vc_column][vc_column width=&#8221;2\/3&#8243;][vc_column_text]Nova instal\u00b7laci\u00f3 d&#8217;un Micro Data Center a la f\u00e0brica de components d&#8217;autom\u00f2bil Forvia a Vigo. Recentment hem realitzat una altra nova instal\u00b7laci\u00f3 d&#8217;un&#8230;<\/p>\n\t\t\t<\/div>\n\t\t\n\t\t\t\t\t<div class=\"mkdf-ptf-item-bottom\">\n\t\t\t\t\t\t\t\t\t<div class=\"mkdf-ptf-category-holder\"><\/div>\t\t\t\t\n\t\t\t\t\t\t\t\t\t<a href=\"#\" class=\"mkdf-like\" data-type=\"portfolio_list\" id=\"mkdf-like-7115-778\" title=\"Like this\"><\/a>\t\t\t\t\t\t\t<\/div>\n\t\t\t<\/div>\n<\/article>\n<div class=\"mkdf-ptf-gap\"><\/div><div class=\"mkdf-ptf-gap\"><\/div><div class=\"mkdf-ptf-gap\"><\/div><\/div><\/div>[\/vc_column][\/vc_row][vc_row content_width=&#8221;grid&#8221; css=&#8221;.vc_custom_1612352412883{background-position: center !important;background-repeat: no-repeat !important;background-size: cover !important;}&#8221;][vc_column][vc_row_inner][vc_column_inner offset=&#8221;vc_hidden-sm vc_hidden-xs&#8221;][vc_empty_space height=&#8221;40px&#8221;][\/vc_column_inner][\/vc_row_inner][vc_empty_space height=&#8221;40px&#8221;][vc_column_text]<\/p>\n<h3>Algunes de les empreses i institucions que confien en nosaltres<\/h3>\n<p>[\/vc_column_text][vc_empty_space height=&#8221;40px&#8221;][vc_column_text]<style id=\"wp_carousel_dynamic_css3915\">.sp-wp-carousel-free-id-3915.wpcf-fancybox-wrapper .fancybox-bg{background: #0b0b0b;opacity: 0.8;}.sp-wp-carousel-free-id-3915.wpcf-fancybox-wrapper .fancybox-navigation .fancybox-button .wpcp-fancybox-nav-arrow i {color: #ccc;}.sp-wp-carousel-free-id-3915.wpcf-fancybox-wrapper .fancybox-navigation .fancybox-button .wpcp-fancybox-nav-arrow i:hover {color: #fff;}.sp-wp-carousel-free-id-3915.wpcf-fancybox-wrapper .fancybox-navigation .fancybox-button {background: #1e1e1e;}.sp-wp-carousel-free-id-3915.wpcf-fancybox-wrapper .fancybox-navigation .fancybox-button:hover {background: #1e1e1e;}#sp-wp-carousel-free-id-3915 .wpcp-swiper-dots {margin: 40px 0px 0px 0px;}.wpcp-wrapper-3915 .swiper-wrapper .swiper-slide-kenburn, .wpcp-wrapper-3915 .swiper-wrapper, .wpcp-wrapper-3915 .wpcpro-row{align-items: center;}#sp-wp-carousel-free-id-3915 .wpcp-single-item {box-shadow: 0px 0px 0px 0px #dddddd;transition: all .3s;margin: 0px;}#sp-wp-carousel-free-id-3915.swiper-flip .wpcp-single-item{margin: 0!important;}#sp-wp-carousel-free-id-3915 .wpcp-single-item:hover {box-shadow: 0px 0px 0px 0px #dddddd;}#sp-wp-carousel-free-id-3915.sp-wpcp-3915 .wpcp-single-item {border: 1px solid #dddddd;}#sp-wp-carousel-free-id-3915.sp-wpcp-3915 .swiper-button-prev,#sp-wp-carousel-free-id-3915.sp-wpcp-3915 .swiper-button-next,#sp-wp-carousel-free-id-3915.sp-wpcp-3915 .swiper-button-prev:hover,#sp-wp-carousel-free-id-3915.sp-wpcp-3915 .swiper-button-next:hover {background: none;border: none;font-size: 30px;}#sp-wp-carousel-free-id-3915.sp-wpcp-3915 .swiper-button-prev i,#sp-wp-carousel-free-id-3915.sp-wpcp-3915 .swiper-button-next i {color: #aaa;}#sp-wp-carousel-free-id-3915.sp-wpcp-3915 .swiper-button-prev i:hover,#sp-wp-carousel-free-id-3915.sp-wpcp-3915 .swiper-button-next i:hover {color: #52b3d9;} #sp-wp-carousel-free-id-3915.sp-wpcp-3915.wpcp-image-carousel .wpcp-single-item:hover img, #sp-wp-carousel-free-id-3915.sp-wpcp-3915.wpcp-post-carousel .wpcp-single-item:hover img, #sp-wp-carousel-free-id-3915.sp-wpcp-3915.wpcp-product-carousel .wpcp-single-item:hover img{-webkit-transform: scale(1.2);-moz-transform: scale(1.2);transform: scale(1.2);}@media screen and (max-width: 479px) {#sp-wp-carousel-free-id-3915.nav-vertical-center {padding: 0;margin:0;}#sp-wp-carousel-free-id-3915.nav-vertical-center .wpcp-next-button,#sp-wp-carousel-free-id-3915.nav-vertical-center .wpcp-prev-button {display: none;}}#sp-wp-carousel-free-id-3915 .wpcpro-row>[class*=\"wpcpro-col-\"] { padding: 0 10px; padding-bottom: 20px;} #sp-wp-carousel-free-id-3915 .swiper-slide .single-item-fade:not(:last-child) { margin-right: 20px;}@media (min-width: 480px) { .wpcpro-row .wpcpro-col-sm-1 { flex: 0 0 100%; max-width: 100%; } .wpcpro-row .wpcpro-col-sm-2 { flex: 0 0 50%; max-width: 50%; } .wpcpro-row .wpcpro-col-sm-2-5 { flex: 0 0 75%; max-width: 75%; } .wpcpro-row .wpcpro-col-sm-3 { flex: 0 0 33.333%; max-width: 33.333%; } .wpcpro-row .wpcpro-col-sm-4 { flex: 0 0 25%; max-width: 25%; } .wpcpro-row .wpcpro-col-sm-5 { flex: 0 0 20%; max-width: 20%; } .wpcpro-row .wpcpro-col-sm-6 { flex: 0 0 16.66666666666667%; max-width: 16.66666666666667%; } .wpcpro-row .wpcpro-col-sm-7 { flex: 0 0 14.28571428%; max-width: 14.28571428%; } .wpcpro-row .wpcpro-col-sm-8 { flex: 0 0 12.5%; max-width: 12.5%; } } @media (max-width: 480px) { .wpcpro-row .wpcpro-col-xs-1 { flex: 0 0 100%; max-width: 100%; } .wpcpro-row .wpcpro-col-xs-2 { flex: 0 0 50%; max-width: 50%; } .wpcpro-row .wpcpro-col-xs-3 { flex: 0 0 33.222%; max-width: 33.222%; } .wpcpro-row .wpcpro-col-xs-4 { flex: 0 0 25%; max-width: 25%; } .wpcpro-row .wpcpro-col-xs-5 { flex: 0 0 20%; max-width: 20%; } .wpcpro-row .wpcpro-col-xs-6 { flex: 0 0 16.6667%; max-width: 16.6667%; } .wpcpro-row .wpcpro-col-xs-7 { flex: 0 0 14.28571428%; max-width: 14.28571428%; } .wpcpro-row .wpcpro-col-xs-8 { flex: 0 0 12.5%; max-width: 12.5%; } } @media (min-width: 736px) { .wpcpro-row .wpcpro-col-md-1 { flex: 0 0 100%; max-width: 100%; } .wpcpro-row .wpcpro-col-md-2 { flex: 0 0 50%; max-width: 50%; } .wpcpro-row .wpcpro-col-md-2-5 { flex: 0 0 75%; max-width: 75%; } .wpcpro-row .wpcpro-col-md-3 { flex: 0 0 33.333%; max-width: 33.333%; } .wpcpro-row .wpcpro-col-md-4 { flex: 0 0 25%; max-width: 25%; } .wpcpro-row .wpcpro-col-md-5 { flex: 0 0 20%; max-width: 20%; } .wpcpro-row .wpcpro-col-md-6 { flex: 0 0 16.66666666666667%; max-width: 16.66666666666667%; } .wpcpro-row .wpcpro-col-md-7 { flex: 0 0 14.28571428%; max-width: 14.28571428%; } .wpcpro-row .wpcpro-col-md-8 { flex: 0 0 12.5%; max-width: 12.5%; } } @media (min-width: 980px) { .wpcpro-row .wpcpro-col-lg-1 { flex: 0 0 100%; max-width: 100%; } .wpcpro-row .wpcpro-col-lg-2 { flex: 0 0 50%; max-width: 50%; } .wpcpro-row .wpcpro-col-lg-3 { flex: 0 0 33.222%; max-width: 33.222%; } .wpcpro-row .wpcpro-col-lg-4 { flex: 0 0 25%; max-width: 25%; } .wpcpro-row .wpcpro-col-lg-5 { flex: 0 0 20%; max-width: 20%; } .wpcpro-row .wpcpro-col-lg-6 { flex: 0 0 16.6667%; max-width: 16.6667%; } .wpcpro-row .wpcpro-col-lg-7 { flex: 0 0 14.28571428%; max-width: 14.28571428%; } .wpcpro-row .wpcpro-col-lg-8 { flex: 0 0 12.5%; max-width: 12.5%; } } @media (min-width: 1200px) { .wpcpro-row .wpcpro-col-xl-1 { flex: 0 0 100%; max-width: 100%; } .wpcpro-row .wpcpro-col-xl-2 { flex: 0 0 50%; max-width: 50%; } .wpcpro-row .wpcpro-col-xl-3 { flex: 0 0 33.22222222%; max-width: 33.22222222%; } .wpcpro-row .wpcpro-col-xl-4 { flex: 0 0 25%; max-width: 25%; } .wpcpro-row .wpcpro-col-xl-5 { flex: 0 0 20%; max-width: 20%; } .wpcpro-row .wpcpro-col-xl-6 { flex: 0 0 16.66667%; max-width: 16.66667%; } .wpcpro-row .wpcpro-col-xl-7 { flex: 0 0 14.28571428%; max-width: 14.28571428%; } .wpcpro-row .wpcpro-col-xl-8 { flex: 0 0 12.5%; max-width: 12.5%; } }<\/style><div class=\"wpcp-carousel-wrapper wpcp-wrapper-3915\">\n\t<div id=\"wpcp-preloader-3915\" class=\"wpcp-carousel-preloader\"><img src=\"https:\/\/socored.es\/wp-content\/plugins\/wp-carousel-free\/public\/css\/spinner.svg\" alt=\"Preloader Image\" \/><\/div>\t<div class=\"wpcp-carousel-content-wrapper\">\n\t<div id=\"sp-wp-carousel-free-id-3915\" class=\"wpcp-carousel-section sp-wpcp-3915  nav-vertical-center wpcp-image-carousel wpcp-preloader wpcp-standard\" data-swiper='{ &quot;pagination_type&quot;: &quot;dots&quot;,&quot;accessibility&quot;:true, &quot;spaceBetween&quot;:20, &quot;arrows&quot;:true, &quot;freeMode&quot;: false, &quot;autoplay&quot;:true, &quot;effect&quot;: &quot;slide&quot;, &quot;centerMode&quot;: false, &quot;autoplaySpeed&quot;:3000, &quot;dots&quot;:false, &quot;infinite&quot;:true, &quot;speed&quot;:600, &quot;pauseOnHover&quot;:true,\n\t\t\t&quot;slidesToShow&quot;:{&quot;lg_desktop&quot;:6, &quot;desktop&quot;: 4, &quot;laptop&quot;: 3, &quot;tablet&quot;: 2, &quot;mobile&quot;: 1}, &quot;responsive&quot;:{&quot;desktop&quot;:1200, &quot;laptop&quot;: 980, &quot;tablet&quot;: 736, &quot;mobile&quot;: 480}, &quot;rtl&quot;:false, &quot;lazyLoad&quot;: &quot;false&quot;, &quot;swipe&quot;: true, &quot;draggable&quot;: true, &quot;swipeToSlide&quot;:false }' dir=\"ltr\">\n\t\t<div class=\"swiper-wrapper\">\n\t\t<div class=\"swiper-slide\">\n\t<div class=\"wpcp-single-item\">\n\t\t\t<div class=\"wpcp-slide-image\">\n\t\t<img class=\"skip-lazy\" src=\"https:\/\/socored.es\/wp-content\/uploads\/2021\/02\/Bonpreu.jpg\" alt=\"Bonpreu\" width=\"500\" height=\"300\">\t<\/div>\n\t\t<\/div>\n<\/div>\n\t<div class=\"swiper-slide\">\n\t<div class=\"wpcp-single-item\">\n\t\t\t<div class=\"wpcp-slide-image\">\n\t\t<img class=\"skip-lazy\" src=\"https:\/\/socored.es\/wp-content\/uploads\/2021\/02\/Ayuntamiento-de-Catagena.jpg\" alt=\"Ayuntamiento-de-Catagena\" width=\"500\" height=\"300\">\t<\/div>\n\t\t<\/div>\n<\/div>\n\t<div class=\"swiper-slide\">\n\t<div class=\"wpcp-single-item\">\n\t\t\t<div class=\"wpcp-slide-image\">\n\t\t<img class=\"skip-lazy\" src=\"https:\/\/socored.es\/wp-content\/uploads\/2021\/02\/Ayuntamiento-de-Boadilla-del-Monte.jpg\" alt=\"Ayuntamiento-de-Boadilla-del-Monte\" width=\"500\" height=\"300\">\t<\/div>\n\t\t<\/div>\n<\/div>\n\t<div class=\"swiper-slide\">\n\t<div class=\"wpcp-single-item\">\n\t\t\t<div class=\"wpcp-slide-image\">\n\t\t<img class=\"skip-lazy\" src=\"https:\/\/socored.es\/wp-content\/uploads\/2021\/02\/Ajuntament-de-Terrassa.jpg\" alt=\"Ajuntament-de-Terrassa\" width=\"500\" height=\"300\">\t<\/div>\n\t\t<\/div>\n<\/div>\n\t<div class=\"swiper-slide\">\n\t<div class=\"wpcp-single-item\">\n\t\t\t<div class=\"wpcp-slide-image\">\n\t\t<img class=\"skip-lazy\" src=\"https:\/\/socored.es\/wp-content\/uploads\/2021\/02\/Ajuntament-de-Sant-Vicenc\u0327-dels-Horts.jpg\" alt=\"Ajuntament-de-Sant-Vicenc\u0327-dels-Horts\" width=\"500\" height=\"300\">\t<\/div>\n\t\t<\/div>\n<\/div>\n\t<div class=\"swiper-slide\">\n\t<div class=\"wpcp-single-item\">\n\t\t\t<div class=\"wpcp-slide-image\">\n\t\t<img class=\"skip-lazy\" src=\"https:\/\/socored.es\/wp-content\/uploads\/2021\/02\/Aena.jpg\" alt=\"Aena\" width=\"500\" height=\"300\">\t<\/div>\n\t\t<\/div>\n<\/div>\n\t<div class=\"swiper-slide\">\n\t<div class=\"wpcp-single-item\">\n\t\t\t<div class=\"wpcp-slide-image\">\n\t\t<img class=\"skip-lazy\" src=\"https:\/\/socored.es\/wp-content\/uploads\/2021\/02\/Adea.jpg\" alt=\"Adea\" width=\"500\" height=\"300\">\t<\/div>\n\t\t<\/div>\n<\/div>\n\t<div class=\"swiper-slide\">\n\t<div class=\"wpcp-single-item\">\n\t\t\t<div class=\"wpcp-slide-image\">\n\t\t<img class=\"skip-lazy\" src=\"https:\/\/socored.es\/wp-content\/uploads\/2021\/02\/112.jpg\" alt=\"112\" width=\"500\" height=\"300\">\t<\/div>\n\t\t<\/div>\n<\/div>\n\t<div class=\"swiper-slide\">\n\t<div class=\"wpcp-single-item\">\n\t\t\t<div class=\"wpcp-slide-image\">\n\t\t<img class=\"skip-lazy\" src=\"https:\/\/socored.es\/wp-content\/uploads\/2021\/02\/tv3.jpg\" alt=\"tv3\" width=\"500\" height=\"300\">\t<\/div>\n\t\t<\/div>\n<\/div>\n\t<div class=\"swiper-slide\">\n\t<div class=\"wpcp-single-item\">\n\t\t\t<div class=\"wpcp-slide-image\">\n\t\t<img class=\"skip-lazy\" src=\"https:\/\/socored.es\/wp-content\/uploads\/2021\/02\/Tesoreria-General-de-la-Seguridad-Social.jpg\" alt=\"Tesoreria-General-de-la-Seguridad-Social\" width=\"500\" height=\"300\">\t<\/div>\n\t\t<\/div>\n<\/div>\n\t<div class=\"swiper-slide\">\n\t<div class=\"wpcp-single-item\">\n\t\t\t<div class=\"wpcp-slide-image\">\n\t\t<img class=\"skip-lazy\" src=\"https:\/\/socored.es\/wp-content\/uploads\/2021\/02\/Telefonica.jpg\" alt=\"Telefonica\" width=\"500\" height=\"300\">\t<\/div>\n\t\t<\/div>\n<\/div>\n\t<div class=\"swiper-slide\">\n\t<div class=\"wpcp-single-item\">\n\t\t\t<div class=\"wpcp-slide-image\">\n\t\t<img class=\"skip-lazy\" src=\"https:\/\/socored.es\/wp-content\/uploads\/2021\/02\/Supermercados-Hiper-Usera.jpg\" alt=\"Supermercados-Hiper-Usera\" width=\"500\" height=\"300\">\t<\/div>\n\t\t<\/div>\n<\/div>\n\t<div class=\"swiper-slide\">\n\t<div class=\"wpcp-single-item\">\n\t\t\t<div class=\"wpcp-slide-image\">\n\t\t<img class=\"skip-lazy\" src=\"https:\/\/socored.es\/wp-content\/uploads\/2021\/02\/Senado.jpg\" alt=\"Senado\" width=\"500\" height=\"300\">\t<\/div>\n\t\t<\/div>\n<\/div>\n\t<div class=\"swiper-slide\">\n\t<div class=\"wpcp-single-item\">\n\t\t\t<div class=\"wpcp-slide-image\">\n\t\t<img class=\"skip-lazy\" src=\"https:\/\/socored.es\/wp-content\/uploads\/2021\/02\/Puerto-de-Santander.jpg\" alt=\"Puerto-de-Santander\" width=\"500\" height=\"300\">\t<\/div>\n\t\t<\/div>\n<\/div>\n\t<div class=\"swiper-slide\">\n\t<div class=\"wpcp-single-item\">\n\t\t\t<div class=\"wpcp-slide-image\">\n\t\t<img class=\"skip-lazy\" src=\"https:\/\/socored.es\/wp-content\/uploads\/2021\/02\/Ports-de-Balears.jpg\" alt=\"Ports-de-Balears\" width=\"500\" height=\"300\">\t<\/div>\n\t\t<\/div>\n<\/div>\n\t<div class=\"swiper-slide\">\n\t<div class=\"wpcp-single-item\">\n\t\t\t<div class=\"wpcp-slide-image\">\n\t\t<img class=\"skip-lazy\" src=\"https:\/\/socored.es\/wp-content\/uploads\/2021\/02\/Novartis.jpg\" alt=\"Novartis\" width=\"500\" height=\"300\">\t<\/div>\n\t\t<\/div>\n<\/div>\n\t<div class=\"swiper-slide\">\n\t<div class=\"wpcp-single-item\">\n\t\t\t<div class=\"wpcp-slide-image\">\n\t\t<img class=\"skip-lazy\" src=\"https:\/\/socored.es\/wp-content\/uploads\/2021\/02\/Metro.jpg\" alt=\"Metro\" width=\"500\" height=\"300\">\t<\/div>\n\t\t<\/div>\n<\/div>\n\t<div class=\"swiper-slide\">\n\t<div class=\"wpcp-single-item\">\n\t\t\t<div class=\"wpcp-slide-image\">\n\t\t<img class=\"skip-lazy\" src=\"https:\/\/socored.es\/wp-content\/uploads\/2021\/02\/Mercabarna.jpg\" alt=\"Mercabarna\" width=\"500\" height=\"300\">\t<\/div>\n\t\t<\/div>\n<\/div>\n\t<div class=\"swiper-slide\">\n\t<div class=\"wpcp-single-item\">\n\t\t\t<div class=\"wpcp-slide-image\">\n\t\t<img class=\"skip-lazy\" src=\"https:\/\/socored.es\/wp-content\/uploads\/2021\/02\/La-Sirena.jpg\" alt=\"La-Sirena\" width=\"500\" height=\"300\">\t<\/div>\n\t\t<\/div>\n<\/div>\n\t<div class=\"swiper-slide\">\n\t<div class=\"wpcp-single-item\">\n\t\t\t<div class=\"wpcp-slide-image\">\n\t\t<img class=\"skip-lazy\" src=\"https:\/\/socored.es\/wp-content\/uploads\/2021\/02\/Izasa.jpg\" alt=\"Izasa\" width=\"500\" height=\"300\">\t<\/div>\n\t\t<\/div>\n<\/div>\n\t<div class=\"swiper-slide\">\n\t<div class=\"wpcp-single-item\">\n\t\t\t<div class=\"wpcp-slide-image\">\n\t\t<img class=\"skip-lazy\" src=\"https:\/\/socored.es\/wp-content\/uploads\/2021\/02\/Incasol.jpg\" alt=\"Incasol\" width=\"500\" height=\"300\">\t<\/div>\n\t\t<\/div>\n<\/div>\n\t<div class=\"swiper-slide\">\n\t<div class=\"wpcp-single-item\">\n\t\t\t<div class=\"wpcp-slide-image\">\n\t\t<img class=\"skip-lazy\" src=\"https:\/\/socored.es\/wp-content\/uploads\/2021\/02\/IBM.jpg\" alt=\"IBM\" width=\"500\" height=\"300\">\t<\/div>\n\t\t<\/div>\n<\/div>\n\t<div class=\"swiper-slide\">\n\t<div class=\"wpcp-single-item\">\n\t\t\t<div class=\"wpcp-slide-image\">\n\t\t<img class=\"skip-lazy\" src=\"https:\/\/socored.es\/wp-content\/uploads\/2021\/02\/Iberpotash.jpg\" alt=\"Iberpotash\" width=\"500\" height=\"300\">\t<\/div>\n\t\t<\/div>\n<\/div>\n\t<div class=\"swiper-slide\">\n\t<div class=\"wpcp-single-item\">\n\t\t\t<div class=\"wpcp-slide-image\">\n\t\t<img class=\"skip-lazy\" src=\"https:\/\/socored.es\/wp-content\/uploads\/2021\/02\/HM.jpg\" alt=\"HM\" width=\"500\" height=\"300\">\t<\/div>\n\t\t<\/div>\n<\/div>\n\t<div class=\"swiper-slide\">\n\t<div class=\"wpcp-single-item\">\n\t\t\t<div class=\"wpcp-slide-image\">\n\t\t<img class=\"skip-lazy\" src=\"https:\/\/socored.es\/wp-content\/uploads\/2021\/02\/Gobierno-de-Espan\u0303a-Ministerio-del-Interior.jpg\" alt=\"Gobierno-de-Espan\u0303a-Ministerio-del-Interior\" width=\"500\" height=\"300\">\t<\/div>\n\t\t<\/div>\n<\/div>\n\t<div class=\"swiper-slide\">\n\t<div class=\"wpcp-single-item\">\n\t\t\t<div class=\"wpcp-slide-image\">\n\t\t<img class=\"skip-lazy\" src=\"https:\/\/socored.es\/wp-content\/uploads\/2021\/02\/Gobierno-de-Espan\u0303a-Ministerio-de-Justi\u0301cia.jpg\" alt=\"Gobierno-de-Espan\u0303a-Ministerio-de-Justi\u0301cia\" width=\"500\" height=\"300\">\t<\/div>\n\t\t<\/div>\n<\/div>\n\t<div class=\"swiper-slide\">\n\t<div class=\"wpcp-single-item\">\n\t\t\t<div class=\"wpcp-slide-image\">\n\t\t<img class=\"skip-lazy\" src=\"https:\/\/socored.es\/wp-content\/uploads\/2021\/02\/Gobierno-de-Espan\u0303a-Ministerio-de-Asuntos-Exteriores-y-Cooperacio\u0301n.jpg\" alt=\"Gobierno-de-Espan\u0303a-Ministerio-de-Asuntos-Exteriores-y-Cooperacio\u0301n\" width=\"500\" height=\"300\">\t<\/div>\n\t\t<\/div>\n<\/div>\n\t<div class=\"swiper-slide\">\n\t<div class=\"wpcp-single-item\">\n\t\t\t<div class=\"wpcp-slide-image\">\n\t\t<img class=\"skip-lazy\" src=\"https:\/\/socored.es\/wp-content\/uploads\/2021\/02\/Gobierno-de-Espan\u0303a-Ministerio-de-Administraciones-Pu\u0301blicas.jpg\" alt=\"Gobierno-de-Espan\u0303a-Ministerio-de-Administraciones-Pu\u0301blicas\" width=\"500\" height=\"300\">\t<\/div>\n\t\t<\/div>\n<\/div>\n\t<div class=\"swiper-slide\">\n\t<div class=\"wpcp-single-item\">\n\t\t\t<div class=\"wpcp-slide-image\">\n\t\t<img class=\"skip-lazy\" src=\"https:\/\/socored.es\/wp-content\/uploads\/2021\/02\/Generalitat-de-Catalunya.jpg\" alt=\"Generalitat-de-Catalunya\" width=\"500\" height=\"300\">\t<\/div>\n\t\t<\/div>\n<\/div>\n\t<div class=\"swiper-slide\">\n\t<div class=\"wpcp-single-item\">\n\t\t\t<div class=\"wpcp-slide-image\">\n\t\t<img class=\"skip-lazy\" src=\"https:\/\/socored.es\/wp-content\/uploads\/2021\/02\/Ferrocarrils-de-la-Generalitat-de-Catalunya.jpg\" alt=\"Ferrocarrils-de-la-Generalitat-de-Catalunya\" width=\"500\" height=\"300\">\t<\/div>\n\t\t<\/div>\n<\/div>\n\t<div class=\"swiper-slide\">\n\t<div class=\"wpcp-single-item\">\n\t\t\t<div class=\"wpcp-slide-image\">\n\t\t<img class=\"skip-lazy\" src=\"https:\/\/socored.es\/wp-content\/uploads\/2021\/02\/Faurecia.jpg\" alt=\"Faurecia\" width=\"500\" height=\"300\">\t<\/div>\n\t\t<\/div>\n<\/div>\n\t<div class=\"swiper-slide\">\n\t<div class=\"wpcp-single-item\">\n\t\t\t<div class=\"wpcp-slide-image\">\n\t\t<img class=\"skip-lazy\" src=\"https:\/\/socored.es\/wp-content\/uploads\/2021\/02\/European-Software-Institute.jpg\" alt=\"European-Software-Institute\" width=\"500\" height=\"300\">\t<\/div>\n\t\t<\/div>\n<\/div>\n\t<div class=\"swiper-slide\">\n\t<div class=\"wpcp-single-item\">\n\t\t\t<div class=\"wpcp-slide-image\">\n\t\t<img class=\"skip-lazy\" src=\"https:\/\/socored.es\/wp-content\/uploads\/2021\/02\/El-Corte-Ingle\u0301s.jpg\" alt=\"El-Corte-Ingle\u0301s\" width=\"500\" height=\"300\">\t<\/div>\n\t\t<\/div>\n<\/div>\n\t<div class=\"swiper-slide\">\n\t<div class=\"wpcp-single-item\">\n\t\t\t<div class=\"wpcp-slide-image\">\n\t\t<img class=\"skip-lazy\" src=\"https:\/\/socored.es\/wp-content\/uploads\/2021\/02\/Bulgari-1.jpg\" alt=\"Bulgari-1\" width=\"500\" height=\"300\">\t<\/div>\n\t\t<\/div>\n<\/div>\n\t\t\t<\/div>\n\t\t\t\t<!-- If we need navigation buttons -->\n\t\t\t\t\t<div class=\"wpcp-prev-button swiper-button-prev\"><i class=\"fa fa-angle-left\"><\/i><\/div>\n\t\t\t<div class=\"wpcp-next-button swiper-button-next\"><i class=\"fa fa-angle-right\"><\/i><\/div>\n\t\t\t<\/div>\n\t<\/div>\n<\/div>\n[\/vc_column_text][vc_empty_space height=&#8221;40px&#8221;][vc_row_inner][vc_column_inner offset=&#8221;vc_hidden-sm vc_hidden-xs&#8221;][vc_empty_space height=&#8221;40px&#8221;][\/vc_column_inner][\/vc_row_inner][\/vc_column][\/vc_row]<\/p>\n<\/div>","protected":false},"excerpt":{"rendered":"<p>[vc_row css=&#8221;.vc_custom_1612349518442{background: #ff9100 url(http:\/\/socored.es\/wp-content\/uploads\/2021\/01\/socored-background.png?id=3695) !important;background-position: center !important;background-repeat: no-repeat !important;background-size: cover !important;}&#8221;][vc_column][vc_empty_space height=&#8221;85&#8243;][vc_column_text] Socored IT Solutions ALGUNS DELS NOSTRES PROJECTES [\/vc_column_text][vc_empty_space height=&#8221;80&#8243;][\/vc_column][\/vc_row][vc_row content_width=&#8221;grid&#8221; css=&#8221;.vc_custom_1612352412883{background-position: center !important;background-repeat: no-repeat !important;background-size:&#8230;<\/p>\n","protected":false},"author":1,"featured_media":0,"parent":0,"menu_order":0,"comment_status":"closed","ping_status":"closed","template":"full-width.php","meta":[],"_links":{"self":[{"href":"https:\/\/socored.es\/ca\/wp-json\/wp\/v2\/pages\/5902"}],"collection":[{"href":"https:\/\/socored.es\/ca\/wp-json\/wp\/v2\/pages"}],"about":[{"href":"https:\/\/socored.es\/ca\/wp-json\/wp\/v2\/types\/page"}],"author":[{"embeddable":true,"href":"https:\/\/socored.es\/ca\/wp-json\/wp\/v2\/users\/1"}],"replies":[{"embeddable":true,"href":"https:\/\/socored.es\/ca\/wp-json\/wp\/v2\/comments?post=5902"}],"version-history":[{"count":4,"href":"https:\/\/socored.es\/ca\/wp-json\/wp\/v2\/pages\/5902\/revisions"}],"predecessor-version":[{"id":7132,"href":"https:\/\/socored.es\/ca\/wp-json\/wp\/v2\/pages\/5902\/revisions\/7132"}],"wp:attachment":[{"href":"https:\/\/socored.es\/ca\/wp-json\/wp\/v2\/media?parent=5902"}],"curies":[{"name":"wp","href":"https:\/\/api.w.org\/{rel}","templated":true}]}}