{"id":5910,"date":"2021-04-13T10:15:41","date_gmt":"2021-04-13T10:15:41","guid":{"rendered":"http:\/\/socored.es\/racks-y-equipaments-19\/"},"modified":"2021-04-27T14:50:18","modified_gmt":"2021-04-27T14:50:18","slug":"racks-y-equipaments-19","status":"publish","type":"page","link":"https:\/\/socored.es\/ca\/racks-y-equipaments-19\/","title":{"rendered":"Racks y Equipaments 19&#8243;"},"content":{"rendered":"<div class=\"wpb-content-wrapper\"><p>[vc_row css=&#8221;.vc_custom_1612349518442{background: #ff9100 url(http:\/\/socored.es\/wp-content\/uploads\/2021\/01\/socored-background.png?id=3695) !important;background-position: center !important;background-repeat: no-repeat !important;background-size: cover !important;}&#8221;][vc_column][vc_empty_space height=&#8221;85&#8243;][vc_column_text]<\/p>\n<p style=\"text-align: center; color: white; margin-bottom: -15px;\">Equipaments IT<\/p>\n<h1 style=\"text-align: center; color: white;\">RRACKS I EQUIPAMENTS 19\u2033<\/h1>\n<p>[\/vc_column_text][vc_empty_space height=&#8221;80&#8243;][\/vc_column][\/vc_row][vc_row content_width=&#8221;grid&#8221; css=&#8221;.vc_custom_1613571711468{background-position: center !important;background-repeat: no-repeat !important;background-size: cover !important;}&#8221;][vc_column][vc_row_inner][vc_column_inner offset=&#8221;vc_hidden-sm vc_hidden-xs&#8221;][vc_empty_space height=&#8221;50&#8243;][vc_single_image image=&#8221;5905&#8243; img_size=&#8221;full&#8221; alignment=&#8221;center&#8221;][\/vc_column_inner][\/vc_row_inner][vc_empty_space height=&#8221;20&#8243;][vc_column_text]<\/p>\n<h2 style=\"text-align: center;\">ELS EQUIPS INFORM\u00c0TICS DE 19\u2033<\/h2>\n<p>[\/vc_column_text][vc_empty_space height=&#8221;40&#8243;][vc_single_image image=&#8221;4383&#8243; img_size=&#8221;full&#8221; alignment=&#8221;center&#8221;][vc_empty_space height=&#8221;40&#8243;][vc_column_text]<strong>Els equips inform\u00e0tics en l\u2019est\u00e0ndard 19\u2033 s\u00f3n la realitat actual del CPD.<\/strong>\u00a0La gran quantitat d\u2019equips diferents en aquesta mesura est\u00e0ndard, com poden ser, servidors, discos, cablejat estructurat, fibres de comunicacions, etc. i les necessitats dispars, tant de cablejat, electricitat i climatitzaci\u00f3, obliguen a adaptar i seleccionar les millors solucions d\u2019arquitectura en els racks i els seus equipaments.<\/p>\n<p>Els armaris 19\u2033 (Racks) i accessoris han de complir amb diverses caracter\u00edstiques mec\u00e0niques i de disseny, tant en resist\u00e8ncia estructural per albergar els servidors i equips pesats, resist\u00e8ncia a la corrosi\u00f3, adaptabilitat entre components, optimitzaci\u00f3 a les noves infraestructures de climatitzaci\u00f3, gesti\u00f3 de cablejat i distribuci\u00f3 el\u00e8ctrica, etc.<\/p>\n<p>Per a una major facilitat d\u2019\u00fas i ergonomia en el CPD han de tenir-se en consideraci\u00f3 diversos aspectes com poden ser, disposar d\u2019un ampli ventall d\u2019accessoris, fabricaci\u00f3 de qualitat mitjan\u00e7ant certificacions, innovaci\u00f3 i desenvolupament de nous productes segons l\u2019evoluci\u00f3 del mercat d\u2019equips inform\u00e0tics, etc.[\/vc_column_text][vc_empty_space height=&#8221;40&#8243;][\/vc_column][\/vc_row][vc_row content_width=&#8221;grid&#8221;][vc_column width=&#8221;1\/2&#8243;][vc_single_image image=&#8221;6199&#8243; img_size=&#8221;full&#8221; alignment=&#8221;center&#8221;][vc_empty_space height=&#8221;22&#8243;][\/vc_column][vc_column width=&#8221;1\/2&#8243;][vc_column_text css=&#8221;.vc_custom_1618308667851{border-top-width: 1px !important;border-right-width: 1px !important;border-bottom-width: 1px !important;border-left-width: 1px !important;padding-top: 6% !important;padding-right: 6% !important;padding-bottom: 12% !important;padding-left: 6% !important;border-left-color: #e0e0e0 !important;border-left-style: solid !important;border-right-color: #e0e0e0 !important;border-right-style: solid !important;border-top-color: #e0e0e0 !important;border-top-style: solid !important;border-bottom-color: #e0e0e0 !important;border-bottom-style: solid !important;}&#8221;]\u2022 Racks servidors<br \/>\n\u2022 Racks comunicacions<br \/>\n\u2022 Envoltants<br \/>\n\u2022 Accessoris interns<br \/>\n\u2022 Safates i guies lliscants<br \/>\n\u2022 Regletes 19\u2033 PDU<br \/>\n\u2022 Tapes cegues HU<br \/>\n\u2022 Control d\u2019acc\u00e9s en rack<br \/>\n\u2022 Monitoratge<br \/>\n\u2022 Software de gesti\u00f3[\/vc_column_text][vc_empty_space height=&#8221;40&#8243;][\/vc_column][\/vc_row][vc_row][vc_column offset=&#8221;vc_hidden-lg vc_hidden-md&#8221;][vc_empty_space height=&#8221;70&#8243;][\/vc_column][\/vc_row]<\/p>\n<\/div>","protected":false},"excerpt":{"rendered":"<p>[vc_row css=&#8221;.vc_custom_1612349518442{background: #ff9100 url(http:\/\/socored.es\/wp-content\/uploads\/2021\/01\/socored-background.png?id=3695) !important;background-position: center !important;background-repeat: no-repeat !important;background-size: cover !important;}&#8221;][vc_column][vc_empty_space height=&#8221;85&#8243;][vc_column_text] Equipaments IT RRACKS I EQUIPAMENTS 19\u2033 [\/vc_column_text][vc_empty_space height=&#8221;80&#8243;][\/vc_column][\/vc_row][vc_row content_width=&#8221;grid&#8221; css=&#8221;.vc_custom_1613571711468{background-position: center !important;background-repeat: no-repeat !important;background-size: cover&#8230;<\/p>\n","protected":false},"author":1,"featured_media":0,"parent":0,"menu_order":0,"comment_status":"closed","ping_status":"closed","template":"full-width.php","meta":[],"_links":{"self":[{"href":"https:\/\/socored.es\/ca\/wp-json\/wp\/v2\/pages\/5910"}],"collection":[{"href":"https:\/\/socored.es\/ca\/wp-json\/wp\/v2\/pages"}],"about":[{"href":"https:\/\/socored.es\/ca\/wp-json\/wp\/v2\/types\/page"}],"author":[{"embeddable":true,"href":"https:\/\/socored.es\/ca\/wp-json\/wp\/v2\/users\/1"}],"replies":[{"embeddable":true,"href":"https:\/\/socored.es\/ca\/wp-json\/wp\/v2\/comments?post=5910"}],"version-history":[{"count":3,"href":"https:\/\/socored.es\/ca\/wp-json\/wp\/v2\/pages\/5910\/revisions"}],"predecessor-version":[{"id":6210,"href":"https:\/\/socored.es\/ca\/wp-json\/wp\/v2\/pages\/5910\/revisions\/6210"}],"wp:attachment":[{"href":"https:\/\/socored.es\/ca\/wp-json\/wp\/v2\/media?parent=5910"}],"curies":[{"name":"wp","href":"https:\/\/api.w.org\/{rel}","templated":true}]}}