{"id":5916,"date":"2021-04-13T10:48:31","date_gmt":"2021-04-13T10:48:31","guid":{"rendered":"http:\/\/socored.es\/seguretat-perimetral\/"},"modified":"2022-11-14T10:43:23","modified_gmt":"2022-11-14T10:43:23","slug":"seguretat-perimetral","status":"publish","type":"page","link":"https:\/\/socored.es\/ca\/seguretat-perimetral\/","title":{"rendered":"Seguretat perimetral"},"content":{"rendered":"<div class=\"wpb-content-wrapper\"><p>[vc_row css=&#8221;.vc_custom_1612349518442{background: #ff9100 url(http:\/\/socored.es\/wp-content\/uploads\/2021\/01\/socored-background.png?id=3695) !important;background-position: center !important;background-repeat: no-repeat !important;background-size: cover !important;}&#8221;][vc_column][vc_empty_space height=&#8221;85&#8243;][vc_column_text]<\/p>\n<p style=\"text-align: center; color: white; margin-bottom: -15px;\">Data Center<\/p>\n<h1 style=\"text-align: center; color: white;\">SEGURETAT PERIMETRAL<\/h1>\n<p>[\/vc_column_text][vc_empty_space height=&#8221;80&#8243;][\/vc_column][\/vc_row][vc_row content_width=&#8221;grid&#8221; css=&#8221;.vc_custom_1613571711468{background-position: center !important;background-repeat: no-repeat !important;background-size: cover !important;}&#8221;][vc_column][vc_row_inner][vc_column_inner offset=&#8221;vc_hidden-sm vc_hidden-xs&#8221;][vc_empty_space height=&#8221;50&#8243;][vc_single_image image=&#8221;5913&#8243; img_size=&#8221;full&#8221; alignment=&#8221;center&#8221;][vc_column_text]<\/p>\n<h2 style=\"text-align: center;\">PROTECCI\u00d3 PER AL SEU CPD<\/h2>\n<p>[\/vc_column_text][\/vc_column_inner][\/vc_row_inner][vc_empty_space height=&#8221;20&#8243;][vc_column_text]<\/p>\n<h3 style=\"text-align: center;\">&#8220;Despr\u00e9s d\u2019un desastre\u2026 Ning\u00fa li agrair\u00e0 que estalvi\u00e9s en protecci\u00f3 f\u00edsica per al seu CPD\u201d<\/h3>\n<p>&nbsp;<\/p>\n<p style=\"text-align: center;\">Quant temps podria estar la seva empresa sense servei inform\u00e0tic o de comunicacions? Quin cost li suposaria recuperar el servei inform\u00e0tic despr\u00e9s d\u2019un desastre al seu CPD? Amb la finalitat de garantir la continu\u00eftat i disponibilitat del Data Center <strong> \u00e9s necessari protegir-ho enfront de les amenaces f\u00edsiques o humanes existents <\/strong> i que desgraciadament s\u00f3n molt m\u00e9s freq\u00fcents del que es creu.<\/p>\n<p style=\"text-align: center;\">La protecci\u00f3 enfront d\u2019incendis, inundacions, sabotatge, acc\u00e9s indegut, esfondrament, pertorbacions electromagn\u00e8tiques, ha de tenir-se en compte en el disseny i operativa d\u2019un CPD. SOCORED posseeix \u00e0mplia experi\u00e8ncia en la instal\u00b7laci\u00f3 de CPD\u2019s amb alts graus de protecci\u00f3 enfront de desastres i conjuntament amb el seu partner de refer\u00e8ncia RZ-Products l\u2019assessorar\u00e0 en la implantaci\u00f3 de la soluci\u00f3 m\u00e9s adequada. Des de la protecci\u00f3 a nivells de F90 fins al compliment i certificaci\u00f3 dels criteris m\u00e9s exigents establerts en la norma EN 1047-2, tant en instal\u00b7lacions indoor com outdoor.<\/p>\n<p style=\"text-align: center;\">Producte d\u2019una an\u00e0lisi de risc de la seva organitzaci\u00f3, del grau de criticitat i depend\u00e8ncia de la seva empresa enfront d\u2019un Data Center i del Downtime admissible per a la seva organitzaci\u00f3, SOCORED l\u2019assessorar\u00e0 en la implantaci\u00f3 de la soluci\u00f3 m\u00e9s adequada en seguretat perimetral de la seva CPD. Des de la protecci\u00f3 a nivells de F90 fins al compliment i certificaci\u00f3 dels criteris m\u00e9s exigents establerts en la norma EN 1047-2.<\/p>\n<p>[\/vc_column_text][\/vc_column][\/vc_row][vc_row content_width=&#8221;grid&#8221;][vc_column width=&#8221;1\/3&#8243;][vc_empty_space height=&#8221;5&#8243;][vc_single_image image=&#8221;4595&#8243; img_size=&#8221;full&#8221; alignment=&#8221;right&#8221;][vc_empty_space height=&#8221;5&#8243;][vc_column_text]<\/p>\n<section class=\"av_textblock_section\">\n<div class=\"avia_textblock \">\n<h4>DC-ITRoom GranITe<\/h4>\n<\/div>\n<\/section>\n<section class=\"av_textblock_section\">\n<div class=\"avia_textblock \">\n<p>Protecci\u00f3 d&#8217;alta disponibilitat d&#8217;\u00faltima generaci\u00f3 per a TU. La millor protecci\u00f3 possible per al seu centre de proc\u00e9s de dades.<\/p>\n<\/div>\n<\/section>\n<p>[\/vc_column_text][vc_empty_space height=&#8221;22&#8243;]<a href=\"\/salas-de-seguridad-it\/dc-itroom-granite\/\" target=\"_self\" style=\"font-weight: 600\" class=\"mkdf-btn mkdf-btn-medium mkdf-btn-black mkdf-btn-hover-solid\"  >\n    <span class=\"mkdf-btn-text\">DC-ITRoom GranITe<\/span>\n\t\n\t\t\t<span class=\"mkdf-btn-helper\" ><\/span>\n\t<\/a>[vc_empty_space height=&#8221;40&#8243;][\/vc_column][vc_column width=&#8221;1\/3&#8243;][vc_single_image image=&#8221;4593&#8243; img_size=&#8221;full&#8221; alignment=&#8221;right&#8221;][vc_column_text]<\/p>\n<section class=\"av_textblock_section\">\n<div class=\"avia_textblock \">\n<h4>DC-ITRoom QuartzITe 9.3<\/h4>\n<\/div>\n<\/section>\n<section class=\"av_textblock_section\">\n<div class=\"avia_textblock \">\n<div class=\"col2\">\n<div class=\"col_inner col2_inner\">\n<div class=\"elementStandard elementContent elementText elementText_var0\">\n<p>Sistema modular room-in-room amb protecci\u00f3 interm\u00e8dia contra la majoria dels perills en el seu CPD.<\/p>\n<\/div>\n<\/div>\n<\/div>\n<\/div>\n<\/section>\n<p>[\/vc_column_text][vc_empty_space height=&#8221;22&#8243;][vc_row_inner][vc_column_inner offset=&#8221;vc_hidden-sm vc_hidden-xs&#8221;][vc_empty_space height=&#8221;25&#8243;][\/vc_column_inner][\/vc_row_inner]<a href=\"\/salas-de-seguridad-it\/dc-itroom-quartzite-9-3\/\" target=\"_self\" style=\"font-weight: 600\" class=\"mkdf-btn mkdf-btn-medium mkdf-btn-black mkdf-btn-hover-solid\"  >\n    <span class=\"mkdf-btn-text\">DC-ITRoom QuartzITe 9.3<\/span>\n\t\n\t\t\t<span class=\"mkdf-btn-helper\" ><\/span>\n\t<\/a>[vc_empty_space height=&#8221;40&#8243;][\/vc_column][vc_column width=&#8221;1\/3&#8243;][vc_single_image image=&#8221;4592&#8243; img_size=&#8221;full&#8221; alignment=&#8221;right&#8221;][vc_column_text]<\/p>\n<section class=\"av_textblock_section\">\n<div class=\"avia_textblock \">\n<h4>DC-ITRoom QuartzITe 9.0<\/h4>\n<\/div>\n<\/section>\n<section class=\"av_textblock_section\">\n<div class=\"avia_textblock \">\n<div class=\"elementStandard elementContent elementText elementText_var0\">\n<p>Sistema modular room-in-room de protecci\u00f3 b\u00e0sica contra la majoria de perills a les seves sales t\u00e8cniques.<\/p>\n<\/div>\n<\/div>\n<\/section>\n<p>[\/vc_column_text][vc_empty_space height=&#8221;22&#8243;][vc_row_inner][vc_column_inner offset=&#8221;vc_hidden-sm vc_hidden-xs&#8221;][vc_empty_space height=&#8221;25&#8243;][\/vc_column_inner][\/vc_row_inner]<a href=\"\/salas-de-seguridad-it\/dc-itroom-quartzite-9-0\/\" target=\"_self\" style=\"font-weight: 600\" class=\"mkdf-btn mkdf-btn-medium mkdf-btn-black mkdf-btn-hover-solid\"  >\n    <span class=\"mkdf-btn-text\">DC-ITRoom QuartzITe 9.0<\/span>\n\t\n\t\t\t<span class=\"mkdf-btn-helper\" ><\/span>\n\t<\/a>[vc_empty_space height=&#8221;40&#8243;][\/vc_column][\/vc_row][vc_row content_width=&#8221;grid&#8221;][vc_column offset=&#8221;vc_hidden-sm vc_hidden-xs&#8221;][vc_empty_space height=&#8221;40&#8243;][\/vc_column][\/vc_row][vc_row content_width=&#8221;grid&#8221;][vc_column width=&#8221;1\/3&#8243;][vc_single_image image=&#8221;4591&#8243; img_size=&#8221;full&#8221; alignment=&#8221;right&#8221;][vc_empty_space height=&#8221;15&#8243;][vc_column_text]<\/p>\n<section class=\"av_textblock_section\">\n<div class=\"avia_textblock \">\n<h4>DC-ITShielding<\/h4>\n<\/div>\n<\/section>\n<section class=\"av_textblock_section\">\n<div class=\"avia_textblock \">\n<p>Protecci\u00f3 i blindatge contra la radiaci\u00f3 electromagn\u00e8tica. Protegeixi la seva TI amb blindatge contra els camps electromagn\u00e8tics d&#8217;\u00faltima generaci\u00f3. M\u00e0xima seguretat per al seu data center.<\/p>\n<\/div>\n<\/section>\n<p>[\/vc_column_text][vc_empty_space height=&#8221;22&#8243;]<a href=\"\/salas-de-seguridad-it\/dc-itshielding\/\" target=\"_self\" style=\"font-weight: 600\" class=\"mkdf-btn mkdf-btn-medium mkdf-btn-black mkdf-btn-hover-solid\"  >\n    <span class=\"mkdf-btn-text\">DC-ITShielding<\/span>\n\t\n\t\t\t<span class=\"mkdf-btn-helper\" ><\/span>\n\t<\/a>[vc_empty_space height=&#8221;40&#8243;][\/vc_column][vc_column width=&#8221;1\/3&#8243;][\/vc_column][vc_column width=&#8221;1\/3&#8243;][vc_single_image image=&#8221;4590&#8243; img_size=&#8221;full&#8221; alignment=&#8221;right&#8221;][vc_column_text]<\/p>\n<section class=\"av_textblock_section\">\n<div class=\"avia_textblock \">\n<h4>DC-IT\u00a0Container<\/h4>\n<\/div>\n<\/section>\n<section class=\"av_textblock_section\">\n<div class=\"avia_textblock \">\n<p>El DC-ITContainer protegeix contra la pols, la runa, el foc, la pluja, l&#8217;aigua de sistemes d&#8217;extinci\u00f3 i l&#8217;acc\u00e9s no autoritzat.<\/p>\n<\/div>\n<\/section>\n<p>[\/vc_column_text][vc_empty_space height=&#8221;22&#8243;][vc_row_inner][vc_column_inner offset=&#8221;vc_hidden-sm vc_hidden-xs&#8221;][vc_empty_space height=&#8221;25&#8243;][\/vc_column_inner][\/vc_row_inner]<a href=\"\/salas-de-seguridad-it\/dc-it-container\/\" target=\"_self\" style=\"font-weight: 600\" class=\"mkdf-btn mkdf-btn-medium mkdf-btn-black mkdf-btn-hover-solid\"  >\n    <span class=\"mkdf-btn-text\">DC-IT Container<\/span>\n\t\n\t\t\t<span class=\"mkdf-btn-helper\" ><\/span>\n\t<\/a>[vc_empty_space height=&#8221;40&#8243;][\/vc_column][\/vc_row][vc_row content_width=&#8221;grid&#8221;][vc_column offset=&#8221;vc_hidden-sm vc_hidden-xs&#8221;][vc_empty_space height=&#8221;40&#8243;][\/vc_column][\/vc_row][vc_row content_width=&#8221;grid&#8221;][vc_column offset=&#8221;vc_hidden-sm vc_hidden-xs&#8221;][vc_column_text]<\/p>\n<h3 style=\"text-align: center;\">Descobreix tot el que podem fer a la teva sala de seguretat<\/h3>\n<p>[\/vc_column_text][vc_empty_space height=&#8221;40&#8243;]<div class=\"mkdf-blog-list-holder  mkdf-masonry\">\n\t<ul class=\"mkdf-blog-list\">\n\t\t\t<li class=\"mkdf-blog-list-masonry-grid-sizer\"><\/li>\n\t\t<li class=\"mkdf-blog-list-masonry-grid-gutter\"><\/li>\n\t<li class=\"mkdf-blog-list-item mkdf-blog-list-masonry-item clearfix post-7253 post type-post status-publish format-standard has-post-thumbnail hentry category-armaris-de-seguretat category-cpd-ca category-edge-computing-ca category-manteniment-cpd category-mini-data-center-ca category-refrigeracio-cpd category-sense-categoria category-xarxes-fibra\">\n\t<div class=\"mkdf-blog-list-item-inner\">\n\t\t\t\t\t<div itemprop=\"image\" class=\"mkdf-item-image\">\n\t\t\t\t<a itemprop=\"url\" href=\"https:\/\/socored.es\/ca\/armaris-de-seguretat-ti-it-data-center-modular\/\">\n\t\t\t\t\t\t\t\t\t\t\t<img src=\"https:\/\/socored.es\/wp-content\/uploads\/2024\/02\/armaris-de-seguretat-TI-IT-350x200.jpg\" alt=\"armaris de seguretat TI IT\" width=\"350\" height=\"200\" \/>\t\t\t\t\t\t\t\t\t<\/a>\n\t\t\t<\/div>\n\t\t\t\t<div class=\"mkdf-item-text-holder\">\n\t\t\t<div class=\"mkdf-item-date\">\n\t\t\t\t<time itemprop=\"datePublished\" datetime=\"2024-02-07\">\n\t\t\t\t\tfebrer 7, 2024\t\t\t\t<\/time>\n\t\t\t<\/div>\n\t\t\t<h3 itemprop=\"headline\" class=\"mkdf-item-title\">\n\t\t\t<a itemprop=\"url\" href=\"https:\/\/socored.es\/ca\/armaris-de-seguretat-ti-it-data-center-modular\/\">\n\t\t\t\tArmaris de Seguretat TI IT. Data Center Modular\t\t\t<\/a>\n\t\t<\/h3>\n\n\t\t\n\t\t\t\t\t\t\t<p itemprop=\"description\" class=\"mkdf-excerpt\">Armaris de Seguretat TI IT Benvingut a la nostra profunda an\u00e0lisi sobre la infraestructur<\/p>\n\t\t\t\t\t\n\t\t<div class=\"mkdf-post-item-author-holder\">\n\t\t\t<a itemprop=\"url\" href=\"https:\/\/socored.es\/ca\/author\/soco_yuzz\/\">\n\t\t\t\t<span class=\"mkdf-post-item-author-avatar-holder\">\n\t\t\t\t\t<img alt='' src='https:\/\/secure.gravatar.com\/avatar\/f6cc266abd8e7503b6118643f7cbd25f?s=30&#038;d=mm&#038;r=g' class='avatar avatar-30 photo' height='30' width='30' \/>\t\t\t\t<\/span>\n\n\t\t\t\t<span itemprop=\"author\" class=\"mkdf-post-item-author-name\">\n\t\t\t\t\tSocored \t\t\t\t<\/span>\n\t\t\t<\/a>\n\t\t<\/div>\n\t<\/div>\n\t<\/div>\n<\/li><li class=\"mkdf-blog-list-item mkdf-blog-list-masonry-item clearfix post-7471 post type-post status-publish format-standard has-post-thumbnail hentry category-armarios-de-seguridad category-cpd category-deteccio-incendis category-edge-computing category-mantenimiento-cpd category-redes-fibra category-socored\">\n\t<div class=\"mkdf-blog-list-item-inner\">\n\t\t\t\t\t<div itemprop=\"image\" class=\"mkdf-item-image\">\n\t\t\t\t<a itemprop=\"url\" href=\"https:\/\/socored.es\/ca\/armaris-ignifugs-per-a-cpd-i-centres-de-dades\/\">\n\t\t\t\t\t\t\t\t\t\t\t<img src=\"https:\/\/socored.es\/wp-content\/uploads\/2022\/09\/armarios-ignifugos-socored-350x200.jpg\" alt=\"armarios ignifugos socored\" width=\"350\" height=\"200\" \/>\t\t\t\t\t\t\t\t\t<\/a>\n\t\t\t<\/div>\n\t\t\t\t<div class=\"mkdf-item-text-holder\">\n\t\t\t<div class=\"mkdf-item-date\">\n\t\t\t\t<time itemprop=\"datePublished\" datetime=\"2024-09-09\">\n\t\t\t\t\tsetembre 9, 2024\t\t\t\t<\/time>\n\t\t\t<\/div>\n\t\t\t<h3 itemprop=\"headline\" class=\"mkdf-item-title\">\n\t\t\t<a itemprop=\"url\" href=\"https:\/\/socored.es\/ca\/armaris-ignifugs-per-a-cpd-i-centres-de-dades\/\">\n\t\t\t\tArmaris Ign\u00edfugs per a CPD i Centres de Dades\t\t\t<\/a>\n\t\t<\/h3>\n\n\t\t\n\t\t\t\t\t\t\t<p itemprop=\"description\" class=\"mkdf-excerpt\">Al m\u00f3n actual, on la informaci\u00f3 i les dades s\u00f3n crucials per al funcionament de les emp<\/p>\n\t\t\t\t\t\n\t\t<div class=\"mkdf-post-item-author-holder\">\n\t\t\t<a itemprop=\"url\" href=\"https:\/\/socored.es\/ca\/author\/soco_yuzz\/\">\n\t\t\t\t<span class=\"mkdf-post-item-author-avatar-holder\">\n\t\t\t\t\t<img alt='' src='https:\/\/secure.gravatar.com\/avatar\/f6cc266abd8e7503b6118643f7cbd25f?s=30&#038;d=mm&#038;r=g' class='avatar avatar-30 photo' height='30' width='30' \/>\t\t\t\t<\/span>\n\n\t\t\t\t<span itemprop=\"author\" class=\"mkdf-post-item-author-name\">\n\t\t\t\t\tSocored \t\t\t\t<\/span>\n\t\t\t<\/a>\n\t\t<\/div>\n\t<\/div>\n\t<\/div>\n<\/li><li class=\"mkdf-blog-list-item mkdf-blog-list-masonry-item clearfix post-6904 post type-post status-publish format-standard has-post-thumbnail hentry category-armarios-de-seguridad category-cpd-ca category-deteccio-incendis category-manteniment-cpd\">\n\t<div class=\"mkdf-blog-list-item-inner\">\n\t\t\t\t\t<div itemprop=\"image\" class=\"mkdf-item-image\">\n\t\t\t\t<a itemprop=\"url\" href=\"https:\/\/socored.es\/ca\/armaris-ignifugs-descobreix-les-possibilitats\/\">\n\t\t\t\t\t\t\t\t\t\t\t<img src=\"https:\/\/socored.es\/wp-content\/uploads\/2023\/03\/armarios-ignifugos-y-la-proteccion-de-datos-en-la-empresa-350x200.jpg\" alt=\"armarios ignifugos\" width=\"350\" height=\"200\" \/>\t\t\t\t\t\t\t\t\t<\/a>\n\t\t\t<\/div>\n\t\t\t\t<div class=\"mkdf-item-text-holder\">\n\t\t\t<div class=\"mkdf-item-date\">\n\t\t\t\t<time itemprop=\"datePublished\" datetime=\"2023-02-25\">\n\t\t\t\t\tfebrer 25, 2023\t\t\t\t<\/time>\n\t\t\t<\/div>\n\t\t\t<h3 itemprop=\"headline\" class=\"mkdf-item-title\">\n\t\t\t<a itemprop=\"url\" href=\"https:\/\/socored.es\/ca\/armaris-ignifugs-descobreix-les-possibilitats\/\">\n\t\t\t\tArmaris ign\u00edfugs. Descobreix les possibilitats a l&#8217;empresa\t\t\t<\/a>\n\t\t<\/h3>\n\n\t\t\n\t\t\t\t\t\t\t<p itemprop=\"description\" class=\"mkdf-excerpt\">\u00bfDispones de poco espacio libre en tu empresa? Con unos\u00a0armarios\u00a0rack\u00a0de seguridad TI <\/p>\n\t\t\t\t\t\n\t\t<div class=\"mkdf-post-item-author-holder\">\n\t\t\t<a itemprop=\"url\" href=\"https:\/\/socored.es\/ca\/author\/soco_yuzz\/\">\n\t\t\t\t<span class=\"mkdf-post-item-author-avatar-holder\">\n\t\t\t\t\t<img alt='' src='https:\/\/secure.gravatar.com\/avatar\/f6cc266abd8e7503b6118643f7cbd25f?s=30&#038;d=mm&#038;r=g' class='avatar avatar-30 photo' height='30' width='30' \/>\t\t\t\t<\/span>\n\n\t\t\t\t<span itemprop=\"author\" class=\"mkdf-post-item-author-name\">\n\t\t\t\t\tSocored \t\t\t\t<\/span>\n\t\t\t<\/a>\n\t\t<\/div>\n\t<\/div>\n\t<\/div>\n<\/li>\t<\/ul>\t\n<\/div>\n[\/vc_column][\/vc_row][vc_row content_width=&#8221;grid&#8221; css=&#8221;.vc_custom_1613661744280{background-color: #efefef !important;}&#8221;][vc_column][vc_empty_space height=&#8221;80&#8243;][vc_single_image image=&#8221;4598&#8243; img_size=&#8221;full&#8221; alignment=&#8221;center&#8221;][\/vc_column][\/vc_row][vc_row css=&#8221;.vc_custom_1613661890617{margin-bottom: -60px !important;background-color: #efefef !important;}&#8221;][vc_column][vc_row_inner][vc_column_inner offset=&#8221;vc_hidden-lg vc_hidden-md&#8221;][vc_empty_space height=&#8221;80&#8243;][\/vc_column_inner][\/vc_row_inner][vc_empty_space height=&#8221;80&#8243;][\/vc_column][\/vc_row]<\/p>\n<\/div>","protected":false},"excerpt":{"rendered":"<p>[vc_row css=&#8221;.vc_custom_1612349518442{background: #ff9100 url(http:\/\/socored.es\/wp-content\/uploads\/2021\/01\/socored-background.png?id=3695) !important;background-position: center !important;background-repeat: no-repeat !important;background-size: cover !important;}&#8221;][vc_column][vc_empty_space height=&#8221;85&#8243;][vc_column_text] Data Center SEGURETAT PERIMETRAL [\/vc_column_text][vc_empty_space height=&#8221;80&#8243;][\/vc_column][\/vc_row][vc_row content_width=&#8221;grid&#8221; css=&#8221;.vc_custom_1613571711468{background-position: center !important;background-repeat: no-repeat !important;background-size: cover !important;}&#8221;][vc_column][vc_row_inner][vc_column_inner offset=&#8221;vc_hidden-sm&#8230;<\/p>\n","protected":false},"author":1,"featured_media":0,"parent":0,"menu_order":0,"comment_status":"closed","ping_status":"closed","template":"full-width.php","meta":[],"_links":{"self":[{"href":"https:\/\/socored.es\/ca\/wp-json\/wp\/v2\/pages\/5916"}],"collection":[{"href":"https:\/\/socored.es\/ca\/wp-json\/wp\/v2\/pages"}],"about":[{"href":"https:\/\/socored.es\/ca\/wp-json\/wp\/v2\/types\/page"}],"author":[{"embeddable":true,"href":"https:\/\/socored.es\/ca\/wp-json\/wp\/v2\/users\/1"}],"replies":[{"embeddable":true,"href":"https:\/\/socored.es\/ca\/wp-json\/wp\/v2\/comments?post=5916"}],"version-history":[{"count":5,"href":"https:\/\/socored.es\/ca\/wp-json\/wp\/v2\/pages\/5916\/revisions"}],"predecessor-version":[{"id":6807,"href":"https:\/\/socored.es\/ca\/wp-json\/wp\/v2\/pages\/5916\/revisions\/6807"}],"wp:attachment":[{"href":"https:\/\/socored.es\/ca\/wp-json\/wp\/v2\/media?parent=5916"}],"curies":[{"name":"wp","href":"https:\/\/api.w.org\/{rel}","templated":true}]}}