{"id":5920,"date":"2021-04-13T12:40:56","date_gmt":"2021-04-13T12:40:56","guid":{"rendered":"http:\/\/socored.es\/seguretat-perimetral\/dc-itroom-granite\/"},"modified":"2025-04-10T09:14:46","modified_gmt":"2025-04-10T09:14:46","slug":"dc-itroom-granite","status":"publish","type":"page","link":"https:\/\/socored.es\/ca\/seguretat-perimetral\/dc-itroom-granite\/","title":{"rendered":"DC-ITRoom GranITe"},"content":{"rendered":"<div class=\"wpb-content-wrapper\"><p>[vc_row css=&#8221;.vc_custom_1612349518442{background: #ff9100 url(http:\/\/socored.es\/wp-content\/uploads\/2021\/01\/socored-background.png?id=3695) !important;background-position: center !important;background-repeat: no-repeat !important;background-size: cover !important;}&#8221;][vc_column][vc_empty_space height=&#8221;85&#8243;][vc_column_text]<\/p>\n<p style=\"text-align: center; color: white; margin-bottom: -15px;\">Sales de seguretat IT<\/p>\n<h1 style=\"text-align: center; color: white;\">DC-ITROOM GRANITE<\/h1>\n<p>[\/vc_column_text][vc_empty_space height=&#8221;80&#8243;][\/vc_column][\/vc_row][vc_row content_width=&#8221;grid&#8221;][vc_column][vc_empty_space height=&#8221;62px&#8221;][vc_column_text]<\/p>\n<h1>SALA DE SEGURETAT IT CERTIFICADA EN 1047-2<\/h1>\n<h3>La major protecci\u00f3 per a alta disponibilitat de la seva TI<\/h3>\n<p>[\/vc_column_text][vc_empty_space][\/vc_column][\/vc_row][vc_row content_width=&#8221;grid&#8221;][vc_column width=&#8221;1\/2&#8243;][vc_column_text]<\/p>\n<ul>\n<li>Sistema modular room-in-room compost per tots els elements que formen el recinte: parets, sostre i terra.<\/li>\n<li>Disseny modern i d&#8217;alta qualitat<\/li>\n<li>Sistema de porta d&#8217;alta seguretat f\u00e0cil d&#8217;usar amb bloqueig de 6 punts<\/li>\n<li>Sistema de conductes i cableductos innovador i f\u00e0cil de mantenir.<\/li>\n<li>Sistema testat i certificat per ECB \u00b7 S segons EN 1047-2 (tipus d&#8217;habitaci\u00f3 B &#8211; R 60 D) i diferents normes europees<\/li>\n<li>Control de qualitat extern neutral i independent.<\/li>\n<li>Protecci\u00f3 IT estructural segons BITKOM DC categoria C &amp; D, BSI, EN 50600 \u2026.<\/li>\n<\/ul>\n<p>La millor seguretat possible per al seu centre de dades: protecci\u00f3 contra l&#8217;obertura nivell RC 3 com est\u00e0ndard!<\/p>\n<p>[\/vc_column_text][vc_empty_space][\/vc_column][vc_column width=&#8221;1\/2&#8243;][vc_single_image image=&#8221;4595&#8243; img_size=&#8221;full&#8221; alignment=&#8221;center&#8221;][\/vc_column][\/vc_row][vc_row content_width=&#8221;grid&#8221;][vc_column][vc_empty_space height=&#8221;62px&#8221; css=&#8221;.vc_custom_1614614079219{border-bottom-width: 3px !important;border-bottom-color: #e8e8e8 !important;border-bottom-style: solid !important;}&#8221;][vc_empty_space height=&#8221;62px&#8221;][vc_column_text]<\/p>\n<h3>DESTACAR<\/h3>\n<p>[\/vc_column_text][vc_column_text]<strong>Certificats i test<\/strong>[\/vc_column_text][vc_empty_space][\/vc_column][\/vc_row][vc_row content_width=&#8221;grid&#8221;][vc_column width=&#8221;1\/2&#8243;][vc_column_text]<\/p>\n<ul>\n<li>Certificat ECB \u2022 S i assaig de tipus segons EN 1047-2.<\/li>\n<li>Assaig d&#8217;impacte segons EN 1047-2.<\/li>\n<li>Prova de components de construcci\u00f3 EI180 (externa) i prova de components de construcci\u00f3 EI120 (interna) d&#8217;acord amb EN 1363-1 i EN 13501-2.<\/li>\n<li>Prova de sistema EI90 d&#8217;intern a extern segons EN 1363-1 i EN 13501-2.<\/li>\n<li>Protecci\u00f3 antirobatori \u00a0<span class=\"textRot\">RC 3<\/span>\u00a0segons EN 1627, EN 1628, EN 1629 y EN 1630<\/li>\n<li>Resist\u00e8ncia a c\u00e0rregues de runa.<\/li>\n<li>Protecci\u00f3 contra la pols IP 56 segons EN 60529.<\/li>\n<\/ul>\n<p>[\/vc_column_text][vc_empty_space][\/vc_column][vc_column width=&#8221;1\/2&#8243;][vc_column_text]<\/p>\n<ul>\n<li>Protecci\u00f3 contra aigua d&#8217;extinci\u00f3 IP 56 segons EN 60529.<\/li>\n<li>Protecci\u00f3 contra l&#8217;aigua estancada.<\/li>\n<li>Estanquitat a el fum segons EN 1634-3.<\/li>\n<li>Protecci\u00f3 ac\u00fastica segons DIN 4109, DIN EN ISO 354, 140 i 717.<\/li>\n<li>Protecci\u00f3 contra explosions EXR 3 segons EN 13.123-2 \/ 13.124-2.<\/li>\n<li>Certificaci\u00f3 de porta d&#8217;evacuaci\u00f3 segons EN 179 (EN 1125 com a opci\u00f3).<\/li>\n<li>Protecci\u00f3 EMC segons EN 50147.<\/li>\n<\/ul>\n<p>[\/vc_column_text][vc_empty_space][\/vc_column][\/vc_row][vc_row content_width=&#8221;grid&#8221;][vc_column offset=&#8221;vc_hidden-lg vc_hidden-md&#8221;][vc_gallery type=&#8221;image_grid&#8221; images=&#8221;4789,4790,4791,4792,4793,4794,4795,4796,4797,4798,4799,4800&#8243; img_size=&#8221;full&#8221;][\/vc_column][\/vc_row][vc_row content_width=&#8221;grid&#8221;][vc_column offset=&#8221;vc_hidden-sm vc_hidden-xs&#8221;][vc_gallery type=&#8221;image_grid&#8221; images=&#8221;4789,4790,4791,4792,4793,4794,4795,4796,4797,4798,4799,4800&#8243; img_size=&#8221;210&#215;200&#8243;][vc_empty_space height=&#8221;62px&#8221; css=&#8221;.vc_custom_1614614079219{border-bottom-width: 3px !important;border-bottom-color: #e8e8e8 !important;border-bottom-style: solid !important;}&#8221;][\/vc_column][\/vc_row][vc_row content_width=&#8221;grid&#8221;][vc_column][vc_empty_space height=&#8221;62px&#8221;][vc_column_text]<\/p>\n<h3><strong>Assaig de tipus segons EN 1047-2 (protecci\u00f3 contra incendis)<\/strong>&lt;\/h3La certificaci\u00f3 ECB \u00b7 S com equivalent a un guard\u00f3 per la seguretat de protecci\u00f3 contra incendis. L&#8217;European Certification Body GmbH (ECB) \u00e9s el principal prove\u00efdor de serveis de certificaci\u00f3 per a productes de seguretat a nivell nacional i internacional. Un cop superada la prova \u201c<em>Successfully<\/em>\u201d, ECB concedeix el certificat ECB \u00b7 S.[\/vc_column_text][vc_empty_space height=&#8221;62px&#8221; css=&#8221;.vc_custom_1614614079219{border-bottom-width: 3px !important;border-bottom-color: #e8e8e8 !important;border-bottom-style: solid !important;}&#8221;][\/vc_column][\/vc_row][vc_row content_width=&#8221;grid&#8221;][vc_column][vc_empty_space height=&#8221;62px&#8221;][vc_column_text]<\/h3>\n<h3><strong>Prova d&#8217;explosi\u00f3: m\u00e0xima seguretat per atacs explosius<\/strong><\/h3>\n<p>A petici\u00f3 nostra, l&#8217;Institut Federal d&#8217;Investigaci\u00f3 i Assaig de Materials (BAM) va realitzar la seg\u00fcent prova:<br \/>\nPProva de la nostra sala Granite-Room davant de la sala de seguretat F90 est\u00e0ndard (feta de panells sandvitx F90 est\u00e0ndard).<\/p>\n<p><b>El resultat:<\/b>\u00a0snom\u00e9s es requereixen 5 kg de TNT per destruir la sala F90 est\u00e0ndard gaireb\u00e9 del tot, mentre que el maquinari i el programari dins de Granite-Room resistir una detonaci\u00f3 amb 12 kg de TNT.[\/vc_column_text][\/vc_column][\/vc_row][vc_row content_width=&#8221;grid&#8221;][vc_column][vc_empty_space height=&#8221;62px&#8221; css=&#8221;.vc_custom_1614614079219{border-bottom-width: 3px !important;border-bottom-color: #e8e8e8 !important;border-bottom-style: solid !important;}&#8221;][vc_empty_space][vc_column_text]<\/p>\n<h3>GranITe-Room<\/h3>\n<p>El sistema de sala modular i flexible es pot expandir des d&#8217;un mini CPD de 2 m2 fins a grans centres de dades. El sistema modular creix amb les necessitats. Benefici\u00ef en contra dels edificis est\u00e0ndard existents i implementi un Centre de Proc\u00e9s de Dades segur per evitar una nova construcci\u00f3. La inversi\u00f3 a prova de futur estan garantit per possibles modificacions, desmantellaments o mudances quan sigui necessari. No t\u00e9 prou espai per cr\u00e9ixer? Traslladi la sala de seguretat al nostre sistema d&#8217;exterior DC-ITContainer i en poc temps, tindr\u00e0 data centers assegurances fora de l&#8217;edifici existent.[\/vc_column_text][vc_empty_space][vc_row_inner][vc_column_inner width=&#8221;1\/2&#8243;][vc_single_image image=&#8221;4595&#8243; img_size=&#8221;full&#8221; alignment=&#8221;center&#8221;][vc_column_text]<strong>.\u2026 com un CPD d&#8217;alt valor<\/strong><br \/>\nmodular i expandible individualment a qualsevol mida requerit. Soluci\u00f3 room-in-room per a edificis i espais existents.[\/vc_column_text][\/vc_column_inner][vc_column_inner width=&#8221;1\/2&#8243;][vc_single_image image=&#8221;4811&#8243; img_size=&#8221;full&#8221; alignment=&#8221;center&#8221;][vc_column_text]<strong>\u2026 com a soluci\u00f3 per a exteriors<\/strong><br \/>\ntancada per una carcassa d&#8217;acer. No es requereix una nova construcci\u00f3, les remocions o modificacions modulars s\u00f3n possibles quan sigui necessari.[\/vc_column_text][\/vc_column_inner][\/vc_row_inner][vc_empty_space height=&#8221;62px&#8221;][\/vc_column][\/vc_row][vc_row content_width=&#8221;grid&#8221;][vc_column][vc_empty_space height=&#8221;62px&#8221; css=&#8221;.vc_custom_1614614079219{border-bottom-width: 3px !important;border-bottom-color: #e8e8e8 !important;border-bottom-style: solid !important;}&#8221;][vc_row_inner][vc_column_inner width=&#8221;1\/2&#8243;][vc_empty_space][vc_column_text]<\/p>\n<h3>Opcions:<\/h3>\n<ul>\n<li>Diversos mides de porta<\/li>\n<li>Sistemes de control d&#8217;acc\u00e9s o pany de clau mec\u00e0nica<\/li>\n<li>Tancament autom\u00e0tic de portes (amb o sense control d&#8217;alarma de fum \/ extinci\u00f3)<\/li>\n<li>Accionament de porta electrohidr\u00e0ulic<\/li>\n<li>Diversos sistemes i mides de cableductos<\/li>\n<li>Distribuci\u00f3 i alimentaci\u00f3 el\u00e8ctrica<\/li>\n<li>Sistema d&#8217;il\u00b7luminaci\u00f3<\/li>\n<li>Comportes de ventilaci\u00f3 i sobrepressi\u00f3 (tamb\u00e9 disponible en versi\u00f3 combinada)<\/li>\n<\/ul>\n<p>[\/vc_column_text][\/vc_column_inner][vc_column_inner width=&#8221;1\/2&#8243;][vc_empty_space][vc_column_text]<\/p>\n<h3>Opcions addicionals:<\/h3>\n<ul>\n<li>Fals s\u00f2l<\/li>\n<li>Sistema d&#8217;alarma contra incendis<\/li>\n<li>Sistema d&#8217;alarma d&#8217;incendi preco\u00e7<\/li>\n<li>Sistemes de monitoritzaci\u00f3 i efici\u00e8ncia energ\u00e8tica<\/li>\n<li>Sistema d&#8217;alarmes contra la intrusi\u00f3<\/li>\n<li>Sistema d&#8217;extinci\u00f3 d&#8217;incendis<\/li>\n<li>UPS<\/li>\n<li>FreeCooling<\/li>\n<li>Rack de 482,6 mm (19 \u201c)<\/li>\n<\/ul>\n<p>[\/vc_column_text][\/vc_column_inner][\/vc_row_inner][vc_empty_space height=&#8221;42px&#8221;][\/vc_column][\/vc_row][vc_row content_width=&#8221;grid&#8221;][vc_column][vc_empty_space height=&#8221;62px&#8221; css=&#8221;.vc_custom_1614614079219{border-bottom-width: 3px !important;border-bottom-color: #e8e8e8 !important;border-bottom-style: solid !important;}&#8221;][vc_empty_space height=&#8221;62px&#8221;][vc_column_text]<\/p>\n<h3>Alta disponibilitat durant la instal\u00b7laci\u00f3<\/h3>\n<p>A petici\u00f3 de client, protegim seu CPD amb el nostre sistema room-in-room en molt poc temps. Aquest sistema modular \u00e9s adaptable a qualsevol mida. Sense interrupcions dels processos de TI.[\/vc_column_text][vc_empty_space][\/vc_column][\/vc_row][vc_row content_width=&#8221;grid&#8221;][vc_column width=&#8221;1\/4&#8243;][vc_single_image image=&#8221;4822&#8243; img_size=&#8221;230&#215;173&#8243; alignment=&#8221;center&#8221;][vc_column_text]Inici de la instal\u00b7laci\u00f3<\/p>\n<p>[\/vc_column_text][vc_empty_space][\/vc_column][vc_column width=&#8221;1\/4&#8243;][vc_single_image image=&#8221;4820&#8243; img_size=&#8221;full&#8221; alignment=&#8221;center&#8221;][vc_column_text]El seu CPD est\u00e0 completament protegit per tots els costats[\/vc_column_text][vc_empty_space][\/vc_column][vc_column width=&#8221;1\/4&#8243;][vc_single_image image=&#8221;4823&#8243; img_size=&#8221;full&#8221; alignment=&#8221;center&#8221;][vc_column_text]Quadres el\u00e8ctrics i de control clarament disposats, etiquetats i f\u00e0cils d&#8217;usar<\/p>\n<p>[\/vc_column_text][vc_empty_space][\/vc_column][vc_column width=&#8221;1\/4&#8243;][vc_single_image image=&#8221;4821&#8243; img_size=&#8221;full&#8221; alignment=&#8221;center&#8221;][vc_column_text]\u00a1Acabat! Amb control d&#8217;acc\u00e9s i porta blindada.<\/p>\n<p>[\/vc_column_text][vc_empty_space][\/vc_column][\/vc_row]<\/p>\n<\/div>","protected":false},"excerpt":{"rendered":"<p>[vc_row css=&#8221;.vc_custom_1612349518442{background: #ff9100 url(http:\/\/socored.es\/wp-content\/uploads\/2021\/01\/socored-background.png?id=3695) !important;background-position: center !important;background-repeat: no-repeat !important;background-size: cover !important;}&#8221;][vc_column][vc_empty_space height=&#8221;85&#8243;][vc_column_text] Sales de seguretat IT DC-ITROOM GRANITE [\/vc_column_text][vc_empty_space height=&#8221;80&#8243;][\/vc_column][\/vc_row][vc_row content_width=&#8221;grid&#8221;][vc_column][vc_empty_space height=&#8221;62px&#8221;][vc_column_text] SALA DE SEGURETAT IT CERTIFICADA&#8230;<\/p>\n","protected":false},"author":1,"featured_media":0,"parent":5916,"menu_order":0,"comment_status":"closed","ping_status":"closed","template":"full-width.php","meta":[],"_links":{"self":[{"href":"https:\/\/socored.es\/ca\/wp-json\/wp\/v2\/pages\/5920"}],"collection":[{"href":"https:\/\/socored.es\/ca\/wp-json\/wp\/v2\/pages"}],"about":[{"href":"https:\/\/socored.es\/ca\/wp-json\/wp\/v2\/types\/page"}],"author":[{"embeddable":true,"href":"https:\/\/socored.es\/ca\/wp-json\/wp\/v2\/users\/1"}],"replies":[{"embeddable":true,"href":"https:\/\/socored.es\/ca\/wp-json\/wp\/v2\/comments?post=5920"}],"version-history":[{"count":2,"href":"https:\/\/socored.es\/ca\/wp-json\/wp\/v2\/pages\/5920\/revisions"}],"predecessor-version":[{"id":7699,"href":"https:\/\/socored.es\/ca\/wp-json\/wp\/v2\/pages\/5920\/revisions\/7699"}],"up":[{"embeddable":true,"href":"https:\/\/socored.es\/ca\/wp-json\/wp\/v2\/pages\/5916"}],"wp:attachment":[{"href":"https:\/\/socored.es\/ca\/wp-json\/wp\/v2\/media?parent=5920"}],"curies":[{"name":"wp","href":"https:\/\/api.w.org\/{rel}","templated":true}]}}