{"id":5922,"date":"2021-04-13T13:03:27","date_gmt":"2021-04-13T13:03:27","guid":{"rendered":"http:\/\/socored.es\/seguretat-perimetral\/dc-itroom-quartzite-9-0\/"},"modified":"2021-04-13T13:03:27","modified_gmt":"2021-04-13T13:03:27","slug":"dc-itroom-quartzite-9-0","status":"publish","type":"page","link":"https:\/\/socored.es\/ca\/seguretat-perimetral\/dc-itroom-quartzite-9-0\/","title":{"rendered":"DC-ITRoom QuartzITe 9.0"},"content":{"rendered":"<div class=\"wpb-content-wrapper\"><p>[vc_row css=&#8221;.vc_custom_1612349518442{background: #ff9100 url(http:\/\/socored.es\/wp-content\/uploads\/2021\/01\/socored-background.png?id=3695) !important;background-position: center !important;background-repeat: no-repeat !important;background-size: cover !important;}&#8221;][vc_column][vc_empty_space height=&#8221;85&#8243;][vc_column_text]<\/p>\n<p style=\"text-align: center; color: white; margin-bottom: -15px;\">Sales de seguretat IT<\/p>\n<h1 style=\"text-align: center; color: white;\">DC-ITROOM QUARTZITE 9.3<\/h1>\n<p>[\/vc_column_text][vc_empty_space height=&#8221;80&#8243;][\/vc_column][\/vc_row][vc_row content_width=&#8221;grid&#8221;][vc_column][vc_empty_space height=&#8221;62px&#8221;][\/vc_column][\/vc_row][vc_row content_width=&#8221;grid&#8221;][vc_column width=&#8221;1\/2&#8243;][vc_row_inner][vc_column_inner offset=&#8221;vc_hidden-sm vc_hidden-xs&#8221;][vc_empty_space][\/vc_column_inner][\/vc_row_inner][vc_column_text]<\/p>\n<h1>SALA DE SEGURETAT IT EI90 SEGONS A 1363<\/h1>\n<h3>Sistema modular de tipus room-in-room amb protecci\u00f3 b\u00e0sica contra perills f\u00edsics importants<\/h3>\n<p>[\/vc_column_text][vc_empty_space][vc_column_text]<\/p>\n<h3>Caracter\u00edstiques<\/h3>\n<ul>\n<li>Sistema modular room-in-room compost per elements de paret i sostre.<\/li>\n<li>Sistema innovador de cableductos i tubs de f\u00e0cil manteniment.<\/li>\n<li>Protecci\u00f3 inform\u00e0tica b\u00e0sica contra els principals perills f\u00edsics (foc, robatori, aigua, pols, EMC &#8230;)<\/li>\n<li>Sistema de protecci\u00f3 contra incendis EI 90 segons EN 1363.<\/li>\n<li>Protecci\u00f3 inform\u00e0tica constructiva segons BITKOM DC categoria A.<\/li>\n<\/ul>\n<p>[\/vc_column_text][vc_empty_space][\/vc_column][vc_column width=&#8221;1\/2&#8243;][vc_single_image image=&#8221;4592&#8243; img_size=&#8221;full&#8221; alignment=&#8221;center&#8221;][\/vc_column][\/vc_row][vc_row content_width=&#8221;grid&#8221;][vc_column][vc_empty_space height=&#8221;62px&#8221; css=&#8221;.vc_custom_1614614079219{border-bottom-width: 3px !important;border-bottom-color: #e8e8e8 !important;border-bottom-style: solid !important;}&#8221;][vc_empty_space height=&#8221;62px&#8221;][vc_row_inner][vc_column_inner width=&#8221;7\/12&#8243;][vc_column_text]<\/p>\n<h3>Caracter\u00edstiques de disseny<\/h3>\n<ul>\n<li>Construcci\u00f3 modular.<\/li>\n<li>Expandible, transportable i reutilitzable.<\/li>\n<li>Panells sandvitx amb estructura tipus sandvitx de xapa d&#8217;acer i nucli termoa\u00efllant, no inflamable (A1).<\/li>\n<li>Gruix de el panell paret \/ sostre aprox. 100 mm.<\/li>\n<li>SSistema d&#8217;cableductos de tipus Soft-sealing i Hard-sealing per a entrada de cables i tubs.<\/li>\n<li>Sistema d&#8217;cableductos opcionals amb obertura i tancament f\u00e0cil per a clients.<\/li>\n<li>Comportes tallafocs per alliberar la pressi\u00f3 o per aire de renovaci\u00f3.<\/li>\n<\/ul>\n<p>[\/vc_column_text][vc_empty_space][\/vc_column_inner][vc_column_inner width=&#8221;5\/12&#8243;][vc_single_image image=&#8221;4869&#8243; img_size=&#8221;full&#8221; alignment=&#8221;center&#8221;][vc_empty_space][vc_column_text]Comportes tallafoc per alliberament de pressi\u00f3 en cas de sistemes d&#8217;extinci\u00f3 d&#8217;incendis o per aire fresc de renovaci\u00f3 o evacuaci\u00f3.<\/p>\n<p>[\/vc_column_text][\/vc_column_inner][\/vc_row_inner][\/vc_column][\/vc_row][vc_row content_width=&#8221;grid&#8221;][vc_column][vc_empty_space height=&#8221;62px&#8221; css=&#8221;.vc_custom_1614614079219{border-bottom-width: 3px !important;border-bottom-color: #e8e8e8 !important;border-bottom-style: solid !important;}&#8221;][vc_empty_space height=&#8221;62px&#8221;][vc_row_inner][vc_column_inner width=&#8221;7\/12&#8243;][vc_column_text]<\/p>\n<h3><strong>Nou sistema de cableductos<\/strong><\/h3>\n<ul>\n<li>Dissenyat per a cables i malls de cables<\/li>\n<li>Obertura i tancament pel propi client<\/li>\n<li>F\u00e0cil instal\u00b7laci\u00f3 i manteniment.<\/li>\n<li>Totalment operatiu immediatament despr\u00e9s de la instal\u00b7laci\u00f3<\/li>\n<li>Sense comissions per servei d&#8217;obertura i tancament per cableductos<\/li>\n<li>F\u00e0cil instal\u00b7laci\u00f3 de cables addicionals<\/li>\n<li>Adequat per a la substituci\u00f3 o addici\u00f3 freq\u00fcents de cablejat.<\/li>\n<li>sense brut\u00edcia<\/li>\n<\/ul>\n<p>[\/vc_column_text][vc_empty_space][\/vc_column_inner][vc_column_inner width=&#8221;5\/12&#8243;][vc_single_image image=&#8221;4839&#8243; img_size=&#8221;full&#8221; alignment=&#8221;center&#8221;][vc_empty_space][vc_column_text]Nou: sistema de cableductos opcional per facilitar el cablejat per part de client<\/p>\n<p>[\/vc_column_text][\/vc_column_inner][\/vc_row_inner][\/vc_column][\/vc_row][vc_row content_width=&#8221;grid&#8221;][vc_column][vc_empty_space height=&#8221;62px&#8221; css=&#8221;.vc_custom_1614614079219{border-bottom-width: 3px !important;border-bottom-color: #e8e8e8 !important;border-bottom-style: solid !important;}&#8221;][vc_empty_space height=&#8221;62px&#8221;][vc_row_inner][vc_column_inner width=&#8221;7\/12&#8243;][vc_column_text]<\/p>\n<h3>Test i Certificats<\/h3>\n<ul>\n<li>Prova de sistema complet EI90 segons EN 1363.<\/li>\n<li>Protecci\u00f3 antirobatori RC 2 segons EN 1627-1630, porta opcionalment tipus RC 3.<\/li>\n<li>Protecci\u00f3 contra la pols IP 5x acc. segons EN 60529.<\/li>\n<li>Protecci\u00f3 contra esquitxades d&#8217;aigua IP x6 acc. segons EN 60529.<\/li>\n<li>Protecci\u00f3 contra l&#8217;aigua estancada (72 hores, 40 cm, m\u00e0x. 20 gotes d&#8217;aigua).<\/li>\n<li>Protecci\u00f3 EMC.<\/li>\n<\/ul>\n<p>[\/vc_column_text][vc_empty_space][\/vc_column_inner][vc_column_inner width=&#8221;5\/12&#8243;][vc_column_text]<\/p>\n<h3>Prova d&#8217;sistema per a major seguretat<\/h3>\n<p>La s\u00e8rie QuartzITe va ser provada d&#8217;acord amb els est\u00e0ndards de construcci\u00f3 rellevants de DIN (Institut Alemany de Normalitzaci\u00f3) i EN (est\u00e0ndard europeu).[\/vc_column_text][vc_empty_space][vc_single_image image=&#8221;4838&#8243; img_size=&#8221;full&#8221; alignment=&#8221;center&#8221;][\/vc_column_inner][\/vc_row_inner][vc_empty_space height=&#8221;62px&#8221;][\/vc_column][\/vc_row][vc_row content_width=&#8221;grid&#8221;][vc_column][vc_empty_space height=&#8221;62px&#8221; css=&#8221;.vc_custom_1614614079219{border-bottom-width: 3px !important;border-bottom-color: #e8e8e8 !important;border-bottom-style: solid !important;}&#8221;][vc_row_inner][vc_column_inner width=&#8221;8\/12&#8243;][vc_empty_space][vc_column_text]<\/p>\n<h3>Opcions:<\/h3>\n<ul>\n<li>Diversos mides de porta<\/li>\n<li>Sistemes de control d&#8217;acc\u00e9s o pany de clau mec\u00e0nica.<\/li>\n<li>Tancaportes corredisses incl. suport de porta electromec\u00e0nic (amb \/ sense control de sistema d&#8217;extinci\u00f3)<\/li>\n<li>Accionament de porta electrohidr\u00e0ulic<\/li>\n<li>Diversos sistemes i mides de cableductos<\/li>\n<li>control el\u00e8ctric<\/li>\n<li>Sistema d&#8217;il\u00b7luminaci\u00f3<\/li>\n<li>Comportes de sobrepressi\u00f3 o per aire de renovaci\u00f3 \/ escapament<\/li>\n<\/ul>\n<p>[\/vc_column_text][\/vc_column_inner][vc_column_inner width=&#8221;4\/12&#8243;][vc_empty_space][vc_column_text]<\/p>\n<h3>Opcions addicionals:<\/h3>\n<ul>\n<li>S\u00f2l t\u00e8cnic<\/li>\n<li>Sistema de detecci\u00f3 contra incendis<\/li>\n<li>Sistema de detecci\u00f3 preco\u00e7 de fum<\/li>\n<li>Sistemes de monitoritzaci\u00f3 i efici\u00e8ncia energ\u00e8tica<\/li>\n<li>Sistema d&#8217;alarma antirobatori<\/li>\n<li>Sistema d&#8217;extinci\u00f3 d&#8217;incendis<\/li>\n<li>SAIs<\/li>\n<li>Rrefrigeraci\u00f3 freecooling<\/li>\n<li>Rack de 482,6 mm (19 \u201c)<\/li>\n<\/ul>\n<p>[\/vc_column_text][\/vc_column_inner][\/vc_row_inner][vc_empty_space height=&#8221;42px&#8221;][\/vc_column][\/vc_row][vc_row content_width=&#8221;grid&#8221;][vc_column][vc_empty_space height=&#8221;62px&#8221; css=&#8221;.vc_custom_1614614079219{border-bottom-width: 3px !important;border-bottom-color: #e8e8e8 !important;border-bottom-style: solid !important;}&#8221;][vc_empty_space height=&#8221;62px&#8221;][vc_column_text]<\/p>\n<h3>Ventaja: la instalaci\u00f3n de salas TI en edificios existentes<\/h3>\n<p>[\/vc_column_text][vc_empty_space][\/vc_column][\/vc_row][vc_row content_width=&#8221;grid&#8221;][vc_column width=&#8221;1\/4&#8243;][vc_single_image image=&#8221;4837&#8243; img_size=&#8221;full&#8221; alignment=&#8221;center&#8221;][vc_empty_space][\/vc_column][vc_column width=&#8221;1\/4&#8243;][vc_single_image image=&#8221;4836&#8243; img_size=&#8221;full&#8221; alignment=&#8221;center&#8221;][vc_empty_space][\/vc_column][vc_column width=&#8221;1\/4&#8243;][vc_single_image image=&#8221;4835&#8243; img_size=&#8221;full&#8221; alignment=&#8221;center&#8221;][vc_empty_space][\/vc_column][vc_column width=&#8221;1\/4&#8243;][\/vc_column][\/vc_row]<\/p>\n<\/div>","protected":false},"excerpt":{"rendered":"<p>[vc_row css=&#8221;.vc_custom_1612349518442{background: #ff9100 url(http:\/\/socored.es\/wp-content\/uploads\/2021\/01\/socored-background.png?id=3695) !important;background-position: center !important;background-repeat: no-repeat !important;background-size: cover !important;}&#8221;][vc_column][vc_empty_space height=&#8221;85&#8243;][vc_column_text] Sales de seguretat IT DC-ITROOM QUARTZITE 9.3 [\/vc_column_text][vc_empty_space height=&#8221;80&#8243;][\/vc_column][\/vc_row][vc_row content_width=&#8221;grid&#8221;][vc_column][vc_empty_space height=&#8221;62px&#8221;][\/vc_column][\/vc_row][vc_row content_width=&#8221;grid&#8221;][vc_column width=&#8221;1\/2&#8243;][vc_row_inner][vc_column_inner offset=&#8221;vc_hidden-sm vc_hidden-xs&#8221;][vc_empty_space][\/vc_column_inner][\/vc_row_inner][vc_column_text]&#8230;<\/p>\n","protected":false},"author":1,"featured_media":0,"parent":5916,"menu_order":0,"comment_status":"closed","ping_status":"closed","template":"full-width.php","meta":[],"_links":{"self":[{"href":"https:\/\/socored.es\/ca\/wp-json\/wp\/v2\/pages\/5922"}],"collection":[{"href":"https:\/\/socored.es\/ca\/wp-json\/wp\/v2\/pages"}],"about":[{"href":"https:\/\/socored.es\/ca\/wp-json\/wp\/v2\/types\/page"}],"author":[{"embeddable":true,"href":"https:\/\/socored.es\/ca\/wp-json\/wp\/v2\/users\/1"}],"replies":[{"embeddable":true,"href":"https:\/\/socored.es\/ca\/wp-json\/wp\/v2\/comments?post=5922"}],"version-history":[{"count":2,"href":"https:\/\/socored.es\/ca\/wp-json\/wp\/v2\/pages\/5922\/revisions"}],"predecessor-version":[{"id":5924,"href":"https:\/\/socored.es\/ca\/wp-json\/wp\/v2\/pages\/5922\/revisions\/5924"}],"up":[{"embeddable":true,"href":"https:\/\/socored.es\/ca\/wp-json\/wp\/v2\/pages\/5916"}],"wp:attachment":[{"href":"https:\/\/socored.es\/ca\/wp-json\/wp\/v2\/media?parent=5922"}],"curies":[{"name":"wp","href":"https:\/\/api.w.org\/{rel}","templated":true}]}}