{"id":5925,"date":"2021-04-13T14:04:27","date_gmt":"2021-04-13T14:04:27","guid":{"rendered":"http:\/\/socored.es\/seguretat-perimetral\/dc-itroom-quartzite-9-3\/"},"modified":"2021-04-13T14:04:28","modified_gmt":"2021-04-13T14:04:28","slug":"dc-itroom-quartzite-9-3","status":"publish","type":"page","link":"https:\/\/socored.es\/ca\/seguretat-perimetral\/dc-itroom-quartzite-9-3\/","title":{"rendered":"DC-ITRoom QuartzITe 9.3"},"content":{"rendered":"<div class=\"wpb-content-wrapper\"><p>[vc_row css=&#8221;.vc_custom_1612349518442{background: #ff9100 url(http:\/\/socored.es\/wp-content\/uploads\/2021\/01\/socored-background.png?id=3695) !important;background-position: center !important;background-repeat: no-repeat !important;background-size: cover !important;}&#8221;][vc_column][vc_empty_space height=&#8221;85&#8243;][vc_column_text]<\/p>\n<p style=\"text-align: center; color: white; margin-bottom: -15px;\">Sales de seguretat IT<\/p>\n<h1 style=\"text-align: center; color: white;\">DC-ITROOM QUARTZITE 9.3<\/h1>\n<p>[\/vc_column_text][vc_empty_space height=&#8221;80&#8243;][\/vc_column][\/vc_row][vc_row content_width=&#8221;grid&#8221;][vc_column][vc_empty_space height=&#8221;62px&#8221;][\/vc_column][\/vc_row][vc_row content_width=&#8221;grid&#8221;][vc_column width=&#8221;7\/12&#8243;][vc_row_inner][vc_column_inner offset=&#8221;vc_hidden-sm vc_hidden-xs&#8221;][vc_empty_space][\/vc_column_inner][\/vc_row_inner][vc_column_text]<\/p>\n<h1>SALA DE SEGURETAT IT DE 30 MINUTS LA NORMA EN 1047-2<\/h1>\n<h3>Sistema modular room-in-room amb alta protecci\u00f3 contra perills f\u00edsics.<\/h3>\n<p>[\/vc_column_text][vc_empty_space][\/vc_column][vc_column width=&#8221;5\/12&#8243;][vc_single_image image=&#8221;4593&#8243; img_size=&#8221;full&#8221; alignment=&#8221;center&#8221;][\/vc_column][\/vc_row][vc_row content_width=&#8221;grid&#8221;][vc_column][vc_empty_space height=&#8221;62px&#8221; css=&#8221;.vc_custom_1614614079219{border-bottom-width: 3px !important;border-bottom-color: #e8e8e8 !important;border-bottom-style: solid !important;}&#8221;][vc_empty_space height=&#8221;62px&#8221;][vc_column_text]<\/p>\n<h4>La seguridad es lo m\u00e1s importante Protecci\u00f3n contra incendios: 30 minutos sin superar los l\u00edmites de temperatura y humedad con DC- IT Room Quartz IT e 9.3<\/h4>\n<p>[\/vc_column_text][vc_empty_space][\/vc_column][\/vc_row][vc_row content_width=&#8221;grid&#8221;][vc_column width=&#8221;1\/2&#8243;][vc_single_image image=&#8221;4842&#8243; img_size=&#8221;full&#8221; alignment=&#8221;center&#8221;][vc_column_text]Durant la prova, la temperatura interna augmenta durant els primers 30 minuts. La cocci\u00f3 no ha d&#8217;excedir el valor l\u00edmit de 50 graus Kelvin i el 85% d&#8217;humitat relativa.<br \/>\nDespr\u00e9s d&#8217;aquest per\u00edode, els valors l\u00edmit segons. segons DIN 4102 \/ EN 1363 s\u00f3n admissibles. Aquest escenari de prova reprodueix el comportament de l&#8217;material dels components de construcci\u00f3 i la compatibilitat de les unions cr\u00edtiques entre si.[\/vc_column_text][vc_empty_space][\/vc_column][vc_column width=&#8221;1\/2&#8243;][vc_column_text]El DC- IT Room Quartz IT i 9.3 t\u00e9 un sistema de prova F90 d&#8217;acord amb DIN 4102 i EI 90 d&#8217;acord amb EN 1363 i compleix a el menys 30 minuts amb els valors l\u00edmit d&#8217;EN 1047-2 per a l&#8217;augment de temperatura i humitat relativa.[\/vc_column_text][vc_empty_space height=&#8221;12px&#8221;][vc_single_image image=&#8221;4841&#8243; img_size=&#8221;full&#8221; alignment=&#8221;center&#8221;][vc_empty_space][\/vc_column][\/vc_row][vc_row content_width=&#8221;grid&#8221;][vc_column][vc_empty_space height=&#8221;62px&#8221; css=&#8221;.vc_custom_1614614079219{border-bottom-width: 3px !important;border-bottom-color: #e8e8e8 !important;border-bottom-style: solid !important;}&#8221;][vc_empty_space height=&#8221;62px&#8221;][vc_column_text]<\/p>\n<h3>Caracter\u00edstiques<\/h3>\n<ul>\n<li>Sistema modular room-in-room amb tots els elements de paret, terra i sostre<\/li>\n<li>Sistema innovador de cableductos de f\u00e0cil segellat i manteniment<\/li>\n<li>Alta protecci\u00f3 contra els principals perills f\u00edsics (foc, robatori, aigua, pols, EMC &#8230;)<\/li>\n<li>Sistema de protecci\u00f3 contra incendis EI 90 segons EN 1363 i 30 minuts EN 1047-2<\/strong><\/li>\n<li>Protecci\u00f3 inform\u00e0tica constructiva segons BITKOM DC categoria B, BSI, EN 50600<\/strong><\/li>\n<\/ul>\n<p>[\/vc_column_text][vc_empty_space height=&#8221;62px&#8221; css=&#8221;.vc_custom_1614614079219{border-bottom-width: 3px !important;border-bottom-color: #e8e8e8 !important;border-bottom-style: solid !important;}&#8221;][\/vc_column][\/vc_row][vc_row content_width=&#8221;grid&#8221;][vc_column][vc_empty_space height=&#8221;62px&#8221;][vc_row_inner][vc_column_inner width=&#8221;7\/12&#8243;][vc_column_text]<\/p>\n<h3>Caracter\u00edstiques de el disseny<\/h3>\n<ul>\n<li>construcci\u00f3 modular<\/li>\n<li>Expandible, reubicable i transportable.<\/li>\n<li>Panells sandvitx amb estructura tipus sandvitx d&#8217;acer i nucli termoa\u00efllant, no inflamable (A1)<\/li>\n<li>Gruix de el panell paret i sostre aprox. 100 mm<\/li>\n<li>Sistema d&#8217;cableductos de tipus Soft-sealing i hard-sealing per a entrada de cables i tubs<\/li>\n<li>Sistema d&#8217;cableductos amb obertura i tancament f\u00e0cil per a instal\u00b7lacions actives pel propi client.<\/li>\n<li>Comporta de sobrepressi\u00f3 pneum\u00e0tica per alliberar exc\u00e9s de pressi\u00f3 en cas d&#8217;extinci\u00f3 d&#8217;incendis<\/li>\n<li>Comportes de ventilaci\u00f3 per entrada d&#8217;aire de renovaci\u00f3.<\/li>\n<\/ul>\n<p>[\/vc_column_text][vc_empty_space][\/vc_column_inner][vc_column_inner width=&#8221;5\/12&#8243;][vc_single_image image=&#8221;4840&#8243; img_size=&#8221;full&#8221; alignment=&#8221;center&#8221;][vc_empty_space][vc_column_text]Comporta de sobrepressi\u00f3 per a alleujar la pressi\u00f3 en cas d&#8217;inundaci\u00f3 per agent extintor en un esdeveniment d&#8217;extinci\u00f3 d&#8217;incendis.<\/p>\n<p>[\/vc_column_text][\/vc_column_inner][\/vc_row_inner][\/vc_column][\/vc_row][vc_row content_width=&#8221;grid&#8221;][vc_column][vc_empty_space height=&#8221;62px&#8221; css=&#8221;.vc_custom_1614614079219{border-bottom-width: 3px !important;border-bottom-color: #e8e8e8 !important;border-bottom-style: solid !important;}&#8221;][vc_empty_space height=&#8221;62px&#8221;][vc_row_inner][vc_column_inner width=&#8221;7\/12&#8243;][vc_column_text]<\/p>\n<h3><strong>Nou sistema de conductes d&#8217;cabledcutos<\/strong><\/h3>\n<ul>\n<li>Dissenyat per a cables i malls de cables<\/li>\n<li>Obertura i tancament pel propi client<\/li>\n<li>F\u00e0cil instal\u00b7laci\u00f3 i manteniment.<\/li>\n<li>Totalment operatiu immediatament despr\u00e9s de la instal\u00b7laci\u00f3<\/li>\n<li>Sense comissions per servei d&#8217;obertura i tancament per cableductos<\/li>\n<li>F\u00e0cil instal\u00b7laci\u00f3 de cables addicionals<\/li>\n<li>Adequat per a la substituci\u00f3 o addici\u00f3 freq\u00fcents de cablejat.<br \/>\nsense brut\u00edcia<\/li>\n<\/ul>\n<p>[\/vc_column_text][vc_empty_space][\/vc_column_inner][vc_column_inner width=&#8221;5\/12&#8243;][vc_single_image image=&#8221;4839&#8243; img_size=&#8221;full&#8221; alignment=&#8221;center&#8221;][vc_empty_space][vc_column_text]Nou: sistema de cableductos opcional per facilitar el cablejat per part de client<\/p>\n<p>[\/vc_column_text][\/vc_column_inner][\/vc_row_inner][\/vc_column][\/vc_row][vc_row content_width=&#8221;grid&#8221;][vc_column][vc_empty_space height=&#8221;62px&#8221; css=&#8221;.vc_custom_1614614079219{border-bottom-width: 3px !important;border-bottom-color: #e8e8e8 !important;border-bottom-style: solid !important;}&#8221;][vc_empty_space height=&#8221;62px&#8221;][vc_row_inner][vc_column_inner width=&#8221;7\/12&#8243;][vc_column_text]<\/p>\n<h3>Test i Certificats<\/h3>\n<ul>\n<li>Prova de sistema EI90 segons. segons EN 1363 amb al menys 30 minuts de compliment dels valors l\u00edmit d&#8217;EN 1047-2 per a l&#8217;augment de temperatura <50 K i humitat relativa <85%<\/li>\n<li>Protecci\u00f3 antirobatori RC 2 segons EN 1627-1630. Com opcional porta amb nivell RC 3<\/li>\n<li>Protecci\u00f3 contra la pols IP 5x acc. segons EN 60529<\/li>\n<li>Protecci\u00f3 contra esquitxades d&#8217;aigua IP x6 acc. segons EN 60529<\/li>\n<li>Estanque\u00eftat als fums segons EN 1634-3<\/li>\n<li>Protecci\u00f3 contra aigua estancada, 72 hores, 40 cm, m\u00e0x. 20 gotes d&#8217;aigua<\/li>\n<li>Protecci\u00f3 Electromagn\u00e8tica EM<\/li>\n<\/ul>\n<p>[\/vc_column_text][vc_empty_space][\/vc_column_inner][vc_column_inner width=&#8221;5\/12&#8243;][vc_column_text]<\/p>\n<h3>Prova d&#8217;sistema per a major seguretat<\/h3>\n<p>La s\u00e8rie QuartzITe va ser provada d&#8217;acord amb els est\u00e0ndards de construcci\u00f3 rellevants de DIN (Institut Alemany de Normalitzaci\u00f3) i EN (est\u00e0ndard europeu)[\/vc_column_text][vc_empty_space][vc_single_image image=&#8221;4838&#8243; img_size=&#8221;full&#8221; alignment=&#8221;center&#8221;][\/vc_column_inner][\/vc_row_inner][vc_empty_space height=&#8221;62px&#8221;][\/vc_column][\/vc_row][vc_row content_width=&#8221;grid&#8221;][vc_column][vc_empty_space height=&#8221;62px&#8221; css=&#8221;.vc_custom_1614614079219{border-bottom-width: 3px !important;border-bottom-color: #e8e8e8 !important;border-bottom-style: solid !important;}&#8221;][vc_row_inner][vc_column_inner width=&#8221;8\/12&#8243;][vc_empty_space][vc_column_text]<\/p>\n<h3>Opcions:<\/h3>\n<ul>\n<li>Diversos mides de porta<\/li>\n<li>Pany de clau mec\u00e0nica o sistema de control d&#8217;acc\u00e9s electr\u00f2nic<\/li>\n<li>Tancaportes corredisses incl. suport de porta electromec\u00e0nic (amb o sense control de sistema d&#8217;extinci\u00f3)<\/li>\n<li>Accionament de porta electrohidr\u00e0ulic<\/li>\n<li>Diversos sistemes i mides de cableductos.<\/li>\n<li>control electr\u00f2nic<\/li>\n<li>Sistema d&#8217;il\u00b7luminaci\u00f3<\/li>\n<li>Comporta de ventilaci\u00f3 i sobrepressi\u00f3 (tamb\u00e9 disponible com a sistema combinat)<\/li>\n<\/ul>\n<p>[\/vc_column_text][\/vc_column_inner][vc_column_inner width=&#8221;4\/12&#8243;][vc_empty_space][vc_column_text]<\/p>\n<h3>Opcions addicionals:<\/h3>\n<ul>\n<li>S\u00f2l t\u00e8cnic<\/li>\n<li>Sistema de detecci\u00f3 contra incendis<\/li>\n<li>Sistema de detecci\u00f3 preco\u00e7 de fum<\/li>\n<li>Sistemes de monitoritzaci\u00f3 i efici\u00e8ncia energ\u00e8tica<\/li>\n<li>Sistema d&#8217;alarma antirobatori<\/li>\n<li>Sistema d&#8217;extinci\u00f3 d&#8217;incendis<\/li>\n<li>SAIs<\/li>\n<li>Refrigeraci\u00f3  FreeCooling<\/li>\n<li>Rack de 482,6 mm (19 \u201c)<\/li>\n<\/ul>\n<p>[\/vc_column_text][\/vc_column_inner][\/vc_row_inner][vc_empty_space height=&#8221;42px&#8221;][\/vc_column][\/vc_row][vc_row content_width=&#8221;grid&#8221;][vc_column][vc_empty_space height=&#8221;62px&#8221; css=&#8221;.vc_custom_1614614079219{border-bottom-width: 3px !important;border-bottom-color: #e8e8e8 !important;border-bottom-style: solid !important;}&#8221;][vc_empty_space height=&#8221;62px&#8221;][vc_column_text]<\/p>\n<h3>Avantatge: la instal\u00b7laci\u00f3 de sales TI en edificis existents<\/h3>\n<p>[\/vc_column_text][vc_empty_space][\/vc_column][\/vc_row][vc_row content_width=&#8221;grid&#8221;][vc_column width=&#8221;1\/4&#8243;][vc_single_image image=&#8221;4837&#8243; img_size=&#8221;full&#8221; alignment=&#8221;center&#8221;][vc_empty_space][\/vc_column][vc_column width=&#8221;1\/4&#8243;][vc_single_image image=&#8221;4836&#8243; img_size=&#8221;full&#8221; alignment=&#8221;center&#8221;][vc_empty_space][\/vc_column][vc_column width=&#8221;1\/4&#8243;][vc_single_image image=&#8221;4835&#8243; img_size=&#8221;full&#8221; alignment=&#8221;center&#8221;][vc_empty_space][\/vc_column][vc_column width=&#8221;1\/4&#8243;][\/vc_column][\/vc_row]<\/p>\n<\/div>","protected":false},"excerpt":{"rendered":"<p>[vc_row css=&#8221;.vc_custom_1612349518442{background: #ff9100 url(http:\/\/socored.es\/wp-content\/uploads\/2021\/01\/socored-background.png?id=3695) !important;background-position: center !important;background-repeat: no-repeat !important;background-size: cover !important;}&#8221;][vc_column][vc_empty_space height=&#8221;85&#8243;][vc_column_text] Sales de seguretat IT DC-ITROOM QUARTZITE 9.3 [\/vc_column_text][vc_empty_space height=&#8221;80&#8243;][\/vc_column][\/vc_row][vc_row content_width=&#8221;grid&#8221;][vc_column][vc_empty_space height=&#8221;62px&#8221;][\/vc_column][\/vc_row][vc_row content_width=&#8221;grid&#8221;][vc_column width=&#8221;7\/12&#8243;][vc_row_inner][vc_column_inner offset=&#8221;vc_hidden-sm vc_hidden-xs&#8221;][vc_empty_space][\/vc_column_inner][\/vc_row_inner][vc_column_text]&#8230;<\/p>\n","protected":false},"author":1,"featured_media":0,"parent":5916,"menu_order":0,"comment_status":"closed","ping_status":"closed","template":"full-width.php","meta":[],"_links":{"self":[{"href":"https:\/\/socored.es\/ca\/wp-json\/wp\/v2\/pages\/5925"}],"collection":[{"href":"https:\/\/socored.es\/ca\/wp-json\/wp\/v2\/pages"}],"about":[{"href":"https:\/\/socored.es\/ca\/wp-json\/wp\/v2\/types\/page"}],"author":[{"embeddable":true,"href":"https:\/\/socored.es\/ca\/wp-json\/wp\/v2\/users\/1"}],"replies":[{"embeddable":true,"href":"https:\/\/socored.es\/ca\/wp-json\/wp\/v2\/comments?post=5925"}],"version-history":[{"count":2,"href":"https:\/\/socored.es\/ca\/wp-json\/wp\/v2\/pages\/5925\/revisions"}],"predecessor-version":[{"id":5927,"href":"https:\/\/socored.es\/ca\/wp-json\/wp\/v2\/pages\/5925\/revisions\/5927"}],"up":[{"embeddable":true,"href":"https:\/\/socored.es\/ca\/wp-json\/wp\/v2\/pages\/5916"}],"wp:attachment":[{"href":"https:\/\/socored.es\/ca\/wp-json\/wp\/v2\/media?parent=5925"}],"curies":[{"name":"wp","href":"https:\/\/api.w.org\/{rel}","templated":true}]}}