{"id":5928,"date":"2021-04-13T14:11:36","date_gmt":"2021-04-13T14:11:36","guid":{"rendered":"http:\/\/socored.es\/seguretat-perimetral\/dc-itshielding\/"},"modified":"2021-04-13T14:11:37","modified_gmt":"2021-04-13T14:11:37","slug":"dc-itshielding","status":"publish","type":"page","link":"https:\/\/socored.es\/ca\/seguretat-perimetral\/dc-itshielding\/","title":{"rendered":"DC-ITshielding"},"content":{"rendered":"<div class=\"wpb-content-wrapper\"><p>[vc_row css=&#8221;.vc_custom_1612349518442{background: #ff9100 url(http:\/\/socored.es\/wp-content\/uploads\/2021\/01\/socored-background.png?id=3695) !important;background-position: center !important;background-repeat: no-repeat !important;background-size: cover !important;}&#8221;][vc_column][vc_empty_space height=&#8221;85&#8243;][vc_column_text]<\/p>\n<p style=\"text-align: center; color: white; margin-bottom: -15px;\">Salas de seguretat IT<\/p>\n<h1 style=\"text-align: center; color: white;\">DC-ITSHIELDING<\/h1>\n<p>[\/vc_column_text][vc_empty_space height=&#8221;80&#8243;][\/vc_column][\/vc_row][vc_row content_width=&#8221;grid&#8221;][vc_column][vc_empty_space height=&#8221;62px&#8221;][vc_row_inner][vc_column_inner offset=&#8221;vc_hidden-sm vc_hidden-xs&#8221;][vc_empty_space][\/vc_column_inner][\/vc_row_inner][vc_column_text]<\/p>\n<h1 style=\"text-align: center;\">SALA DE SEGURETAT IT AMB PROTECCI\u00d3 ELECTROMAGN\u00c8TICA<\/h1>\n<p>[\/vc_column_text][vc_empty_space][\/vc_column][\/vc_row][vc_row content_width=&#8221;grid&#8221;][vc_column width=&#8221;1\/2&#8243;][vc_column_text]<\/p>\n<h3>Protegeixi la seva TI amb blindatge EMC d&#8217;\u00faltima generaci\u00f3.<br \/>\nM\u00e0xima seguretat per al seu centre de dades.<br \/>\n<\/h3>\n<p>[\/vc_column_text][vc_empty_space][vc_column_text]Amb DC-ITShielding, RZproducts ofereix una soluci\u00f3 de blindatge EMC personalitzada i testada. L&#8217;a\u00efllament addicional per a les altes freq\u00fc\u00e8ncies protegeixen les sales de TI i els equips de TI contra interfer\u00e8ncies el\u00e8ctriques i \/ o magn\u00e8tiques des de l&#8217;exterior i la radiaci\u00f3 d&#8217;informaci\u00f3 des de l&#8217;interior.<\/p>\n<h4><strong>Protecci\u00f3 perfecta contra:<\/strong><\/h4>\n<ul>\n<li>Espionatge<\/li>\n<li>Atacs electr\u00f2nics<\/li>\n<li>Escoltes t\u00e8cniques<\/li>\n<li>Pics electromagn\u00e8tics naturals (per exemple, impacte de raigs)<\/li>\n<\/ul>\n<p>[\/vc_column_text][vc_empty_space][\/vc_column][vc_column width=&#8221;1\/2&#8243;][vc_single_image image=&#8221;4591&#8243; img_size=&#8221;full&#8221; alignment=&#8221;center&#8221;][\/vc_column][\/vc_row][vc_row content_width=&#8221;grid&#8221;][vc_column][vc_empty_space height=&#8221;62px&#8221; css=&#8221;.vc_custom_1614614079219{border-bottom-width: 3px !important;border-bottom-color: #e8e8e8 !important;border-bottom-style: solid !important;}&#8221;][vc_empty_space height=&#8221;62px&#8221;][vc_row_inner][vc_column_inner width=&#8221;7\/12&#8243;][vc_single_image image=&#8221;4885&#8243; img_size=&#8221;full&#8221; alignment=&#8221;center&#8221;][\/vc_column_inner][vc_column_inner width=&#8221;5\/12&#8243;][vc_empty_space][vc_column_text]<\/p>\n<h3>Caracter\u00edstiques:<strong>:<\/strong><\/h3>\n<ul>\n<li>Atenuaci\u00f3 i protecci\u00f3 electromagn\u00e8tica de fins a 60, 80 o 100 dB<\/li>\n<li>Compliment dels requisits de Tempest, NSA 65-2, OTAN<\/li>\n<li>Atenuaci\u00f3 de blindatge garantida fins a 40 GHz<\/li>\n<li>Disseny modular de m\u00f2duls de xapa d&#8217;acer de 2 mm.<\/li>\n<li>Dimensions de el panell: m\u00e0x. 1500 x 50 mm (ample x profunditat)<\/li>\n<li>Sistema provat acc. segons EN 50.147-1, NSA 65-6, IEEE-STD 299 (MIL-STD 285)<\/li>\n<li>En compliment amb BSI (Oficina Federal de Seguretat de la Informaci\u00f3)<\/li>\n<\/ul>\n<p>[\/vc_column_text][vc_empty_space][\/vc_column_inner][\/vc_row_inner][\/vc_column][\/vc_row][vc_row content_width=&#8221;grid&#8221;][vc_column][vc_empty_space height=&#8221;62px&#8221; css=&#8221;.vc_custom_1614614079219{border-bottom-width: 3px !important;border-bottom-color: #e8e8e8 !important;border-bottom-style: solid !important;}&#8221;][vc_empty_space height=&#8221;62px&#8221;][vc_row_inner][vc_column_inner width=&#8221;1\/4&#8243;][vc_column_text]<\/p>\n<h3><strong>Beneficis:<\/strong><\/h3>\n<ul>\n<li>Instal\u00b7laci\u00f3 r\u00e0pida i f\u00e0cil<\/li>\n<li>Integraci\u00f3 en sales de seguretat de TI existents, contenidors exteriors o edificis<\/li>\n<li>Extra\u00efble i reempla\u00e7able per a una alta seguretat d&#8217;inversi\u00f3 (per exemple, reubicacions)<\/li>\n<li>Major protecci\u00f3 antirobatori en combinaci\u00f3 amb altres productes de seguretat<\/li>\n<\/ul>\n<p>[\/vc_column_text][vc_empty_space][\/vc_column_inner][vc_column_inner width=&#8221;1\/4&#8243;][vc_single_image image=&#8221;4891&#8243; img_size=&#8221;full&#8221; alignment=&#8221;center&#8221;][vc_empty_space][\/vc_column_inner][vc_column_inner width=&#8221;1\/4&#8243;][vc_single_image image=&#8221;4890&#8243; img_size=&#8221;full&#8221; alignment=&#8221;center&#8221;][vc_empty_space][\/vc_column_inner][vc_column_inner width=&#8221;1\/4&#8243;][vc_single_image image=&#8221;4889&#8243; img_size=&#8221;full&#8221; alignment=&#8221;center&#8221;][\/vc_column_inner][\/vc_row_inner][vc_empty_space][\/vc_column][\/vc_row]<\/p>\n<\/div>","protected":false},"excerpt":{"rendered":"<p>[vc_row css=&#8221;.vc_custom_1612349518442{background: #ff9100 url(http:\/\/socored.es\/wp-content\/uploads\/2021\/01\/socored-background.png?id=3695) !important;background-position: center !important;background-repeat: no-repeat !important;background-size: cover !important;}&#8221;][vc_column][vc_empty_space height=&#8221;85&#8243;][vc_column_text] Salas de seguretat IT DC-ITSHIELDING [\/vc_column_text][vc_empty_space height=&#8221;80&#8243;][\/vc_column][\/vc_row][vc_row content_width=&#8221;grid&#8221;][vc_column][vc_empty_space height=&#8221;62px&#8221;][vc_row_inner][vc_column_inner offset=&#8221;vc_hidden-sm vc_hidden-xs&#8221;][vc_empty_space][\/vc_column_inner][\/vc_row_inner][vc_column_text] SALA DE SEGURETAT IT&#8230;<\/p>\n","protected":false},"author":1,"featured_media":0,"parent":5916,"menu_order":0,"comment_status":"closed","ping_status":"closed","template":"full-width.php","meta":[],"_links":{"self":[{"href":"https:\/\/socored.es\/ca\/wp-json\/wp\/v2\/pages\/5928"}],"collection":[{"href":"https:\/\/socored.es\/ca\/wp-json\/wp\/v2\/pages"}],"about":[{"href":"https:\/\/socored.es\/ca\/wp-json\/wp\/v2\/types\/page"}],"author":[{"embeddable":true,"href":"https:\/\/socored.es\/ca\/wp-json\/wp\/v2\/users\/1"}],"replies":[{"embeddable":true,"href":"https:\/\/socored.es\/ca\/wp-json\/wp\/v2\/comments?post=5928"}],"version-history":[{"count":2,"href":"https:\/\/socored.es\/ca\/wp-json\/wp\/v2\/pages\/5928\/revisions"}],"predecessor-version":[{"id":5930,"href":"https:\/\/socored.es\/ca\/wp-json\/wp\/v2\/pages\/5928\/revisions\/5930"}],"up":[{"embeddable":true,"href":"https:\/\/socored.es\/ca\/wp-json\/wp\/v2\/pages\/5916"}],"wp:attachment":[{"href":"https:\/\/socored.es\/ca\/wp-json\/wp\/v2\/media?parent=5928"}],"curies":[{"name":"wp","href":"https:\/\/api.w.org\/{rel}","templated":true}]}}