{"id":5934,"date":"2021-04-13T14:18:04","date_gmt":"2021-04-13T14:18:04","guid":{"rendered":"http:\/\/socored.es\/sts-ats\/"},"modified":"2021-04-27T14:55:05","modified_gmt":"2021-04-27T14:55:05","slug":"sts-ats","status":"publish","type":"page","link":"https:\/\/socored.es\/ca\/sts-ats\/","title":{"rendered":"STS \/ ATS"},"content":{"rendered":"<div class=\"wpb-content-wrapper\"><p>[vc_row css=&#8221;.vc_custom_1612349518442{background: #ff9100 url(http:\/\/socored.es\/wp-content\/uploads\/2021\/01\/socored-background.png?id=3695) !important;background-position: center !important;background-repeat: no-repeat !important;background-size: cover !important;}&#8221;][vc_column][vc_empty_space height=&#8221;85&#8243;][vc_column_text]<\/p>\n<p style=\"text-align: center; color: white; margin-bottom: -15px;\">Equipaments IT<\/p>\n<h1 style=\"text-align: center; color: white;\">STS \/ ATS<\/h1>\n<p>[\/vc_column_text][vc_empty_space height=&#8221;80&#8243;][\/vc_column][\/vc_row][vc_row content_width=&#8221;grid&#8221; css=&#8221;.vc_custom_1613571711468{background-position: center !important;background-repeat: no-repeat !important;background-size: cover !important;}&#8221;][vc_column][vc_row_inner][vc_column_inner offset=&#8221;vc_hidden-sm vc_hidden-xs&#8221;][vc_empty_space height=&#8221;50&#8243;][vc_single_image image=&#8221;5931&#8243; img_size=&#8221;full&#8221; alignment=&#8221;center&#8221;][\/vc_column_inner][\/vc_row_inner][vc_empty_space height=&#8221;20&#8243;][vc_column_text]<\/p>\n<h2 style=\"text-align: center;\">ASSEGURA LA DISPONIBILITAT PERMANENT DELS EQUIPS CR\u00cdTICS INFORM\u00c0TICS I TELECOMUNICACIONS<\/h2>\n<p>[\/vc_column_text][vc_empty_space height=&#8221;40&#8243;][\/vc_column][\/vc_row][vc_row content_width=&#8221;grid&#8221;][vc_column width=&#8221;4\/12&#8243;][vc_single_image image=&#8221;4389&#8243; img_size=&#8221;full&#8221; alignment=&#8221;center&#8221;][vc_empty_space height=&#8221;40&#8243;][\/vc_column][vc_column width=&#8221;8\/12&#8243;][vc_column_text]Basat en un sistema de subministrament d\u2019alimentaci\u00f3 doble, els STS supervisa la qualitat de la tensi\u00f3 i transfereix autom\u00e0ticament la utilitzaci\u00f3 des de la font priorit\u00e0ria a la font de reserva<strong>sense cap interrupci\u00f3.<\/strong>.<br \/>\n[\/vc_column_text][vc_empty_space height=&#8221;40&#8243;][vc_column_text css=&#8221;.vc_custom_1614342759450{border-top-width: 1px !important;border-right-width: 1px !important;border-bottom-width: 1px !important;border-left-width: 1px !important;padding-top: 6% !important;padding-right: 6% !important;padding-bottom: 6% !important;padding-left: 6% !important;border-left-color: #e0e0e0 !important;border-left-style: solid !important;border-right-color: #e0e0e0 !important;border-right-style: solid !important;border-top-color: #e0e0e0 !important;border-top-style: solid !important;border-bottom-color: #e0e0e0 !important;border-bottom-style: solid !important;}&#8221;]\u2022 Transfer\u00e8ncia autom\u00e0tica i manual<br \/>\n\u2022 Transfer\u00e8ncia sense superposici\u00f3 de les fonts<br \/>\n\u2022 Transfer\u00e8ncia sense pertorbar les utilitzacions<br \/>\n\u2022 Elecci\u00f3 d\u2019una font priorit\u00e0ria<br \/>\n\u2022 Dissenyat per evitar errors de manipulaci\u00f3: visualitzaci\u00f3 clara, senyals ac\u00fastics i alarmes preventives<br \/>\n\u2022 Flexibilitat i adaptabilitat a diversos tipus d\u2019aplicacions<br \/>\n\u2022 Compatible amb cada tipus de c\u00e0rrega (lineal o no lineal amb qualsevol tipus de factor de pot\u00e8ncia i corrent \u2018bec\u2019) i sistema de distribuci\u00f3 (monof\u00e0sic o trif\u00e0sic, amb o sense neutre)<br \/>\n\u2022 Acc\u00e9s remot a dades en temps real i des de qualsevol ubicaci\u00f3<br \/>\n\u2022 \u00c0mplies funcions de comunicaci\u00f3 (LAN, correu electr\u00f2nic, port s\u00e8rie, contactes secs, BMS) que es poden adaptar a requisits futurs<br \/>\n\u2022 Sistema de rack de 19\u2033 compacte de tipus \u201cHot Swap\u201d (el m\u00e9s petit del mercat)<br \/>\n\u2022 Supervisi\u00f3 en temps real i serveis de manteniment<br \/>\n\u2022 Des de 16A fins a 4.000A[\/vc_column_text][vc_empty_space height=&#8221;40&#8243;][\/vc_column][\/vc_row][vc_row][vc_column offset=&#8221;vc_hidden-lg vc_hidden-md&#8221;][vc_empty_space height=&#8221;70&#8243;][\/vc_column][\/vc_row]<\/p>\n<\/div>","protected":false},"excerpt":{"rendered":"<p>[vc_row css=&#8221;.vc_custom_1612349518442{background: #ff9100 url(http:\/\/socored.es\/wp-content\/uploads\/2021\/01\/socored-background.png?id=3695) !important;background-position: center !important;background-repeat: no-repeat !important;background-size: cover !important;}&#8221;][vc_column][vc_empty_space height=&#8221;85&#8243;][vc_column_text] Equipaments IT STS \/ ATS [\/vc_column_text][vc_empty_space height=&#8221;80&#8243;][\/vc_column][\/vc_row][vc_row content_width=&#8221;grid&#8221; css=&#8221;.vc_custom_1613571711468{background-position: center !important;background-repeat: no-repeat !important;background-size: cover !important;}&#8221;][vc_column][vc_row_inner][vc_column_inner&#8230;<\/p>\n","protected":false},"author":1,"featured_media":0,"parent":0,"menu_order":0,"comment_status":"closed","ping_status":"closed","template":"full-width.php","meta":[],"_links":{"self":[{"href":"https:\/\/socored.es\/ca\/wp-json\/wp\/v2\/pages\/5934"}],"collection":[{"href":"https:\/\/socored.es\/ca\/wp-json\/wp\/v2\/pages"}],"about":[{"href":"https:\/\/socored.es\/ca\/wp-json\/wp\/v2\/types\/page"}],"author":[{"embeddable":true,"href":"https:\/\/socored.es\/ca\/wp-json\/wp\/v2\/users\/1"}],"replies":[{"embeddable":true,"href":"https:\/\/socored.es\/ca\/wp-json\/wp\/v2\/comments?post=5934"}],"version-history":[{"count":2,"href":"https:\/\/socored.es\/ca\/wp-json\/wp\/v2\/pages\/5934\/revisions"}],"predecessor-version":[{"id":6252,"href":"https:\/\/socored.es\/ca\/wp-json\/wp\/v2\/pages\/5934\/revisions\/6252"}],"wp:attachment":[{"href":"https:\/\/socored.es\/ca\/wp-json\/wp\/v2\/media?parent=5934"}],"curies":[{"name":"wp","href":"https:\/\/api.w.org\/{rel}","templated":true}]}}