{"id":5940,"date":"2021-04-14T06:34:26","date_gmt":"2021-04-14T06:34:26","guid":{"rendered":"http:\/\/socored.es\/sol-tecnic-i-accesoris\/"},"modified":"2021-04-27T14:55:45","modified_gmt":"2021-04-27T14:55:45","slug":"sol-tecnic-i-accesoris","status":"publish","type":"page","link":"https:\/\/socored.es\/ca\/sol-tecnic-i-accesoris\/","title":{"rendered":"S\u00f2l T\u00e8cnic i accesoris"},"content":{"rendered":"<div class=\"wpb-content-wrapper\"><p>[vc_row css=&#8221;.vc_custom_1612349518442{background: #ff9100 url(http:\/\/socored.es\/wp-content\/uploads\/2021\/01\/socored-background.png?id=3695) !important;background-position: center !important;background-repeat: no-repeat !important;background-size: cover !important;}&#8221;][vc_column][vc_empty_space height=&#8221;85&#8243;][vc_column_text]<\/p>\n<p style=\"text-align: center; color: white; margin-bottom: -15px;\">Equipaments IT<\/p>\n<h1 style=\"text-align: center; color: white;\">S\u00d2L T\u00c8CNIC I ACCESSORIS<\/h1>\n<p>[\/vc_column_text][vc_empty_space height=&#8221;80&#8243;][\/vc_column][\/vc_row][vc_row content_width=&#8221;grid&#8221; css=&#8221;.vc_custom_1613571711468{background-position: center !important;background-repeat: no-repeat !important;background-size: cover !important;}&#8221;][vc_column][vc_row_inner][vc_column_inner offset=&#8221;vc_hidden-sm vc_hidden-xs&#8221;][vc_empty_space height=&#8221;50&#8243;][vc_single_image image=&#8221;5936&#8243; img_size=&#8221;full&#8221; alignment=&#8221;center&#8221;][\/vc_column_inner][\/vc_row_inner][vc_empty_space height=&#8221;20&#8243;][vc_column_text]<\/p>\n<h2 style=\"text-align: center;\">LA INSTAL\u00b7LACI\u00d3 DE S\u00d2LS T\u00c8CNICS<\/h2>\n<p>[\/vc_column_text][vc_empty_space height=&#8221;40&#8243;][\/vc_column][\/vc_row][vc_row content_width=&#8221;grid&#8221;][vc_column width=&#8221;3\/12&#8243;][vc_single_image image=&#8221;4509&#8243; img_size=&#8221;full&#8221; alignment=&#8221;center&#8221;][vc_empty_space height=&#8221;22&#8243;][\/vc_column][vc_column width=&#8221;1\/12&#8243;][\/vc_column][vc_column width=&#8221;8\/12&#8243;][vc_column_text]La instal\u00b7laci\u00f3 de paviments elevats o s\u00f2ls t\u00e8cnics \u00e9s un element necessari en tot Data Center. D\u2019ells depenen la gesti\u00f3 del cablejat i distribuci\u00f3 d\u2019aire encara \u00e0mpliament usat per a la refrigeraci\u00f3.<\/p>\n<p>Existeixen molts fabricants i tipus de s\u00f2ls t\u00e8cnics i accessoris. Socored treballa exclusivament amb materials dissenyats per a Data Centers on es tenen en consideraci\u00f3 molts factors com:[\/vc_column_text][vc_empty_space height=&#8221;22&#8243;][vc_column_text css=&#8221;.vc_custom_1614351405115{border-top-width: 1px !important;border-right-width: 1px !important;border-bottom-width: 1px !important;border-left-width: 1px !important;padding-top: 3% !important;padding-right: 6% !important;padding-bottom: 3% !important;padding-left: 6% !important;border-left-color: #e0e0e0 !important;border-left-style: solid !important;border-right-color: #e0e0e0 !important;border-right-style: solid !important;border-top-color: #e0e0e0 !important;border-top-style: solid !important;border-bottom-color: #e0e0e0 !important;border-bottom-style: solid !important;}&#8221;]\u2022 Materials ign\u00edfugs<br \/>\n\u2022 Alta capacitat de c\u00e0rrega puntual<br \/>\n\u2022 Estructura de fosa amb suports regulables<br \/>\n\u2022 Conductivitat de la superf\u00edcie per a eliminaci\u00f3 d\u2019electricitat est\u00e0tica<br \/>\n\u2022 Materials de gran resist\u00e8ncia[\/vc_column_text][vc_empty_space height=&#8221;22&#8243;][vc_column_text]<\/p>\n<div id=\"after_section_1\" class=\"main_color av_default_container_wrap container_wrap fullsize\">\n<div class=\"container\">\n<div class=\"template-page content av-content-full alpha units\">\n<div class=\"post-entry post-entry-type-page post-entry-583\">\n<div class=\"entry-content-wrapper clearfix\">\n<div class=\"flex_column av_two_third flex_column_div av-zero-column-padding avia-builder-el-13 el_after_av_one_third avia-builder-el-last \">\n<section class=\"av_textblock_section\">\n<div class=\"avia_textblock \">\n<p>Accessoris per a la gesti\u00f3 de la ventilaci\u00f3 en s\u00f2l t\u00e8cnic del Data Center tant per evitar la perduda de pressi\u00f3 on no \u00e9s necess\u00e0ria amb raspalls modulars com a reixetes de ventilaci\u00f3 amb control volum\u00e8tric de l\u2019aire on es requereix una cortina de ventilaci\u00f3.<\/p>\n<\/div>\n<\/section>\n<\/div>\n<\/div>\n<\/div>\n<\/div>\n<\/div>\n<\/div>\n<footer id=\"socket\" class=\"container_wrap socket_color\" role=\"contentinfo\">\n<div class=\"container\"><\/div>\n<\/footer>\n<p>[\/vc_column_text][vc_empty_space height=&#8221;40&#8243;][\/vc_column][\/vc_row][vc_row][vc_column offset=&#8221;vc_hidden-lg vc_hidden-md&#8221;][vc_empty_space height=&#8221;70&#8243;][\/vc_column][\/vc_row]<\/p>\n<\/div>","protected":false},"excerpt":{"rendered":"<p>[vc_row css=&#8221;.vc_custom_1612349518442{background: #ff9100 url(http:\/\/socored.es\/wp-content\/uploads\/2021\/01\/socored-background.png?id=3695) !important;background-position: center !important;background-repeat: no-repeat !important;background-size: cover !important;}&#8221;][vc_column][vc_empty_space height=&#8221;85&#8243;][vc_column_text] Equipaments IT S\u00d2L T\u00c8CNIC I ACCESSORIS [\/vc_column_text][vc_empty_space height=&#8221;80&#8243;][\/vc_column][\/vc_row][vc_row content_width=&#8221;grid&#8221; css=&#8221;.vc_custom_1613571711468{background-position: center !important;background-repeat: no-repeat !important;background-size: cover&#8230;<\/p>\n","protected":false},"author":1,"featured_media":0,"parent":0,"menu_order":0,"comment_status":"closed","ping_status":"closed","template":"full-width.php","meta":[],"_links":{"self":[{"href":"https:\/\/socored.es\/ca\/wp-json\/wp\/v2\/pages\/5940"}],"collection":[{"href":"https:\/\/socored.es\/ca\/wp-json\/wp\/v2\/pages"}],"about":[{"href":"https:\/\/socored.es\/ca\/wp-json\/wp\/v2\/types\/page"}],"author":[{"embeddable":true,"href":"https:\/\/socored.es\/ca\/wp-json\/wp\/v2\/users\/1"}],"replies":[{"embeddable":true,"href":"https:\/\/socored.es\/ca\/wp-json\/wp\/v2\/comments?post=5940"}],"version-history":[{"count":3,"href":"https:\/\/socored.es\/ca\/wp-json\/wp\/v2\/pages\/5940\/revisions"}],"predecessor-version":[{"id":6251,"href":"https:\/\/socored.es\/ca\/wp-json\/wp\/v2\/pages\/5940\/revisions\/6251"}],"wp:attachment":[{"href":"https:\/\/socored.es\/ca\/wp-json\/wp\/v2\/media?parent=5940"}],"curies":[{"name":"wp","href":"https:\/\/api.w.org\/{rel}","templated":true}]}}