{"id":5953,"date":"2021-04-14T06:48:11","date_gmt":"2021-04-14T06:48:11","guid":{"rendered":"http:\/\/socored.es\/trasllat-de-cpds\/"},"modified":"2021-04-27T14:53:03","modified_gmt":"2021-04-27T14:53:03","slug":"trasllat-de-cpds","status":"publish","type":"page","link":"https:\/\/socored.es\/ca\/trasllat-de-cpds\/","title":{"rendered":"Trasllat de CPD\u2019S"},"content":{"rendered":"<div class=\"wpb-content-wrapper\"><p>[vc_row css=&#8221;.vc_custom_1612349518442{background: #ff9100 url(http:\/\/socored.es\/wp-content\/uploads\/2021\/01\/socored-background.png?id=3695) !important;background-position: center !important;background-repeat: no-repeat !important;background-size: cover !important;}&#8221;][vc_column][vc_empty_space height=&#8221;85&#8243;][vc_column_text]<\/p>\n<p style=\"text-align: center; color: white; margin-bottom: -15px;\">Serveis<\/p>\n<h1 style=\"text-align: center; color: white;\">TRASLLAT DE CPD\u2019S<\/h1>\n<p>[\/vc_column_text][vc_empty_space height=&#8221;80&#8243;][\/vc_column][\/vc_row][vc_row content_width=&#8221;grid&#8221; css=&#8221;.vc_custom_1613571711468{background-position: center !important;background-repeat: no-repeat !important;background-size: cover !important;}&#8221;][vc_column][vc_row_inner][vc_column_inner offset=&#8221;vc_hidden-sm vc_hidden-xs&#8221;][vc_empty_space height=&#8221;50&#8243;][vc_single_image image=&#8221;5949&#8243; img_size=&#8221;full&#8221; alignment=&#8221;center&#8221;][\/vc_column_inner][\/vc_row_inner][vc_empty_space height=&#8221;20&#8243;][vc_column_text]<\/p>\n<h2 style=\"text-align: center;\">ELS TRASLLATS DELS DATA CENTERS<\/h2>\n<p>[\/vc_column_text][vc_empty_space height=&#8221;40&#8243;][vc_single_image image=&#8221;4361&#8243; img_size=&#8221;full&#8221; alignment=&#8221;center&#8221;][vc_empty_space height=&#8221;40&#8243;][\/vc_column][\/vc_row][vc_row content_width=&#8221;grid&#8221;][vc_column width=&#8221;5\/12&#8243;][vc_empty_space height=&#8221;25&#8243;][vc_column_text]<\/p>\n<p style=\"text-align: justify;\">Els trasllats dels Data Centers solen ser molt cr\u00edtics no solament pel valor del hardware o de la informaci\u00f3 que contenen sin\u00f3 per les estretes finestres de temps disponible per realitzar-ho.<\/p>\n<p style=\"text-align: justify;\"><strong>Socored ofereix solucions a la seva mesura i segons les necessitats del trasllat.<\/strong>. Disposem del personal especialitzat, dels mitjans necessaris per a aix\u00f2 i experi\u00e8ncia per a la realitzaci\u00f3 amb \u00e8xit de la migraci\u00f3.<\/p>\n<p style=\"text-align: justify;\">Ens encarreguem de tot el proc\u00e9s, des de la planificaci\u00f3, manipulaci\u00f3, embalatge, transport, recol\u00b7locaci\u00f3, assegurances, permisos, \u2026 Fins a la possible marxa enrere i recuperaci\u00f3 en el lloc d\u2019origen si en la nova ubicaci\u00f3 es detectessin problemes en arrencar.<\/p>\n<p>[\/vc_column_text][vc_empty_space height=&#8221;40&#8243;][\/vc_column][vc_column width=&#8221;1\/12&#8243;][\/vc_column][vc_column width=&#8221;6\/12&#8243;][vc_column_text css=&#8221;.vc_custom_1614164038613{border-top-width: 1px !important;border-right-width: 1px !important;border-bottom-width: 1px !important;border-left-width: 1px !important;padding-top: 6% !important;padding-right: 6% !important;padding-bottom: 6% !important;padding-left: 6% !important;border-left-color: #e0e0e0 !important;border-left-style: solid !important;border-right-color: #e0e0e0 !important;border-right-style: solid !important;border-top-color: #e0e0e0 !important;border-top-style: solid !important;border-bottom-color: #e0e0e0 !important;border-bottom-style: solid !important;}&#8221;]<strong>Socored ha realitzat desenes de migracions de molt alta seguretat i de gran volum<\/strong> tant de racks \/ servidors com de suport magn\u00e8tic (&gt; 50.000 cartutxos IBM3490 en una \u00fanica migraci\u00f3), incloent-hi:<\/p>\n<p>\u2022 Camions amb sistema d\u2019enregistrament CCTV<br \/>\n\u2022 Sistemes d\u2019extinci\u00f3 autom\u00e0tica en c\u00e0rrega<br \/>\n\u2022 Control de temperatura en c\u00e0rrega de 20 \u00baC<br \/>\n\u2022 Servei de seguretat personal<br \/>\n\u2022 Avions privats per a finestres de temps cr\u00edtiques en llargues dist\u00e0ncies<br \/>\n\u2022 Contenidors de seguretat<br \/>\n\u2022 Sistemes d\u2019arxiu i classificaci\u00f3<br \/>\n\u2022 Desenracat de servidors \/ Classificaci\u00f3 i protecci\u00f3[\/vc_column_text][vc_empty_space height=&#8221;40&#8243;][\/vc_column][\/vc_row][vc_row][vc_column offset=&#8221;vc_hidden-lg vc_hidden-md&#8221;][vc_empty_space height=&#8221;70&#8243;][\/vc_column][\/vc_row]<\/p>\n<\/div>","protected":false},"excerpt":{"rendered":"<p>[vc_row css=&#8221;.vc_custom_1612349518442{background: #ff9100 url(http:\/\/socored.es\/wp-content\/uploads\/2021\/01\/socored-background.png?id=3695) !important;background-position: center !important;background-repeat: no-repeat !important;background-size: cover !important;}&#8221;][vc_column][vc_empty_space height=&#8221;85&#8243;][vc_column_text] Serveis TRASLLAT DE CPD\u2019S [\/vc_column_text][vc_empty_space height=&#8221;80&#8243;][\/vc_column][\/vc_row][vc_row content_width=&#8221;grid&#8221; css=&#8221;.vc_custom_1613571711468{background-position: center !important;background-repeat: no-repeat !important;background-size: cover !important;}&#8221;][vc_column][vc_row_inner][vc_column_inner offset=&#8221;vc_hidden-sm&#8230;<\/p>\n","protected":false},"author":1,"featured_media":0,"parent":0,"menu_order":0,"comment_status":"closed","ping_status":"closed","template":"full-width.php","meta":[],"_links":{"self":[{"href":"https:\/\/socored.es\/ca\/wp-json\/wp\/v2\/pages\/5953"}],"collection":[{"href":"https:\/\/socored.es\/ca\/wp-json\/wp\/v2\/pages"}],"about":[{"href":"https:\/\/socored.es\/ca\/wp-json\/wp\/v2\/types\/page"}],"author":[{"embeddable":true,"href":"https:\/\/socored.es\/ca\/wp-json\/wp\/v2\/users\/1"}],"replies":[{"embeddable":true,"href":"https:\/\/socored.es\/ca\/wp-json\/wp\/v2\/comments?post=5953"}],"version-history":[{"count":3,"href":"https:\/\/socored.es\/ca\/wp-json\/wp\/v2\/pages\/5953\/revisions"}],"predecessor-version":[{"id":6248,"href":"https:\/\/socored.es\/ca\/wp-json\/wp\/v2\/pages\/5953\/revisions\/6248"}],"wp:attachment":[{"href":"https:\/\/socored.es\/ca\/wp-json\/wp\/v2\/media?parent=5953"}],"curies":[{"name":"wp","href":"https:\/\/api.w.org\/{rel}","templated":true}]}}