{"id":6085,"date":"2021-04-16T06:20:10","date_gmt":"2021-04-16T06:20:10","guid":{"rendered":"http:\/\/socored.es\/climatitzacio\/"},"modified":"2021-04-27T14:06:48","modified_gmt":"2021-04-27T14:06:48","slug":"climatitzacio","status":"publish","type":"page","link":"https:\/\/socored.es\/ca\/climatitzacio\/","title":{"rendered":"Climatitzaci\u00f3"},"content":{"rendered":"<div class=\"wpb-content-wrapper\"><p>[vc_row css=&#8221;.vc_custom_1612349518442{background: #ff9100 url(http:\/\/socored.es\/wp-content\/uploads\/2021\/01\/socored-background.png?id=3695) !important;background-position: center !important;background-repeat: no-repeat !important;background-size: cover !important;}&#8221;][vc_column][vc_empty_space height=&#8221;85&#8243;][vc_column_text]<\/p>\n<p style=\"text-align: center; color: white; margin-bottom: -15px;\">Data Center<\/p>\n<h1 style=\"text-align: center; color: white;\">CLIMATITZACI\u00d3<\/h1>\n<p>[\/vc_column_text][vc_empty_space height=&#8221;80&#8243;][\/vc_column][\/vc_row][vc_row content_width=&#8221;grid&#8221; css=&#8221;.vc_custom_1613571711468{background-position: center !important;background-repeat: no-repeat !important;background-size: cover !important;}&#8221;][vc_column][vc_empty_space height=&#8221;60&#8243;][vc_row_inner][vc_column_inner width=&#8221;1\/3&#8243;][\/vc_column_inner][vc_column_inner width=&#8221;1\/3&#8243;][vc_single_image image=&#8221;5747&#8243; img_size=&#8221;full&#8221; alignment=&#8221;center&#8221;][\/vc_column_inner][vc_column_inner width=&#8221;1\/3&#8243;][\/vc_column_inner][\/vc_row_inner][vc_row_inner][vc_column_inner offset=&#8221;vc_hidden-sm vc_hidden-xs&#8221;][\/vc_column_inner][\/vc_row_inner][vc_empty_space height=&#8221;20&#8243;][vc_column_text]<\/p>\n<h2 style=\"text-align: center;\">REFRIGERACI\u00d3 PER A CPD<\/h2>\n<p>[\/vc_column_text][vc_empty_space height=&#8221;40&#8243;][vc_single_image image=&#8221;6182&#8243; img_size=&#8221;full&#8221; alignment=&#8221;center&#8221;][vc_empty_space height=&#8221;20&#8243;][\/vc_column][\/vc_row][vc_row content_width=&#8221;grid&#8221;][vc_column][vc_column_text]Existeixen moltes tecnologies de refrigeraci\u00f3 t\u00e8cnica i de precisi\u00f3 per Data Center, i els equips, sistemes i esquemes de principi no deixen d&#8217;evolucionar. El treball de Socored \u00e9s dissenyar i instal\u00b7lar el sistema que millors resultat oferir\u00e0 per a cada cas, tenint en consideraci\u00f3 el cost de la instal\u00b7laci\u00f3, les propostes dels fabricants, la seguretat, el rendiment, garanties, etc.[\/vc_column_text][vc_empty_space height=&#8221;20&#8243;][vc_column_text]<br \/>\n<strong>REFRIGERACI\u00d3 PER A LA SEVA CPD<\/strong><\/p>\n<p>Existeixen moltes tecnologies de refrigeraci\u00f3 t\u00e8cnica i de precisi\u00f3 per Data Center, i els equips, sistemes i esquemes de principi, no deixen d&#8217;evolucionar. El treball de Socored \u00e9s dissenyar i instal\u00b7lar el sistema que millors resultats oferir\u00e0 per a cada cas. Des dels m\u00e9s complexos sistemes de <a href=\"https:\/\/www.socored.es\/ca\/refrigeracio-cpd\/\">refrigeraci\u00f3 freecooling CPD<\/a> rack fins a petites solucions per a <a href=\"https:\/\/www.socored.es\/ca\/refrigeracio-cpd\/\">infraestructures de telecomunicacions Xarxes Fibra<\/a>. La <a href=\"https:\/\/www.socored.es\/ca\/refrigeracio-cpd\/\">climatitzaci\u00f3 redundant CPD rack<\/a> ha d&#8217;existir en tots els Data Center per assegurar el seu funcionament contra fallades. En cada cas s&#8217;ha de tenir en consideraci\u00f3 el cost de la instal\u00b7laci\u00f3, les propostes dels fabricants, la seguretat, el rendiment, garanties, etc.<\/p>\n<p>&nbsp;<\/p>\n<h4>Modelos y conceptos de refrigeraci\u00f3n m\u00e1s usados en Data Centers:<\/h4>\n<h5><strong>Refrigeraci\u00f3n Free-Cooling y Direct-Free-Cooling CPD Rack<\/strong><\/h5>\n<p>La refrigeraci\u00f3nFreeCoolingCPD Rack consiste en aprovechar el frio del exterior para climatizar el CPD.La diferencia de temperatura exterior con respecto la temperatura interior en horas o estaciones fr\u00edas nos permite refrigerar el CPD de forma gratuita. Esto nos proporciona un gran ahorro de costes de operaci\u00f3n y una reducci\u00f3n notable del PUE y costes de infraestructuras. Diversas formas de aplicar esta tecnolog\u00eda son posibles, como los sistemas de enfriadoras con refrigeraci\u00f3n FreeCoolingCPD rack Indirecta (intercambiadores aire\/agua) o con\u00a0<a href=\"https:\/\/www.socored.es\/ca\/refrigeracio-cpd\/\">refrigeraci\u00f3n Freecooling CPD Rack<\/a>\u00a0Directa, basado en introducir ese aire exterior fr\u00edo filtrado al interior del CPD mediante una regulaci\u00f3n estricta para mantener los \u00f3ptimos niveles de temperatura y humedad.<\/p>\n<p>&nbsp;<\/p>\n<p><strong>Islas Fr\u00edas\/Calientes<\/strong><\/p>\n<p>Consiste en cerrar el volumen fr\u00edo y separarlo del caliente para aumentar el rendimiento de las m\u00e1quinas de climatizaci\u00f3n (ya sean de impulsi\u00f3n al suelo t\u00e9cnico o de impulsi\u00f3n al pasillo fr\u00edo), elevando la capacidad de refrigeraci\u00f3n del conjunto. El coste de la inversi\u00f3n es bajo y el ahorro sustancial, por lo que es recomendable su instalaci\u00f3n hasta para peque\u00f1as concentraciones.<\/p>\n<p><strong>Sistemas In-line de Refrigeraci\u00f3n<\/strong><\/p>\n<p>Sistemas de refrigeraci\u00f3n mediante gas refrigerante o l\u00edquido refrigerante basados en un m\u00f3dulo id\u00e9ntico que los racks y en los que el intercalado entre ellos proporciona gran capacidad de refrigeraci\u00f3n para altas concentraciones. Las potencias de disipaci\u00f3n pueden llegar a ser de m\u00e1s de 40kW en un solo rack. La\u00a0<a href=\"https:\/\/www.socored.es\/ca\/refrigeracio-cpd\/\">climatizaci\u00f3n redundante CPD rack<\/a>\u00a0se asegura con varias m\u00e1quinas que aportan aire frio al pasillo comunitario de racks. Es uno de los sistemas donde la\u00a0<a href=\"https:\/\/www.socored.es\/ca\/refrigeracio-cpd\/\">climatizaci\u00f3n redundante CPD rack<\/a>\u00a0funciona de forma colaborativa.<\/p>\n<p><strong>Expansi\u00f3n Directa<\/strong><\/p>\n<p>Equipos de climatizaci\u00f3n basados en gas refrigerante. Sistemas econ\u00f3micos, fiables y con un buen rendimiento. Regulan con precisi\u00f3n la temperatura y humedad del CPD o de\u00a0<a href=\"https:\/\/www.socored.es\/ca\/refrigeracio-cpd\/\">Infraestructuras de telecomunicaciones REDES Fibra<\/a>. Soluci\u00f3n econ\u00f3mica, con grandes posibilidades y escalabilidad, con control y tecnolog\u00edas de muy alto nivel.<\/p>\n<p><strong>WaterCooling<\/strong><\/p>\n<p>Sistemas de climatizaci\u00f3n basados en agua enfriada e intercambiadores de agua \/ aire. Estos equipos consiguen alt\u00edsimas potencias de refrigeraci\u00f3n y son usados para los centros de proceso de datos medianos\/grandes y en lugares de alta concentraci\u00f3n as\u00ed como en Infraestructuras de telecomunicaciones REDES Fibra de alto nivel.<\/p>\n<p><strong>Sistemas Complementarios<\/strong><\/p>\n<p>Existen muchas soluciones en el mercado para potenciar los sistemas de refrigeraci\u00f3n existentes en un CPD o de Infraestructuras de telecomunicaciones REDES Fibra, con el fin de potenciar zonas concretas sin la necesidad de modificar todo el sistema de refrigeraci\u00f3n del CPD, sistemas de\u00a0<a href=\"https:\/\/www.socored.es\/ca\/refrigeracio-cpd\/\">Refrigeraci\u00f3n freecooling CPD rack<\/a>,\u00a0<a href=\"https:\/\/www.socored.es\/ca\/refrigeracio-cpd\/\">Climatizaci\u00f3n redundante CPD rack<\/a>, son f\u00e1cilmente implementables en cualquier CPD o en Infraestructuras de telecomunicaciones REDES Fibra.[\/vc_column_text][vc_empty_space height=&#8221;40&#8243;][\/vc_column][\/vc_row][vc_row content_width=&#8221;grid&#8221;][vc_column offset=&#8221;vc_hidden-sm vc_hidden-xs&#8221;][vc_empty_space height=&#8221;40&#8243;][\/vc_column][\/vc_row][vc_row content_width=&#8221;grid&#8221; css=&#8221;.vc_custom_1613661744280{background-color: #efefef !important;}&#8221;][vc_column][vc_empty_space height=&#8221;80&#8243;][\/vc_column][\/vc_row][vc_row content_width=&#8221;grid&#8221; css=&#8221;.vc_custom_1613661726778{background-color: #efefef !important;}&#8221;][vc_column width=&#8221;1\/3&#8243;][vc_single_image image=&#8221;6196&#8243; img_size=&#8221;full&#8221; alignment=&#8221;center&#8221;][vc_column_text]<\/p>\n<h4 class=\"av-special-heading-tag\" style=\"text-align: center;\">Free-Cooling y Direct-Free-Cooling<\/h4>\n<p>[\/vc_column_text][vc_column_text]<br \/>\nEl Free-Cooling consisteix a aprofitar, per climatitzar l&#8217;CPD, la difer\u00e8ncia de temperatura exterior quan \u00e9s inferior a la de l&#8217;interior. Aix\u00f2 ens proporciona un gran estalvi de costos d&#8217;operaci\u00f3 i una reducci\u00f3 notable de l&#8217;PUE i costos. Diverses formes d&#8217;aplicar aquesta tecnologia s\u00f3n possibles, com els sistemes de refredadores amb Free-Cooling (intercanviadors aire \/ aigua) o el Direct Free-Cooling, basat en introduir aquest aire exterior fred filtrat a l&#8217;interior de l&#8217;CPD mitjan\u00e7ant una regulaci\u00f3 per mantenir els \u00f2ptims nivells de temperatura i humitat.<br \/>\n[\/vc_column_text][vc_empty_space][\/vc_column][vc_column width=&#8221;1\/3&#8243;][vc_single_image image=&#8221;6187&#8243; img_size=&#8221;full&#8221; alignment=&#8221;center&#8221;][vc_column_text]<\/p>\n<h4 class=\"av-special-heading-tag\" style=\"text-align: center;\">Illes Fredes \/ Calentes<\/h4>\n<p>[\/vc_column_text][vc_column_text]<br \/>\nConsisteix en tancar el volum fred i separar-lo de l&#8217;calent per augmentar el rendiment de les m\u00e0quines de climatitzaci\u00f3 (ja siguin d&#8217;impulsi\u00f3 a terra t\u00e8cnic o d&#8217;impulsi\u00f3 a passad\u00eds fred), elevant la capacitat de refrigeraci\u00f3 del conjunt. El cost de la inversi\u00f3 \u00e9s baix i l&#8217;estalvi substancial, pel que \u00e9s recomanable la seva instal\u00b7laci\u00f3 fins per a petites concentracions.<br \/>\n[\/vc_column_text][vc_empty_space][\/vc_column][vc_column width=&#8221;1\/3&#8243;][vc_single_image image=&#8221;6193&#8243; img_size=&#8221;full&#8221; alignment=&#8221;center&#8221;][vc_column_text]<\/p>\n<h4 class=\"av-special-heading-tag\" style=\"text-align: center;\">Sistemes Interns de Refrigeraci\u00f3<\/h4>\n<p>[\/vc_column_text][vc_column_text]<br \/>\nSistemes de refrigeraci\u00f3 mitjan\u00e7ant gas refrigerant o l\u00edquid refrigerant basats en un m\u00f2dul id\u00e8ntic que els racks i en qu\u00e8 el intercalat entre ells proporciona gran capacitat de refrigeraci\u00f3 per a altes concentracions. Les pot\u00e8ncies de dissipaci\u00f3 poden arribar a ser de m\u00e9s de 40kW en un sol rack.<br \/>\n[\/vc_column_text][vc_empty_space][\/vc_column][\/vc_row][vc_row content_width=&#8221;grid&#8221; css=&#8221;.vc_custom_1613661726778{background-color: #efefef !important;}&#8221;][vc_column width=&#8221;1\/3&#8243;][vc_single_image image=&#8221;4218&#8243; img_size=&#8221;full&#8221; alignment=&#8221;center&#8221;][vc_column_text]<\/p>\n<h4 class=\"av-special-heading-tag\" style=\"text-align: center;\">Expansi\u00f3 Directa<\/h4>\n<p>[\/vc_column_text][vc_column_text]<br \/>\nEquips de climatitzaci\u00f3 basats en gas refrigerant. Sistemes econ\u00f2mics, fiables i amb un bon rendiment. Regulen amb precisi\u00f3 la temperatura i humitat de l&#8217;CPD. Soluci\u00f3 econ\u00f2mica, amb grans possibilitats i escalabilitat, amb control i tecnologies de molt alt nivell.<br \/>\n[\/vc_column_text][vc_empty_space][\/vc_column][vc_column width=&#8221;1\/3&#8243;][vc_single_image image=&#8221;4219&#8243; img_size=&#8221;full&#8221; alignment=&#8221;center&#8221;][vc_column_text]<\/p>\n<h4 class=\"av-special-heading-tag\" style=\"text-align: center;\">Water Cooling<\/h4>\n<p>[\/vc_column_text][vc_column_text]<br \/>\nSistemes de climatitzaci\u00f3 basats en aigua refredada i intercanviadors d&#8217;aigua \/ aire. Aquests equips aconsegueixen alt\u00edssimes pot\u00e8ncies de refrigeraci\u00f3 i s\u00f3n usats per als centres de proc\u00e9s de dades mitjans \/ grans i en llocs d&#8217;alta concentraci\u00f3.<br \/>\n[\/vc_column_text][vc_empty_space][\/vc_column][vc_column width=&#8221;1\/3&#8243;][vc_single_image image=&#8221;4220&#8243; img_size=&#8221;full&#8221; alignment=&#8221;center&#8221;][vc_column_text]<\/p>\n<h4 class=\"av-special-heading-tag\" style=\"text-align: center;\">Sistemes Complementaris<\/h4>\n<p>[\/vc_column_text][vc_column_text]<br \/>\nHi ha moltes solucions en el mercat per potenciar els sistemes de refrigeraci\u00f3 existents en un CPD, per tal de potenciar zones concretes sense la necessitat de modificar tot el sistema de refrigeraci\u00f3 de l&#8217;CPD.<br \/>\n[\/vc_column_text][vc_empty_space][\/vc_column][\/vc_row][vc_row css=&#8221;.vc_custom_1613661890617{margin-bottom: -60px !important;background-color: #efefef !important;}&#8221;][vc_column][vc_row_inner][vc_column_inner offset=&#8221;vc_hidden-lg vc_hidden-md&#8221;][vc_empty_space height=&#8221;80&#8243;][\/vc_column_inner][\/vc_row_inner][vc_empty_space height=&#8221;80&#8243;][\/vc_column][\/vc_row]<\/p>\n<\/div>","protected":false},"excerpt":{"rendered":"<p>[vc_row css=&#8221;.vc_custom_1612349518442{background: #ff9100 url(http:\/\/socored.es\/wp-content\/uploads\/2021\/01\/socored-background.png?id=3695) !important;background-position: center !important;background-repeat: no-repeat !important;background-size: cover !important;}&#8221;][vc_column][vc_empty_space height=&#8221;85&#8243;][vc_column_text] Data Center CLIMATITZACI\u00d3 [\/vc_column_text][vc_empty_space height=&#8221;80&#8243;][\/vc_column][\/vc_row][vc_row content_width=&#8221;grid&#8221; css=&#8221;.vc_custom_1613571711468{background-position: center !important;background-repeat: no-repeat !important;background-size: cover !important;}&#8221;][vc_column][vc_empty_space height=&#8221;60&#8243;][vc_row_inner][vc_column_inner width=&#8221;1\/3&#8243;][\/vc_column_inner][vc_column_inner&#8230;<\/p>\n","protected":false},"author":1,"featured_media":0,"parent":0,"menu_order":0,"comment_status":"closed","ping_status":"closed","template":"full-width.php","meta":[],"_links":{"self":[{"href":"https:\/\/socored.es\/ca\/wp-json\/wp\/v2\/pages\/6085"}],"collection":[{"href":"https:\/\/socored.es\/ca\/wp-json\/wp\/v2\/pages"}],"about":[{"href":"https:\/\/socored.es\/ca\/wp-json\/wp\/v2\/types\/page"}],"author":[{"embeddable":true,"href":"https:\/\/socored.es\/ca\/wp-json\/wp\/v2\/users\/1"}],"replies":[{"embeddable":true,"href":"https:\/\/socored.es\/ca\/wp-json\/wp\/v2\/comments?post=6085"}],"version-history":[{"count":5,"href":"https:\/\/socored.es\/ca\/wp-json\/wp\/v2\/pages\/6085\/revisions"}],"predecessor-version":[{"id":6208,"href":"https:\/\/socored.es\/ca\/wp-json\/wp\/v2\/pages\/6085\/revisions\/6208"}],"wp:attachment":[{"href":"https:\/\/socored.es\/ca\/wp-json\/wp\/v2\/media?parent=6085"}],"curies":[{"name":"wp","href":"https:\/\/api.w.org\/{rel}","templated":true}]}}