{"id":6128,"date":"2021-04-16T10:46:11","date_gmt":"2021-04-16T10:46:11","guid":{"rendered":"http:\/\/socored.es\/mini-data-center\/dc-itsafe-highdens-edition\/"},"modified":"2021-04-16T10:46:12","modified_gmt":"2021-04-16T10:46:12","slug":"dc-itsafe-highdens-edition","status":"publish","type":"page","link":"https:\/\/socored.es\/ca\/mini-data-center\/dc-itsafe-highdens-edition\/","title":{"rendered":"DC-ITSafe HighDens Edition"},"content":{"rendered":"<div class=\"wpb-content-wrapper\"><p>[vc_row][vc_column][vc_empty_space height=&#8221;62px&#8221;][\/vc_column][\/vc_row][vc_row content_width=&#8221;grid&#8221;][vc_column width=&#8221;1\/2&#8243;][vc_single_image image=&#8221;4552&#8243; img_size=&#8221;full&#8221;][\/vc_column][vc_column width=&#8221;1\/2&#8243;][vc_column_text]<\/p>\n<h1>DC-ITSAFE \u2013HIGHDENS EDITION<\/h1>\n<section class=\"av_textblock_section\">\n<div class=\"avia_textblock \">\n<h3>El lloc mes segur d&#8217;el m\u00f3n per les seves aplicacions d&#8217;alta densitat.<\/h3>\n<\/div>\n<\/section>\n<div class=\"hr hr-invisible avia-builder-el-4 el_after_av_textblock el_before_av_textblock \"><\/div>\n<p>[\/vc_column_text][vc_empty_space][vc_column_text]<\/p>\n<table class=\"light\">\n<tbody>\n<tr>\n<td>Dimensions (Al\u00e7ada x Amplada x D)<\/td>\n<td>2425 x 1452 x 1470 mm<\/td>\n<\/tr>\n<tr class=\"highlighted\">\n<td>Protecci\u00f3 contra pols i aigua<\/td>\n<td>IP 56 segons EN 60529<\/td>\n<\/tr>\n<tr>\n<td>Anti-vandalisme<\/td>\n<td>RC 2 seg\u00fan EN 1627\/EN 1630<\/td>\n<\/tr>\n<tr class=\"highlighted\">\n<td>Protecci\u00f3 contra el foc<\/td>\n<td>EI 90 seg\u00fan EN 13501-2<\/td>\n<\/tr>\n<\/tbody>\n<\/table>\n<p>[\/vc_column_text][vc_empty_space][vc_column_text]<strong>Protecci\u00f3 b\u00e0sica contra:<\/strong>[\/vc_column_text][vc_single_image image=&#8221;4618&#8243; img_size=&#8221;full&#8221;][\/vc_column][\/vc_row][vc_row content_width=&#8221;grid&#8221;][vc_column][vc_empty_space height=&#8221;62px&#8221; css=&#8221;.vc_custom_1614614079219{border-bottom-width: 3px !important;border-bottom-color: #e8e8e8 !important;border-bottom-style: solid !important;}&#8221;][vc_empty_space height=&#8221;62px&#8221;][vc_column_text]<\/p>\n<div class=\"flex_column av_one_full flex_column_div av-zero-column-padding first avia-builder-el-9 el_after_av_hr el_before_av_one_half \">\n<section class=\"av_textblock_section\">\n<div class=\"avia_textblock \">\n<h3>Caracter\u00edstiques de l&#8217;DC-ITSafe -HighDens Edition<\/h3>\n<\/div>\n<\/section>\n<\/div>\n<div class=\"flex_column av_one_half flex_column_div av-zero-column-padding first avia-builder-el-11 el_after_av_one_full el_before_av_one_half column-top-margin\">\n<section class=\"av_textblock_section\">\n<div class=\"avia_textblock \"><\/div>\n<\/section>\n<\/div>\n<p>[\/vc_column_text][vc_empty_space][\/vc_column][\/vc_row][vc_row content_width=&#8221;grid&#8221;][vc_column width=&#8221;1\/2&#8243;][vc_column_text]<strong>Densitat de pot\u00e8ncia i alta efici\u00e8ncia<\/strong><\/p>\n<ul>\n<li>Fins a 50 kW Pot\u00e8ncia de refredament a 2 m\u00b2<\/li>\n<li>Refrigeraci\u00f3 per aigua de 20 kW i refrigeraci\u00f3 per aire de 30 kW<\/li>\n<li>62 U en total, fins a 51 U utilitzables per equips inform\u00e0tics de 19 \u201c<\/li>\n<\/ul>\n<p>[\/vc_column_text][vc_empty_space][\/vc_column][vc_column width=&#8221;1\/2&#8243;][vc_column_text]<strong>Avantatges de l&#8217;refredament directe per aigua calenta<br \/>\n<\/strong><\/p>\n<ul>\n<li>Alta efici\u00e8ncia energ\u00e8tica<\/li>\n<li>Baix cost d&#8217;Energia<\/li>\n<li>Recuperaci\u00f3 de calor (opcional)<\/li>\n<li>Baixa petjada de CO2<\/li>\n<\/ul>\n<p>[\/vc_column_text][vc_empty_space][\/vc_column][\/vc_row][vc_row content_width=&#8221;grid&#8221;][vc_column offset=&#8221;vc_hidden-sm vc_hidden-xs&#8221;][vc_empty_space height=&#8221;62px&#8221;][\/vc_column][\/vc_row][vc_row content_width=&#8221;grid&#8221;][vc_column width=&#8221;1\/2&#8243;][vc_column_text]<strong>Soluci\u00f3 Integral<\/strong><\/p>\n<ul>\n<li>A punt per a \u00fas immediat &#8211; disponible en estoc<\/li>\n<li>Realitzable en tan sols 2 setmanes<\/li>\n<li>Monitoritzaci\u00f3 preconfigurat<\/li>\n<li>Operaci\u00f3 i gesti\u00f3 de l&#8217;cicle de vida<\/li>\n<li>Desmuntable i relocalizable<\/li>\n<li>Compatible amb servidors refrigerats per aigua de Lenovo, Dell, Megware y HPE<\/li>\n<li>Opci\u00f3 d&#8217;incloure Servidor preinstal\u00b7lat i configurat que inclou plataforma OpenStack<\/li>\n<\/ul>\n<p>[\/vc_column_text][vc_empty_space][\/vc_column][vc_column width=&#8221;1\/2&#8243;][vc_column_text]<strong>Certificat i Segur<\/strong><\/p>\n<ul>\n<li>Modular i ampliable<\/li>\n<li>Sistema de refredament redundant\n<\/li>\n<li>Independent de l&#8217;Aire exterior<\/li>\n<li>Sistema testejat segons EI 90 i EN 13501-2<\/li>\n<li>rotecci\u00f3 antirobatori RC 2 segons EN 1627 \/ EN 1630<\/li>\n<li>Protecci\u00f3 contra pols \/ aigua &#8211; IP 56 segons EN 60529<\/li>\n<li>Modular &amp; linkable<\/li>\n<\/ul>\n<p>[\/vc_column_text][vc_empty_space][\/vc_column][\/vc_row][vc_row content_width=&#8221;grid&#8221;][vc_column][vc_empty_space height=&#8221;62px&#8221; css=&#8221;.vc_custom_1614614079219{border-bottom-width: 3px !important;border-bottom-color: #e8e8e8 !important;border-bottom-style: solid !important;}&#8221;][vc_empty_space height=&#8221;62px&#8221;][vc_column_text]<\/p>\n<div class=\"flex_column av_one_full flex_column_div av-zero-column-padding first avia-builder-el-20 el_after_av_hr el_before_av_one_third \">\n<section class=\"av_textblock_section\">\n<div class=\"avia_textblock \">\n<p><strong>Aplicacions d&#8217;Alta densitat<\/strong><\/p>\n<\/div>\n<\/section>\n<\/div>\n<div class=\"flex_column av_one_third flex_column_div av-zero-column-padding first avia-builder-el-22 el_after_av_one_full el_before_av_one_third column-top-margin\">\n<div class=\"avia-image-container av-styling- avia-builder-el-23 el_before_av_textblock avia-builder-el-first avia-align-center \">\n<div class=\"avia-image-container-inner\"><\/div>\n<\/div>\n<\/div>\n<p>[\/vc_column_text][vc_empty_space][\/vc_column][\/vc_row][vc_row content_width=&#8221;grid&#8221;][vc_column width=&#8221;1\/3&#8243;][vc_single_image image=&#8221;4638&#8243; img_size=&#8221;full&#8221; alignment=&#8221;center&#8221;][vc_column_text]<\/p>\n<p style=\"text-align: center;\">Robotica<\/p>\n<p>[\/vc_column_text][vc_empty_space][\/vc_column][vc_column width=&#8221;1\/3&#8243;][vc_single_image image=&#8221;4633&#8243; img_size=&#8221;full&#8221; alignment=&#8221;center&#8221;][vc_column_text]<\/p>\n<p style=\"text-align: center;\">Recerca<\/p>\n<p>[\/vc_column_text][vc_empty_space][\/vc_column][vc_column width=&#8221;1\/3&#8243;][vc_single_image image=&#8221;4634&#8243; img_size=&#8221;full&#8221; alignment=&#8221;center&#8221;][vc_column_text]<\/p>\n<p style=\"text-align: center;\">Telecomunicaci\u00f3<\/p>\n<p>[\/vc_column_text][vc_empty_space][\/vc_column][\/vc_row][vc_row content_width=&#8221;grid&#8221;][vc_column width=&#8221;1\/3&#8243;][vc_single_image image=&#8221;4637&#8243; img_size=&#8221;full&#8221; alignment=&#8221;center&#8221;][vc_column_text]<\/p>\n<p style=\"text-align: center;\">Conducci\u00f3 aut\u00f2noma<\/p>\n<p>[\/vc_column_text][vc_empty_space][\/vc_column][vc_column width=&#8221;1\/3&#8243;][vc_single_image image=&#8221;4635&#8243; img_size=&#8221;full&#8221; alignment=&#8221;center&#8221;][vc_column_text]<\/p>\n<p style=\"text-align: center;\">Ind\u00fastria 4.0<\/p>\n<p>[\/vc_column_text][vc_empty_space][\/vc_column][vc_column width=&#8221;1\/3&#8243;][vc_single_image image=&#8221;4636&#8243; img_size=&#8221;full&#8221; alignment=&#8221;center&#8221;][vc_column_text]<\/p>\n<p style=\"text-align: center;\">Aplicacions d&#8217;alt rendiment<\/p>\n<p>[\/vc_column_text][vc_empty_space][\/vc_column][\/vc_row][vc_row content_width=&#8221;grid&#8221;][vc_column][vc_empty_space height=&#8221;62px&#8221;][vc_column_text]El DC-ITSafe HDE (HighDensEdition) conven\u00e7 els usuaris m\u00e9s exigent amb una tremenda densitat de pot\u00e8ncia, caracter\u00edstiques de seguretat integrals i alta efici\u00e8ncia energ\u00e8tica. Caracter\u00edstiques que fan que aquesta soluci\u00f3 sigui perfecta per als usuaris d&#8217;\u00e0rees com a investigaci\u00f3 i desenvolupament, ind\u00fastria 4.0 i empreses classificades CIP (infraestructura cr\u00edtica).<\/p>\n<p>A l&#8217;proporcionar tots els elements de seguretat de DC-ITSafe, aquesta soluci\u00f3 inclou tamb\u00e9 un sistema de refrigeraci\u00f3 d&#8217;aigua calenta altament innovador i ecol\u00f2gic. El resultat \u00e9s el primer servidor segur refrigerat per aigua de l&#8217;m\u00f3n que proporciona una densitat de pot\u00e8ncia incre\u00efblement alta de fins a 35 quilowatts.<\/p>\n<p>La soluci\u00f3 compacta de centre de dades ve amb maquinari de servidor personalitzat de diferents fabricants i una plataforma al n\u00favol preconfigurada (OpenStack).<\/p>\n<p>Si cal, la calor residual de l&#8217;servidor emergent es pot reutilitzar, per exemple, per a calefaccion, mentre que els mecanismes controlats per programari per a l&#8217;enduriment de la seguretat per secustack ofereixen protecci\u00f3 addicional (instal\u00b7laci\u00f3 sota comanda).[\/vc_column_text][vc_empty_space height=&#8221;62px&#8221;][\/vc_column][\/vc_row]<\/p>\n<\/div>","protected":false},"excerpt":{"rendered":"<p>[vc_row][vc_column][vc_empty_space height=&#8221;62px&#8221;][\/vc_column][\/vc_row][vc_row content_width=&#8221;grid&#8221;][vc_column width=&#8221;1\/2&#8243;][vc_single_image image=&#8221;4552&#8243; img_size=&#8221;full&#8221;][\/vc_column][vc_column width=&#8221;1\/2&#8243;][vc_column_text] DC-ITSAFE \u2013HIGHDENS EDITION El lloc mes segur d&#8217;el m\u00f3n per les seves aplicacions d&#8217;alta densitat. [\/vc_column_text][vc_empty_space][vc_column_text] Dimensions (Al\u00e7ada x Amplada&#8230;<\/p>\n","protected":false},"author":1,"featured_media":0,"parent":5964,"menu_order":0,"comment_status":"closed","ping_status":"closed","template":"full-width.php","meta":[],"_links":{"self":[{"href":"https:\/\/socored.es\/ca\/wp-json\/wp\/v2\/pages\/6128"}],"collection":[{"href":"https:\/\/socored.es\/ca\/wp-json\/wp\/v2\/pages"}],"about":[{"href":"https:\/\/socored.es\/ca\/wp-json\/wp\/v2\/types\/page"}],"author":[{"embeddable":true,"href":"https:\/\/socored.es\/ca\/wp-json\/wp\/v2\/users\/1"}],"replies":[{"embeddable":true,"href":"https:\/\/socored.es\/ca\/wp-json\/wp\/v2\/comments?post=6128"}],"version-history":[{"count":2,"href":"https:\/\/socored.es\/ca\/wp-json\/wp\/v2\/pages\/6128\/revisions"}],"predecessor-version":[{"id":6130,"href":"https:\/\/socored.es\/ca\/wp-json\/wp\/v2\/pages\/6128\/revisions\/6130"}],"up":[{"embeddable":true,"href":"https:\/\/socored.es\/ca\/wp-json\/wp\/v2\/pages\/5964"}],"wp:attachment":[{"href":"https:\/\/socored.es\/ca\/wp-json\/wp\/v2\/media?parent=6128"}],"curies":[{"name":"wp","href":"https:\/\/api.w.org\/{rel}","templated":true}]}}